{"id":814,"date":"2024-04-19T19:30:31","date_gmt":"2024-04-19T10:30:31","guid":{"rendered":"https:\/\/apnew2.local\/?page_id=814"},"modified":"2024-04-19T19:30:31","modified_gmt":"2024-04-19T10:30:31","slug":"home-full","status":"publish","type":"page","link":"https:\/\/aurapay.com\/vi\/home-full\/","title":{"rendered":"nh\u00e0 \u0111\u1ea7y \u0111\u1ee7"},"content":{"rendered":"<div class=\"wp-block-cover alignfull is-light o-fit-contain\" style=\"margin-top:0;margin-bottom:0;padding-top:0;padding-bottom:0;min-height:520px;aspect-ratio:unset;\"><span aria-hidden=\"true\" class=\"wp-block-cover__background has-background-dim-0 has-background-dim\"><\/span><img decoding=\"async\" class=\"wp-block-cover__image-background wp-image-555\" alt=\"\" src=\"https:\/\/aurapay.com\/wp-content\/uploads\/home-bg.webp\" style=\"object-position:100% 0%\" data-object-fit=\"cover\" data-object-position=\"100% 0%\"\/><div class=\"wp-block-cover__inner-container has-global-padding is-layout-constrained wp-block-cover-is-layout-constrained\">\n<div class=\"wp-block-columns are-vertically-aligned-center f-dir-colR is-layout-flex wp-container-core-columns-is-layout-28f84493 wp-block-columns-is-layout-flex\">\n<div class=\"wp-block-column is-vertically-aligned-center tb-taC is-layout-flow wp-block-column-is-layout-flow\">\n<h1 class=\"wp-block-heading\"><img decoding=\"async\" class=\"wp-image-179\" style=\"width: 300px;\" src=\"https:\/\/aurapay.com\/wp-content\/uploads\/logo_aurapay.webp\" alt=\"\"><\/h1>\n\n\n\n<h2 class=\"wp-block-heading translation-block\">Th\u1ebf h\u1ec7 k\u1ebf ti\u1ebfp<br> N\u1ec1n t\u1ea3ng thanh to\u00e1n ti\u1ec1n \u0111i\u1ec7n t\u1eed<\/h2>\n\n\n\n<p>Gi\u1ea3i ph\u00e1p thanh to\u00e1n ti\u1ec1n \u0111i\u1ec7n t\u1eed<\/p>\n\n\n\n<div class=\"wp-block-buttons tb-jcC is-layout-flex wp-block-buttons-is-layout-flex\" style=\"margin-top:var(--wp--preset--spacing--30)\">\n<div class=\"wp-block-button\"><a class=\"wp-block-button__link wp-element-button\" href=\"https:\/\/my.aurapay.com\/signup\/certification?lang=en\">\u0110\u0103ng k\u00fd ngay<\/a><\/div>\n<\/div>\n<\/div>\n\n\n\n<div class=\"wp-block-column is-vertically-aligned-center is-layout-flow wp-block-column-is-layout-flow\" style=\"padding-top:var(--wp--preset--spacing--30);padding-bottom:var(--wp--preset--spacing--30)\">\n<figure class=\"wp-block-image aligncenter size-full w220-480\"><img decoding=\"async\" src=\"https:\/\/aurapay.com\/wp-content\/uploads\/home-img1.webp\" alt=\"\" class=\"wp-image-333\" style=\"object-fit:cover\"\/><\/figure>\n<\/div>\n<\/div>\n<\/div><\/div>\n\n\n\n<div class=\"wp-block-columns are-vertically-aligned-center f-dir-colR is-layout-flex wp-container-core-columns-is-layout-d56b67df wp-block-columns-is-layout-flex\" style=\"margin-top:var(--wp--preset--spacing--30);margin-bottom:var(--wp--preset--spacing--30)\">\n<div class=\"wp-block-column is-vertically-aligned-center is-layout-flow wp-block-column-is-layout-flow\">\n<figure class=\"wp-block-image aligncenter size-full w220-480\"><img decoding=\"async\" src=\"https:\/\/aurapay.com\/wp-content\/uploads\/home-img2.webp\" alt=\"\" class=\"wp-image-335\"\/><\/figure>\n<\/div>\n\n\n\n<div class=\"wp-block-column is-vertically-aligned-center tb-taC is-layout-flow wp-block-column-is-layout-flow\">\n<h2 class=\"wp-block-heading translation-block\">Ti\u1ec1n \u0111i\u1ec7n t\u1eed li\u1ec1n m\u1ea1ch<br> N\u1ec1n t\u1ea3ng thanh to\u00e1n<\/h2>\n\n\n\n<p>Kh\u00e1m ph\u00e1 kh\u1ea3 n\u0103ng v\u00f4 t\u1eadn v\u1edbi Aurapay: Thanh to\u00e1n, Mua, B\u00e1n v\u00e0 G\u1eedi m\u00e3 th\u00f4ng b\u00e1o. Aurapay \u0111\u00f3ng vai tr\u00f2 l\u00e0 v\u00ed ti\u1ec1n \u0111i\u1ec7n t\u1eed t\u1ed1i \u01b0u c\u1ee7a b\u1ea1n, k\u1ebft n\u1ed1i b\u1ea1n v\u1edbi ng\u01b0\u1eddi b\u00e1n v\u00e0 chu\u1ed7i kh\u1ed1i. Ch\u00fang t\u00f4i cung c\u1ea5p Bitcoin, Ethereum, Ripple v\u00e0 Tether.<\/p>\n<\/div>\n<\/div>\n\n\n\n<div class=\"wp-block-columns are-vertically-aligned-center is-layout-flex wp-container-core-columns-is-layout-d56b67df wp-block-columns-is-layout-flex\" style=\"margin-top:var(--wp--preset--spacing--30);margin-bottom:var(--wp--preset--spacing--30)\">\n<div class=\"wp-block-column is-vertically-aligned-center tb-taC is-layout-flow wp-block-column-is-layout-flow\">\n<h2 class=\"wp-block-heading translation-block\">G\u1eedi ti\u1ec1n v\u00e0 r\u00fat ti\u1ec1n<br> tho\u1ea3i m\u00e1i nh\u00e9!<\/h2>\n\n\n\n<p>Vi\u1ec7c g\u1eedi v\u00e0 r\u00fat ti\u1ec1n c\u00f3 th\u1ec3 \u0111\u01b0\u1ee3c x\u1eed l\u00fd b\u1eb1ng c\u1ea3 ti\u1ec1n ph\u00e1p \u0111\u1ecbnh v\u00e0 ti\u1ec1n \u0111i\u1ec7n t\u1eed m\u1ecdi l\u00fac, m\u1ecdi n\u01a1i.<\/p>\n<\/div>\n\n\n\n<div class=\"wp-block-column is-vertically-aligned-center is-layout-flow wp-block-column-is-layout-flow\">\n<figure class=\"wp-block-image aligncenter size-full w220-480\"><img decoding=\"async\" src=\"https:\/\/aurapay.com\/wp-content\/uploads\/home-img3.webp\" alt=\"\" class=\"wp-image-337\"\/><\/figure>\n<\/div>\n<\/div>\n\n\n\n<h2 class=\"wp-block-heading has-text-align-center\" style=\"margin-top:var(--wp--preset--spacing--40);margin-bottom:var(--wp--preset--spacing--20)\">H\u1ec7 th\u1ed1ng an ninh n\u00e2ng cao<\/h2>\n\n\n\n<div class=\"wp-block-columns advance-security-systems is-layout-flex wp-container-core-columns-is-layout-ac9f430d wp-block-columns-is-layout-flex\" style=\"margin-top:var(--wp--preset--spacing--30);margin-bottom:var(--wp--preset--spacing--30);padding-right:var(--wp--preset--spacing--30);padding-left:var(--wp--preset--spacing--30)\">\n<div class=\"wp-block-column is-layout-flow wp-block-column-is-layout-flow\" style=\"border-style:none;border-width:0px\">\n<div class=\"wp-block-group has-global-padding is-layout-constrained wp-block-group-is-layout-constrained\">\n<h3 class=\"wp-block-heading has-text-align-center has-white-color has-aurapay-green-pale-background-color has-text-color has-background has-link-color wp-elements-5dcacc645cb0049bcbc992f4f850048c\" style=\"padding-top:var(--wp--preset--spacing--10);padding-right:var(--wp--preset--spacing--10);padding-bottom:var(--wp--preset--spacing--10);padding-left:var(--wp--preset--spacing--10)\">SSL<sup> (T\u00fai b\u1ea3o m\u1eadt an to\u00e0n)<\/sup><\/h3>\n\n\n\n<p class=\"has-text-align-center\" style=\"padding-top:0;padding-right:var(--wp--preset--spacing--10);padding-bottom:var(--wp--preset--spacing--20);padding-left:var(--wp--preset--spacing--10)\">SSL l\u00e0 x\u01b0\u01a1ng s\u1ed1ng c\u1ee7a c\u00e1c k\u1ebft n\u1ed1i k\u1ef9 thu\u1eadt s\u1ed1 an to\u00e0n, m\u1ed9t bi\u1ec7n ph\u00e1p b\u1ea3o v\u1ec7 m\u00e3 h\u00f3a d\u1eef li\u1ec7u li\u00ean l\u1ea1c \u0111\u1ec3 \u0111\u1ea3m b\u1ea3o th\u00f4ng tin nh\u1ea1y c\u1ea3m v\u00e0 th\u00f4ng tin c\u00e1 nh\u00e2n c\u1ee7a b\u1ea1n lu\u00f4n \u0111\u01b0\u1ee3c b\u1ea3o m\u1eadt v\u00e0 an to\u00e0n trong c\u00e1c giao d\u1ecbch c\u1ee7a b\u1ea1n.<\/p>\n<\/div>\n<\/div>\n\n\n\n<div class=\"wp-block-column is-layout-flow wp-block-column-is-layout-flow\">\n<div class=\"wp-block-group has-global-padding is-layout-constrained wp-block-group-is-layout-constrained\">\n<h3 class=\"wp-block-heading has-text-align-center has-white-color has-aurapay-green-pale-background-color has-text-color has-background has-link-color wp-elements-add92eeefd0c7b268ebdd2cdc438e8f2\" style=\"padding-top:var(--wp--preset--spacing--10);padding-right:var(--wp--preset--spacing--10);padding-bottom:var(--wp--preset--spacing--10);padding-left:var(--wp--preset--spacing--10)\">\u0110a ch\u1eef k\u00fd<\/h3>\n\n\n\n<p class=\"has-text-align-center\" style=\"padding-top:0;padding-right:var(--wp--preset--spacing--10);padding-bottom:var(--wp--preset--spacing--20);padding-left:var(--wp--preset--spacing--10)\">Nhi\u1ec1u \u1ed5 kh\u00f3a trong v\u00ed c\u1ee7a b\u1ea1n. N\u00f3 y\u00eau c\u1ea7u s\u1ef1 ch\u1ea5p thu\u1eadn c\u1ee7a nhi\u1ec1u ng\u01b0\u1eddi d\u00f9ng \u0111\u01b0\u1ee3c \u1ee7y quy\u1ec1n, cung c\u1ea5p m\u1ed9t l\u1edbp b\u1ea3o v\u1ec7 b\u1ed5 sung ch\u1ed1ng l\u1ea1i c\u00e1c giao d\u1ecbch tr\u00e1i ph\u00e9p v\u00e0 \u0111\u1ea3m b\u1ea3o an ninh t\u1ed1i \u0111a cho ti\u1ec1n c\u1ee7a b\u1ea1n.<\/p>\n<\/div>\n<\/div>\n\n\n\n<div class=\"wp-block-column is-layout-flow wp-block-column-is-layout-flow\">\n<div class=\"wp-block-group has-global-padding is-layout-constrained wp-block-group-is-layout-constrained\">\n<h3 class=\"wp-block-heading has-text-align-center has-white-color has-aurapay-green-pale-background-color has-text-color has-background has-link-color wp-elements-6e156f00febf11236f9d574bf198ac6c\" style=\"padding-top:var(--wp--preset--spacing--10);padding-right:var(--wp--preset--spacing--10);padding-bottom:var(--wp--preset--spacing--10);padding-left:var(--wp--preset--spacing--10)\">X\u00e1c th\u1ef1c hai y\u1ebfu t\u1ed1<\/h3>\n\n\n\n<p class=\"has-text-align-center\" style=\"padding-top:0;padding-right:var(--wp--preset--spacing--10);padding-bottom:var(--wp--preset--spacing--20);padding-left:var(--wp--preset--spacing--10)\">M\u1ed9t l\u1edbp an to\u00e0n b\u1ed5 sung \u0111\u01b0\u1ee3c th\u00eam v\u00e0o b\u1eb1ng c\u00e1ch g\u1eedi m\u1eadt kh\u1ea9u m\u1ed9t l\u1ea7n \u0111\u1ebfn \u0111\u1ecba ch\u1ec9 email \u0111\u01b0\u1ee3c ch\u1ec9 \u0111\u1ecbnh c\u1ee7a b\u1ea1n. Qu\u00e1 tr\u00ecnh n\u00e0y cung c\u1ea5p s\u1ef1 b\u1ea3o v\u1ec7 k\u00e9p cho t\u00e0i kho\u1ea3n c\u1ee7a b\u1ea1n, khi\u1ebfn vi\u1ec7c truy c\u1eadp tr\u00e1i ph\u00e9p tr\u1edf n\u00ean kh\u00f3 kh\u0103n h\u01a1n \u0111\u00e1ng k\u1ec3.<\/p>\n<\/div>\n<\/div>\n<\/div>","protected":false},"excerpt":{"rendered":"<p>Seamless CryptoPayment Platform Explore endless possibilities with Aurapay: Pay, Buy, Sell and Send tokens. Aurapay serves as your ultimate cryptocurrency wallet, connecting you with merchants and the blockchain. We offer Bitcoin, Ethereum, Ripple, and Tether. Deposit and Withdraw at your ease! Deposit and withdrawals can be processed in both fiat and cryptocurrency anytime, anywhere. Advance Security Systems SSL (Secure Security Pocket) SSL is the backbone of secure digital connections, a safeguard of encrypts communication data that ensures your sensitive information and and personal details remain private and secure during your transactions. Multi-signature Multiple locks in your wallet. It requires the approval of multiple authorized users, providing an additional layer of [&hellip;]<\/p>\n","protected":false},"author":2,"featured_media":0,"parent":0,"menu_order":0,"comment_status":"closed","ping_status":"closed","template":"","meta":{"footnotes":""},"class_list":["post-814","page","type-page","status-publish","hentry"],"_links":{"self":[{"href":"https:\/\/aurapay.com\/vi\/wp-json\/wp\/v2\/pages\/814","targetHints":{"allow":["GET"]}}],"collection":[{"href":"https:\/\/aurapay.com\/vi\/wp-json\/wp\/v2\/pages"}],"about":[{"href":"https:\/\/aurapay.com\/vi\/wp-json\/wp\/v2\/types\/page"}],"author":[{"embeddable":true,"href":"https:\/\/aurapay.com\/vi\/wp-json\/wp\/v2\/users\/2"}],"replies":[{"embeddable":true,"href":"https:\/\/aurapay.com\/vi\/wp-json\/wp\/v2\/comments?post=814"}],"version-history":[{"count":0,"href":"https:\/\/aurapay.com\/vi\/wp-json\/wp\/v2\/pages\/814\/revisions"}],"wp:attachment":[{"href":"https:\/\/aurapay.com\/vi\/wp-json\/wp\/v2\/media?parent=814"}],"curies":[{"name":"trang web","href":"https:\/\/api.w.org\/{rel}","templated":true}]}}