{"id":50,"date":"2024-04-10T08:22:18","date_gmt":"2024-04-10T08:22:18","guid":{"rendered":"http:\/\/apnew2.local\/?page_id=50"},"modified":"2024-05-01T09:06:53","modified_gmt":"2024-05-01T09:06:53","slug":"about","status":"publish","type":"page","link":"https:\/\/aurapay.com\/vi\/about\/","title":{"rendered":"V\u1ec1"},"content":{"rendered":"<div class=\"wp-block-cover alignfull is-light o-fit-contain\" style=\"margin-bottom:var(--wp--preset--spacing--30);padding-top:var(--wp--preset--spacing--30);padding-bottom:var(--wp--preset--spacing--30)\"><span aria-hidden=\"true\" class=\"wp-block-cover__background has-base-2-background-color has-background-dim-0 has-background-dim\"><\/span><img decoding=\"async\" class=\"wp-block-cover__image-background wp-image-587\" alt=\"\" src=\"https:\/\/aurapay.com\/wp-content\/uploads\/about-bg1.webp\" style=\"object-position:100% 0%\" data-object-fit=\"cover\" data-object-position=\"100% 0%\"\/><div class=\"wp-block-cover__inner-container has-global-padding is-layout-constrained wp-block-cover-is-layout-constrained\">\n<div class=\"wp-block-columns f-dir-colR is-layout-flex wp-container-core-columns-is-layout-1 wp-block-columns-is-layout-flex\">\n<div class=\"wp-block-column tb-taC is-layout-flow wp-block-column-is-layout-flow\" style=\"flex-basis:60%\">\n<h1 class=\"wp-block-heading\">V\u1ec1<\/h1>\n\n\n\n<p>Ti\u1ec1n \u0111i\u1ec7n t\u1eed kh\u00f4ng ch\u1ec9 l\u00e0 ti\u1ec1n \u1ea3o; \u0111\u00f3 l\u00e0 m\u1ed9t c\u00e1i nh\u00ecn tho\u00e1ng qua v\u1ec1 t\u01b0\u01a1ng lai c\u1ee7a c\u00e1c ph\u01b0\u01a1ng th\u1ee9c thanh to\u00e1n. V\u1ec1 c\u1ed1t l\u00f5i, ch\u00fang t\u00f4i n\u1ed7 l\u1ef1c t\u1ea1o ra m\u1ed9t n\u1ec1n t\u1ea3ng an to\u00e0n v\u00e0 th\u00e2n thi\u1ec7n v\u1edbi ng\u01b0\u1eddi d\u00f9ng cho c\u00e1c t\u1ed5 ch\u1ee9c t\u00e0i ch\u00ednh v\u00e0 c\u00e1 nh\u00e2n tr\u00ean to\u00e0n th\u1ebf gi\u1edbi. Ch\u00fang t\u00f4i mong mu\u1ed1n cung c\u1ea5p tr\u1ea3i nghi\u1ec7m an to\u00e0n v\u00e0 minh b\u1ea1ch, k\u1ebft n\u1ed1i m\u1ecdi ng\u01b0\u1eddi kh\u00e1m ph\u00e1 t\u01b0\u01a1ng lai c\u1ee7a thanh to\u00e1n.<\/p>\n\n\n\n<p>M\u1ee5c ti\u00eau c\u1ee7a ch\u00fang t\u00f4i l\u00e0 cung c\u1ea5p gi\u1ea3i ph\u00e1p to\u00e0n di\u1ec7n \u0111\u1ec3 mua, b\u00e1n, g\u1eedi v\u00e0 nh\u1eadn ti\u1ec1n \u0111i\u1ec7n t\u1eed trong v\u00ed Aurapay c\u00e1 nh\u00e2n c\u1ee7a b\u1ea1n.<\/p>\n\n\n\n<p> Aurapay \u0111\u00e3 c\u00f3 gi\u1ea5y ph\u00e9p ho\u1ea1t \u0111\u1ed9ng \u1edf Estonia v\u00e0 cung c\u1ea5p c\u00e1c d\u1ecbch v\u1ee5 ti\u1ec1n \u0111i\u1ec7n t\u1eed sau Cung c\u1ea5p d\u1ecbch v\u1ee5 trao \u0111\u1ed5i ti\u1ec1n \u1ea3o l\u1ea5y ti\u1ec1n ph\u00e1p \u0111\u1ecbnh Cung c\u1ea5p d\u1ecbch v\u1ee5 v\u00ed ti\u1ec1n \u1ea3o Cung c\u1ea5p d\u1ecbch v\u1ee5 trao \u0111\u1ed5i ti\u1ec1n \u1ea3o l\u1ea5y ti\u1ec1n \u1ea3o<\/p>\n<\/div>\n\n\n\n<div class=\"wp-block-column is-vertically-aligned-bottom tb-taC is-layout-flow wp-block-column-is-layout-flow\">\n<figure class=\"wp-block-image size-full is-resized about-img1\"><img decoding=\"async\" src=\"https:\/\/aurapay.com\/wp-content\/uploads\/about-img1.webp\" alt=\"\" class=\"wp-image-586\" style=\"width:120px\"\/><\/figure>\n<\/div>\n<\/div>\n<\/div><\/div>\n\n\n\n<div class=\"wp-block-group about-what has-global-padding is-layout-constrained wp-block-group-is-layout-constrained\">\n<h2 class=\"wp-block-heading has-text-align-center\" style=\"margin-top:var(--wp--preset--spacing--30);margin-bottom:var(--wp--preset--spacing--20)\">Aurapay l\u00e0 g\u00ec?<\/h2>\n\n\n\n<div class=\"wp-block-group has-global-padding is-layout-constrained wp-block-group-is-layout-constrained\">\n<h3 class=\"wp-block-heading\">V\u00ed ti\u1ec1n \u0111i\u1ec7n t\u1eed h\u00e0ng ng\u00e0y c\u1ee7a b\u1ea1n<\/h3>\n\n\n\n<p>Aurapay l\u00e0 v\u00ed ti\u1ec1n \u0111i\u1ec7n t\u1eed d\u1ef1a tr\u00ean web c\u00f3 th\u1ec3 truy c\u1eadp m\u1ecdi l\u00fac, m\u1ecdi n\u01a1i. Ch\u00fang t\u00f4i c\u0169ng cung c\u1ea5p stablecoin APT \u0111\u01b0\u1ee3c thi\u1ebft k\u1ebf \u0111\u1ec3 gi\u1eef t\u1ef7 l\u1ec7 c\u1ed1 \u0111\u1ecbnh 1:1 JPY v\u1edbi t\u00e0i s\u1ea3n c\u01a1 b\u1ea3n, khi\u1ebfn n\u00f3 tr\u1edf n\u00ean ho\u00e0n h\u1ea3o cho c\u00e1c giao d\u1ecbch h\u00e0ng ng\u00e0y v\u00e0 nh\u01b0 m\u1ed9t kho l\u01b0u tr\u1eef gi\u00e1 tr\u1ecb. T\u00ecm hi\u1ec3u th\u00eam v\u1ec1 APT b\u1ea5m v\u00e0o \u0111\u00e2y. (\u0111\u01b0\u1ee3c li\u00ean k\u1ebft v\u1edbi trang APT)<\/p>\n<\/div>\n\n\n\n<div class=\"wp-block-group has-global-padding is-layout-constrained wp-block-group-is-layout-constrained\">\n<h3 class=\"wp-block-heading\">M\u1ed9t v\u00ed ti\u1ec1n \u0111i\u1ec7n t\u1eed \u0111\u01b0\u1ee3c s\u1eafp x\u1ebfp h\u1ee3p l\u00fd v\u00e0 an to\u00e0n<\/h3>\n\n\n\n<p>Aurapay \u0111\u01b0\u1ee3c ra m\u1eaft v\u1edbi mong mu\u1ed1n khuy\u1ebfn kh\u00edch nhi\u1ec1u c\u00e1 nh\u00e2n h\u01a1n tham gia v\u00e0o ti\u1ec1n \u0111i\u1ec7n t\u1eed m\u1ed9t c\u00e1ch an to\u00e0n, t\u1eeb \u0111\u00f3 \u0111\u00f3ng g\u00f3p \u0111\u00e1ng k\u1ec3 v\u00e0o s\u1ef1 ph\u00e1t tri\u1ec3n c\u1ee7a x\u00e3 h\u1ed9i k\u1ef9 thu\u1eadt s\u1ed1 trong t\u01b0\u01a1ng lai c\u1ee7a ch\u00fang ta. V\u1edbi vi\u1ec7c c\u00f3 \u0111\u01b0\u1ee3c gi\u1ea5y ph\u00e9p ph\u00f9 h\u1ee3p v\u00e0 tri\u1ec3n khai c\u00e1c bi\u1ec7n ph\u00e1p b\u1ea3o m\u1eadt ti\u00ean ti\u1ebfn, ng\u01b0\u1eddi d\u00f9ng c\u00f3 th\u1ec3 t\u1ef1 tin \u0111i\u1ec1u h\u01b0\u1edbng n\u1ec1n t\u1ea3ng Aurapay.<\/p>\n<\/div>\n\n\n\n<div class=\"wp-block-group has-global-padding is-layout-constrained wp-block-group-is-layout-constrained\">\n<h3 class=\"wp-block-heading\">C\u1ea7u n\u1ed1i gi\u1eefa t\u00e0i s\u1ea3n k\u1ef9 thu\u1eadt s\u1ed1 c\u1ee7a b\u1ea1n v\u1edbi gi\u00e1 tr\u1ecb JPY<\/h3>\n\n\n\n<p>Trong l\u0129nh v\u1ef1c blockchain, ch\u1ec9 m\u1ed9t s\u1ed1 \u00edt stablecoin \u0111\u01b0\u1ee3c g\u1eafn v\u1edbi gi\u00e1 tr\u1ecb c\u1ee7a \u0111\u1ed3ng ti\u1ec1n ph\u00e1p \u0111\u1ecbnh JPY. APT t\u1ef1 h\u00e0o \u0111\u1ee9ng trong s\u1ed1 \u00edt ng\u01b0\u1eddi \u0111\u01b0\u1ee3c ch\u1ecdn n\u00e0y. S\u1ee9 m\u1ec7nh c\u1ee7a ch\u00fang t\u00f4i l\u00e0 cung c\u1ea5p m\u1ed9t c\u1ea7u n\u1ed1i minh b\u1ea1ch v\u00e0 \u0111\u00e1ng tin c\u1eady, \u0111\u1ea3m b\u1ea3o k\u1ebft n\u1ed1i li\u1ec1n m\u1ea1ch gi\u1eefa t\u00e0i s\u1ea3n k\u1ef9 thu\u1eadt s\u1ed1 c\u1ee7a b\u1ea1n v\u1edbi gi\u00e1 tr\u1ecb l\u00e2u d\u00e0i c\u1ee7a Y\u00ean Nh\u1eadt (JPY).<\/p>\n<\/div>\n<\/div>\n\n\n\n<div class=\"wp-block-group about-why has-global-padding is-layout-constrained wp-block-group-is-layout-constrained\">\n<h2 class=\"wp-block-heading has-text-align-center\" style=\"margin-top:var(--wp--preset--spacing--30);margin-bottom:var(--wp--preset--spacing--20)\">T\u1ea1i sao l\u1ea1i l\u00e0 Aurapay?<\/h2>\n\n\n\n<div class=\"wp-block-columns is-layout-flex wp-container-core-columns-is-layout-2 wp-block-columns-is-layout-flex\">\n<div class=\"wp-block-column has-border-color has-aurapay-green-border-color is-layout-flow wp-container-core-column-is-layout-3 wp-block-column-is-layout-flow\" style=\"border-width:2px\">\n<h3 class=\"wp-block-heading has-text-align-center has-white-color has-aurapay-green-light-background-color has-text-color has-background has-link-color has-medium-font-size wp-elements-3e2e5acfe9909dd156ddf004728a8112\" style=\"padding-top:var(--wp--preset--spacing--10);padding-right:var(--wp--preset--spacing--10);padding-bottom:var(--wp--preset--spacing--10);padding-left:var(--wp--preset--spacing--10)\">Ti\u1ec1n \u0111i\u1ec7n t\u1eed ph\u1ed5 bi\u1ebfn v\u00e0 \u0111\u00e1ng tin c\u1eady<\/h3>\n\n\n\n<p class=\"has-text-align-center\" style=\"padding-top:var(--wp--preset--spacing--10);padding-right:var(--wp--preset--spacing--10);padding-bottom:var(--wp--preset--spacing--10);padding-left:var(--wp--preset--spacing--10)\">Ch\u00fang t\u00f4i cung c\u1ea5p Bitcoin (BTC), Ethereum (ETH) v\u00e0 Ripple (XRP), n\u1ed5i b\u1eadt l\u00e0 \u0111\u01b0\u1ee3c c\u00f4ng nh\u1eadn \u0111\u00e1ng k\u1ec3 v\u00e0 \u0111\u01b0\u1ee3c s\u1eed d\u1ee5ng r\u1ed9ng r\u00e3i trong ng\u00e0nh, c\u1ee7ng c\u1ed1 danh ti\u1ebfng c\u1ee7a h\u1ecd nh\u01b0 c\u00e1c t\u00f9y ch\u1ecdn ti\u1ec1n \u0111i\u1ec7n t\u1eed c\u00f3 \u0111\u1ed9 tin c\u1eady cao.<\/p>\n<\/div>\n\n\n\n<div class=\"wp-block-column has-border-color has-aurapay-green-border-color is-layout-flow wp-container-core-column-is-layout-4 wp-block-column-is-layout-flow\" style=\"border-width:2px\">\n<h3 class=\"wp-block-heading has-text-align-center has-white-color has-aurapay-green-light-background-color has-text-color has-background has-link-color has-medium-font-size wp-elements-14974113ecc38293a987e14420ee30f1\" style=\"padding-top:var(--wp--preset--spacing--10);padding-right:var(--wp--preset--spacing--10);padding-bottom:var(--wp--preset--spacing--10);padding-left:var(--wp--preset--spacing--10)\">Thanh to\u00e1n b\u1eb1ng ti\u1ec1n \u0111i\u1ec7n t\u1eed h\u00e0ng \u0111\u1ea7u<\/h3>\n\n\n\n<p class=\"has-text-align-center\" style=\"padding-top:var(--wp--preset--spacing--10);padding-right:var(--wp--preset--spacing--10);padding-bottom:var(--wp--preset--spacing--10);padding-left:var(--wp--preset--spacing--10)\">APT s\u1ebd l\u00e0 l\u1ef1a ch\u1ecdn h\u00e0ng \u0111\u1ea7u c\u1ee7a b\u1ea1n \u0111\u1ec3 trao \u0111\u1ed5i v\u00e0 giao d\u1ecbch JPY-Crypto \u0111\u00e1ng tin c\u1eady v\u00e0 hi\u1ec7u qu\u1ea3. Ch\u00fang t\u00f4i \u0111\u1ea3m b\u1ea3o gi\u00e1 tr\u1ecb 1:1 JPY \u1ed5n \u0111\u1ecbnh, cung c\u1ea5p m\u1ed9t d\u1ea1ng ti\u1ec1n \u0111i\u1ec7n t\u1eed d\u1ec5 d\u1ef1 \u0111o\u00e1n h\u01a1n v\u00e0 \u00edt bi\u1ebfn \u0111\u1ed9ng h\u01a1n.<\/p>\n<\/div>\n\n\n\n<div class=\"wp-block-column has-border-color has-aurapay-green-border-color is-layout-flow wp-container-core-column-is-layout-5 wp-block-column-is-layout-flow\" style=\"border-width:2px\">\n<h3 class=\"wp-block-heading has-text-align-center has-white-color has-aurapay-green-light-background-color has-text-color has-background has-link-color has-medium-font-size wp-elements-c795f9d645e80d43f34b047b738f0042\" style=\"padding-top:var(--wp--preset--spacing--10);padding-right:var(--wp--preset--spacing--10);padding-bottom:var(--wp--preset--spacing--10);padding-left:var(--wp--preset--spacing--10)\">T\u00e0i ch\u00ednh phi t\u1eadp trung (DeFi)<\/h3>\n\n\n\n<p class=\"has-text-align-center\" style=\"padding-top:var(--wp--preset--spacing--10);padding-right:var(--wp--preset--spacing--10);padding-bottom:var(--wp--preset--spacing--10);padding-left:var(--wp--preset--spacing--10)\">Ch\u00fang t\u00f4i cam k\u1ebft h\u01b0\u1edbng t\u1edbi c\u00e1c m\u1ea1ng phi t\u1eadp trung, m\u1ed9t kh\u00e1i ni\u1ec7m chuy\u1ec3n c\u00e1c d\u1ecbch v\u1ee5 t\u00e0i ch\u00ednh truy\u1ec1n th\u1ed1ng sang c\u00f4ng ngh\u1ec7 blockchain. Ch\u00fang t\u00f4i mong mu\u1ed1n h\u1ee3p l\u00fd h\u00f3a c\u00e1c giao d\u1ecbch m\u00e0 kh\u00f4ng c\u1ea7n d\u1ef1a v\u00e0o b\u00ean trung gian th\u1ee9 ba.<\/p>\n<\/div>\n\n\n\n<div class=\"wp-block-column has-border-color has-aurapay-green-border-color is-layout-flow wp-container-core-column-is-layout-6 wp-block-column-is-layout-flow\" style=\"border-width:2px\">\n<h3 class=\"wp-block-heading has-text-align-center has-white-color has-aurapay-green-light-background-color has-text-color has-background has-link-color has-medium-font-size wp-elements-dbd3e9fe3738a2552354e1d76374bb8c\" style=\"padding-top:var(--wp--preset--spacing--10);padding-right:var(--wp--preset--spacing--10);padding-bottom:var(--wp--preset--spacing--10);padding-left:var(--wp--preset--spacing--10)\">Gi\u1ea3i ph\u00e1p kh\u00e1ch h\u00e0ng \u0111\u1ecba ph\u01b0\u01a1ng<\/h3>\n\n\n\n<p class=\"has-text-align-center\" style=\"padding-top:var(--wp--preset--spacing--10);padding-right:var(--wp--preset--spacing--10);padding-bottom:var(--wp--preset--spacing--10);padding-left:var(--wp--preset--spacing--10)\">Ch\u00fang t\u00f4i cung c\u1ea5p chuy\u00ean m\u00f4n \u0111\u1ecba ph\u01b0\u01a1ng v\u1edbi ph\u1ea1m vi to\u00e0n c\u1ea7u. \u0110\u1ed9i ng\u0169 h\u1ed7 tr\u1ee3 kh\u00e1ch h\u00e0ng t\u1eadn t\u00e2m c\u1ee7a ch\u00fang t\u00f4i, th\u00f4ng th\u1ea1o c\u00e1c s\u1eafc th\u00e1i \u0111\u1ecba ph\u01b0\u01a1ng, s\u1ebd t\u0103ng th\u00eam gi\u00e1 tr\u1ecb cho tr\u1ea3i nghi\u1ec7m c\u1ee7a b\u1ea1n b\u1eb1ng c\u00e1ch cung c\u1ea5p tr\u00ecnh \u0111\u1ed9 th\u00f4ng th\u1ea1o ng\u00f4n ng\u1eef v\u00e0 hi\u1ec3u bi\u1ebft v\u1ec1 v\u0103n h\u00f3a.<\/p>\n<\/div>\n<\/div>\n<\/div>\n\n\n\n<div class=\"wp-block-group about-howto has-global-padding is-layout-constrained wp-block-group-is-layout-constrained\" style=\"margin-bottom:var(--wp--preset--spacing--40)\">\n<h2 class=\"wp-block-heading has-text-align-center\" style=\"margin-top:var(--wp--preset--spacing--30);margin-bottom:var(--wp--preset--spacing--20)\">L\u00e0m th\u1ebf n\u00e0o \u0111\u1ec3 s\u1eed d\u1ee5ng Aurapay?<\/h2>\n\n\n\n<div class=\"wp-block-group has-global-padding is-layout-constrained wp-block-group-is-layout-constrained\">\n<h3 class=\"wp-block-heading\">Thanh to\u00e1n<\/h3>\n\n\n\n<p>S\u1ed1 l\u01b0\u1ee3ng ng\u01b0\u1eddi b\u00e1n chuy\u1ec3n sang thanh to\u00e1n b\u1eb1ng ti\u1ec1n \u0111i\u1ec7n t\u1eed ti\u1ebfp t\u1ee5c t\u0103ng \u0111\u1ec1u \u0111\u1eb7n. V\u1edbi Aurapay, b\u1ea1n c\u00f3 th\u1ec3 th\u1ef1c hi\u1ec7n giao d\u1ecbch li\u1ec1n m\u1ea1ch tr\u00ean c\u00e1c th\u1ecb tr\u01b0\u1eddng tr\u1ef1c tuy\u1ebfn qu\u1ed1c t\u1ebf, \u0111\u1ea3m b\u1ea3o tr\u1ea3i nghi\u1ec7m kh\u00f4ng g\u1eb7p r\u1eafc r\u1ed1i.<\/p>\n<\/div>\n\n\n\n<div class=\"wp-block-group has-global-padding is-layout-constrained wp-block-group-is-layout-constrained\">\n<h3 class=\"wp-block-heading\">Trao \u0111\u1ed5i ti\u1ec1n \u0111i\u1ec7n t\u1eed<\/h3>\n\n\n\n<p>Thanh to\u00e1n, mua, b\u00e1n v\u00e0 g\u1eedi ti\u1ec1n \u0111i\u1ec7n t\u1eed. H\u00f2a m\u00ecnh v\u00e0o th\u1ebf gi\u1edbi t\u00e0i s\u1ea3n k\u1ef9 thu\u1eadt s\u1ed1 m\u1ed9t c\u00e1ch d\u1ec5 d\u00e0ng v\u1edbi t\u00ednh n\u0103ng ho\u00e1n \u0111\u1ed5i ti\u1ec1n \u0111i\u1ec7n t\u1eed th\u00e2n thi\u1ec7n v\u1edbi ng\u01b0\u1eddi d\u00f9ng c\u1ee7a ch\u00fang t\u00f4i. Trao \u0111\u1ed5i ngay l\u1eadp t\u1ee9c m\u1ed9t lo\u1ea1i ti\u1ec1n \u0111i\u1ec7n t\u1eed n\u00e0y l\u1ea5y m\u1ed9t lo\u1ea1i ti\u1ec1n \u0111i\u1ec7n t\u1eed kh\u00e1c, cho ph\u00e9p b\u1ea1n \u0111i\u1ec1u ch\u1ec9nh v\u00e0 qu\u1ea3n l\u00fd danh m\u1ee5c \u0111\u1ea7u t\u01b0 c\u1ee7a m\u00ecnh m\u1ed9t c\u00e1ch d\u1ec5 d\u00e0ng.<\/p>\n<\/div>\n\n\n\n<div class=\"wp-block-group has-global-padding is-layout-constrained wp-block-group-is-layout-constrained\">\n<h3 class=\"wp-block-heading\">T\u00e0i ch\u00ednh c\u00e1 nh\u00e2n<\/h3>\n\n\n\n<p>Ti\u1ec1n \u0111i\u1ec7n t\u1eed cung c\u1ea5p m\u1ed9t b\u1ed1i c\u1ea3nh phi t\u1eadp trung v\u00e0 n\u0103ng \u0111\u1ed9ng gi\u00fap b\u1ea1n n\u1eafm quy\u1ec1n ki\u1ec3m so\u00e1t. Cho d\u00f9 b\u1ea1n \u0111ang t\u00ecm ki\u1ebfm l\u1ee3i nhu\u1eadn cao ti\u1ec1m n\u0103ng hay \u0111a d\u1ea1ng h\u00f3a danh m\u1ee5c \u0111\u1ea7u t\u01b0 c\u1ee7a m\u00ecnh, ti\u1ec1n \u0111i\u1ec7n t\u1eed s\u1ebd cung c\u1ea5p m\u1ed9t con \u0111\u01b0\u1eddng duy nh\u1ea5t cho c\u00e1c nh\u00e0 \u0111\u1ea7u t\u01b0 c\u00e1 nh\u00e2n.<\/p>\n<\/div>\n<\/div>","protected":false},"excerpt":{"rendered":"<p>Aurapay l\u00e0 g\u00ec? V\u00ed ti\u1ec1n \u0111i\u1ec7n t\u1eed h\u00e0ng ng\u00e0y c\u1ee7a b\u1ea1n Aurapay l\u00e0 v\u00ed ti\u1ec1n \u0111i\u1ec7n t\u1eed d\u1ef1a tr\u00ean web c\u00f3 th\u1ec3 truy c\u1eadp m\u1ecdi l\u00fac, m\u1ecdi n\u01a1i. Ch\u00fang t\u00f4i c\u0169ng cung c\u1ea5p stablecoin APT \u0111\u01b0\u1ee3c thi\u1ebft k\u1ebf \u0111\u1ec3 gi\u1eef t\u1ef7 l\u1ec7 c\u1ed1 \u0111\u1ecbnh 1:1 JPY v\u1edbi t\u00e0i s\u1ea3n c\u01a1 b\u1ea3n, khi\u1ebfn n\u00f3 tr\u1edf n\u00ean ho\u00e0n h\u1ea3o cho c\u00e1c giao d\u1ecbch h\u00e0ng ng\u00e0y v\u00e0 nh\u01b0 m\u1ed9t kho l\u01b0u tr\u1eef gi\u00e1 tr\u1ecb. T\u00ecm hi\u1ec3u th\u00eam v\u1ec1 APT b\u1ea5m v\u00e0o \u0111\u00e2y. (\u0111\u01b0\u1ee3c li\u00ean k\u1ebft v\u1edbi trang APT) V\u00ed ti\u1ec1n \u0111i\u1ec7n t\u1eed an to\u00e0n v\u00e0 h\u1ee3p l\u00fd Aurapay \u0111\u00e3 \u0111\u01b0\u1ee3c gi\u1edbi thi\u1ec7u v\u1edbi mong mu\u1ed1n khuy\u1ebfn kh\u00edch nhi\u1ec1u c\u00e1 nh\u00e2n h\u01a1n tham gia v\u00e0o ti\u1ec1n \u0111i\u1ec7n t\u1eed m\u1ed9t c\u00e1ch an to\u00e0n, t\u1eeb \u0111\u00f3 \u0111\u00f3ng g\u00f3p \u0111\u00e1ng k\u1ec3 v\u00e0o s\u1ef1 ph\u00e1t tri\u1ec3n c\u1ee7a x\u00e3 h\u1ed9i k\u1ef9 thu\u1eadt s\u1ed1 trong t\u01b0\u01a1ng lai c\u1ee7a ch\u00fang ta. V\u1edbi vi\u1ec7c c\u00f3 \u0111\u01b0\u1ee3c gi\u1ea5y ph\u00e9p ph\u00f9 h\u1ee3p v\u00e0 tri\u1ec3n khai c\u00e1c bi\u1ec7n ph\u00e1p b\u1ea3o m\u1eadt ti\u00ean ti\u1ebfn, ng\u01b0\u1eddi d\u00f9ng c\u00f3 th\u1ec3 t\u1ef1 tin \u0111i\u1ec1u h\u01b0\u1edbng n\u1ec1n t\u1ea3ng Aurapay. [\u2026]<\/p>","protected":false},"author":2,"featured_media":0,"parent":0,"menu_order":0,"comment_status":"closed","ping_status":"closed","template":"","meta":{"footnotes":""},"class_list":["post-50","page","type-page","status-publish","hentry"],"_links":{"self":[{"href":"https:\/\/aurapay.com\/vi\/wp-json\/wp\/v2\/pages\/50"}],"collection":[{"href":"https:\/\/aurapay.com\/vi\/wp-json\/wp\/v2\/pages"}],"about":[{"href":"https:\/\/aurapay.com\/vi\/wp-json\/wp\/v2\/types\/page"}],"author":[{"embeddable":true,"href":"https:\/\/aurapay.com\/vi\/wp-json\/wp\/v2\/users\/2"}],"replies":[{"embeddable":true,"href":"https:\/\/aurapay.com\/vi\/wp-json\/wp\/v2\/comments?post=50"}],"version-history":[{"count":1,"href":"https:\/\/aurapay.com\/vi\/wp-json\/wp\/v2\/pages\/50\/revisions"}],"predecessor-version":[{"id":917,"href":"https:\/\/aurapay.com\/vi\/wp-json\/wp\/v2\/pages\/50\/revisions\/917"}],"wp:attachment":[{"href":"https:\/\/aurapay.com\/vi\/wp-json\/wp\/v2\/media?parent=50"}],"curies":[{"name":"trang web","href":"https:\/\/api.w.org\/{rel}","templated":true}]}}