{"id":45,"date":"2024-04-10T08:03:10","date_gmt":"2024-04-10T08:03:10","guid":{"rendered":"http:\/\/apnew2.local\/?page_id=45"},"modified":"2024-05-15T08:19:13","modified_gmt":"2024-05-15T08:19:13","slug":"aurapay-token","status":"publish","type":"page","link":"https:\/\/aurapay.com\/vi\/aurapay-token\/","title":{"rendered":"M\u00e3 th\u00f4ng b\u00e1o Aurapay"},"content":{"rendered":"<div class=\"wp-block-cover alignfull is-light\" style=\"padding-top:var(--wp--preset--spacing--40);padding-bottom:var(--wp--preset--spacing--40)\"><span aria-hidden=\"true\" class=\"wp-block-cover__background has-background-dim-0 has-background-dim\" style=\"background-color:#54d081\"><\/span><img loading=\"lazy\" decoding=\"async\" width=\"2065\" height=\"1519\" class=\"wp-block-cover__image-background wp-image-864\" alt=\"\" src=\"https:\/\/aurapay.com\/wp-content\/uploads\/aurapay-token-bg.webp\" style=\"object-position:75% 100%\" data-object-fit=\"cover\" data-object-position=\"75% 100%\"\/><div class=\"wp-block-cover__inner-container has-global-padding is-layout-constrained wp-block-cover-is-layout-constrained\">\n<figure class=\"wp-block-image aligncenter size-full is-resized aurapaytoken-img1\"><img decoding=\"async\" src=\"https:\/\/aurapay.com\/wp-content\/uploads\/aurapay-token-img1.webp\" alt=\"\" class=\"wp-image-508\" style=\"width:300px\"\/><\/figure>\n\n\n\n<p class=\"has-text-align-center has-large-font-size\" style=\"margin-top:0;margin-bottom:0\">gi\u1edbi thi\u1ec7u<\/p>\n\n\n\n<h1 class=\"wp-block-heading has-text-align-center\" style=\"margin-top:0;margin-bottom:var(--wp--preset--spacing--30)\">M\u00e3 th\u00f4ng b\u00e1o Aurapay (APT)<\/h1>\n\n\n\n<p class=\"has-text-align-center\">M\u00e3 th\u00f4ng b\u00e1o Aurapay (APT) l\u00e0 m\u1ed9t lo\u1ea1i ti\u1ec1n \u0111i\u1ec7n t\u1eed \u1ed5n \u0111\u1ecbnh \u0111\u01b0\u1ee3c qu\u1ea3n l\u00fd, \u0111\u01b0\u1ee3c thi\u1ebft k\u1ebf v\u1edbi t\u1ef7 l\u1ec7 1:1 so v\u1edbi Y\u00ean Nh\u1eadt (JPY). \u0110i\u1ec1u n\u00e0y c\u00f3 ngh\u0129a l\u00e0 m\u1ed7i APT t\u01b0\u01a1ng \u0111\u01b0\u01a1ng v\u1edbi 1 Y\u00ean Nh\u1eadt, \u0111\u1ea3m b\u1ea3o gi\u00e1 tr\u1ecb \u1ed5n \u0111\u1ecbnh v\u00e0 c\u00f3 th\u1ec3 d\u1ef1 \u0111o\u00e1n \u0111\u01b0\u1ee3c trong kh\u00f4ng gian ti\u1ec1n k\u1ef9 thu\u1eadt s\u1ed1.<\/p>\n\n\n\n<p class=\"has-text-align-center\">Trong th\u1ebf gi\u1edbi blockchain, kh\u00f4ng c\u00f3 nhi\u1ec1u stablecoin \u0111\u1ea1i di\u1ec7n cho gi\u00e1 tr\u1ecb c\u1ee7a \u0111\u1ed3ng ti\u1ec1n ph\u00e1p \u0111\u1ecbnh JPY. APT t\u1ef1 h\u00e0o l\u00e0 m\u1ed9t trong s\u1ed1 \u00edt \u0111\u01b0\u1ee3c ch\u1ecdn. Vi\u1ec7c \u0111i\u1ec1u h\u01b0\u1edbng b\u1ed1i c\u1ea3nh blockchain ph\u1ee9c t\u1ea1p c\u00f3 th\u1ec3 \u0111\u00e1ng s\u1ee3, nh\u01b0ng ch\u00fang t\u00f4i \u1edf \u0111\u00e2y \u0111\u1ec3 cung c\u1ea5p m\u1ed9t c\u1ea7u n\u1ed1i minh b\u1ea1ch v\u00e0 \u0111\u00e1ng tin c\u1eady gi\u00fap k\u1ebft n\u1ed1i li\u1ec1n m\u1ea1ch t\u00e0i s\u1ea3n k\u1ef9 thu\u1eadt s\u1ed1 c\u1ee7a b\u1ea1n v\u1edbi gi\u00e1 tr\u1ecb JPY.<\/p>\n\n\n\n<p class=\"has-text-align-center\">Gi\u00e1 tr\u1ecb c\u1ee7a APT v\u1eabn t\u01b0\u01a1ng \u0111\u1ed1i \u1ed5n \u0111\u1ecbnh so v\u1edbi Y\u00ean Nh\u1eadt. Ch\u00fang t\u00f4i tin ch\u1eafc r\u1eb1ng c\u00e1c t\u00e0i s\u1ea3n k\u1ef9 thu\u1eadt s\u1ed1 \u1ed5n \u0111\u1ecbnh nh\u01b0 APT l\u00e0 r\u1ea5t quan tr\u1ecdng \u0111\u1ec3 khai th\u00e1c to\u00e0n b\u1ed9 ti\u1ec1m n\u0103ng c\u1ee7a c\u00f4ng ngh\u1ec7 blockchain.<\/p>\n<\/div><\/div>\n\n\n\n<h2 class=\"wp-block-heading has-text-align-center\" style=\"margin-top:var(--wp--preset--spacing--30);margin-bottom:var(--wp--preset--spacing--30)\">T\u1ea1i sao APT l\u1ea1i kh\u00e1c bi\u1ec7t?<\/h2>\n\n\n\n<details class=\"wp-block-details is-layout-flow wp-block-details-is-layout-flow\"><summary>M\u00e3 th\u00f4ng b\u00e1o c\u00f3 m\u1ed9t kh\u00f4ng hai<\/summary>\n<p>M\u1ed9t trong s\u1ed1 \u00edt stablecoin JPY trong blockchain v\u00e0 ch\u00fang t\u00f4i mong mu\u1ed1n tr\u1edf th\u00e0nh c\u1ea7u n\u1ed1i k\u1ebft n\u1ed1i li\u1ec1n m\u1ea1ch t\u00e0i s\u1ea3n ti\u1ec1n \u0111i\u1ec7n t\u1eed c\u1ee7a b\u1ea1n v\u1edbi gi\u00e1 tr\u1ecb JPY.<\/p>\n<\/details>\n\n\n\n<details class=\"wp-block-details is-layout-flow wp-block-details-is-layout-flow\"><summary>S\u1ef1 \u1ed5n \u0111\u1ecbnh<\/summary>\n<p>APT \u0111\u1eb7t m\u1ee5c ti\u00eau duy tr\u00ec gi\u00e1 tr\u1ecb JPY \u1ed5n \u0111\u1ecbnh \u1edf t\u1ef7 l\u1ec7 1:1 v\u1edbi t\u00e0i s\u1ea3n c\u01a1 b\u1ea3n m\u00e0 h\u1ecd \u0111\u01b0\u1ee3c g\u1eafn v\u00e0o. S\u1ef1 \u1ed5n \u0111\u1ecbnh n\u00e0y l\u00e0m cho APT ph\u00f9 h\u1ee3p cho c\u00e1c giao d\u1ecbch h\u00e0ng ng\u00e0y v\u00e0 nh\u01b0 m\u1ed9t kho l\u01b0u tr\u1eef gi\u00e1 tr\u1ecb.<\/p>\n<\/details>\n\n\n\n<details class=\"wp-block-details is-layout-flow wp-block-details-is-layout-flow\"><summary>T\u1ed1c \u0111\u1ed9 v\u00e0 hi\u1ec7u qu\u1ea3<\/summary>\n<p>APT cung c\u1ea5p c\u00e1c giao d\u1ecbch xuy\u00ean bi\u00ean gi\u1edbi nhanh ch\u00f3ng v\u00e0 hi\u1ec7u qu\u1ea3 m\u00e0 kh\u00f4ng b\u1ecb ch\u1eadm tr\u1ec5 ho\u1eb7c m\u1ea5t ph\u00ed li\u00ean quan \u0111\u1ebfn c\u00e1c h\u1ec7 th\u1ed1ng ng\u00e2n h\u00e0ng truy\u1ec1n th\u1ed1ng.<\/p>\n<\/details>\n\n\n\n<details class=\"wp-block-details is-layout-flow wp-block-details-is-layout-flow\"><summary>B\u1ea3n ch\u1ea5t k\u1ef9 thu\u1eadt s\u1ed1<\/summary>\n<p>APT ho\u1ea1t \u0111\u1ed9ng tr\u00ean c\u00f4ng ngh\u1ec7 blockchain, cung c\u1ea5p nhi\u1ec1u th\u1ee9 h\u01a1n l\u00e0 ch\u1ec9 m\u1ed9t chi\u1ebfc v\u00ed. Stablecoin c\u1ee7a ch\u00fang t\u00f4i \u0111\u01b0\u1ee3c thi\u1ebft k\u1ebf \u0111\u1ec3 d\u1ec5 d\u00e0ng chuy\u1ec3n, l\u01b0u tr\u1eef v\u00e0 s\u1eed d\u1ee5ng tr\u00ean c\u00e1c h\u1ec7 sinh th\u00e1i k\u1ef9 thu\u1eadt s\u1ed1 kh\u00e1c nhau.<\/p>\n<\/details>\n\n\n\n<details class=\"wp-block-details is-layout-flow wp-block-details-is-layout-flow\"><summary>Minh b\u1ea1ch<\/summary>\n<p>APT tu\u00e2n th\u1ee7 ki\u1ec3m to\u00e1n v\u00e0 b\u00e1o c\u00e1o th\u01b0\u1eddng xuy\u00ean \u0111\u1ec3 duy tr\u00ec t\u00ednh minh b\u1ea1ch.<\/p>\n<\/details>\n\n\n\n<div class=\"wp-block-cover alignfull is-light o-fit-contain\" style=\"margin-top:var(--wp--preset--spacing--30);margin-bottom:var(--wp--preset--spacing--30)\"><span aria-hidden=\"true\" class=\"wp-block-cover__background has-background-dim-0 has-background-dim\"><\/span><img decoding=\"async\" class=\"wp-block-cover__image-background wp-image-571\" alt=\"\" src=\"https:\/\/aurapay.com\/wp-content\/uploads\/aurapay-token-bg2.webp\" style=\"object-position:0% 100%\" data-object-fit=\"cover\" data-object-position=\"0% 100%\"\/><div class=\"wp-block-cover__inner-container has-global-padding is-layout-constrained wp-block-cover-is-layout-constrained\">\n<div class=\"wp-block-columns are-vertically-aligned-center f-dir-colR is-layout-flex wp-container-core-columns-is-layout-1 wp-block-columns-is-layout-flex\" style=\"margin-top:var(--wp--preset--spacing--30);margin-bottom:var(--wp--preset--spacing--30)\">\n<div class=\"wp-block-column is-vertically-aligned-center is-layout-flow wp-block-column-is-layout-flow\">\n<figure class=\"wp-block-image aligncenter size-full is-resized aurapaytoken-img2\"><img decoding=\"async\" src=\"https:\/\/aurapay.com\/wp-content\/uploads\/aurapay-token-img2.webp\" alt=\"\" class=\"wp-image-563\" style=\"width:360px\"\/><\/figure>\n<\/div>\n\n\n\n<div class=\"wp-block-column is-vertically-aligned-center tb-taC is-layout-flow wp-block-column-is-layout-flow\">\n<h2 class=\"wp-block-heading\">H\u00e3y tham gia cu\u1ed9c c\u00e1ch m\u1ea1ng v\u00e0 t\u1ef1 m\u00ecnh tr\u1ea3i nghi\u1ec7m APT.<\/h2>\n\n\n\n<div class=\"wp-block-buttons tb-jcC is-layout-flex wp-block-buttons-is-layout-flex\" style=\"margin-top:var(--wp--preset--spacing--30)\">\n<div class=\"wp-block-button cv\"><a class=\"wp-block-button__link wp-element-button\" href=\"https:\/\/my.aurapay.com\/signup\/certification?lang=en\">\u0110\u0103ng k\u00fd ngay<\/a><\/div>\n<\/div>\n<\/div>\n<\/div>\n<\/div><\/div>","protected":false},"excerpt":{"rendered":"<p>T\u1ea1i sao APT l\u1ea1i kh\u00e1c bi\u1ec7t?<\/p>","protected":false},"author":2,"featured_media":0,"parent":0,"menu_order":0,"comment_status":"closed","ping_status":"closed","template":"","meta":{"footnotes":""},"class_list":["post-45","page","type-page","status-publish","hentry"],"_links":{"self":[{"href":"https:\/\/aurapay.com\/vi\/wp-json\/wp\/v2\/pages\/45"}],"collection":[{"href":"https:\/\/aurapay.com\/vi\/wp-json\/wp\/v2\/pages"}],"about":[{"href":"https:\/\/aurapay.com\/vi\/wp-json\/wp\/v2\/types\/page"}],"author":[{"embeddable":true,"href":"https:\/\/aurapay.com\/vi\/wp-json\/wp\/v2\/users\/2"}],"replies":[{"embeddable":true,"href":"https:\/\/aurapay.com\/vi\/wp-json\/wp\/v2\/comments?post=45"}],"version-history":[{"count":5,"href":"https:\/\/aurapay.com\/vi\/wp-json\/wp\/v2\/pages\/45\/revisions"}],"predecessor-version":[{"id":1013,"href":"https:\/\/aurapay.com\/vi\/wp-json\/wp\/v2\/pages\/45\/revisions\/1013"}],"wp:attachment":[{"href":"https:\/\/aurapay.com\/vi\/wp-json\/wp\/v2\/media?parent=45"}],"curies":[{"name":"trang web","href":"https:\/\/api.w.org\/{rel}","templated":true}]}}