{"id":42,"date":"2024-04-10T07:53:32","date_gmt":"2024-04-10T07:53:32","guid":{"rendered":"http:\/\/apnew2.local\/?page_id=42"},"modified":"2024-05-27T11:54:02","modified_gmt":"2024-05-27T08:54:02","slug":"feature","status":"publish","type":"page","link":"https:\/\/aurapay.com\/vi\/feature\/","title":{"rendered":"T\u00ednh n\u0103ng"},"content":{"rendered":"<div class=\"wp-block-cover alignfull is-light o-fit-contain\" style=\"min-height:480px;aspect-ratio:unset;\"><span aria-hidden=\"true\" class=\"wp-block-cover__background has-base-2-background-color has-background-dim-0 has-background-dim\"><\/span><img decoding=\"async\" class=\"wp-block-cover__image-background wp-image-558\" alt=\"\" src=\"https:\/\/aurapay.com\/wp-content\/uploads\/feature-bg.webp\" style=\"object-position:100% 0%\" data-object-fit=\"cover\" data-object-position=\"100% 0%\"\/><div class=\"wp-block-cover__inner-container has-global-padding is-layout-constrained wp-block-cover-is-layout-constrained\">\n<div class=\"wp-block-columns f-dir-colR is-layout-flex wp-container-core-columns-is-layout-1 wp-block-columns-is-layout-flex\">\n<div class=\"wp-block-column tb-taC is-layout-flow wp-block-column-is-layout-flow\">\n<h1 class=\"wp-block-heading translation-block\">gi\u1edbi thi\u1ec7u<br> T\u00e0i kho\u1ea3n Aurapay<\/h1>\n\n\n\n<p>Aurapay cung c\u1ea5p ba lo\u1ea1i t\u00e0i kho\u1ea3n ri\u00eang bi\u1ec7t \u0111\u1ec3 \u0111\u00e1p \u1ee9ng c\u00e1c y\u00eau c\u1ea7u ri\u00eang c\u1ee7a b\u1ea1n. Kh\u00e1m ph\u00e1 c\u00e1c lo\u1ea1i t\u00e0i kho\u1ea3n c\u00f3 s\u1eb5n b\u00ean d\u01b0\u1edbi \u0111\u1ec3 t\u00ecm lo\u1ea1i t\u00e0i kho\u1ea3n ph\u00f9 h\u1ee3p nh\u1ea5t v\u1edbi b\u1ea1n.<\/p>\n<\/div>\n\n\n\n<div class=\"wp-block-column tb-taC is-layout-flow wp-block-column-is-layout-flow\">\n<figure class=\"wp-block-image size-full is-resized feature-img1\"><img decoding=\"async\" src=\"https:\/\/aurapay.com\/wp-content\/uploads\/feature-img1.webp\" alt=\"\" class=\"wp-image-460\" style=\"width:150px\"\/><\/figure>\n<\/div>\n<\/div>\n<\/div><\/div>\n\n\n\n<div class=\"wp-block-columns are-vertically-aligned-center is-layout-flex wp-container-core-columns-is-layout-2 wp-block-columns-is-layout-flex\" style=\"margin-top:var(--wp--preset--spacing--30);margin-bottom:var(--wp--preset--spacing--50)\">\n<div class=\"wp-block-column is-vertically-aligned-center is-layout-flow wp-block-column-is-layout-flow\">\n<figure class=\"wp-block-image aligncenter size-full is-resized feature-img2\"><img decoding=\"async\" src=\"https:\/\/aurapay.com\/wp-content\/uploads\/feature-img2.webp\" alt=\"\" class=\"wp-image-467\" style=\"width:380px\"\/><\/figure>\n<\/div>\n\n\n\n<div class=\"wp-block-column is-vertically-aligned-center is-layout-flow wp-block-column-is-layout-flow\">\n<h2 class=\"wp-block-heading tb-taC account\">Ri\u00eang t\u01b0<sub> T\u00e0i kho\u1ea3n<\/sub><\/h2>\n\n\n\n<ul class=\"wp-block-list\">\n<li>Giao d\u1ecbch ti\u1ec1n \u0111i\u1ec7n t\u1eed \u0111\u01a1n gi\u1ea3n v\u00e0 an to\u00e0n cho nhu c\u1ea7u h\u00e0ng ng\u00e0y c\u1ee7a b\u1ea1n.<\/li>\n\n\n\n<li>G\u1eedi v\u00e0 nh\u1eadn ti\u1ec1n t\u1eeb v\u00ed c\u1ee7a b\u1ea1n \u0111\u1ebfn c\u00e1c \u0111\u1ecba ch\u1ec9 v\u00ed ti\u1ec1n \u0111i\u1ec7n t\u1eed kh\u00e1c ho\u1eb7c ng\u01b0\u1eddi b\u00e1n s\u1eed d\u1ee5ng ti\u1ec1n \u0111i\u1ec7n t\u1eed ho\u1eb7c APT Aurapay stablecoin.<\/li>\n\n\n\n<li>C\u00e1c gi\u1ea3i ph\u00e1p ph\u00f9 h\u1ee3p \u0111\u1ec3 x\u1eed l\u00fd t\u00e0i s\u1ea3n k\u1ef9 thu\u1eadt s\u1ed1 c\u1ee7a b\u1ea1n, bao g\u1ed3m mua, b\u00e1n v\u00e0 trao \u0111\u1ed5i.<\/li>\n\n\n\n<li>Truy c\u1eadp v\u00e0o n\u1ec1n t\u1ea3ng th\u00e2n thi\u1ec7n v\u1edbi ng\u01b0\u1eddi d\u00f9ng c\u1ee7a ch\u00fang t\u00f4i \u0111\u1ec3 c\u00f3 d\u1ecbch v\u1ee5 ng\u00e2n h\u00e0ng ti\u1ec1n \u0111i\u1ec7n t\u1eed khi \u0111ang di chuy\u1ec3n.<\/li>\n\n\n\n<li>B\u00e1o c\u00e1o n\u00e2ng cao \u0111\u1ec3 theo d\u00f5i c\u00e1c giao d\u1ecbch ti\u1ec1n \u0111i\u1ec7n t\u1eed c\u1ee7a b\u1ea1n.<\/li>\n<\/ul>\n\n\n\n<div class=\"wp-block-buttons tb-jcC is-layout-flex wp-block-buttons-is-layout-flex\" style=\"margin-top:var(--wp--preset--spacing--30)\">\n<div class=\"wp-block-button cv\"><a class=\"wp-block-button__link wp-element-button\" href=\"https:\/\/my.aurapay.com\/signup\/certification?lang=en\">\u0110\u0103ng k\u00fd ngay<\/a><\/div>\n<\/div>\n<\/div>\n<\/div>\n\n\n\n<div class=\"wp-block-columns are-vertically-aligned-center f-dir-colR is-layout-flex wp-container-core-columns-is-layout-3 wp-block-columns-is-layout-flex\" style=\"margin-top:var(--wp--preset--spacing--30);margin-bottom:var(--wp--preset--spacing--50)\">\n<div class=\"wp-block-column is-vertically-aligned-center is-layout-flow wp-block-column-is-layout-flow\">\n<h2 class=\"wp-block-heading tb-taC account\">Vi\u1ec7c kinh doanh<sub> T\u00e0i kho\u1ea3n<\/sub><\/h2>\n\n\n\n<ul class=\"wp-block-list\">\n<li>L\u00fd t\u01b0\u1edfng cho doanh nh\u00e2n ho\u1eb7c doanh nghi\u1ec7p ti\u1ec1n \u0111i\u1ec7n t\u1eed v\u1eeba v\u00e0 nh\u1ecf.<\/li>\n\n\n\n<li>X\u1eed l\u00fd hi\u1ec7u qu\u1ea3 c\u00e1c giao d\u1ecbch l\u1edbn h\u01a1n t\u1eeb v\u00ed c\u1ee7a b\u1ea1n \u0111\u1ebfn c\u00e1c \u0111\u1ecba ch\u1ec9 ho\u1eb7c ng\u01b0\u1eddi b\u00e1n v\u00ed ti\u1ec1n \u0111i\u1ec7n t\u1eed kh\u00e1c b\u1eb1ng c\u00e1ch s\u1eed d\u1ee5ng ti\u1ec1n \u0111i\u1ec7n t\u1eed ho\u1eb7c APT Aurapay stablecoin.<\/li>\n\n\n\n<li>C\u00e1c t\u00ednh n\u0103ng t\u00f9y ch\u1ec9nh \u0111\u01b0\u1ee3c thi\u1ebft k\u1ebf \u0111\u1ec3 doanh nghi\u1ec7p qu\u1ea3n l\u00fd hi\u1ec7u qu\u1ea3 ti\u1ec1n \u0111i\u1ec7n t\u1eed c\u1ee7a m\u00ecnh, bao g\u1ed3m mua, b\u00e1n v\u00e0 trao \u0111\u1ed5i nhanh ch\u00f3ng.<\/li>\n\n\n\n<li>Trao quy\u1ec1n qu\u1ea3n l\u00fd doanh nghi\u1ec7p c\u1ee7a b\u1ea1n v\u1edbi ng\u00e2n h\u00e0ng ti\u1ec1n \u0111i\u1ec7n t\u1eed th\u00e2n thi\u1ec7n v\u1edbi ng\u01b0\u1eddi d\u00f9ng khi \u0111ang di chuy\u1ec3n.<\/li>\n\n\n\n<li>B\u00e1o c\u00e1o tinh vi \u0111\u1ec3 qu\u1ea3n l\u00fd c\u00e1c giao d\u1ecbch ti\u1ec1n \u0111i\u1ec7n t\u1eed c\u1ee7a doanh nghi\u1ec7p b\u1ea1n.<\/li>\n<\/ul>\n\n\n\n<div class=\"wp-block-buttons tb-jcC is-layout-flex wp-block-buttons-is-layout-flex\" style=\"margin-top:var(--wp--preset--spacing--30)\">\n<div class=\"wp-block-button cv\"><a class=\"wp-block-button__link wp-element-button\" href=\"https:\/\/my.aurapay.com\/signup\/certification?lang=en\">\u0110\u0103ng k\u00fd ngay<\/a><\/div>\n<\/div>\n<\/div>\n\n\n\n<div class=\"wp-block-column is-vertically-aligned-center is-layout-flow wp-block-column-is-layout-flow\">\n<figure class=\"wp-block-image aligncenter size-full is-resized feature-img3\"><img decoding=\"async\" src=\"https:\/\/aurapay.com\/wp-content\/uploads\/feature-img3.webp\" alt=\"\" class=\"wp-image-469\" style=\"width:280px\"\/><\/figure>\n<\/div>\n<\/div>\n\n\n\n<div class=\"wp-block-columns are-vertically-aligned-center is-layout-flex wp-container-core-columns-is-layout-4 wp-block-columns-is-layout-flex\" style=\"margin-top:var(--wp--preset--spacing--30);margin-bottom:var(--wp--preset--spacing--50)\">\n<div class=\"wp-block-column is-vertically-aligned-center is-layout-flow wp-block-column-is-layout-flow\">\n<figure class=\"wp-block-image aligncenter size-full is-resized feature-img4\"><img decoding=\"async\" src=\"https:\/\/aurapay.com\/wp-content\/uploads\/feature-img4.webp\" alt=\"\" class=\"wp-image-471\" style=\"width:340px\"\/><\/figure>\n<\/div>\n\n\n\n<div class=\"wp-block-column is-vertically-aligned-center is-layout-flow wp-block-column-is-layout-flow\">\n<h2 class=\"wp-block-heading tb-taC account\">Th\u01b0\u01a1ng gia<sub> T\u00e0i kho\u1ea3n<\/sub><\/h2>\n\n\n\n<ul class=\"wp-block-list\">\n<li>\u0110\u01b0\u1ee3c thi\u1ebft k\u1ebf \u0111\u1ec3 \u0111\u00e1p \u1ee9ng nhu c\u1ea7u qu\u1ea3n l\u00fd ti\u1ec1n \u0111i\u1ec7n t\u1eed c\u1ee7a c\u00e1c d\u1ecbch v\u1ee5 tr\u1ef1c tuy\u1ebfn v\u00e0 ng\u01b0\u1eddi b\u00e1n ti\u1ec1n \u0111i\u1ec7n t\u1eed.<\/li>\n\n\n\n<li>X\u1eed l\u00fd c\u00e1c giao d\u1ecbch li\u1ec1n m\u1ea1ch v\u1edbi t\u00edch h\u1ee3p API t\u00f9y ch\u1ec9nh Aurapay, cung c\u1ea5p nhi\u1ec1u t\u00f9y ch\u1ecdn kh\u00e1c nhau bao g\u1ed3m ti\u1ec1n \u0111i\u1ec7n t\u1eed v\u00e0 aurapay stablecoin APT.<\/li>\n\n\n\n<li>N\u00e2ng cao d\u1ecbch v\u1ee5 g\u1eedi v\u00e0 r\u00fat ti\u1ec1n hi\u1ec7n t\u1ea1i c\u1ee7a b\u1ea1n b\u1eb1ng c\u00e1ch t\u00edch h\u1ee3p gi\u1ea3i ph\u00e1p thanh to\u00e1n c\u1ee7a ch\u00fang t\u00f4i v\u00e0o trang web c\u1ee7a b\u1ea1n.<\/li>\n\n\n\n<li>Th\u00f4ng tin chi ti\u1ebft to\u00e0n di\u1ec7n \u0111\u1ec3 gi\u00e1m s\u00e1t c\u00e1c giao d\u1ecbch ti\u1ec1n \u0111i\u1ec7n t\u1eed c\u1ee7a b\u1ea1n v\u1edbi ng\u01b0\u1eddi d\u00f9ng c\u00e1 nh\u00e2n v\u00e0 doanh nghi\u1ec7p c\u1ee7a Aurapay trong b\u00e1o c\u00e1o kinh doanh t\u1ea5t c\u1ea3 trong m\u1ed9t.<\/li>\n<\/ul>\n\n\n\n<div class=\"wp-block-buttons tb-jcC is-layout-flex wp-block-buttons-is-layout-flex\" style=\"margin-top:var(--wp--preset--spacing--30)\">\n<div class=\"wp-block-button cv\"><a class=\"wp-block-button__link wp-element-button\" href=\"https:\/\/my.aurapay.com\/contact\/form\">H\u1ecfi ngay<\/a><\/div>\n<\/div>\n<\/div>\n<\/div>\n\n\n\n<div class=\"wp-block-cover alignfull is-light the-aurapay-token\" style=\"margin-top:var(--wp--preset--spacing--60);margin-bottom:0;min-height:320px;aspect-ratio:unset;\"><span aria-hidden=\"true\" class=\"wp-block-cover__background has-base-2-background-color has-background-dim-0 has-background-dim\"><\/span><img decoding=\"async\" class=\"wp-block-cover__image-background wp-image-553\" alt=\"\" src=\"https:\/\/aurapay.com\/wp-content\/uploads\/apt-bg.webp\" data-object-fit=\"cover\"\/><div class=\"wp-block-cover__inner-container has-global-padding is-layout-constrained wp-block-cover-is-layout-constrained\">\n<div class=\"wp-block-columns are-vertically-aligned-center is-layout-flex wp-container-core-columns-is-layout-5 wp-block-columns-is-layout-flex\" style=\"margin-bottom:0\">\n<div class=\"wp-block-column is-vertically-aligned-center is-layout-flow wp-container-core-column-is-layout-9 wp-block-column-is-layout-flow\" style=\"padding-top:0;padding-right:var(--wp--preset--spacing--20);padding-bottom:0;padding-left:var(--wp--preset--spacing--20);flex-basis:23%\">\n<figure class=\"wp-block-image aligncenter size-full img-apt link\"><a href=\"\/vi\/aurapay-token\/\"><img decoding=\"async\" src=\"https:\/\/aurapay.com\/wp-content\/uploads\/apt-img.webp\" alt=\"\" class=\"wp-image-338\"\/><\/a><\/figure>\n<\/div>\n\n\n\n<div class=\"wp-block-column is-vertically-aligned-center tb-taC is-layout-flow wp-block-column-is-layout-flow\">\n<h2 class=\"wp-block-heading tdN\"><a href=\"\/vi\/aurapay-token\/\" data-type=\"page\" data-id=\"45\">M\u00e3 th\u00f4ng b\u00e1o Aurapay<\/a><\/h2>\n\n\n\n<p>M\u00e3 th\u00f4ng b\u00e1o Aurapay (APT) l\u00e0 m\u1ed9t lo\u1ea1i ti\u1ec1n \u0111i\u1ec7n t\u1eed \u1ed5n \u0111\u1ecbnh \u0111\u01b0\u1ee3c qu\u1ea3n l\u00fd, \u0111\u01b0\u1ee3c thi\u1ebft k\u1ebf v\u1edbi t\u1ef7 l\u1ec7 1:1 so v\u1edbi Y\u00ean Nh\u1eadt (JPY). \u0110i\u1ec1u n\u00e0y c\u00f3 ngh\u0129a l\u00e0 m\u1ed7i APT t\u01b0\u01a1ng \u0111\u01b0\u01a1ng v\u1edbi 1 Y\u00ean Nh\u1eadt, \u0111\u1ea3m b\u1ea3o gi\u00e1 tr\u1ecb \u1ed5n \u0111\u1ecbnh v\u00e0 c\u00f3 th\u1ec3 d\u1ef1 \u0111o\u00e1n \u0111\u01b0\u1ee3c trong kh\u00f4ng gian ti\u1ec1n k\u1ef9 thu\u1eadt s\u1ed1.<\/p>\n<\/div>\n<\/div>\n<\/div><\/div>","protected":false},"excerpt":{"rendered":"<p>T\u00e0i kho\u1ea3n c\u00e1 nh\u00e2n T\u00e0i kho\u1ea3n doanh nghi\u1ec7p T\u00e0i kho\u1ea3n ng\u01b0\u1eddi b\u00e1n<\/p>","protected":false},"author":2,"featured_media":0,"parent":0,"menu_order":0,"comment_status":"closed","ping_status":"closed","template":"","meta":{"footnotes":""},"class_list":["post-42","page","type-page","status-publish","hentry"],"_links":{"self":[{"href":"https:\/\/aurapay.com\/vi\/wp-json\/wp\/v2\/pages\/42"}],"collection":[{"href":"https:\/\/aurapay.com\/vi\/wp-json\/wp\/v2\/pages"}],"about":[{"href":"https:\/\/aurapay.com\/vi\/wp-json\/wp\/v2\/types\/page"}],"author":[{"embeddable":true,"href":"https:\/\/aurapay.com\/vi\/wp-json\/wp\/v2\/users\/2"}],"replies":[{"embeddable":true,"href":"https:\/\/aurapay.com\/vi\/wp-json\/wp\/v2\/comments?post=42"}],"version-history":[{"count":13,"href":"https:\/\/aurapay.com\/vi\/wp-json\/wp\/v2\/pages\/42\/revisions"}],"predecessor-version":[{"id":1119,"href":"https:\/\/aurapay.com\/vi\/wp-json\/wp\/v2\/pages\/42\/revisions\/1119"}],"wp:attachment":[{"href":"https:\/\/aurapay.com\/vi\/wp-json\/wp\/v2\/media?parent=42"}],"curies":[{"name":"trang web","href":"https:\/\/api.w.org\/{rel}","templated":true}]}}