{"id":38,"date":"2024-04-10T07:53:40","date_gmt":"2024-04-10T07:53:40","guid":{"rendered":"http:\/\/apnew2.local\/?page_id=38"},"modified":"2024-07-10T03:03:19","modified_gmt":"2024-07-10T00:03:19","slug":"home","status":"publish","type":"page","link":"https:\/\/aurapay.com\/vi\/","title":{"rendered":"trang ch\u1ee7"},"content":{"rendered":"<div class=\"wp-block-cover alignfull is-light o-fit-contain\" style=\"margin-top:0;margin-bottom:0;padding-top:var(--wp--preset--spacing--20);padding-bottom:var(--wp--preset--spacing--20);min-height:520px;aspect-ratio:unset;\"><span aria-hidden=\"true\" class=\"wp-block-cover__background has-background-dim-0 has-background-dim\"><\/span><img decoding=\"async\" class=\"wp-block-cover__image-background wp-image-555\" alt=\"\" src=\"https:\/\/aurapay.com\/wp-content\/uploads\/home-bg.webp\" style=\"object-position:100% 0%\" data-object-fit=\"cover\" data-object-position=\"100% 0%\"\/><div class=\"wp-block-cover__inner-container has-global-padding is-layout-constrained wp-block-cover-is-layout-constrained\">\n<div class=\"wp-block-columns are-vertically-aligned-center f-dir-colR is-layout-flex wp-container-core-columns-is-layout-1 wp-block-columns-is-layout-flex\">\n<div class=\"wp-block-column is-vertically-aligned-center tb-taC is-layout-flow wp-block-column-is-layout-flow\">\n<h1 class=\"wp-block-heading\"><img decoding=\"async\" class=\"wp-image-179\" style=\"width: 300px;\" src=\"https:\/\/aurapay.com\/wp-content\/uploads\/logo_aurapay.webp\" alt=\"\"><\/h1>\n\n\n\n<h2 class=\"wp-block-heading translation-block\">Th\u1ebf h\u1ec7 k\u1ebf ti\u1ebfp<br> N\u1ec1n t\u1ea3ng thanh to\u00e1n ti\u1ec1n \u0111i\u1ec7n t\u1eed<\/h2>\n\n\n\n<p>Giao d\u1ecbch li\u1ec1n m\u1ea1ch cho t\u1ea5t c\u1ea3 m\u1ecdi ng\u01b0\u1eddi.<\/p>\n\n\n\n<div class=\"wp-block-buttons tb-jcC is-layout-flex wp-block-buttons-is-layout-flex\" style=\"margin-top:var(--wp--preset--spacing--30)\">\n<div class=\"wp-block-button cv\"><a class=\"wp-block-button__link wp-element-button\" href=\"https:\/\/my.aurapay.com\/signup\/certification?lang=en\">\u0110\u0103ng k\u00fd ngay<\/a><\/div>\n<\/div>\n<\/div>\n\n\n\n<div class=\"wp-block-column is-vertically-aligned-center is-layout-flow wp-block-column-is-layout-flow\" style=\"padding-top:var(--wp--preset--spacing--30);padding-bottom:var(--wp--preset--spacing--30)\">\n<figure class=\"wp-block-image aligncenter size-full home-img1\"><img decoding=\"async\" src=\"https:\/\/aurapay.com\/wp-content\/uploads\/home-img1.webp\" alt=\"\" class=\"wp-image-333\" style=\"object-fit:cover\"\/><\/figure>\n<\/div>\n<\/div>\n<\/div><\/div>\n\n\n\n<div class=\"wp-block-columns are-vertically-aligned-center is-layout-flex wp-container-core-columns-is-layout-2 wp-block-columns-is-layout-flex\" style=\"margin-top:var(--wp--preset--spacing--30);margin-bottom:var(--wp--preset--spacing--30)\">\n<div class=\"wp-block-column is-vertically-aligned-center is-layout-flow wp-block-column-is-layout-flow\">\n<figure class=\"wp-block-image aligncenter size-full home-img2\"><img decoding=\"async\" src=\"https:\/\/aurapay.com\/wp-content\/uploads\/home-img2.webp\" alt=\"\" class=\"wp-image-335\"\/><\/figure>\n<\/div>\n\n\n\n<div class=\"wp-block-column is-vertically-aligned-center tb-taC is-layout-flow wp-block-column-is-layout-flow\">\n<h2 class=\"wp-block-heading translation-block\">Ti\u1ec1n \u0111i\u1ec7n t\u1eed li\u1ec1n m\u1ea1ch<br> N\u1ec1n t\u1ea3ng thanh to\u00e1n<\/h2>\n\n\n\n<p>Kh\u00e1m ph\u00e1 kh\u1ea3 n\u0103ng v\u00f4 t\u1eadn v\u1edbi Aurapay: Thanh to\u00e1n, Mua, B\u00e1n v\u00e0 G\u1eedi m\u00e3 th\u00f4ng b\u00e1o. Aurapay \u0111\u00f3ng vai tr\u00f2 l\u00e0 v\u00ed ti\u1ec1n \u0111i\u1ec7n t\u1eed t\u1ed1i \u01b0u c\u1ee7a b\u1ea1n, k\u1ebft n\u1ed1i b\u1ea1n v\u1edbi ng\u01b0\u1eddi b\u00e1n v\u00e0 chu\u1ed7i kh\u1ed1i. Ch\u00fang t\u00f4i cung c\u1ea5p Bitcoin, Ethereum, Ripple v\u00e0 Tether.<\/p>\n<\/div>\n<\/div>\n\n\n\n<div class=\"wp-block-columns are-vertically-aligned-center f-dir-colR is-layout-flex wp-container-core-columns-is-layout-3 wp-block-columns-is-layout-flex\" style=\"margin-top:var(--wp--preset--spacing--30);margin-bottom:var(--wp--preset--spacing--30)\">\n<div class=\"wp-block-column is-vertically-aligned-center tb-taC is-layout-flow wp-block-column-is-layout-flow\">\n<h2 class=\"wp-block-heading translation-block\">G\u1eedi ti\u1ec1n v\u00e0 r\u00fat ti\u1ec1n<br> tho\u1ea3i m\u00e1i nh\u00e9!<\/h2>\n\n\n\n<p>Vi\u1ec7c g\u1eedi v\u00e0 r\u00fat ti\u1ec1n c\u00f3 th\u1ec3 \u0111\u01b0\u1ee3c x\u1eed l\u00fd b\u1eb1ng c\u1ea3 ti\u1ec1n ph\u00e1p \u0111\u1ecbnh v\u00e0 ti\u1ec1n \u0111i\u1ec7n t\u1eed m\u1ecdi l\u00fac, m\u1ecdi n\u01a1i.<\/p>\n<\/div>\n\n\n\n<div class=\"wp-block-column is-vertically-aligned-center is-layout-flow wp-block-column-is-layout-flow\">\n<figure class=\"wp-block-image aligncenter size-full home-img3\"><img decoding=\"async\" src=\"https:\/\/aurapay.com\/wp-content\/uploads\/home-img3.webp\" alt=\"\" class=\"wp-image-337\"\/><\/figure>\n<\/div>\n<\/div>\n\n\n\n<h2 class=\"wp-block-heading has-text-align-center\" style=\"margin-top:var(--wp--preset--spacing--40);margin-bottom:var(--wp--preset--spacing--20)\">H\u1ec7 th\u1ed1ng an ninh n\u00e2ng cao<\/h2>\n\n\n\n<div class=\"wp-block-columns advance-security-systems is-layout-flex wp-container-core-columns-is-layout-4 wp-block-columns-is-layout-flex\" style=\"margin-top:var(--wp--preset--spacing--30);margin-bottom:var(--wp--preset--spacing--30);padding-right:var(--wp--preset--spacing--30);padding-left:var(--wp--preset--spacing--30)\">\n<div class=\"wp-block-column is-layout-flow wp-block-column-is-layout-flow\" style=\"border-style:none;border-width:0px\">\n<div class=\"wp-block-group has-global-padding is-layout-constrained wp-block-group-is-layout-constrained\">\n<h3 class=\"wp-block-heading has-text-align-center has-white-color has-aurapay-green-light-background-color has-text-color has-background has-link-color wp-elements-84fb556f5b3cf1f062995df2fce764d0\" style=\"padding-top:var(--wp--preset--spacing--10);padding-right:var(--wp--preset--spacing--10);padding-bottom:var(--wp--preset--spacing--10);padding-left:var(--wp--preset--spacing--10)\">SSL<sup> (L\u1edbp b\u1ea3o m\u1eadt an to\u00e0n)<\/sup><\/h3>\n\n\n\n<p class=\"has-text-align-center\" style=\"padding-top:0;padding-right:var(--wp--preset--spacing--10);padding-bottom:var(--wp--preset--spacing--20);padding-left:var(--wp--preset--spacing--10)\">SSL l\u00e0 x\u01b0\u01a1ng s\u1ed1ng c\u1ee7a c\u00e1c k\u1ebft n\u1ed1i k\u1ef9 thu\u1eadt s\u1ed1 an to\u00e0n, m\u1ed9t bi\u1ec7n ph\u00e1p b\u1ea3o v\u1ec7 m\u00e3 h\u00f3a d\u1eef li\u1ec7u li\u00ean l\u1ea1c \u0111\u1ec3 \u0111\u1ea3m b\u1ea3o th\u00f4ng tin nh\u1ea1y c\u1ea3m v\u00e0 th\u00f4ng tin c\u00e1 nh\u00e2n c\u1ee7a b\u1ea1n lu\u00f4n \u0111\u01b0\u1ee3c b\u1ea3o m\u1eadt v\u00e0 an to\u00e0n trong c\u00e1c giao d\u1ecbch c\u1ee7a b\u1ea1n.<\/p>\n<\/div>\n<\/div>\n\n\n\n<div class=\"wp-block-column is-layout-flow wp-block-column-is-layout-flow\">\n<div class=\"wp-block-group has-global-padding is-layout-constrained wp-block-group-is-layout-constrained\">\n<h3 class=\"wp-block-heading has-text-align-center has-white-color has-aurapay-green-light-background-color has-text-color has-background has-link-color wp-elements-98a8855087c7193933b80ec5840e1c6f\" style=\"padding-top:var(--wp--preset--spacing--10);padding-right:var(--wp--preset--spacing--10);padding-bottom:var(--wp--preset--spacing--10);padding-left:var(--wp--preset--spacing--10)\">\u0110a ch\u1eef k\u00fd<\/h3>\n\n\n\n<p class=\"has-text-align-center\" style=\"padding-top:0;padding-right:var(--wp--preset--spacing--10);padding-bottom:var(--wp--preset--spacing--20);padding-left:var(--wp--preset--spacing--10)\">V\u00ed c\u1ee7a b\u1ea1n bao g\u1ed3m nhi\u1ec1u kh\u00f3a, c\u1ea7n c\u00f3 s\u1ef1 ch\u1ea5p thu\u1eadn c\u1ee7a m\u1ed9t s\u1ed1 ng\u01b0\u1eddi d\u00f9ng \u0111\u01b0\u1ee3c \u1ee7y quy\u1ec1n. \u0110i\u1ec1u n\u00e0y cung c\u1ea5p m\u1ed9t l\u1edbp b\u1ea3o v\u1ec7 b\u1ed5 sung ch\u1ed1ng l\u1ea1i c\u00e1c giao d\u1ecbch tr\u00e1i ph\u00e9p v\u00e0 \u0111\u1ea3m b\u1ea3o an ninh t\u1ed1i \u0111a cho t\u1ea5t c\u1ea3 m\u1ecdi ng\u01b0\u1eddi.<\/p>\n<\/div>\n<\/div>\n\n\n\n<div class=\"wp-block-column is-layout-flow wp-block-column-is-layout-flow\">\n<div class=\"wp-block-group has-global-padding is-layout-constrained wp-block-group-is-layout-constrained\">\n<h3 class=\"wp-block-heading has-text-align-center has-white-color has-aurapay-green-light-background-color has-text-color has-background has-link-color wp-elements-e3a1e45cb21d3cc6b5a717c16ebd9091\" style=\"padding-top:var(--wp--preset--spacing--10);padding-right:var(--wp--preset--spacing--10);padding-bottom:var(--wp--preset--spacing--10);padding-left:var(--wp--preset--spacing--10)\">X\u00e1c th\u1ef1c hai y\u1ebfu t\u1ed1<\/h3>\n\n\n\n<p class=\"has-text-align-center\" style=\"padding-top:0;padding-right:var(--wp--preset--spacing--10);padding-bottom:var(--wp--preset--spacing--20);padding-left:var(--wp--preset--spacing--10)\">M\u1ed9t l\u1edbp an to\u00e0n b\u1ed5 sung \u0111\u01b0\u1ee3c th\u00eam v\u00e0o b\u1eb1ng c\u00e1ch g\u1eedi m\u1eadt kh\u1ea9u m\u1ed9t l\u1ea7n \u0111\u1ebfn \u0111\u1ecba ch\u1ec9 email \u0111\u01b0\u1ee3c ch\u1ec9 \u0111\u1ecbnh c\u1ee7a b\u1ea1n. Qu\u00e1 tr\u00ecnh n\u00e0y cung c\u1ea5p s\u1ef1 b\u1ea3o v\u1ec7 k\u00e9p cho t\u00e0i kho\u1ea3n c\u1ee7a b\u1ea1n, khi\u1ebfn vi\u1ec7c truy c\u1eadp tr\u00e1i ph\u00e9p tr\u1edf n\u00ean kh\u00f3 kh\u0103n h\u01a1n \u0111\u00e1ng k\u1ec3.<\/p>\n<\/div>\n<\/div>\n<\/div>\n\n\n\n<div class=\"wp-block-buttons tb-jcC is-content-justification-center is-layout-flex wp-container-core-buttons-is-layout-2 wp-block-buttons-is-layout-flex\" style=\"margin-top:var(--wp--preset--spacing--30)\">\n<div class=\"wp-block-button cv\"><a class=\"wp-block-button__link wp-element-button\" href=\"https:\/\/my.aurapay.com\/signup\/certification?lang=en\">\u0110\u0103ng k\u00fd ngay<\/a><\/div>\n<\/div>\n\n\n\n<div class=\"wp-block-cover alignfull is-light the-aurapay-token\" style=\"margin-top:var(--wp--preset--spacing--60);margin-bottom:0;min-height:320px;aspect-ratio:unset;\"><span aria-hidden=\"true\" class=\"wp-block-cover__background has-base-2-background-color has-background-dim-0 has-background-dim\"><\/span><img decoding=\"async\" class=\"wp-block-cover__image-background wp-image-553\" alt=\"\" src=\"https:\/\/aurapay.com\/wp-content\/uploads\/apt-bg.webp\" data-object-fit=\"cover\"\/><div class=\"wp-block-cover__inner-container has-global-padding is-layout-constrained wp-block-cover-is-layout-constrained\">\n<div class=\"wp-block-columns are-vertically-aligned-center is-layout-flex wp-container-core-columns-is-layout-5 wp-block-columns-is-layout-flex\" style=\"margin-bottom:0\">\n<div class=\"wp-block-column is-vertically-aligned-center is-layout-flow wp-container-core-column-is-layout-10 wp-block-column-is-layout-flow\" style=\"padding-top:0;padding-right:var(--wp--preset--spacing--20);padding-bottom:0;padding-left:var(--wp--preset--spacing--20);flex-basis:23%\">\n<figure class=\"wp-block-image aligncenter size-full img-apt link\"><a href=\"\/vi\/aurapay-token\/\"><img decoding=\"async\" src=\"https:\/\/aurapay.com\/wp-content\/uploads\/apt-img.webp\" alt=\"\" class=\"wp-image-338\"\/><\/a><\/figure>\n<\/div>\n\n\n\n<div class=\"wp-block-column is-vertically-aligned-center tb-taC is-layout-flow wp-block-column-is-layout-flow\">\n<h2 class=\"wp-block-heading tdN\"><a href=\"\/vi\/aurapay-token\/\" data-type=\"page\" data-id=\"45\">M\u00e3 th\u00f4ng b\u00e1o Aurapay<\/a><\/h2>\n\n\n\n<p>M\u00e3 th\u00f4ng b\u00e1o Aurapay (APT) l\u00e0 m\u1ed9t lo\u1ea1i ti\u1ec1n \u0111i\u1ec7n t\u1eed \u1ed5n \u0111\u1ecbnh \u0111\u01b0\u1ee3c qu\u1ea3n l\u00fd, \u0111\u01b0\u1ee3c thi\u1ebft k\u1ebf v\u1edbi t\u1ef7 l\u1ec7 1:1 so v\u1edbi Y\u00ean Nh\u1eadt (JPY). \u0110i\u1ec1u n\u00e0y c\u00f3 ngh\u0129a l\u00e0 m\u1ed7i APT t\u01b0\u01a1ng \u0111\u01b0\u01a1ng v\u1edbi 1 Y\u00ean Nh\u1eadt, \u0111\u1ea3m b\u1ea3o gi\u00e1 tr\u1ecb \u1ed5n \u0111\u1ecbnh v\u00e0 c\u00f3 th\u1ec3 d\u1ef1 \u0111o\u00e1n \u0111\u01b0\u1ee3c trong kh\u00f4ng gian ti\u1ec1n k\u1ef9 thu\u1eadt s\u1ed1.<\/p>\n<\/div>\n<\/div>\n<\/div><\/div>","protected":false},"excerpt":{"rendered":"<p>N\u1ec1n t\u1ea3ng thanh to\u00e1n ti\u1ec1n \u0111i\u1ec7n t\u1eed li\u1ec1n m\u1ea1ch Kh\u00e1m ph\u00e1 kh\u1ea3 n\u0103ng v\u00f4 t\u1eadn v\u1edbi Aurapay: Thanh to\u00e1n, Mua, B\u00e1n v\u00e0 G\u1eedi m\u00e3 th\u00f4ng b\u00e1o. Aurapay \u0111\u00f3ng vai tr\u00f2 l\u00e0 v\u00ed ti\u1ec1n \u0111i\u1ec7n t\u1eed t\u1ed1i \u01b0u c\u1ee7a b\u1ea1n, k\u1ebft n\u1ed1i b\u1ea1n v\u1edbi ng\u01b0\u1eddi b\u00e1n v\u00e0 chu\u1ed7i kh\u1ed1i. Ch\u00fang t\u00f4i cung c\u1ea5p Bitcoin, Ethereum, Ripple v\u00e0 Tether. G\u1eedi v\u00e0 r\u00fat ti\u1ec1n m\u1ed9t c\u00e1ch d\u1ec5 d\u00e0ng! Vi\u1ec7c g\u1eedi v\u00e0 r\u00fat ti\u1ec1n c\u00f3 th\u1ec3 \u0111\u01b0\u1ee3c x\u1eed l\u00fd b\u1eb1ng c\u1ea3 ti\u1ec1n ph\u00e1p \u0111\u1ecbnh v\u00e0 ti\u1ec1n \u0111i\u1ec7n t\u1eed m\u1ecdi l\u00fac, m\u1ecdi n\u01a1i. SSL c\u1ee7a H\u1ec7 th\u1ed1ng b\u1ea3o m\u1eadt n\u00e2ng cao (L\u1edbp b\u1ea3o m\u1eadt an to\u00e0n) SSL l\u00e0 x\u01b0\u01a1ng s\u1ed1ng c\u1ee7a c\u00e1c k\u1ebft n\u1ed1i k\u1ef9 thu\u1eadt s\u1ed1 an to\u00e0n, m\u1ed9t bi\u1ec7n ph\u00e1p b\u1ea3o v\u1ec7 m\u00e3 h\u00f3a d\u1eef li\u1ec7u li\u00ean l\u1ea1c \u0111\u1ec3 \u0111\u1ea3m b\u1ea3o th\u00f4ng tin nh\u1ea1y c\u1ea3m v\u00e0 th\u00f4ng tin c\u00e1 nh\u00e2n c\u1ee7a b\u1ea1n lu\u00f4n \u0111\u01b0\u1ee3c b\u1ea3o m\u1eadt v\u00e0 an to\u00e0n trong c\u00e1c giao d\u1ecbch c\u1ee7a b\u1ea1n. \u0110a ch\u1eef k\u00fd V\u00ed c\u1ee7a b\u1ea1n bao g\u1ed3m nhi\u1ec1u kh\u00f3a, c\u1ea7n c\u00f3 s\u1ef1 ch\u1ea5p thu\u1eadn c\u1ee7a m\u1ed9t s\u1ed1 ng\u01b0\u1eddi d\u00f9ng \u0111\u01b0\u1ee3c \u1ee7y quy\u1ec1n. \u0110i\u1ec1u n\u00e0y cung c\u1ea5p th\u00eam m\u1ed9t l\u1edbp [\u2026]<\/p>","protected":false},"author":2,"featured_media":0,"parent":0,"menu_order":0,"comment_status":"closed","ping_status":"closed","template":"","meta":{"footnotes":""},"class_list":["post-38","page","type-page","status-publish","hentry"],"_links":{"self":[{"href":"https:\/\/aurapay.com\/vi\/wp-json\/wp\/v2\/pages\/38"}],"collection":[{"href":"https:\/\/aurapay.com\/vi\/wp-json\/wp\/v2\/pages"}],"about":[{"href":"https:\/\/aurapay.com\/vi\/wp-json\/wp\/v2\/types\/page"}],"author":[{"embeddable":true,"href":"https:\/\/aurapay.com\/vi\/wp-json\/wp\/v2\/users\/2"}],"replies":[{"embeddable":true,"href":"https:\/\/aurapay.com\/vi\/wp-json\/wp\/v2\/comments?post=38"}],"version-history":[{"count":13,"href":"https:\/\/aurapay.com\/vi\/wp-json\/wp\/v2\/pages\/38\/revisions"}],"predecessor-version":[{"id":1129,"href":"https:\/\/aurapay.com\/vi\/wp-json\/wp\/v2\/pages\/38\/revisions\/1129"}],"wp:attachment":[{"href":"https:\/\/aurapay.com\/vi\/wp-json\/wp\/v2\/media?parent=38"}],"curies":[{"name":"trang web","href":"https:\/\/api.w.org\/{rel}","templated":true}]}}