{"id":50,"date":"2024-04-10T08:22:18","date_gmt":"2024-04-10T08:22:18","guid":{"rendered":"http:\/\/apnew2.local\/?page_id=50"},"modified":"2024-05-01T09:06:53","modified_gmt":"2024-05-01T09:06:53","slug":"about","status":"publish","type":"page","link":"https:\/\/aurapay.com\/tr\/about\/","title":{"rendered":"Hakk\u0131nda"},"content":{"rendered":"<div class=\"wp-block-cover alignfull is-light o-fit-contain\" style=\"margin-bottom:var(--wp--preset--spacing--30);padding-top:var(--wp--preset--spacing--30);padding-bottom:var(--wp--preset--spacing--30)\"><span aria-hidden=\"true\" class=\"wp-block-cover__background has-base-2-background-color has-background-dim-0 has-background-dim\"><\/span><img decoding=\"async\" class=\"wp-block-cover__image-background wp-image-587\" alt=\"\" src=\"https:\/\/aurapay.com\/wp-content\/uploads\/about-bg1.webp\" style=\"object-position:100% 0%\" data-object-fit=\"cover\" data-object-position=\"100% 0%\"\/><div class=\"wp-block-cover__inner-container has-global-padding is-layout-constrained wp-block-cover-is-layout-constrained\">\n<div class=\"wp-block-columns f-dir-colR is-layout-flex wp-container-core-columns-is-layout-658170e2 wp-block-columns-is-layout-flex\">\n<div class=\"wp-block-column tb-taC is-layout-flow wp-block-column-is-layout-flow\" style=\"flex-basis:60%\">\n<h1 class=\"wp-block-heading\">Hakk\u0131nda<\/h1>\n\n\n\n<p>Kripto yaln\u0131zca sanal bir para birimi de\u011fildir; \u00f6deme y\u00f6ntemlerinin gelece\u011fine bir bak\u0131\u015f. \u00d6z\u00fcm\u00fczde, d\u00fcnya \u00e7ap\u0131ndaki finansal kurumlar ve bireyler i\u00e7in kullan\u0131c\u0131 dostu ve g\u00fcvenli bir platform olu\u015fturmaya kendimizi adad\u0131k. Herkesin \u00f6demelerin gelece\u011fini ke\u015ffetmesi i\u00e7in k\u00f6pr\u00fc kurarak g\u00fcvenli ve \u015feffaf bir deneyim sunmay\u0131 ama\u00e7l\u0131yoruz.<\/p>\n\n\n\n<p>Amac\u0131m\u0131z, ki\u015fisel Aurapay c\u00fczdan\u0131n\u0131z i\u00e7erisinde kripto paran\u0131z\u0131 sat\u0131n almak, satmak, g\u00f6ndermek ve almak i\u00e7in kapsaml\u0131 bir \u00e7\u00f6z\u00fcm sunmakt\u0131r.<\/p>\n\n\n\n<p> Aurapay, Estonya&#039;da bir i\u015fletme lisans\u0131 alm\u0131\u015ft\u0131r ve a\u015fa\u011f\u0131daki kripto para birimi hizmetlerini sunmaktad\u0131r Sanal para birimini fiat para birimiyle de\u011fi\u015ftirme hizmetleri sa\u011flamak Sanal para c\u00fczdan\u0131 hizmeti sa\u011flamak Sanal para birimini sanal para birimiyle de\u011fi\u015ftirme hizmetleri sa\u011flama<\/p>\n<\/div>\n\n\n\n<div class=\"wp-block-column is-vertically-aligned-bottom tb-taC is-layout-flow wp-block-column-is-layout-flow\">\n<figure class=\"wp-block-image size-full is-resized about-img1\"><img decoding=\"async\" src=\"https:\/\/aurapay.com\/wp-content\/uploads\/about-img1.webp\" alt=\"\" class=\"wp-image-586\" style=\"width:120px\"\/><\/figure>\n<\/div>\n<\/div>\n<\/div><\/div>\n\n\n\n<div class=\"wp-block-group about-what has-global-padding is-layout-constrained wp-block-group-is-layout-constrained\">\n<h2 class=\"wp-block-heading has-text-align-center\" style=\"margin-top:var(--wp--preset--spacing--30);margin-bottom:var(--wp--preset--spacing--20)\">Aurapay nedir?<\/h2>\n\n\n\n<div class=\"wp-block-group has-global-padding is-layout-constrained wp-block-group-is-layout-constrained\">\n<h3 class=\"wp-block-heading\">G\u00fcnl\u00fck kripto c\u00fczdan\u0131n\u0131z<\/h3>\n\n\n\n<p>Aurapay, her zaman, her yerde eri\u015filebilen web tabanl\u0131 bir kripto c\u00fczdan\u0131d\u0131r. Ayr\u0131ca, temel varl\u0131k ile JPY 1:1 oran\u0131n\u0131 sabit tutacak \u015fekilde tasarlanm\u0131\u015f APT stabilcoin&#039;i de sunuyoruz, bu da onu g\u00fcnl\u00fck i\u015flemler i\u00e7in ve bir de\u011fer deposu olarak m\u00fckemmel k\u0131l\u0131yor. APT hakk\u0131nda daha fazla bilgi i\u00e7in buray\u0131 t\u0131klay\u0131n. (APT sayfas\u0131na ba\u011flant\u0131l\u0131)<\/p>\n<\/div>\n\n\n\n<div class=\"wp-block-group has-global-padding is-layout-constrained wp-block-group-is-layout-constrained\">\n<h3 class=\"wp-block-heading\">Kolayla\u015ft\u0131r\u0131lm\u0131\u015f ve g\u00fcvenli bir kripto c\u00fczdan\u0131<\/h3>\n\n\n\n<p>Aurapay, daha fazla bireyin kripto para birimleriyle g\u00fcvenli bir \u015fekilde etkile\u015fime ge\u00e7mesini te\u015fvik etmek ve b\u00f6ylece gelecekteki dijital toplumumuzun evrimine \u00f6nemli bir katk\u0131 sa\u011flamak amac\u0131yla tan\u0131t\u0131ld\u0131. Uygun lisans\u0131n al\u0131nmas\u0131 ve en son g\u00fcvenlik \u00f6nlemlerinin uygulanmas\u0131yla kullan\u0131c\u0131lar Aurapay platformunda g\u00fcvenle gezinebilirler.<\/p>\n<\/div>\n\n\n\n<div class=\"wp-block-group has-global-padding is-layout-constrained wp-block-group-is-layout-constrained\">\n<h3 class=\"wp-block-heading\">Dijital varl\u0131klar\u0131n\u0131z\u0131n JPY de\u011ferine ula\u015fmas\u0131 i\u00e7in bir k\u00f6pr\u00fc<\/h3>\n\n\n\n<p>Blockchain d\u00fcnyas\u0131nda yaln\u0131zca bir avu\u00e7 stabilcoin, JPY fiat para biriminin de\u011ferine ba\u011fl\u0131. APT bu se\u00e7ilmi\u015f birka\u00e7 ki\u015fi aras\u0131nda gururla duruyor. Misyonumuz, dijital varl\u0131klar\u0131n\u0131z\u0131n Japon Yeninin (JPY) kal\u0131c\u0131 de\u011feri ile kusursuz ba\u011flant\u0131s\u0131n\u0131 sa\u011flayarak \u015feffaf ve g\u00fcvenilir bir k\u00f6pr\u00fc sa\u011flamakt\u0131r.<\/p>\n<\/div>\n<\/div>\n\n\n\n<div class=\"wp-block-group about-why has-global-padding is-layout-constrained wp-block-group-is-layout-constrained\">\n<h2 class=\"wp-block-heading has-text-align-center\" style=\"margin-top:var(--wp--preset--spacing--30);margin-bottom:var(--wp--preset--spacing--20)\">Neden Aurapay?<\/h2>\n\n\n\n<div class=\"wp-block-columns is-layout-flex wp-container-core-columns-is-layout-28f84493 wp-block-columns-is-layout-flex\">\n<div class=\"wp-block-column has-border-color has-aurapay-green-border-color is-layout-flow wp-container-core-column-is-layout-8a368f38 wp-block-column-is-layout-flow\" style=\"border-width:2px\">\n<h3 class=\"wp-block-heading has-text-align-center has-white-color has-aurapay-green-light-background-color has-text-color has-background has-link-color has-medium-font-size wp-elements-3e2e5acfe9909dd156ddf004728a8112\" style=\"padding-top:var(--wp--preset--spacing--10);padding-right:var(--wp--preset--spacing--10);padding-bottom:var(--wp--preset--spacing--10);padding-left:var(--wp--preset--spacing--10)\">Pop\u00fcler ve g\u00fcvenilir kriptolar<\/h3>\n\n\n\n<p class=\"has-text-align-center\" style=\"padding-top:var(--wp--preset--spacing--10);padding-right:var(--wp--preset--spacing--10);padding-bottom:var(--wp--preset--spacing--10);padding-left:var(--wp--preset--spacing--10)\">Sekt\u00f6rde \u00f6nemli bir tan\u0131n\u0131rl\u0131k ve yayg\u0131n kullan\u0131mla \u00f6ne \u00e7\u0131kan ve son derece g\u00fcvenilir kripto para birimi se\u00e7enekleri olarak itibarlar\u0131n\u0131 peki\u015ftiren Bitcoin (BTC), Ethereum (ETH) ve Ripple (XRP)&#039;yi sunuyoruz.<\/p>\n<\/div>\n\n\n\n<div class=\"wp-block-column has-border-color has-aurapay-green-border-color is-layout-flow wp-container-core-column-is-layout-8a368f38 wp-block-column-is-layout-flow\" style=\"border-width:2px\">\n<h3 class=\"wp-block-heading has-text-align-center has-white-color has-aurapay-green-light-background-color has-text-color has-background has-link-color has-medium-font-size wp-elements-14974113ecc38293a987e14420ee30f1\" style=\"padding-top:var(--wp--preset--spacing--10);padding-right:var(--wp--preset--spacing--10);padding-bottom:var(--wp--preset--spacing--10);padding-left:var(--wp--preset--spacing--10)\">\u00dcst Seviye Kripto \u00f6demeleri<\/h3>\n\n\n\n<p class=\"has-text-align-center\" style=\"padding-top:var(--wp--preset--spacing--10);padding-right:var(--wp--preset--spacing--10);padding-bottom:var(--wp--preset--spacing--10);padding-left:var(--wp--preset--spacing--10)\">G\u00fcvenilir ve verimli JPY-Kripto borsalar\u0131 ve i\u015flemleri i\u00e7in APT ilk tercihiniz olacakt\u0131r. Daha \u00f6ng\u00f6r\u00fclebilir ve daha az de\u011fi\u015fken bir kripto para birimi bi\u00e7imi sa\u011flayarak istikrarl\u0131 bir 1:1 JPY de\u011ferini garanti ediyoruz.<\/p>\n<\/div>\n\n\n\n<div class=\"wp-block-column has-border-color has-aurapay-green-border-color is-layout-flow wp-container-core-column-is-layout-8a368f38 wp-block-column-is-layout-flow\" style=\"border-width:2px\">\n<h3 class=\"wp-block-heading has-text-align-center has-white-color has-aurapay-green-light-background-color has-text-color has-background has-link-color has-medium-font-size wp-elements-c795f9d645e80d43f34b047b738f0042\" style=\"padding-top:var(--wp--preset--spacing--10);padding-right:var(--wp--preset--spacing--10);padding-bottom:var(--wp--preset--spacing--10);padding-left:var(--wp--preset--spacing--10)\">Merkezi Olmayan Finans (DeFi)<\/h3>\n\n\n\n<p class=\"has-text-align-center\" style=\"padding-top:var(--wp--preset--spacing--10);padding-right:var(--wp--preset--spacing--10);padding-bottom:var(--wp--preset--spacing--10);padding-left:var(--wp--preset--spacing--10)\">Geleneksel finansal hizmetleri blockchain teknolojisine ta\u015f\u0131yan bir kavram olan merkezi olmayan a\u011flara do\u011fru ilerlemeye kararl\u0131y\u0131z. \u00dc\u00e7\u00fcnc\u00fc taraf arac\u0131lara g\u00fcvenmeden i\u015flemleri kolayla\u015ft\u0131rmay\u0131 hedefliyoruz.<\/p>\n<\/div>\n\n\n\n<div class=\"wp-block-column has-border-color has-aurapay-green-border-color is-layout-flow wp-container-core-column-is-layout-8a368f38 wp-block-column-is-layout-flow\" style=\"border-width:2px\">\n<h3 class=\"wp-block-heading has-text-align-center has-white-color has-aurapay-green-light-background-color has-text-color has-background has-link-color has-medium-font-size wp-elements-dbd3e9fe3738a2552354e1d76374bb8c\" style=\"padding-top:var(--wp--preset--spacing--10);padding-right:var(--wp--preset--spacing--10);padding-bottom:var(--wp--preset--spacing--10);padding-left:var(--wp--preset--spacing--10)\">Yerel M\u00fc\u015fteri \u00c7\u00f6z\u00fcm\u00fc<\/h3>\n\n\n\n<p class=\"has-text-align-center\" style=\"padding-top:var(--wp--preset--spacing--10);padding-right:var(--wp--preset--spacing--10);padding-bottom:var(--wp--preset--spacing--10);padding-left:var(--wp--preset--spacing--10)\">K\u00fcresel eri\u015fimle yerel uzmanl\u0131k sa\u011fl\u0131yoruz. Yerel ayr\u0131nt\u0131lar konusunda uzman olan \u00f6zel m\u00fc\u015fteri destek ekibimiz, dil yeterlili\u011fi ve k\u00fclt\u00fcrel anlay\u0131\u015f sunarak deneyiminize de\u011fer katar.<\/p>\n<\/div>\n<\/div>\n<\/div>\n\n\n\n<div class=\"wp-block-group about-howto has-global-padding is-layout-constrained wp-block-group-is-layout-constrained\" style=\"margin-bottom:var(--wp--preset--spacing--40)\">\n<h2 class=\"wp-block-heading has-text-align-center\" style=\"margin-top:var(--wp--preset--spacing--30);margin-bottom:var(--wp--preset--spacing--20)\">Aurapay nas\u0131l kullan\u0131l\u0131r?<\/h2>\n\n\n\n<div class=\"wp-block-group has-global-padding is-layout-constrained wp-block-group-is-layout-constrained\">\n<h3 class=\"wp-block-heading\">\u00d6demeler<\/h3>\n\n\n\n<p>Kripto para \u00f6demelerine ge\u00e7i\u015f yapan t\u00fcccarlar\u0131n say\u0131s\u0131 istikrarl\u0131 bir \u015fekilde artmaya devam ediyor. Aurapay ile uluslararas\u0131 \u00e7evrimi\u00e7i pazaryerlerinde sorunsuz bir \u015fekilde i\u015flem ger\u00e7ekle\u015ftirebilir ve sorunsuz bir deneyim sa\u011flayabilirsiniz.<\/p>\n<\/div>\n\n\n\n<div class=\"wp-block-group has-global-padding is-layout-constrained wp-block-group-is-layout-constrained\">\n<h3 class=\"wp-block-heading\">Kripto takas\u0131<\/h3>\n\n\n\n<p>Kripto \u00f6deyin, sat\u0131n al\u0131n, sat\u0131n ve g\u00f6nderin. Kullan\u0131c\u0131 dostu kripto takas \u00f6zelli\u011fimizle dijital varl\u0131klar\u0131n d\u00fcnyas\u0131na zahmetsizce dal\u0131n. Bir kripto para birimini an\u0131nda bir ba\u015fkas\u0131yla de\u011fi\u015ftirerek portf\u00f6y\u00fcn\u00fcz\u00fc kolayl\u0131kla uyarlaman\u0131za ve y\u00f6netmenize olanak tan\u0131r.<\/p>\n<\/div>\n\n\n\n<div class=\"wp-block-group has-global-padding is-layout-constrained wp-block-group-is-layout-constrained\">\n<h3 class=\"wp-block-heading\">Ki\u015fisel finans<\/h3>\n\n\n\n<p>Kripto para birimleri, kontrol\u00fcn sizde olmas\u0131n\u0131 sa\u011flayan merkezi olmayan ve dinamik bir ortam sunar. \u0130ster potansiyel olarak y\u00fcksek getiri ar\u0131yor olun ister portf\u00f6y\u00fcn\u00fcz\u00fc \u00e7e\u015fitlendirin, kripto para birimleri bireysel yat\u0131r\u0131mc\u0131lar i\u00e7in benzersiz bir yol sa\u011flar.<\/p>\n<\/div>\n<\/div>","protected":false},"excerpt":{"rendered":"<p>What is Aurapay? Your everyday crypto wallet Aurapay is a web-based crypto wallet that accessible anytime, anywhere. We also offer APT stablecoin that is designed to keep a fixed JPY 1:1 ratio with the underlying asset, making it perfect for everyday transactions and as a store of value. More about APT click here. (linked to APT page) A streamlined and secure crypto wallet Aurapay was introduced with the aspiration of encouraging more individuals to safely engage with cryptocurrencies, thereby making a significant contribution to the evolution of our future digital society. With the acquisition of proper licensing and the implementation of cutting-edge security measures, users can confidently navigate Aurapay platform. [&hellip;]<\/p>\n","protected":false},"author":2,"featured_media":0,"parent":0,"menu_order":0,"comment_status":"closed","ping_status":"closed","template":"","meta":{"footnotes":""},"class_list":["post-50","page","type-page","status-publish","hentry"],"_links":{"self":[{"href":"https:\/\/aurapay.com\/tr\/wp-json\/wp\/v2\/pages\/50","targetHints":{"allow":["GET"]}}],"collection":[{"href":"https:\/\/aurapay.com\/tr\/wp-json\/wp\/v2\/pages"}],"about":[{"href":"https:\/\/aurapay.com\/tr\/wp-json\/wp\/v2\/types\/page"}],"author":[{"embeddable":true,"href":"https:\/\/aurapay.com\/tr\/wp-json\/wp\/v2\/users\/2"}],"replies":[{"embeddable":true,"href":"https:\/\/aurapay.com\/tr\/wp-json\/wp\/v2\/comments?post=50"}],"version-history":[{"count":1,"href":"https:\/\/aurapay.com\/tr\/wp-json\/wp\/v2\/pages\/50\/revisions"}],"predecessor-version":[{"id":917,"href":"https:\/\/aurapay.com\/tr\/wp-json\/wp\/v2\/pages\/50\/revisions\/917"}],"wp:attachment":[{"href":"https:\/\/aurapay.com\/tr\/wp-json\/wp\/v2\/media?parent=50"}],"curies":[{"name":"wp","href":"https:\/\/api.w.org\/{rel}","templated":true}]}}