{"id":45,"date":"2024-04-10T08:03:10","date_gmt":"2024-04-10T08:03:10","guid":{"rendered":"http:\/\/apnew2.local\/?page_id=45"},"modified":"2024-05-15T08:19:13","modified_gmt":"2024-05-15T08:19:13","slug":"aurapay-token","status":"publish","type":"page","link":"https:\/\/aurapay.com\/tr\/aurapay-token\/","title":{"rendered":"Aurapay Token\u0131"},"content":{"rendered":"<div class=\"wp-block-cover alignfull is-light\" style=\"padding-top:var(--wp--preset--spacing--40);padding-bottom:var(--wp--preset--spacing--40)\"><span aria-hidden=\"true\" class=\"wp-block-cover__background has-background-dim-0 has-background-dim\" style=\"background-color:#54d081\"><\/span><img loading=\"lazy\" decoding=\"async\" width=\"2065\" height=\"1519\" class=\"wp-block-cover__image-background wp-image-864\" alt=\"\" src=\"https:\/\/aurapay.com\/wp-content\/uploads\/aurapay-token-bg.webp\" style=\"object-position:75% 100%\" data-object-fit=\"cover\" data-object-position=\"75% 100%\"\/><div class=\"wp-block-cover__inner-container has-global-padding is-layout-constrained wp-block-cover-is-layout-constrained\">\n<figure class=\"wp-block-image aligncenter size-full is-resized aurapaytoken-img1\"><img decoding=\"async\" src=\"https:\/\/aurapay.com\/wp-content\/uploads\/aurapay-token-img1.webp\" alt=\"\" class=\"wp-image-508\" style=\"width:300px\"\/><\/figure>\n\n\n\n<p class=\"has-text-align-center has-large-font-size\" style=\"margin-top:0;margin-bottom:0\">Tan\u0131t\u0131m\u0131<\/p>\n\n\n\n<h1 class=\"wp-block-heading has-text-align-center\" style=\"margin-top:0;margin-bottom:var(--wp--preset--spacing--30)\">Aurapay Token\u0131 (APT)<\/h1>\n\n\n\n<p class=\"has-text-align-center\">Aurapay Token (APT), Japon Yenine (JPY) 1:1 oran\u0131nda tasarlanm\u0131\u015f, d\u00fczenlenmi\u015f bir kripto para birimi stabilcoinidir. Bu, her APT&#039;nin 1 Japon Yenine e\u015fde\u011fer oldu\u011fu anlam\u0131na gelir ve dijital para alan\u0131nda istikrarl\u0131 ve \u00f6ng\u00f6r\u00fclebilir bir de\u011fer sa\u011flar.<\/p>\n\n\n\n<p class=\"has-text-align-center\">Blockchain d\u00fcnyas\u0131nda, JPY fiat para biriminin de\u011ferini temsil eden \u00e7ok fazla stablecoin bulunmuyor. APT, se\u00e7kin birka\u00e7 ki\u015fiden biri olmaktan gurur duyuyor. Karma\u015f\u0131k blockchain ortam\u0131nda gezinmek korkutucu olabilir ancak dijital varl\u0131klar\u0131n\u0131z\u0131 JPY de\u011feriyle sorunsuz bir \u015fekilde birbirine ba\u011flayan \u015feffaf ve g\u00fcvenilir bir k\u00f6pr\u00fc sa\u011flamak i\u00e7in buraday\u0131z.<\/p>\n\n\n\n<p class=\"has-text-align-center\">APT&#039;nin de\u011feri Japon Yenine k\u0131yasla nispeten sabit kal\u0131yor. APT gibi istikrarl\u0131 dijital varl\u0131klar\u0131n, blockchain teknolojisinin t\u00fcm potansiyelini ortaya \u00e7\u0131karmak i\u00e7in \u00e7ok \u00f6nemli oldu\u011funa inan\u0131yoruz.<\/p>\n<\/div><\/div>\n\n\n\n<h2 class=\"wp-block-heading has-text-align-center\" style=\"margin-top:var(--wp--preset--spacing--30);margin-bottom:var(--wp--preset--spacing--30)\">APT Neden Farkl\u0131?<\/h2>\n\n\n\n<details class=\"wp-block-details is-layout-flow wp-block-details-is-layout-flow\"><summary>T\u00fcr\u00fcn\u00fcn tek \u00f6rne\u011fi Token<\/summary>\n<p>Blockchain&#039;deki az say\u0131daki JPY stabilcoin&#039;lerinden biri ve kripto varl\u0131klar\u0131n\u0131z\u0131 JPY de\u011feriyle sorunsuz bir \u015fekilde birbirine ba\u011flayan k\u00f6pr\u00fc olmay\u0131 hedefliyoruz.<\/p>\n<\/details>\n\n\n\n<details class=\"wp-block-details is-layout-flow wp-block-details-is-layout-flow\"><summary>istikrar<\/summary>\n<p>APT, sabitlendikleri dayanak varl\u0131kla 1:1 oran\u0131nda istikrarl\u0131 bir JPY de\u011feri korumay\u0131 ama\u00e7lamaktad\u0131r. Bu istikrar, APT&#039;yi g\u00fcnl\u00fck i\u015flemler i\u00e7in ve bir de\u011fer deposu olarak uygun hale getirir.<\/p>\n<\/details>\n\n\n\n<details class=\"wp-block-details is-layout-flow wp-block-details-is-layout-flow\"><summary>H\u0131z ve Verimlilik<\/summary>\n<p>APT, geleneksel bankac\u0131l\u0131k sistemleriyle ili\u015fkili gecikmeler veya \u00fccretler olmaks\u0131z\u0131n h\u0131zl\u0131 ve etkili s\u0131n\u0131r \u00f6tesi i\u015flemler sunar.<\/p>\n<\/details>\n\n\n\n<details class=\"wp-block-details is-layout-flow wp-block-details-is-layout-flow\"><summary>Dijital Do\u011fa<\/summary>\n<p>APT, blockchain teknolojisi \u00fczerinde \u00e7al\u0131\u015farak bir c\u00fczdandan daha fazlas\u0131n\u0131 sunar. Stabil param\u0131z, \u00e7e\u015fitli dijital ekosistemlerde kolay aktar\u0131m, depolama ve kullan\u0131m i\u00e7in tasarlanm\u0131\u015ft\u0131r.<\/p>\n<\/details>\n\n\n\n<details class=\"wp-block-details is-layout-flow wp-block-details-is-layout-flow\"><summary>\u015eeffafl\u0131k<\/summary>\n<p>APT, \u015feffafl\u0131\u011f\u0131n\u0131 korumak i\u00e7in d\u00fczenli denetimlere ve raporlamalara uyar.<\/p>\n<\/details>\n\n\n\n<div class=\"wp-block-cover alignfull is-light o-fit-contain\" style=\"margin-top:var(--wp--preset--spacing--30);margin-bottom:var(--wp--preset--spacing--30)\"><span aria-hidden=\"true\" class=\"wp-block-cover__background has-background-dim-0 has-background-dim\"><\/span><img decoding=\"async\" class=\"wp-block-cover__image-background wp-image-571\" alt=\"\" src=\"https:\/\/aurapay.com\/wp-content\/uploads\/aurapay-token-bg2.webp\" style=\"object-position:0% 100%\" data-object-fit=\"cover\" data-object-position=\"0% 100%\"\/><div class=\"wp-block-cover__inner-container has-global-padding is-layout-constrained wp-block-cover-is-layout-constrained\">\n<div class=\"wp-block-columns are-vertically-aligned-center f-dir-colR is-layout-flex wp-container-core-columns-is-layout-1 wp-block-columns-is-layout-flex\" style=\"margin-top:var(--wp--preset--spacing--30);margin-bottom:var(--wp--preset--spacing--30)\">\n<div class=\"wp-block-column is-vertically-aligned-center is-layout-flow wp-block-column-is-layout-flow\">\n<figure class=\"wp-block-image aligncenter size-full is-resized aurapaytoken-img2\"><img decoding=\"async\" src=\"https:\/\/aurapay.com\/wp-content\/uploads\/aurapay-token-img2.webp\" alt=\"\" class=\"wp-image-563\" style=\"width:360px\"\/><\/figure>\n<\/div>\n\n\n\n<div class=\"wp-block-column is-vertically-aligned-center tb-taC is-layout-flow wp-block-column-is-layout-flow\">\n<h2 class=\"wp-block-heading\">Devrime kat\u0131l\u0131n ve APT&#039;yi kendiniz deneyimleyin.<\/h2>\n\n\n\n<div class=\"wp-block-buttons tb-jcC is-layout-flex wp-block-buttons-is-layout-flex\" style=\"margin-top:var(--wp--preset--spacing--30)\">\n<div class=\"wp-block-button cv\"><a class=\"wp-block-button__link wp-element-button\" href=\"https:\/\/my.aurapay.com\/signup\/certification?lang=en\">\u015eimdi kay\u0131t ol<\/a><\/div>\n<\/div>\n<\/div>\n<\/div>\n<\/div><\/div>","protected":false},"excerpt":{"rendered":"<p>APT Neden Farkl\u0131?<\/p>","protected":false},"author":2,"featured_media":0,"parent":0,"menu_order":0,"comment_status":"closed","ping_status":"closed","template":"","meta":{"footnotes":""},"class_list":["post-45","page","type-page","status-publish","hentry"],"_links":{"self":[{"href":"https:\/\/aurapay.com\/tr\/wp-json\/wp\/v2\/pages\/45"}],"collection":[{"href":"https:\/\/aurapay.com\/tr\/wp-json\/wp\/v2\/pages"}],"about":[{"href":"https:\/\/aurapay.com\/tr\/wp-json\/wp\/v2\/types\/page"}],"author":[{"embeddable":true,"href":"https:\/\/aurapay.com\/tr\/wp-json\/wp\/v2\/users\/2"}],"replies":[{"embeddable":true,"href":"https:\/\/aurapay.com\/tr\/wp-json\/wp\/v2\/comments?post=45"}],"version-history":[{"count":5,"href":"https:\/\/aurapay.com\/tr\/wp-json\/wp\/v2\/pages\/45\/revisions"}],"predecessor-version":[{"id":1013,"href":"https:\/\/aurapay.com\/tr\/wp-json\/wp\/v2\/pages\/45\/revisions\/1013"}],"wp:attachment":[{"href":"https:\/\/aurapay.com\/tr\/wp-json\/wp\/v2\/media?parent=45"}],"curies":[{"name":"wp","href":"https:\/\/api.w.org\/{rel}","templated":true}]}}