{"id":42,"date":"2024-04-10T07:53:32","date_gmt":"2024-04-10T07:53:32","guid":{"rendered":"http:\/\/apnew2.local\/?page_id=42"},"modified":"2024-05-27T11:54:02","modified_gmt":"2024-05-27T08:54:02","slug":"feature","status":"publish","type":"page","link":"https:\/\/aurapay.com\/tr\/feature\/","title":{"rendered":"\u00d6zellik"},"content":{"rendered":"<div class=\"wp-block-cover alignfull is-light o-fit-contain\" style=\"min-height:480px;aspect-ratio:unset;\"><span aria-hidden=\"true\" class=\"wp-block-cover__background has-base-2-background-color has-background-dim-0 has-background-dim\"><\/span><img decoding=\"async\" class=\"wp-block-cover__image-background wp-image-558\" alt=\"\" src=\"https:\/\/aurapay.com\/wp-content\/uploads\/feature-bg.webp\" style=\"object-position:100% 0%\" data-object-fit=\"cover\" data-object-position=\"100% 0%\"\/><div class=\"wp-block-cover__inner-container has-global-padding is-layout-constrained wp-block-cover-is-layout-constrained\">\n<div class=\"wp-block-columns f-dir-colR is-layout-flex wp-container-core-columns-is-layout-1 wp-block-columns-is-layout-flex\">\n<div class=\"wp-block-column tb-taC is-layout-flow wp-block-column-is-layout-flow\">\n<h1 class=\"wp-block-heading translation-block\">Tan\u0131t\u0131m\u0131<br> Aurapay Hesaplar\u0131<\/h1>\n\n\n\n<p>Aurapay, benzersiz gereksinimlerinizi kar\u015f\u0131lamak i\u00e7in \u00fc\u00e7 farkl\u0131 hesap t\u00fcr\u00fc sunar. Size en uygun olan\u0131 bulmak i\u00e7in a\u015fa\u011f\u0131daki mevcut hesap t\u00fcrlerini ke\u015ffedin.<\/p>\n<\/div>\n\n\n\n<div class=\"wp-block-column tb-taC is-layout-flow wp-block-column-is-layout-flow\">\n<figure class=\"wp-block-image size-full is-resized feature-img1\"><img decoding=\"async\" src=\"https:\/\/aurapay.com\/wp-content\/uploads\/feature-img1.webp\" alt=\"\" class=\"wp-image-460\" style=\"width:150px\"\/><\/figure>\n<\/div>\n<\/div>\n<\/div><\/div>\n\n\n\n<div class=\"wp-block-columns are-vertically-aligned-center is-layout-flex wp-container-core-columns-is-layout-2 wp-block-columns-is-layout-flex\" style=\"margin-top:var(--wp--preset--spacing--30);margin-bottom:var(--wp--preset--spacing--50)\">\n<div class=\"wp-block-column is-vertically-aligned-center is-layout-flow wp-block-column-is-layout-flow\">\n<figure class=\"wp-block-image aligncenter size-full is-resized feature-img2\"><img decoding=\"async\" src=\"https:\/\/aurapay.com\/wp-content\/uploads\/feature-img2.webp\" alt=\"\" class=\"wp-image-467\" style=\"width:380px\"\/><\/figure>\n<\/div>\n\n\n\n<div class=\"wp-block-column is-vertically-aligned-center is-layout-flow wp-block-column-is-layout-flow\">\n<h2 class=\"wp-block-heading tb-taC account\">Ki\u015fisel<sub> Hesap<\/sub><\/h2>\n\n\n\n<ul class=\"wp-block-list\">\n<li>G\u00fcnl\u00fck ihtiya\u00e7lar\u0131n\u0131z i\u00e7in basit ve g\u00fcvenli kripto i\u015flemleri.<\/li>\n\n\n\n<li>Kripto para birimlerini veya Aurapay stablecoin APT&#039;yi kullanarak c\u00fczdan\u0131n\u0131zdan di\u011fer kripto c\u00fczdan adreslerine veya t\u00fcccarlara para g\u00f6nderin ve al\u0131n.<\/li>\n\n\n\n<li>Al\u0131m, sat\u0131m ve takas da dahil olmak \u00fczere dijital varl\u0131klar\u0131n\u0131z\u0131n y\u00f6netimine y\u00f6nelik \u00f6zel \u00e7\u00f6z\u00fcmler.<\/li>\n\n\n\n<li>Hareket halindeyken kripto bankac\u0131l\u0131\u011f\u0131 hizmeti i\u00e7in kullan\u0131c\u0131 dostu platformumuza eri\u015fim.<\/li>\n\n\n\n<li>Kripto para birimi i\u015flemlerinizi takip etmek i\u00e7in geli\u015fmi\u015f raporlama.<\/li>\n<\/ul>\n\n\n\n<div class=\"wp-block-buttons tb-jcC is-layout-flex wp-block-buttons-is-layout-flex\" style=\"margin-top:var(--wp--preset--spacing--30)\">\n<div class=\"wp-block-button cv\"><a class=\"wp-block-button__link wp-element-button\" href=\"https:\/\/my.aurapay.com\/signup\/certification?lang=en\">\u015eimdi kay\u0131t ol<\/a><\/div>\n<\/div>\n<\/div>\n<\/div>\n\n\n\n<div class=\"wp-block-columns are-vertically-aligned-center f-dir-colR is-layout-flex wp-container-core-columns-is-layout-3 wp-block-columns-is-layout-flex\" style=\"margin-top:var(--wp--preset--spacing--30);margin-bottom:var(--wp--preset--spacing--50)\">\n<div class=\"wp-block-column is-vertically-aligned-center is-layout-flow wp-block-column-is-layout-flow\">\n<h2 class=\"wp-block-heading tb-taC account\">\u0130\u015fletme<sub> Hesap<\/sub><\/h2>\n\n\n\n<ul class=\"wp-block-list\">\n<li>Giri\u015fimci veya k\u00fc\u00e7\u00fck ve orta \u00f6l\u00e7ekli kripto para birimi i\u015fletmeleri i\u00e7in idealdir.<\/li>\n\n\n\n<li>C\u00fczdan\u0131n\u0131zdan di\u011fer kripto c\u00fczdan adreslerine veya kripto para birimleri veya Aurapay stabilcoin APT kullanan sat\u0131c\u0131lara yap\u0131lan daha b\u00fcy\u00fck i\u015flemlerin verimli bir \u015fekilde i\u015flenmesi.<\/li>\n\n\n\n<li>\u0130\u015fletmelerin kriptolar\u0131n\u0131 sat\u0131n alma, satma ve h\u0131zl\u0131 takas dahil olmak \u00fczere etkili bir \u015fekilde y\u00f6netmeleri i\u00e7in tasarlanm\u0131\u015f \u00f6zelle\u015ftirilmi\u015f \u00f6zellikler.<\/li>\n\n\n\n<li>Hareket halindeyken kullan\u0131c\u0131 dostu kripto bankac\u0131l\u0131\u011f\u0131yla i\u015fletme y\u00f6netiminizi g\u00fc\u00e7lendirin.<\/li>\n\n\n\n<li>\u0130\u015fletmenizin kripto i\u015flemlerini y\u00f6netmek i\u00e7in geli\u015fmi\u015f raporlama.<\/li>\n<\/ul>\n\n\n\n<div class=\"wp-block-buttons tb-jcC is-layout-flex wp-block-buttons-is-layout-flex\" style=\"margin-top:var(--wp--preset--spacing--30)\">\n<div class=\"wp-block-button cv\"><a class=\"wp-block-button__link wp-element-button\" href=\"https:\/\/my.aurapay.com\/signup\/certification?lang=en\">\u015eimdi kay\u0131t ol<\/a><\/div>\n<\/div>\n<\/div>\n\n\n\n<div class=\"wp-block-column is-vertically-aligned-center is-layout-flow wp-block-column-is-layout-flow\">\n<figure class=\"wp-block-image aligncenter size-full is-resized feature-img3\"><img decoding=\"async\" src=\"https:\/\/aurapay.com\/wp-content\/uploads\/feature-img3.webp\" alt=\"\" class=\"wp-image-469\" style=\"width:280px\"\/><\/figure>\n<\/div>\n<\/div>\n\n\n\n<div class=\"wp-block-columns are-vertically-aligned-center is-layout-flex wp-container-core-columns-is-layout-4 wp-block-columns-is-layout-flex\" style=\"margin-top:var(--wp--preset--spacing--30);margin-bottom:var(--wp--preset--spacing--50)\">\n<div class=\"wp-block-column is-vertically-aligned-center is-layout-flow wp-block-column-is-layout-flow\">\n<figure class=\"wp-block-image aligncenter size-full is-resized feature-img4\"><img decoding=\"async\" src=\"https:\/\/aurapay.com\/wp-content\/uploads\/feature-img4.webp\" alt=\"\" class=\"wp-image-471\" style=\"width:340px\"\/><\/figure>\n<\/div>\n\n\n\n<div class=\"wp-block-column is-vertically-aligned-center is-layout-flow wp-block-column-is-layout-flow\">\n<h2 class=\"wp-block-heading tb-taC account\">T\u00fcccar<sub> Hesap<\/sub><\/h2>\n\n\n\n<ul class=\"wp-block-list\">\n<li>\u00c7evrimi\u00e7i hizmetlerin ve kripto para t\u00fcccarlar\u0131n\u0131n kripto y\u00f6netimi ihtiya\u00e7lar\u0131n\u0131 kar\u015f\u0131lamak \u00fczere tasarlanm\u0131\u015ft\u0131r.<\/li>\n\n\n\n<li>Kripto para birimleri ve aurapay stabilcoin APT dahil olmak \u00fczere \u00e7e\u015fitli se\u00e7enekler sunan Aurapay \u00f6zelle\u015ftirilebilir API entegrasyonuyla sorunsuz i\u015flemler ger\u00e7ekle\u015ftirin.<\/li>\n\n\n\n<li>\u00d6deme \u00e7\u00f6z\u00fcm\u00fcm\u00fcz\u00fc web sitenize entegre ederek mevcut para yat\u0131rma ve \u00e7ekme hizmetinizi geli\u015ftirin.<\/li>\n\n\n\n<li>Hepsi bir arada i\u015f raporunda Aurapay&#039;nin ki\u015fisel ve ticari kullan\u0131c\u0131lar\u0131yla kripto i\u015flemlerinizi denetlemek i\u00e7in kapsaml\u0131 bilgiler.<\/li>\n<\/ul>\n\n\n\n<div class=\"wp-block-buttons tb-jcC is-layout-flex wp-block-buttons-is-layout-flex\" style=\"margin-top:var(--wp--preset--spacing--30)\">\n<div class=\"wp-block-button cv\"><a class=\"wp-block-button__link wp-element-button\" href=\"https:\/\/my.aurapay.com\/contact\/form\">\u015eimdi Sorgula<\/a><\/div>\n<\/div>\n<\/div>\n<\/div>\n\n\n\n<div class=\"wp-block-cover alignfull is-light the-aurapay-token\" style=\"margin-top:var(--wp--preset--spacing--60);margin-bottom:0;min-height:320px;aspect-ratio:unset;\"><span aria-hidden=\"true\" class=\"wp-block-cover__background has-base-2-background-color has-background-dim-0 has-background-dim\"><\/span><img decoding=\"async\" class=\"wp-block-cover__image-background wp-image-553\" alt=\"\" src=\"https:\/\/aurapay.com\/wp-content\/uploads\/apt-bg.webp\" data-object-fit=\"cover\"\/><div class=\"wp-block-cover__inner-container has-global-padding is-layout-constrained wp-block-cover-is-layout-constrained\">\n<div class=\"wp-block-columns are-vertically-aligned-center is-layout-flex wp-container-core-columns-is-layout-5 wp-block-columns-is-layout-flex\" style=\"margin-bottom:0\">\n<div class=\"wp-block-column is-vertically-aligned-center is-layout-flow wp-container-core-column-is-layout-9 wp-block-column-is-layout-flow\" style=\"padding-top:0;padding-right:var(--wp--preset--spacing--20);padding-bottom:0;padding-left:var(--wp--preset--spacing--20);flex-basis:23%\">\n<figure class=\"wp-block-image aligncenter size-full img-apt link\"><a href=\"\/tr\/aurapay-token\/\"><img decoding=\"async\" src=\"https:\/\/aurapay.com\/wp-content\/uploads\/apt-img.webp\" alt=\"\" class=\"wp-image-338\"\/><\/a><\/figure>\n<\/div>\n\n\n\n<div class=\"wp-block-column is-vertically-aligned-center tb-taC is-layout-flow wp-block-column-is-layout-flow\">\n<h2 class=\"wp-block-heading tdN\"><a href=\"\/tr\/aurapay-token\/\" data-type=\"page\" data-id=\"45\">Aurapay Token\u0131<\/a><\/h2>\n\n\n\n<p>Aurapay Token (APT), Japon Yenine (JPY) 1:1 oran\u0131nda tasarlanm\u0131\u015f, d\u00fczenlenmi\u015f bir kripto para birimi stabilcoinidir. Bu, her APT&#039;nin 1 Japon Yenine e\u015fde\u011fer oldu\u011fu anlam\u0131na gelir ve dijital para alan\u0131nda istikrarl\u0131 ve \u00f6ng\u00f6r\u00fclebilir bir de\u011fer sa\u011flar.<\/p>\n<\/div>\n<\/div>\n<\/div><\/div>","protected":false},"excerpt":{"rendered":"<p>Ki\u015fisel Hesap Ticari Hesap Ticari Hesap<\/p>","protected":false},"author":2,"featured_media":0,"parent":0,"menu_order":0,"comment_status":"closed","ping_status":"closed","template":"","meta":{"footnotes":""},"class_list":["post-42","page","type-page","status-publish","hentry"],"_links":{"self":[{"href":"https:\/\/aurapay.com\/tr\/wp-json\/wp\/v2\/pages\/42"}],"collection":[{"href":"https:\/\/aurapay.com\/tr\/wp-json\/wp\/v2\/pages"}],"about":[{"href":"https:\/\/aurapay.com\/tr\/wp-json\/wp\/v2\/types\/page"}],"author":[{"embeddable":true,"href":"https:\/\/aurapay.com\/tr\/wp-json\/wp\/v2\/users\/2"}],"replies":[{"embeddable":true,"href":"https:\/\/aurapay.com\/tr\/wp-json\/wp\/v2\/comments?post=42"}],"version-history":[{"count":13,"href":"https:\/\/aurapay.com\/tr\/wp-json\/wp\/v2\/pages\/42\/revisions"}],"predecessor-version":[{"id":1119,"href":"https:\/\/aurapay.com\/tr\/wp-json\/wp\/v2\/pages\/42\/revisions\/1119"}],"wp:attachment":[{"href":"https:\/\/aurapay.com\/tr\/wp-json\/wp\/v2\/media?parent=42"}],"curies":[{"name":"wp","href":"https:\/\/api.w.org\/{rel}","templated":true}]}}