{"id":38,"date":"2024-04-10T07:53:40","date_gmt":"2024-04-10T07:53:40","guid":{"rendered":"http:\/\/apnew2.local\/?page_id=38"},"modified":"2024-07-10T03:03:19","modified_gmt":"2024-07-10T00:03:19","slug":"home","status":"publish","type":"page","link":"https:\/\/aurapay.com\/tr\/","title":{"rendered":"Ev"},"content":{"rendered":"<div class=\"wp-block-cover alignfull is-light o-fit-contain\" style=\"margin-top:0;margin-bottom:0;padding-top:var(--wp--preset--spacing--20);padding-bottom:var(--wp--preset--spacing--20);min-height:520px;aspect-ratio:unset;\"><span aria-hidden=\"true\" class=\"wp-block-cover__background has-background-dim-0 has-background-dim\"><\/span><img decoding=\"async\" class=\"wp-block-cover__image-background wp-image-555\" alt=\"\" src=\"https:\/\/aurapay.com\/wp-content\/uploads\/home-bg.webp\" style=\"object-position:100% 0%\" data-object-fit=\"cover\" data-object-position=\"100% 0%\"\/><div class=\"wp-block-cover__inner-container has-global-padding is-layout-constrained wp-block-cover-is-layout-constrained\">\n<div class=\"wp-block-columns are-vertically-aligned-center f-dir-colR is-layout-flex wp-container-core-columns-is-layout-1 wp-block-columns-is-layout-flex\">\n<div class=\"wp-block-column is-vertically-aligned-center tb-taC is-layout-flow wp-block-column-is-layout-flow\">\n<h1 class=\"wp-block-heading\"><img decoding=\"async\" class=\"wp-image-179\" style=\"width: 300px;\" src=\"https:\/\/aurapay.com\/wp-content\/uploads\/logo_aurapay.webp\" alt=\"\"><\/h1>\n\n\n\n<h2 class=\"wp-block-heading translation-block\">Gelecek nesil<br> Kripto \u00d6deme Platformu<\/h2>\n\n\n\n<p>Herkes i\u00e7in sorunsuz i\u015flemler.<\/p>\n\n\n\n<div class=\"wp-block-buttons tb-jcC is-layout-flex wp-block-buttons-is-layout-flex\" style=\"margin-top:var(--wp--preset--spacing--30)\">\n<div class=\"wp-block-button cv\"><a class=\"wp-block-button__link wp-element-button\" href=\"https:\/\/my.aurapay.com\/signup\/certification?lang=en\">\u015eimdi kay\u0131t ol<\/a><\/div>\n<\/div>\n<\/div>\n\n\n\n<div class=\"wp-block-column is-vertically-aligned-center is-layout-flow wp-block-column-is-layout-flow\" style=\"padding-top:var(--wp--preset--spacing--30);padding-bottom:var(--wp--preset--spacing--30)\">\n<figure class=\"wp-block-image aligncenter size-full home-img1\"><img decoding=\"async\" src=\"https:\/\/aurapay.com\/wp-content\/uploads\/home-img1.webp\" alt=\"\" class=\"wp-image-333\" style=\"object-fit:cover\"\/><\/figure>\n<\/div>\n<\/div>\n<\/div><\/div>\n\n\n\n<div class=\"wp-block-columns are-vertically-aligned-center is-layout-flex wp-container-core-columns-is-layout-2 wp-block-columns-is-layout-flex\" style=\"margin-top:var(--wp--preset--spacing--30);margin-bottom:var(--wp--preset--spacing--30)\">\n<div class=\"wp-block-column is-vertically-aligned-center is-layout-flow wp-block-column-is-layout-flow\">\n<figure class=\"wp-block-image aligncenter size-full home-img2\"><img decoding=\"async\" src=\"https:\/\/aurapay.com\/wp-content\/uploads\/home-img2.webp\" alt=\"\" class=\"wp-image-335\"\/><\/figure>\n<\/div>\n\n\n\n<div class=\"wp-block-column is-vertically-aligned-center tb-taC is-layout-flow wp-block-column-is-layout-flow\">\n<h2 class=\"wp-block-heading translation-block\">Kesintisiz Kripto<br> \u00d6deme Platformu<\/h2>\n\n\n\n<p>Aurapay ile sonsuz olas\u0131l\u0131klar\u0131 ke\u015ffedin: \u00d6deme, Sat\u0131n Alma, Sat\u0131\u015f ve Token G\u00f6nderme. Aurapay, sizi t\u00fcccarlara ve blockchain&#039;e ba\u011flayan nihai kripto para birimi c\u00fczdan\u0131n\u0131z olarak hizmet eder. Bitcoin, Ethereum, Ripple ve Tether&#039;i sunuyoruz.<\/p>\n<\/div>\n<\/div>\n\n\n\n<div class=\"wp-block-columns are-vertically-aligned-center f-dir-colR is-layout-flex wp-container-core-columns-is-layout-3 wp-block-columns-is-layout-flex\" style=\"margin-top:var(--wp--preset--spacing--30);margin-bottom:var(--wp--preset--spacing--30)\">\n<div class=\"wp-block-column is-vertically-aligned-center tb-taC is-layout-flow wp-block-column-is-layout-flow\">\n<h2 class=\"wp-block-heading translation-block\">Para Yat\u0131rma ve \u00c7ekme<br> rahat ol!<\/h2>\n\n\n\n<p>Para yat\u0131rma ve \u00e7ekme i\u015flemleri hem fiat hem de kripto para cinsinden her zaman, her yerde yap\u0131labilir.<\/p>\n<\/div>\n\n\n\n<div class=\"wp-block-column is-vertically-aligned-center is-layout-flow wp-block-column-is-layout-flow\">\n<figure class=\"wp-block-image aligncenter size-full home-img3\"><img decoding=\"async\" src=\"https:\/\/aurapay.com\/wp-content\/uploads\/home-img3.webp\" alt=\"\" class=\"wp-image-337\"\/><\/figure>\n<\/div>\n<\/div>\n\n\n\n<h2 class=\"wp-block-heading has-text-align-center\" style=\"margin-top:var(--wp--preset--spacing--40);margin-bottom:var(--wp--preset--spacing--20)\">\u0130leri G\u00fcvenlik Sistemleri<\/h2>\n\n\n\n<div class=\"wp-block-columns advance-security-systems is-layout-flex wp-container-core-columns-is-layout-4 wp-block-columns-is-layout-flex\" style=\"margin-top:var(--wp--preset--spacing--30);margin-bottom:var(--wp--preset--spacing--30);padding-right:var(--wp--preset--spacing--30);padding-left:var(--wp--preset--spacing--30)\">\n<div class=\"wp-block-column is-layout-flow wp-block-column-is-layout-flow\" style=\"border-style:none;border-width:0px\">\n<div class=\"wp-block-group has-global-padding is-layout-constrained wp-block-group-is-layout-constrained\">\n<h3 class=\"wp-block-heading has-text-align-center has-white-color has-aurapay-green-light-background-color has-text-color has-background has-link-color wp-elements-84fb556f5b3cf1f062995df2fce764d0\" style=\"padding-top:var(--wp--preset--spacing--10);padding-right:var(--wp--preset--spacing--10);padding-bottom:var(--wp--preset--spacing--10);padding-left:var(--wp--preset--spacing--10)\">SSL<sup> (G\u00fcvenli G\u00fcvenlik Katman\u0131)<\/sup><\/h3>\n\n\n\n<p class=\"has-text-align-center\" style=\"padding-top:0;padding-right:var(--wp--preset--spacing--10);padding-bottom:var(--wp--preset--spacing--20);padding-left:var(--wp--preset--spacing--10)\">SSL, g\u00fcvenli dijital ba\u011flant\u0131lar\u0131n omurgas\u0131 olup, i\u015flemleriniz s\u0131ras\u0131nda hassas bilgilerinizin ve ki\u015fisel bilgilerinizin gizli ve g\u00fcvende kalmas\u0131n\u0131 sa\u011flayan \u015fifreli ileti\u015fim verilerinin koruyucusudur.<\/p>\n<\/div>\n<\/div>\n\n\n\n<div class=\"wp-block-column is-layout-flow wp-block-column-is-layout-flow\">\n<div class=\"wp-block-group has-global-padding is-layout-constrained wp-block-group-is-layout-constrained\">\n<h3 class=\"wp-block-heading has-text-align-center has-white-color has-aurapay-green-light-background-color has-text-color has-background has-link-color wp-elements-98a8855087c7193933b80ec5840e1c6f\" style=\"padding-top:var(--wp--preset--spacing--10);padding-right:var(--wp--preset--spacing--10);padding-bottom:var(--wp--preset--spacing--10);padding-left:var(--wp--preset--spacing--10)\">\u00c7oklu imza<\/h3>\n\n\n\n<p class=\"has-text-align-center\" style=\"padding-top:0;padding-right:var(--wp--preset--spacing--10);padding-bottom:var(--wp--preset--spacing--20);padding-left:var(--wp--preset--spacing--10)\">C\u00fczdan\u0131n\u0131z birden fazla kilit i\u00e7erir ve birden fazla yetkili kullan\u0131c\u0131n\u0131n onay\u0131n\u0131 gerektirir. Bu, yetkisiz i\u015flemlere kar\u015f\u0131 ek bir koruma katman\u0131 sa\u011flar ve herkes i\u00e7in en \u00fcst d\u00fczeyde g\u00fcvenlik sa\u011flar.<\/p>\n<\/div>\n<\/div>\n\n\n\n<div class=\"wp-block-column is-layout-flow wp-block-column-is-layout-flow\">\n<div class=\"wp-block-group has-global-padding is-layout-constrained wp-block-group-is-layout-constrained\">\n<h3 class=\"wp-block-heading has-text-align-center has-white-color has-aurapay-green-light-background-color has-text-color has-background has-link-color wp-elements-e3a1e45cb21d3cc6b5a717c16ebd9091\" style=\"padding-top:var(--wp--preset--spacing--10);padding-right:var(--wp--preset--spacing--10);padding-bottom:var(--wp--preset--spacing--10);padding-left:var(--wp--preset--spacing--10)\">\u0130ki Fakt\u00f6rl\u00fc Kimlik Do\u011frulama<\/h3>\n\n\n\n<p class=\"has-text-align-center\" style=\"padding-top:0;padding-right:var(--wp--preset--spacing--10);padding-bottom:var(--wp--preset--spacing--20);padding-left:var(--wp--preset--spacing--10)\">Belirlenen e-posta adresinize tek kullan\u0131ml\u0131k \u015fifre g\u00f6nderilerek ekstra bir g\u00fcvenlik katman\u0131 eklenir. Bu s\u00fcre\u00e7, hesab\u0131n\u0131z i\u00e7in \u00e7ifte koruma sa\u011flayarak yetkisiz eri\u015fimi \u00f6nemli \u00f6l\u00e7\u00fcde zorla\u015ft\u0131r\u0131r.<\/p>\n<\/div>\n<\/div>\n<\/div>\n\n\n\n<div class=\"wp-block-buttons tb-jcC is-content-justification-center is-layout-flex wp-container-core-buttons-is-layout-2 wp-block-buttons-is-layout-flex\" style=\"margin-top:var(--wp--preset--spacing--30)\">\n<div class=\"wp-block-button cv\"><a class=\"wp-block-button__link wp-element-button\" href=\"https:\/\/my.aurapay.com\/signup\/certification?lang=en\">\u015eimdi kay\u0131t ol<\/a><\/div>\n<\/div>\n\n\n\n<div class=\"wp-block-cover alignfull is-light the-aurapay-token\" style=\"margin-top:var(--wp--preset--spacing--60);margin-bottom:0;min-height:320px;aspect-ratio:unset;\"><span aria-hidden=\"true\" class=\"wp-block-cover__background has-base-2-background-color has-background-dim-0 has-background-dim\"><\/span><img decoding=\"async\" class=\"wp-block-cover__image-background wp-image-553\" alt=\"\" src=\"https:\/\/aurapay.com\/wp-content\/uploads\/apt-bg.webp\" data-object-fit=\"cover\"\/><div class=\"wp-block-cover__inner-container has-global-padding is-layout-constrained wp-block-cover-is-layout-constrained\">\n<div class=\"wp-block-columns are-vertically-aligned-center is-layout-flex wp-container-core-columns-is-layout-5 wp-block-columns-is-layout-flex\" style=\"margin-bottom:0\">\n<div class=\"wp-block-column is-vertically-aligned-center is-layout-flow wp-container-core-column-is-layout-10 wp-block-column-is-layout-flow\" style=\"padding-top:0;padding-right:var(--wp--preset--spacing--20);padding-bottom:0;padding-left:var(--wp--preset--spacing--20);flex-basis:23%\">\n<figure class=\"wp-block-image aligncenter size-full img-apt link\"><a href=\"\/tr\/aurapay-token\/\"><img decoding=\"async\" src=\"https:\/\/aurapay.com\/wp-content\/uploads\/apt-img.webp\" alt=\"\" class=\"wp-image-338\"\/><\/a><\/figure>\n<\/div>\n\n\n\n<div class=\"wp-block-column is-vertically-aligned-center tb-taC is-layout-flow wp-block-column-is-layout-flow\">\n<h2 class=\"wp-block-heading tdN\"><a href=\"\/tr\/aurapay-token\/\" data-type=\"page\" data-id=\"45\">Aurapay Token\u0131<\/a><\/h2>\n\n\n\n<p>Aurapay Token (APT), Japon Yenine (JPY) 1:1 oran\u0131nda tasarlanm\u0131\u015f, d\u00fczenlenmi\u015f bir kripto para birimi stabilcoinidir. Bu, her APT&#039;nin 1 Japon Yenine e\u015fde\u011fer oldu\u011fu anlam\u0131na gelir ve dijital para alan\u0131nda istikrarl\u0131 ve \u00f6ng\u00f6r\u00fclebilir bir de\u011fer sa\u011flar.<\/p>\n<\/div>\n<\/div>\n<\/div><\/div>","protected":false},"excerpt":{"rendered":"<p>Sorunsuz Kripto\u00d6deme Platformu Aurapay ile sonsuz olas\u0131l\u0131klar\u0131 ke\u015ffedin: \u00d6deme, Sat\u0131n Alma, Sat\u0131\u015f ve Token G\u00f6nderme. Aurapay, sizi t\u00fcccarlara ve blockchain&#039;e ba\u011flayan nihai kripto para birimi c\u00fczdan\u0131n\u0131z olarak hizmet eder. Bitcoin, Ethereum, Ripple ve Tether&#039;i sunuyoruz. Kolayca para yat\u0131r\u0131n ve \u00e7ekin! Para yat\u0131rma ve \u00e7ekme i\u015flemleri hem fiat hem de kripto para cinsinden her zaman, her yerde yap\u0131labilir. Advance Security Systems SSL (G\u00fcvenli G\u00fcvenlik Katman\u0131) SSL, g\u00fcvenli dijital ba\u011flant\u0131lar\u0131n omurgas\u0131 olup, i\u015flemleriniz s\u0131ras\u0131nda hassas bilgilerinizin ve ki\u015fisel bilgilerinizin \u00f6zel ve g\u00fcvenli kalmas\u0131n\u0131 sa\u011flayan \u015fifreli ileti\u015fim verilerinin koruyucusudur. \u00c7oklu \u0130mza C\u00fczdan\u0131n\u0131z, birden fazla yetkili kullan\u0131c\u0131n\u0131n onay\u0131n\u0131 gerektiren birden fazla kilit i\u00e7erir. Bu, ek bir katman sa\u011flar [\u2026]<\/p>","protected":false},"author":2,"featured_media":0,"parent":0,"menu_order":0,"comment_status":"closed","ping_status":"closed","template":"","meta":{"footnotes":""},"class_list":["post-38","page","type-page","status-publish","hentry"],"_links":{"self":[{"href":"https:\/\/aurapay.com\/tr\/wp-json\/wp\/v2\/pages\/38"}],"collection":[{"href":"https:\/\/aurapay.com\/tr\/wp-json\/wp\/v2\/pages"}],"about":[{"href":"https:\/\/aurapay.com\/tr\/wp-json\/wp\/v2\/types\/page"}],"author":[{"embeddable":true,"href":"https:\/\/aurapay.com\/tr\/wp-json\/wp\/v2\/users\/2"}],"replies":[{"embeddable":true,"href":"https:\/\/aurapay.com\/tr\/wp-json\/wp\/v2\/comments?post=38"}],"version-history":[{"count":13,"href":"https:\/\/aurapay.com\/tr\/wp-json\/wp\/v2\/pages\/38\/revisions"}],"predecessor-version":[{"id":1129,"href":"https:\/\/aurapay.com\/tr\/wp-json\/wp\/v2\/pages\/38\/revisions\/1129"}],"wp:attachment":[{"href":"https:\/\/aurapay.com\/tr\/wp-json\/wp\/v2\/media?parent=38"}],"curies":[{"name":"wp","href":"https:\/\/api.w.org\/{rel}","templated":true}]}}