{"id":50,"date":"2024-04-10T08:22:18","date_gmt":"2024-04-10T08:22:18","guid":{"rendered":"http:\/\/apnew2.local\/?page_id=50"},"modified":"2024-05-01T09:06:53","modified_gmt":"2024-05-01T09:06:53","slug":"about","status":"publish","type":"page","link":"https:\/\/aurapay.com\/pt\/about\/","title":{"rendered":"Sobre"},"content":{"rendered":"<div class=\"wp-block-cover alignfull is-light o-fit-contain\" style=\"margin-bottom:var(--wp--preset--spacing--30);padding-top:var(--wp--preset--spacing--30);padding-bottom:var(--wp--preset--spacing--30)\"><span aria-hidden=\"true\" class=\"wp-block-cover__background has-base-2-background-color has-background-dim-0 has-background-dim\"><\/span><img decoding=\"async\" class=\"wp-block-cover__image-background wp-image-587\" alt=\"\" src=\"https:\/\/aurapay.com\/wp-content\/uploads\/about-bg1.webp\" style=\"object-position:100% 0%\" data-object-fit=\"cover\" data-object-position=\"100% 0%\"\/><div class=\"wp-block-cover__inner-container has-global-padding is-layout-constrained wp-block-cover-is-layout-constrained\">\n<div class=\"wp-block-columns f-dir-colR is-layout-flex wp-container-core-columns-is-layout-1 wp-block-columns-is-layout-flex\">\n<div class=\"wp-block-column tb-taC is-layout-flow wp-block-column-is-layout-flow\" style=\"flex-basis:60%\">\n<h1 class=\"wp-block-heading\">Sobre<\/h1>\n\n\n\n<p>A criptografia n\u00e3o \u00e9 apenas uma moeda virtual; \u00e9 um vislumbre do futuro dos m\u00e9todos de pagamento. Basicamente, estamos empenhados em criar uma plataforma segura e f\u00e1cil de usar para institui\u00e7\u00f5es financeiras e indiv\u00edduos em todo o mundo. Nosso objetivo \u00e9 fornecer uma experi\u00eancia segura e transparente, unindo todos para explorar o futuro dos pagamentos.<\/p>\n\n\n\n<p>Nosso objetivo \u00e9 oferecer uma solu\u00e7\u00e3o abrangente para compra, venda, envio e recebimento de criptomoedas em sua carteira pessoal Aurapay.<\/p>\n\n\n\n<p> A Aurapay obteve uma licen\u00e7a de opera\u00e7\u00e3o na Est\u00f4nia e fornece os seguintes servi\u00e7os de criptomoeda Fornecimento de servi\u00e7os de troca de moeda virtual por moeda fiduci\u00e1ria Fornecimento de servi\u00e7o de carteira de moeda virtual Fornecimento de servi\u00e7os de troca de moeda virtual por moeda virtual<\/p>\n<\/div>\n\n\n\n<div class=\"wp-block-column is-vertically-aligned-bottom tb-taC is-layout-flow wp-block-column-is-layout-flow\">\n<figure class=\"wp-block-image size-full is-resized about-img1\"><img decoding=\"async\" src=\"https:\/\/aurapay.com\/wp-content\/uploads\/about-img1.webp\" alt=\"\" class=\"wp-image-586\" style=\"width:120px\"\/><\/figure>\n<\/div>\n<\/div>\n<\/div><\/div>\n\n\n\n<div class=\"wp-block-group about-what has-global-padding is-layout-constrained wp-block-group-is-layout-constrained\">\n<h2 class=\"wp-block-heading has-text-align-center\" style=\"margin-top:var(--wp--preset--spacing--30);margin-bottom:var(--wp--preset--spacing--20)\">O que \u00e9 Aurapay?<\/h2>\n\n\n\n<div class=\"wp-block-group has-global-padding is-layout-constrained wp-block-group-is-layout-constrained\">\n<h3 class=\"wp-block-heading\">Sua carteira criptogr\u00e1fica di\u00e1ria<\/h3>\n\n\n\n<p>Aurapay \u00e9 uma carteira criptogr\u00e1fica baseada na web que pode ser acessada a qualquer hora e em qualquer lugar. Tamb\u00e9m oferecemos stablecoin APT, projetado para manter uma propor\u00e7\u00e3o fixa de JPY de 1:1 com o ativo subjacente, tornando-o perfeito para transa\u00e7\u00f5es di\u00e1rias e como reserva de valor. Mais sobre o APT clique aqui. (vinculado \u00e0 p\u00e1gina APT)<\/p>\n<\/div>\n\n\n\n<div class=\"wp-block-group has-global-padding is-layout-constrained wp-block-group-is-layout-constrained\">\n<h3 class=\"wp-block-heading\">Uma carteira criptografada simplificada e segura<\/h3>\n\n\n\n<p>O Aurapay foi introduzido com o objetivo de encorajar mais indiv\u00edduos a interagir com seguran\u00e7a com criptomoedas, contribuindo assim significativamente para a evolu\u00e7\u00e3o da nossa futura sociedade digital. Com a aquisi\u00e7\u00e3o do licenciamento adequado e a implementa\u00e7\u00e3o de medidas de seguran\u00e7a de ponta, os usu\u00e1rios podem navegar com seguran\u00e7a na plataforma Aurapay.<\/p>\n<\/div>\n\n\n\n<div class=\"wp-block-group has-global-padding is-layout-constrained wp-block-group-is-layout-constrained\">\n<h3 class=\"wp-block-heading\">Uma ponte entre seus ativos digitais e o valor do JPY<\/h3>\n\n\n\n<p>No dom\u00ednio do blockchain, apenas um punhado de stablecoins est\u00e3o ancorados no valor da moeda fiduci\u00e1ria JPY. APT est\u00e1 orgulhosamente entre esses poucos selecionados. Nossa miss\u00e3o \u00e9 fornecer uma ponte transparente e confi\u00e1vel, garantindo a conex\u00e3o perfeita de seus ativos digitais com o valor duradouro do iene japon\u00eas (JPY).<\/p>\n<\/div>\n<\/div>\n\n\n\n<div class=\"wp-block-group about-why has-global-padding is-layout-constrained wp-block-group-is-layout-constrained\">\n<h2 class=\"wp-block-heading has-text-align-center\" style=\"margin-top:var(--wp--preset--spacing--30);margin-bottom:var(--wp--preset--spacing--20)\">Por que Aurapay?<\/h2>\n\n\n\n<div class=\"wp-block-columns is-layout-flex wp-container-core-columns-is-layout-2 wp-block-columns-is-layout-flex\">\n<div class=\"wp-block-column has-border-color has-aurapay-green-border-color is-layout-flow wp-container-core-column-is-layout-3 wp-block-column-is-layout-flow\" style=\"border-width:2px\">\n<h3 class=\"wp-block-heading has-text-align-center has-white-color has-aurapay-green-light-background-color has-text-color has-background has-link-color has-medium-font-size wp-elements-3e2e5acfe9909dd156ddf004728a8112\" style=\"padding-top:var(--wp--preset--spacing--10);padding-right:var(--wp--preset--spacing--10);padding-bottom:var(--wp--preset--spacing--10);padding-left:var(--wp--preset--spacing--10)\">Criptomoedas populares e confi\u00e1veis<\/h3>\n\n\n\n<p class=\"has-text-align-center\" style=\"padding-top:var(--wp--preset--spacing--10);padding-right:var(--wp--preset--spacing--10);padding-bottom:var(--wp--preset--spacing--10);padding-left:var(--wp--preset--spacing--10)\">Oferecemos Bitcoin (BTC), Ethereum (ETH) e Ripple (XRP), que se destacam por seu reconhecimento significativo e amplo uso na ind\u00fastria, solidificando sua reputa\u00e7\u00e3o como op\u00e7\u00f5es de criptomoeda altamente confi\u00e1veis.<\/p>\n<\/div>\n\n\n\n<div class=\"wp-block-column has-border-color has-aurapay-green-border-color is-layout-flow wp-container-core-column-is-layout-4 wp-block-column-is-layout-flow\" style=\"border-width:2px\">\n<h3 class=\"wp-block-heading has-text-align-center has-white-color has-aurapay-green-light-background-color has-text-color has-background has-link-color has-medium-font-size wp-elements-14974113ecc38293a987e14420ee30f1\" style=\"padding-top:var(--wp--preset--spacing--10);padding-right:var(--wp--preset--spacing--10);padding-bottom:var(--wp--preset--spacing--10);padding-left:var(--wp--preset--spacing--10)\">Pagamentos criptogr\u00e1ficos de alto n\u00edvel<\/h3>\n\n\n\n<p class=\"has-text-align-center\" style=\"padding-top:var(--wp--preset--spacing--10);padding-right:var(--wp--preset--spacing--10);padding-bottom:var(--wp--preset--spacing--10);padding-left:var(--wp--preset--spacing--10)\">APT ser\u00e1 sua melhor escolha para trocas e transa\u00e7\u00f5es JPY-Crypto confi\u00e1veis e eficientes. Garantimos um valor est\u00e1vel de 1:1 JPY, proporcionando uma forma de criptomoeda mais previs\u00edvel e menos vol\u00e1til.<\/p>\n<\/div>\n\n\n\n<div class=\"wp-block-column has-border-color has-aurapay-green-border-color is-layout-flow wp-container-core-column-is-layout-5 wp-block-column-is-layout-flow\" style=\"border-width:2px\">\n<h3 class=\"wp-block-heading has-text-align-center has-white-color has-aurapay-green-light-background-color has-text-color has-background has-link-color has-medium-font-size wp-elements-c795f9d645e80d43f34b047b738f0042\" style=\"padding-top:var(--wp--preset--spacing--10);padding-right:var(--wp--preset--spacing--10);padding-bottom:var(--wp--preset--spacing--10);padding-left:var(--wp--preset--spacing--10)\">Finan\u00e7as Descentralizadas (DeFi)<\/h3>\n\n\n\n<p class=\"has-text-align-center\" style=\"padding-top:var(--wp--preset--spacing--10);padding-right:var(--wp--preset--spacing--10);padding-bottom:var(--wp--preset--spacing--10);padding-left:var(--wp--preset--spacing--10)\">Estamos empenhados em avan\u00e7ar para redes descentralizadas, um conceito que transfere os servi\u00e7os financeiros tradicionais para a tecnologia blockchain. Nosso objetivo \u00e9 agilizar as transa\u00e7\u00f5es sem depender de intermedi\u00e1rios terceirizados.<\/p>\n<\/div>\n\n\n\n<div class=\"wp-block-column has-border-color has-aurapay-green-border-color is-layout-flow wp-container-core-column-is-layout-6 wp-block-column-is-layout-flow\" style=\"border-width:2px\">\n<h3 class=\"wp-block-heading has-text-align-center has-white-color has-aurapay-green-light-background-color has-text-color has-background has-link-color has-medium-font-size wp-elements-dbd3e9fe3738a2552354e1d76374bb8c\" style=\"padding-top:var(--wp--preset--spacing--10);padding-right:var(--wp--preset--spacing--10);padding-bottom:var(--wp--preset--spacing--10);padding-left:var(--wp--preset--spacing--10)\">Solu\u00e7\u00e3o para clientes locais<\/h3>\n\n\n\n<p class=\"has-text-align-center\" style=\"padding-top:var(--wp--preset--spacing--10);padding-right:var(--wp--preset--spacing--10);padding-bottom:var(--wp--preset--spacing--10);padding-left:var(--wp--preset--spacing--10)\">Fornecemos experi\u00eancia local com alcance global. Nossa equipe dedicada de suporte ao cliente, bem versada nas nuances locais, agrega valor \u00e0 sua experi\u00eancia, oferecendo profici\u00eancia no idioma e compreens\u00e3o cultural.<\/p>\n<\/div>\n<\/div>\n<\/div>\n\n\n\n<div class=\"wp-block-group about-howto has-global-padding is-layout-constrained wp-block-group-is-layout-constrained\" style=\"margin-bottom:var(--wp--preset--spacing--40)\">\n<h2 class=\"wp-block-heading has-text-align-center\" style=\"margin-top:var(--wp--preset--spacing--30);margin-bottom:var(--wp--preset--spacing--20)\">Como usar o Aurapay?<\/h2>\n\n\n\n<div class=\"wp-block-group has-global-padding is-layout-constrained wp-block-group-is-layout-constrained\">\n<h3 class=\"wp-block-heading\">Pagamentos<\/h3>\n\n\n\n<p>O n\u00famero de comerciantes que est\u00e3o mudando para pagamentos em criptomoedas continua a crescer de forma constante. Com o Aurapay, voc\u00ea pode realizar transa\u00e7\u00f5es perfeitamente em mercados online internacionais, garantindo uma experi\u00eancia descomplicada.<\/p>\n<\/div>\n\n\n\n<div class=\"wp-block-group has-global-padding is-layout-constrained wp-block-group-is-layout-constrained\">\n<h3 class=\"wp-block-heading\">Troca de criptografia<\/h3>\n\n\n\n<p>Pague, compre, venda e envie criptografia. Mergulhe no mundo dos ativos digitais sem esfor\u00e7o com nosso recurso de troca de criptografia f\u00e1cil de usar. Troque instantaneamente uma criptomoeda por outra, permitindo adaptar e gerenciar seu portf\u00f3lio com facilidade.<\/p>\n<\/div>\n\n\n\n<div class=\"wp-block-group has-global-padding is-layout-constrained wp-block-group-is-layout-constrained\">\n<h3 class=\"wp-block-heading\">Finan\u00e7as pessoais<\/h3>\n\n\n\n<p>As criptomoedas oferecem um cen\u00e1rio descentralizado e din\u00e2mico que coloca voc\u00ea no controle. Esteja voc\u00ea buscando retornos potenciais elevados ou diversificando seu portf\u00f3lio, as criptomoedas oferecem um caminho \u00fanico para investidores individuais<\/p>\n<\/div>\n<\/div>","protected":false},"excerpt":{"rendered":"<p>O que \u00e9 Aurapay? Sua carteira criptogr\u00e1fica di\u00e1ria Aurapay \u00e9 uma carteira criptografada baseada na web que pode ser acessada a qualquer hora e em qualquer lugar. Tamb\u00e9m oferecemos stablecoin APT, projetado para manter uma propor\u00e7\u00e3o fixa de JPY de 1:1 com o ativo subjacente, tornando-o perfeito para transa\u00e7\u00f5es di\u00e1rias e como reserva de valor. Mais sobre o APT clique aqui. (link para a p\u00e1gina APT) Uma carteira criptografada Aurapay simplificada e segura foi introduzida com o objetivo de encorajar mais indiv\u00edduos a se envolverem com seguran\u00e7a com criptomoedas, dando assim uma contribui\u00e7\u00e3o significativa para a evolu\u00e7\u00e3o de nossa futura sociedade digital. Com a aquisi\u00e7\u00e3o do licenciamento adequado e a implementa\u00e7\u00e3o de medidas de seguran\u00e7a de ponta, os usu\u00e1rios podem navegar com seguran\u00e7a na plataforma Aurapay. [\u2026]<\/p>","protected":false},"author":2,"featured_media":0,"parent":0,"menu_order":0,"comment_status":"closed","ping_status":"closed","template":"","meta":{"footnotes":""},"class_list":["post-50","page","type-page","status-publish","hentry"],"_links":{"self":[{"href":"https:\/\/aurapay.com\/pt\/wp-json\/wp\/v2\/pages\/50"}],"collection":[{"href":"https:\/\/aurapay.com\/pt\/wp-json\/wp\/v2\/pages"}],"about":[{"href":"https:\/\/aurapay.com\/pt\/wp-json\/wp\/v2\/types\/page"}],"author":[{"embeddable":true,"href":"https:\/\/aurapay.com\/pt\/wp-json\/wp\/v2\/users\/2"}],"replies":[{"embeddable":true,"href":"https:\/\/aurapay.com\/pt\/wp-json\/wp\/v2\/comments?post=50"}],"version-history":[{"count":1,"href":"https:\/\/aurapay.com\/pt\/wp-json\/wp\/v2\/pages\/50\/revisions"}],"predecessor-version":[{"id":917,"href":"https:\/\/aurapay.com\/pt\/wp-json\/wp\/v2\/pages\/50\/revisions\/917"}],"wp:attachment":[{"href":"https:\/\/aurapay.com\/pt\/wp-json\/wp\/v2\/media?parent=50"}],"curies":[{"name":"wp","href":"https:\/\/api.w.org\/{rel}","templated":true}]}}