{"id":42,"date":"2024-04-10T07:53:32","date_gmt":"2024-04-10T07:53:32","guid":{"rendered":"http:\/\/apnew2.local\/?page_id=42"},"modified":"2024-05-27T11:54:02","modified_gmt":"2024-05-27T08:54:02","slug":"feature","status":"publish","type":"page","link":"https:\/\/aurapay.com\/pt\/feature\/","title":{"rendered":"Recurso"},"content":{"rendered":"<div class=\"wp-block-cover alignfull is-light o-fit-contain\" style=\"min-height:480px;aspect-ratio:unset;\"><span aria-hidden=\"true\" class=\"wp-block-cover__background has-base-2-background-color has-background-dim-0 has-background-dim\"><\/span><img decoding=\"async\" class=\"wp-block-cover__image-background wp-image-558\" alt=\"\" src=\"https:\/\/aurapay.com\/wp-content\/uploads\/feature-bg.webp\" style=\"object-position:100% 0%\" data-object-fit=\"cover\" data-object-position=\"100% 0%\"\/><div class=\"wp-block-cover__inner-container has-global-padding is-layout-constrained wp-block-cover-is-layout-constrained\">\n<div class=\"wp-block-columns f-dir-colR is-layout-flex wp-container-core-columns-is-layout-1 wp-block-columns-is-layout-flex\">\n<div class=\"wp-block-column tb-taC is-layout-flow wp-block-column-is-layout-flow\">\n<h1 class=\"wp-block-heading translation-block\">Apresentando<br> Contas Aurapay<\/h1>\n\n\n\n<p>Aurapay oferece tr\u00eas tipos de contas distintos para atender \u00e0s suas necessidades exclusivas. Explore os tipos de conta dispon\u00edveis abaixo para encontrar a op\u00e7\u00e3o perfeita para voc\u00ea.<\/p>\n<\/div>\n\n\n\n<div class=\"wp-block-column tb-taC is-layout-flow wp-block-column-is-layout-flow\">\n<figure class=\"wp-block-image size-full is-resized feature-img1\"><img decoding=\"async\" src=\"https:\/\/aurapay.com\/wp-content\/uploads\/feature-img1.webp\" alt=\"\" class=\"wp-image-460\" style=\"width:150px\"\/><\/figure>\n<\/div>\n<\/div>\n<\/div><\/div>\n\n\n\n<div class=\"wp-block-columns are-vertically-aligned-center is-layout-flex wp-container-core-columns-is-layout-2 wp-block-columns-is-layout-flex\" style=\"margin-top:var(--wp--preset--spacing--30);margin-bottom:var(--wp--preset--spacing--50)\">\n<div class=\"wp-block-column is-vertically-aligned-center is-layout-flow wp-block-column-is-layout-flow\">\n<figure class=\"wp-block-image aligncenter size-full is-resized feature-img2\"><img decoding=\"async\" src=\"https:\/\/aurapay.com\/wp-content\/uploads\/feature-img2.webp\" alt=\"\" class=\"wp-image-467\" style=\"width:380px\"\/><\/figure>\n<\/div>\n\n\n\n<div class=\"wp-block-column is-vertically-aligned-center is-layout-flow wp-block-column-is-layout-flow\">\n<h2 class=\"wp-block-heading tb-taC account\">Pessoal<sub> Conta<\/sub><\/h2>\n\n\n\n<ul class=\"wp-block-list\">\n<li>Transa\u00e7\u00f5es criptogr\u00e1ficas simples e seguras para suas necessidades di\u00e1rias.<\/li>\n\n\n\n<li>Envie e receba fundos de sua carteira para outros endere\u00e7os de carteiras criptografadas ou comerciantes usando criptomoedas ou Aurapay stablecoin APT.<\/li>\n\n\n\n<li>Solu\u00e7\u00f5es personalizadas para lidar com seus ativos digitais, incluindo compra, venda e troca.<\/li>\n\n\n\n<li>Acesso \u00e0 nossa plataforma amig\u00e1vel para servi\u00e7os banc\u00e1rios criptogr\u00e1ficos em movimento.<\/li>\n\n\n\n<li>Relat\u00f3rios avan\u00e7ados para acompanhar suas transa\u00e7\u00f5es de criptomoeda.<\/li>\n<\/ul>\n\n\n\n<div class=\"wp-block-buttons tb-jcC is-layout-flex wp-block-buttons-is-layout-flex\" style=\"margin-top:var(--wp--preset--spacing--30)\">\n<div class=\"wp-block-button cv\"><a class=\"wp-block-button__link wp-element-button\" href=\"https:\/\/my.aurapay.com\/signup\/certification?lang=en\">Inscreva-se agora<\/a><\/div>\n<\/div>\n<\/div>\n<\/div>\n\n\n\n<div class=\"wp-block-columns are-vertically-aligned-center f-dir-colR is-layout-flex wp-container-core-columns-is-layout-3 wp-block-columns-is-layout-flex\" style=\"margin-top:var(--wp--preset--spacing--30);margin-bottom:var(--wp--preset--spacing--50)\">\n<div class=\"wp-block-column is-vertically-aligned-center is-layout-flow wp-block-column-is-layout-flow\">\n<h2 class=\"wp-block-heading tb-taC account\">Neg\u00f3cios<sub> Conta<\/sub><\/h2>\n\n\n\n<ul class=\"wp-block-list\">\n<li>Ideal para empreendedores ou pequenas e m\u00e9dias empresas de criptomoedas.<\/li>\n\n\n\n<li>Processamento eficiente de transa\u00e7\u00f5es maiores de sua carteira para outros endere\u00e7os de carteiras criptografadas ou comerciantes usando criptomoedas ou APT de stablecoin Aurapay.<\/li>\n\n\n\n<li>Recursos personalizados projetados para que as empresas gerenciem com efic\u00e1cia suas criptomoedas, incluindo compra, venda e troca r\u00e1pida.<\/li>\n\n\n\n<li>Capacite o gerenciamento do seu neg\u00f3cio com criptografia banc\u00e1ria f\u00e1cil de usar em qualquer lugar.<\/li>\n\n\n\n<li>Relat\u00f3rios sofisticados para gerenciar as transa\u00e7\u00f5es criptogr\u00e1ficas da sua empresa.<\/li>\n<\/ul>\n\n\n\n<div class=\"wp-block-buttons tb-jcC is-layout-flex wp-block-buttons-is-layout-flex\" style=\"margin-top:var(--wp--preset--spacing--30)\">\n<div class=\"wp-block-button cv\"><a class=\"wp-block-button__link wp-element-button\" href=\"https:\/\/my.aurapay.com\/signup\/certification?lang=en\">Inscreva-se agora<\/a><\/div>\n<\/div>\n<\/div>\n\n\n\n<div class=\"wp-block-column is-vertically-aligned-center is-layout-flow wp-block-column-is-layout-flow\">\n<figure class=\"wp-block-image aligncenter size-full is-resized feature-img3\"><img decoding=\"async\" src=\"https:\/\/aurapay.com\/wp-content\/uploads\/feature-img3.webp\" alt=\"\" class=\"wp-image-469\" style=\"width:280px\"\/><\/figure>\n<\/div>\n<\/div>\n\n\n\n<div class=\"wp-block-columns are-vertically-aligned-center is-layout-flex wp-container-core-columns-is-layout-4 wp-block-columns-is-layout-flex\" style=\"margin-top:var(--wp--preset--spacing--30);margin-bottom:var(--wp--preset--spacing--50)\">\n<div class=\"wp-block-column is-vertically-aligned-center is-layout-flow wp-block-column-is-layout-flow\">\n<figure class=\"wp-block-image aligncenter size-full is-resized feature-img4\"><img decoding=\"async\" src=\"https:\/\/aurapay.com\/wp-content\/uploads\/feature-img4.webp\" alt=\"\" class=\"wp-image-471\" style=\"width:340px\"\/><\/figure>\n<\/div>\n\n\n\n<div class=\"wp-block-column is-vertically-aligned-center is-layout-flow wp-block-column-is-layout-flow\">\n<h2 class=\"wp-block-heading tb-taC account\">Comerciante<sub> Conta<\/sub><\/h2>\n\n\n\n<ul class=\"wp-block-list\">\n<li>Projetado para atender \u00e0s necessidades de gerenciamento de criptografia de servi\u00e7os online e comerciantes de criptomoedas.<\/li>\n\n\n\n<li>Processe transa\u00e7\u00f5es perfeitas com integra\u00e7\u00e3o de API personaliz\u00e1vel Aurapay, oferecendo v\u00e1rias op\u00e7\u00f5es, incluindo criptomoedas e APT de stablecoin aurapay.<\/li>\n\n\n\n<li>Aprimore seu servi\u00e7o existente de dep\u00f3sito e retirada integrando nossa solu\u00e7\u00e3o de pagamento em seu site.<\/li>\n\n\n\n<li>Vis\u00e3o abrangente para supervisionar suas transa\u00e7\u00f5es criptogr\u00e1ficas com usu\u00e1rios pessoais e empresariais do Aurapay em um relat\u00f3rio de neg\u00f3cios completo.<\/li>\n<\/ul>\n\n\n\n<div class=\"wp-block-buttons tb-jcC is-layout-flex wp-block-buttons-is-layout-flex\" style=\"margin-top:var(--wp--preset--spacing--30)\">\n<div class=\"wp-block-button cv\"><a class=\"wp-block-button__link wp-element-button\" href=\"https:\/\/my.aurapay.com\/contact\/form\">Pergunte agora<\/a><\/div>\n<\/div>\n<\/div>\n<\/div>\n\n\n\n<div class=\"wp-block-cover alignfull is-light the-aurapay-token\" style=\"margin-top:var(--wp--preset--spacing--60);margin-bottom:0;min-height:320px;aspect-ratio:unset;\"><span aria-hidden=\"true\" class=\"wp-block-cover__background has-base-2-background-color has-background-dim-0 has-background-dim\"><\/span><img decoding=\"async\" class=\"wp-block-cover__image-background wp-image-553\" alt=\"\" src=\"https:\/\/aurapay.com\/wp-content\/uploads\/apt-bg.webp\" data-object-fit=\"cover\"\/><div class=\"wp-block-cover__inner-container has-global-padding is-layout-constrained wp-block-cover-is-layout-constrained\">\n<div class=\"wp-block-columns are-vertically-aligned-center is-layout-flex wp-container-core-columns-is-layout-5 wp-block-columns-is-layout-flex\" style=\"margin-bottom:0\">\n<div class=\"wp-block-column is-vertically-aligned-center is-layout-flow wp-container-core-column-is-layout-9 wp-block-column-is-layout-flow\" style=\"padding-top:0;padding-right:var(--wp--preset--spacing--20);padding-bottom:0;padding-left:var(--wp--preset--spacing--20);flex-basis:23%\">\n<figure class=\"wp-block-image aligncenter size-full img-apt link\"><a href=\"\/pt\/aurapay-token\/\"><img decoding=\"async\" src=\"https:\/\/aurapay.com\/wp-content\/uploads\/apt-img.webp\" alt=\"\" class=\"wp-image-338\"\/><\/a><\/figure>\n<\/div>\n\n\n\n<div class=\"wp-block-column is-vertically-aligned-center tb-taC is-layout-flow wp-block-column-is-layout-flow\">\n<h2 class=\"wp-block-heading tdN\"><a href=\"\/pt\/aurapay-token\/\" data-type=\"page\" data-id=\"45\">O token Aurapay<\/a><\/h2>\n\n\n\n<p>Aurapay Token (APT) \u00e9 uma criptomoeda stablecoin regulamentada, projetada com uma propor\u00e7\u00e3o de 1:1 em rela\u00e7\u00e3o ao iene japon\u00eas (JPY). Isto significa que cada APT equivale a 1 iene japon\u00eas, garantindo um valor est\u00e1vel e previs\u00edvel no espa\u00e7o da moeda digital.<\/p>\n<\/div>\n<\/div>\n<\/div><\/div>","protected":false},"excerpt":{"rendered":"<p>Conta pessoal Conta comercial Conta comercial<\/p>","protected":false},"author":2,"featured_media":0,"parent":0,"menu_order":0,"comment_status":"closed","ping_status":"closed","template":"","meta":{"footnotes":""},"class_list":["post-42","page","type-page","status-publish","hentry"],"_links":{"self":[{"href":"https:\/\/aurapay.com\/pt\/wp-json\/wp\/v2\/pages\/42"}],"collection":[{"href":"https:\/\/aurapay.com\/pt\/wp-json\/wp\/v2\/pages"}],"about":[{"href":"https:\/\/aurapay.com\/pt\/wp-json\/wp\/v2\/types\/page"}],"author":[{"embeddable":true,"href":"https:\/\/aurapay.com\/pt\/wp-json\/wp\/v2\/users\/2"}],"replies":[{"embeddable":true,"href":"https:\/\/aurapay.com\/pt\/wp-json\/wp\/v2\/comments?post=42"}],"version-history":[{"count":13,"href":"https:\/\/aurapay.com\/pt\/wp-json\/wp\/v2\/pages\/42\/revisions"}],"predecessor-version":[{"id":1119,"href":"https:\/\/aurapay.com\/pt\/wp-json\/wp\/v2\/pages\/42\/revisions\/1119"}],"wp:attachment":[{"href":"https:\/\/aurapay.com\/pt\/wp-json\/wp\/v2\/media?parent=42"}],"curies":[{"name":"wp","href":"https:\/\/api.w.org\/{rel}","templated":true}]}}