{"id":115,"date":"2024-04-11T01:57:26","date_gmt":"2024-04-11T01:57:26","guid":{"rendered":"https:\/\/apnew2.local\/?page_id=115"},"modified":"2024-05-13T04:43:26","modified_gmt":"2024-05-13T04:43:26","slug":"documents-required","status":"publish","type":"page","link":"https:\/\/aurapay.com\/pt\/documents-required\/","title":{"rendered":"Documentos necess\u00e1rios"},"content":{"rendered":"<div class=\"wp-block-group has-global-padding is-layout-constrained wp-block-group-is-layout-constrained\" style=\"margin-top:var(--wp--preset--spacing--40);margin-bottom:0;padding-top:0;padding-bottom:0\">\n<h1 class=\"wp-block-heading\">Documentos necess\u00e1rios para uma conta<\/h1>\n\n\n\n<p>Para usar sua conta, voc\u00ea precisar\u00e1 enviar os documentos exigidos abaixo.<\/p>\n\n\n\n<ul class=\"anchor wp-block-list\">\n<li><a href=\"#personal_account\">Conta pessoal<\/a><\/li>\n\n\n\n<li><a href=\"#business_account\">Conta de neg\u00f3cios<\/a><\/li>\n<\/ul>\n<\/div>\n\n\n\n<h2 class=\"wp-block-heading\" id=\"personal_account\" style=\"margin-top:0;margin-bottom:var(--wp--preset--spacing--30);padding-top:var(--wp--preset--spacing--60)\">Conta pessoal<\/h2>\n\n\n\n<h3 class=\"wp-block-heading has-aurapay-green-color has-text-color has-link-color wp-elements-98324f51f223fb64dfe9c02e91b0e4ef\" style=\"margin-top:var(--wp--preset--spacing--30)\">Documentos de verifica\u00e7\u00e3o de identidade<\/h3>\n\n\n\n<p class=\"has-aurapay-green-color has-text-color has-link-color wp-elements-9e27b96a9e1c04cae473141e2421035e\">Solicitaremos que voc\u00ea envie um documento de identifica\u00e7\u00e3o com foto da pessoa que cadastra a conta (individual) e uma selfie (reconhecimento facial).<\/p>\n\n\n\n<h4 class=\"wp-block-heading icon-id\" style=\"margin-top:var(--wp--preset--spacing--20)\">Verifica\u00e7\u00e3o de identidade com foto<\/h4>\n\n\n\n<p>Por favor, apresente um dos seguintes documentos: carteira de motorista, cart\u00e3o My Number (sujeito apenas a residentes no Jap\u00e3o) ou passaporte.<\/p>\n\n\n\n<div class=\"wp-block-columns col-border-round is-layout-flex wp-container-core-columns-is-layout-1 wp-block-columns-is-layout-flex\" style=\"margin-top:var(--wp--preset--spacing--20);margin-bottom:var(--wp--preset--spacing--20)\">\n<div class=\"wp-block-column has-border-color has-aurapay-green-border-color is-layout-flow wp-block-column-is-layout-flow\" style=\"border-width:2px;padding-top:var(--wp--preset--spacing--20);padding-right:var(--wp--preset--spacing--20);padding-bottom:var(--wp--preset--spacing--20);padding-left:var(--wp--preset--spacing--20)\">\n<h5 class=\"wp-block-heading\">Carteira de motorista<\/h5>\n\n\n\n<p>Por favor, envie a frente e o verso da sua carteira de motorista.<\/p>\n<\/div>\n\n\n\n<div class=\"wp-block-column has-border-color has-aurapay-green-border-color is-layout-flow wp-block-column-is-layout-flow\" style=\"border-width:2px;padding-top:var(--wp--preset--spacing--20);padding-right:var(--wp--preset--spacing--20);padding-bottom:var(--wp--preset--spacing--20);padding-left:var(--wp--preset--spacing--20)\">\n<h5 class=\"wp-block-heading\">Passaporte<\/h5>\n\n\n\n<p>Por favor, envie a p\u00e1gina com sua foto e assinatura.<\/p>\n<\/div>\n\n\n\n<div class=\"wp-block-column has-border-color has-aurapay-green-border-color is-layout-flow wp-block-column-is-layout-flow\" style=\"border-width:2px;padding-top:var(--wp--preset--spacing--20);padding-right:var(--wp--preset--spacing--20);padding-bottom:var(--wp--preset--spacing--20);padding-left:var(--wp--preset--spacing--20)\">\n<h5 class=\"wp-block-heading\"><strong>Meu cart\u00e3o num\u00e9rico<\/strong><\/h5>\n\n\n\n<p>Por favor, envie a frente e o verso do cart\u00e3o.<br>* Por favor, oculte o n\u00famero pessoal e o c\u00f3digo de barras.<\/p>\n<\/div>\n<\/div>\n\n\n\n<div class=\"wp-block-columns has-green-pale-background-color has-background is-layout-flex wp-container-core-columns-is-layout-2 wp-block-columns-is-layout-flex\" style=\"border-radius:1rem;margin-top:var(--wp--preset--spacing--20);margin-bottom:var(--wp--preset--spacing--20);padding-top:var(--wp--preset--spacing--20);padding-right:var(--wp--preset--spacing--20);padding-bottom:var(--wp--preset--spacing--20);padding-left:var(--wp--preset--spacing--20)\">\n<div class=\"wp-block-column is-layout-flow wp-block-column-is-layout-flow\" style=\"flex-basis:20%\">\n<p>Requisitos<\/p>\n<\/div>\n\n\n\n<div class=\"wp-block-column is-layout-flow wp-block-column-is-layout-flow\">\n<ol class=\"wp-block-list\">\n<li>Os documentos de identifica\u00e7\u00e3o devem ser emitidos por \u00f3rg\u00e3o governamental e devem conter o mesmo nome e data de nascimento dos dados cadastrados no AuraPay.<\/li>\n\n\n\n<li>&nbsp;Um cart\u00e3o de identifica\u00e7\u00e3o vencido n\u00e3o pode ser usado como documento de verifica\u00e7\u00e3o de identidade.<\/li>\n\n\n\n<li>Observe que o cart\u00e3o de notifica\u00e7\u00e3o tempor\u00e1rio que notifica voc\u00ea sobre seu \u201ccart\u00e3o meu n\u00famero\u201d pessoal n\u00e3o pode ser usado como documento de verifica\u00e7\u00e3o de identidade.<\/li>\n\n\n\n<li>\u00c9 necess\u00e1rio um passaporte v\u00e1lido para cidad\u00e3os japoneses e n\u00e3o japoneses que residam fora do Jap\u00e3o.<\/li>\n<\/ol>\n<\/div>\n<\/div>\n\n\n\n<h4 class=\"wp-block-heading icon-face\" style=\"margin-top:var(--wp--preset--spacing--20)\">reconhecimento facial<\/h4>\n\n\n\n<p>Para confirmar que voc\u00ea enviou suas informa\u00e7\u00f5es pessoalmente, introduzimos um procedimento de reconhecimento facial.<\/p>\n\n\n\n<p class=\"has-small-font-size\">* Certifique-se de seguir as etapas exibidas na tela. Isso nos permite verificar sua identidade online.<\/p>\n\n\n\n<h5 class=\"wp-block-heading\" style=\"margin-top:var(--wp--preset--spacing--20)\">Prepara\u00e7\u00e3o antes de come\u00e7ar<\/h5>\n\n\n\n<ul class=\"check wp-block-list\">\n<li>Por favor, tenha em m\u00e3os seus documentos de identifica\u00e7\u00e3o com foto.<\/li>\n\n\n\n<li>Remova todos os itens que cobrem seu rosto, como m\u00e1scaras, chap\u00e9us, \u00f3culos de sol e fones de ouvido.<\/li>\n\n\n\n<li>Por favor, tire fotos em um ambiente bem iluminado.<\/li>\n\n\n\n<li>Prepare um dispositivo com c\u00e2mera e defina a permiss\u00e3o de acesso para a c\u00e2mera.<\/li>\n<\/ul>\n\n\n\n<p class=\"has-small-font-size\">* Se voc\u00ea estiver usando um dispositivo n\u00e3o equipado com c\u00e2mera, poder\u00e1 alternar para um dispositivo m\u00f3vel na tela de sele\u00e7\u00e3o do m\u00e9todo de envio do documento.<\/p>\n\n\n\n<div class=\"wp-block-columns has-green-pale-background-color has-background is-layout-flex wp-container-core-columns-is-layout-3 wp-block-columns-is-layout-flex\" style=\"border-radius:1rem;margin-top:var(--wp--preset--spacing--20);margin-bottom:var(--wp--preset--spacing--20);padding-top:var(--wp--preset--spacing--20);padding-right:var(--wp--preset--spacing--20);padding-bottom:var(--wp--preset--spacing--20);padding-left:var(--wp--preset--spacing--20)\">\n<div class=\"wp-block-column is-layout-flow wp-block-column-is-layout-flow\" style=\"flex-basis:20%\">\n<p>Requisitos<\/p>\n<\/div>\n\n\n\n<div class=\"wp-block-column is-layout-flow wp-block-column-is-layout-flow\">\n<ol class=\"wp-block-list\">\n<li>Se voc\u00ea estiver usando iOS, use o navegador Safari. Se voc\u00ea estiver usando Android ou PC, use o navegador Chrome.<\/li>\n\n\n\n<li>Ao mudar de um PC para um dispositivo m\u00f3vel, mantenha a tela original do PC aberta at\u00e9 que o procedimento seja conclu\u00eddo.<\/li>\n<\/ol>\n<\/div>\n<\/div>\n\n\n\n<h3 class=\"wp-block-heading has-aurapay-green-color has-text-color has-link-color wp-elements-bc9a3b0b9a401c72cb9991c1c49e6da7\" style=\"margin-top:var(--wp--preset--spacing--30)\">Comprovante de endere\u00e7o atual<\/h3>\n\n\n\n<p class=\"has-aurapay-green-color has-text-color has-link-color wp-elements-a9b69c89a49ae802a19fbc5eef5a0f8c\">Voc\u00ea dever\u00e1 apresentar um dos seguintes documentos (no prazo de 3 meses a partir da data de emiss\u00e3o) mostrando o endere\u00e7o atual do titular da conta (pessoa f\u00edsica).<\/p>\n\n\n\n<ul class=\"wp-block-list\">\n<li>Contas e recibos de servi\u00e7os p\u00fablicos<\/li>\n\n\n\n<li>Extratos e faturas de bancos\/empresas de cart\u00e3o de cr\u00e9dito<\/li>\n\n\n\n<li>C\u00f3pia do certificado de resid\u00eancia (para residentes no Jap\u00e3o)<\/li>\n\n\n\n<li>Certificado de registro do selo (para residentes no Jap\u00e3o)<\/li>\n\n\n\n<li>Certificado de pagamento de impostos (para residentes no Jap\u00e3o)<\/li>\n<\/ul>\n\n\n\n<p class=\"has-small-font-size\">*Se o seu n\u00famero pessoal (Meu N\u00famero) estiver escrito nos documentos, oculte-o para que n\u00e3o possa ser visto.<\/p>\n\n\n\n<div class=\"wp-block-columns has-green-pale-background-color has-background is-layout-flex wp-container-core-columns-is-layout-4 wp-block-columns-is-layout-flex\" style=\"border-radius:1rem;margin-top:var(--wp--preset--spacing--20);margin-bottom:var(--wp--preset--spacing--20);padding-top:var(--wp--preset--spacing--20);padding-right:var(--wp--preset--spacing--20);padding-bottom:var(--wp--preset--spacing--20);padding-left:var(--wp--preset--spacing--20)\">\n<div class=\"wp-block-column is-layout-flow wp-block-column-is-layout-flow\" style=\"flex-basis:20%\">\n<p>Requisitos<\/p>\n<\/div>\n\n\n\n<div class=\"wp-block-column is-layout-flow wp-block-column-is-layout-flow\">\n<ol class=\"wp-block-list\">\n<li>O nome e endere\u00e7o atual devem corresponder aos dados do solicitante cadastrados na conta. (Somente documentos com nome e endere\u00e7o atual impressos s\u00e3o v\u00e1lidos.)<\/li>\n\n\n\n<li>O emissor\/papel timbrado deve estar impresso no documento.<\/li>\n\n\n\n<li>A data de emiss\u00e3o deve ser impressa no prazo de 3 meses ap\u00f3s a aprova\u00e7\u00e3o do documento (envie com bastante anteced\u00eancia do prazo).<\/li>\n\n\n\n<li>Por favor, prepare um documento que mostre todos os itens acima na mesma folha de papel (n\u00e3o ser\u00e3o aceitos documentos incompletos).<\/li>\n\n\n\n<li>Materiais de identifica\u00e7\u00e3o (carteira de motorista, cart\u00e3o My Number) n\u00e3o s\u00e3o aceitos como materiais de confirma\u00e7\u00e3o de endere\u00e7o atual.<\/li>\n<\/ol>\n<\/div>\n<\/div>\n\n\n\n<h2 class=\"wp-block-heading\" id=\"business_account\" style=\"margin-top:0;margin-bottom:var(--wp--preset--spacing--30);padding-top:var(--wp--preset--spacing--60)\">Conta de neg\u00f3cios<\/h2>\n\n\n\n<h3 class=\"wp-block-heading has-aurapay-green-color has-text-color has-link-color wp-elements-5d4016f5a025a66bfa2aeaf1d297b694\" style=\"margin-top:var(--wp--preset--spacing--30)\">Documentos de verifica\u00e7\u00e3o de identidade para representantes<\/h3>\n\n\n\n<p class=\"has-aurapay-green-color has-text-color has-link-color wp-elements-9e27b96a9e1c04cae473141e2421035e\">Solicitaremos que voc\u00ea envie um documento de identifica\u00e7\u00e3o com foto da pessoa que cadastra a conta (individual) e uma selfie (reconhecimento facial).<\/p>\n\n\n\n<h4 class=\"wp-block-heading icon-id\" style=\"margin-top:var(--wp--preset--spacing--20)\">Verifica\u00e7\u00e3o de identidade com foto<\/h4>\n\n\n\n<p>Por favor, apresente um dos seguintes documentos: carteira de motorista, cart\u00e3o My Number (sujeito apenas a residentes no Jap\u00e3o) ou passaporte.<\/p>\n\n\n\n<div class=\"wp-block-columns col-border-round is-layout-flex wp-container-core-columns-is-layout-5 wp-block-columns-is-layout-flex\" style=\"margin-top:var(--wp--preset--spacing--20);margin-bottom:var(--wp--preset--spacing--20)\">\n<div class=\"wp-block-column has-border-color has-aurapay-green-border-color is-layout-flow wp-block-column-is-layout-flow\" style=\"border-width:2px;padding-top:var(--wp--preset--spacing--20);padding-right:var(--wp--preset--spacing--20);padding-bottom:var(--wp--preset--spacing--20);padding-left:var(--wp--preset--spacing--20)\">\n<h5 class=\"wp-block-heading\">Carteira de motorista<\/h5>\n\n\n\n<p>Por favor, envie a frente e o verso da sua carteira de motorista.<\/p>\n<\/div>\n\n\n\n<div class=\"wp-block-column has-border-color has-aurapay-green-border-color is-layout-flow wp-block-column-is-layout-flow\" style=\"border-width:2px;padding-top:var(--wp--preset--spacing--20);padding-right:var(--wp--preset--spacing--20);padding-bottom:var(--wp--preset--spacing--20);padding-left:var(--wp--preset--spacing--20)\">\n<h5 class=\"wp-block-heading\">Passaporte<\/h5>\n\n\n\n<p>Por favor, envie a p\u00e1gina com sua foto e assinatura.<\/p>\n<\/div>\n\n\n\n<div class=\"wp-block-column has-border-color has-aurapay-green-border-color is-layout-flow wp-block-column-is-layout-flow\" style=\"border-width:2px;padding-top:var(--wp--preset--spacing--20);padding-right:var(--wp--preset--spacing--20);padding-bottom:var(--wp--preset--spacing--20);padding-left:var(--wp--preset--spacing--20)\">\n<h5 class=\"wp-block-heading\">Meu cart\u00e3o num\u00e9rico<\/h5>\n\n\n\n<p>Por favor, envie a frente e o verso do cart\u00e3o.<br>* Por favor, oculte o n\u00famero pessoal e o c\u00f3digo de barras.<\/p>\n<\/div>\n<\/div>\n\n\n\n<div class=\"wp-block-columns has-green-pale-background-color has-background is-layout-flex wp-container-core-columns-is-layout-6 wp-block-columns-is-layout-flex\" style=\"border-radius:1rem;margin-top:var(--wp--preset--spacing--20);margin-bottom:var(--wp--preset--spacing--20);padding-top:var(--wp--preset--spacing--20);padding-right:var(--wp--preset--spacing--20);padding-bottom:var(--wp--preset--spacing--20);padding-left:var(--wp--preset--spacing--20)\">\n<div class=\"wp-block-column is-layout-flow wp-block-column-is-layout-flow\" style=\"flex-basis:20%\">\n<p>Requisitos<\/p>\n<\/div>\n\n\n\n<div class=\"wp-block-column is-layout-flow wp-block-column-is-layout-flow\">\n<ol class=\"wp-block-list\">\n<li>Os documentos de identifica\u00e7\u00e3o devem ser emitidos por \u00f3rg\u00e3o governamental e devem conter o mesmo nome e data de nascimento dos dados cadastrados no AuraPay.<\/li>\n\n\n\n<li>&nbsp;Um cart\u00e3o de identifica\u00e7\u00e3o vencido n\u00e3o pode ser usado como documento de verifica\u00e7\u00e3o de identidade.<\/li>\n\n\n\n<li>Observe que o cart\u00e3o de notifica\u00e7\u00e3o tempor\u00e1rio que notifica voc\u00ea sobre seu \u201ccart\u00e3o meu n\u00famero\u201d pessoal n\u00e3o pode ser usado como documento de verifica\u00e7\u00e3o de identidade.<\/li>\n\n\n\n<li>\u00c9 necess\u00e1rio um passaporte v\u00e1lido para cidad\u00e3os japoneses e n\u00e3o japoneses que residam fora do Jap\u00e3o.<\/li>\n<\/ol>\n<\/div>\n<\/div>\n\n\n\n<h4 class=\"wp-block-heading icon-face\" style=\"margin-top:var(--wp--preset--spacing--20)\">reconhecimento facial<\/h4>\n\n\n\n<p>Para confirmar que voc\u00ea enviou suas informa\u00e7\u00f5es pessoalmente, introduzimos um procedimento de reconhecimento facial.<\/p>\n\n\n\n<p class=\"has-small-font-size\">* Certifique-se de seguir as etapas exibidas na tela. Isso nos permite verificar sua identidade online.<\/p>\n\n\n\n<h5 class=\"wp-block-heading\">Prepara\u00e7\u00e3o antes de come\u00e7ar<\/h5>\n\n\n\n<ul class=\"wp-block-list\">\n<li>Por favor, tenha em m\u00e3os seus documentos de identifica\u00e7\u00e3o com foto.<\/li>\n\n\n\n<li>Remova todos os itens que cobrem seu rosto, como m\u00e1scaras, chap\u00e9us, \u00f3culos de sol e fones de ouvido.<\/li>\n\n\n\n<li>Por favor, tire fotos em um ambiente bem iluminado.<\/li>\n\n\n\n<li>Prepare um dispositivo com c\u00e2mera e defina a permiss\u00e3o de acesso para a c\u00e2mera.<\/li>\n<\/ul>\n\n\n\n<p class=\"has-small-font-size\">* Se voc\u00ea estiver usando um dispositivo n\u00e3o equipado com c\u00e2mera, poder\u00e1 alternar para um dispositivo m\u00f3vel na tela de sele\u00e7\u00e3o do m\u00e9todo de envio do documento.<\/p>\n\n\n\n<div class=\"wp-block-columns has-green-pale-background-color has-background is-layout-flex wp-container-core-columns-is-layout-7 wp-block-columns-is-layout-flex\" style=\"border-radius:1rem;margin-top:var(--wp--preset--spacing--20);margin-bottom:var(--wp--preset--spacing--20);padding-top:var(--wp--preset--spacing--20);padding-right:var(--wp--preset--spacing--20);padding-bottom:var(--wp--preset--spacing--20);padding-left:var(--wp--preset--spacing--20)\">\n<div class=\"wp-block-column is-layout-flow wp-block-column-is-layout-flow\" style=\"flex-basis:20%\">\n<p>Requisitos<\/p>\n<\/div>\n\n\n\n<div class=\"wp-block-column is-layout-flow wp-block-column-is-layout-flow\">\n<ol class=\"wp-block-list\">\n<li>Se voc\u00ea estiver usando iOS, use o navegador Safari. Se voc\u00ea estiver usando Android ou PC, use o navegador Chrome.<\/li>\n\n\n\n<li>Ao mudar de um PC para um dispositivo m\u00f3vel, mantenha a tela original do PC aberta at\u00e9 que o procedimento seja conclu\u00eddo.<\/li>\n<\/ol>\n<\/div>\n<\/div>\n\n\n\n<h3 class=\"wp-block-heading has-aurapay-green-color has-text-color has-link-color wp-elements-3a48448b2c9fdeac3090ea584e5747e6\" style=\"margin-top:var(--wp--preset--spacing--30)\">Comprovante de endere\u00e7o atual para representantes<\/h3>\n\n\n\n<p class=\"has-aurapay-green-color has-text-color has-link-color wp-elements-a9b69c89a49ae802a19fbc5eef5a0f8c\">Voc\u00ea dever\u00e1 apresentar um dos seguintes documentos (no prazo de 3 meses a partir da data de emiss\u00e3o) mostrando o endere\u00e7o atual do titular da conta (pessoa f\u00edsica).<\/p>\n\n\n\n<ul class=\"wp-block-list\">\n<li>Contas e recibos de servi\u00e7os p\u00fablicos<\/li>\n\n\n\n<li>Extratos e faturas de bancos\/empresas de cart\u00e3o de cr\u00e9dito<\/li>\n\n\n\n<li>C\u00f3pia do certificado de resid\u00eancia (para residentes no Jap\u00e3o)<\/li>\n\n\n\n<li>Certificado de registro do selo (para residentes no Jap\u00e3o)<\/li>\n\n\n\n<li>Certificado de pagamento de impostos (para residentes no Jap\u00e3o)<\/li>\n<\/ul>\n\n\n\n<p>*Se o seu n\u00famero pessoal (Meu N\u00famero) estiver escrito nos documentos, oculte-o para que n\u00e3o possa ser visto.<\/p>\n\n\n\n<div class=\"wp-block-columns has-green-pale-background-color has-background is-layout-flex wp-container-core-columns-is-layout-8 wp-block-columns-is-layout-flex\" style=\"border-radius:1rem;margin-top:var(--wp--preset--spacing--20);margin-bottom:var(--wp--preset--spacing--20);padding-top:var(--wp--preset--spacing--20);padding-right:var(--wp--preset--spacing--20);padding-bottom:var(--wp--preset--spacing--20);padding-left:var(--wp--preset--spacing--20)\">\n<div class=\"wp-block-column is-layout-flow wp-block-column-is-layout-flow\" style=\"flex-basis:20%\">\n<p>Requisitos<\/p>\n<\/div>\n\n\n\n<div class=\"wp-block-column is-layout-flow wp-block-column-is-layout-flow\">\n<ol class=\"wp-block-list\">\n<li>O nome e endere\u00e7o atual devem corresponder aos dados do solicitante cadastrados na conta. (Somente documentos com nome e endere\u00e7o atual impressos s\u00e3o v\u00e1lidos.)<\/li>\n\n\n\n<li>O emissor\/papel timbrado deve estar impresso no documento.<\/li>\n\n\n\n<li>A data de emiss\u00e3o deve ser impressa no prazo de 3 meses ap\u00f3s a aprova\u00e7\u00e3o do documento (envie com bastante anteced\u00eancia do prazo).<\/li>\n\n\n\n<li>Por favor, prepare um documento que mostre todos os itens acima na mesma folha de papel (n\u00e3o ser\u00e3o aceitos documentos incompletos).<\/li>\n\n\n\n<li>Materiais de identifica\u00e7\u00e3o (carteira de motorista, cart\u00e3o My Number) n\u00e3o s\u00e3o aceitos como materiais de confirma\u00e7\u00e3o de endere\u00e7o atual.<\/li>\n<\/ol>\n<\/div>\n<\/div>\n\n\n\n<h3 class=\"wp-block-heading has-aurapay-green-color has-text-color has-link-color wp-elements-eb4a55bd50110a2706872e0eea52afae\" style=\"margin-top:var(--wp--preset--spacing--30)\">Documentos necess\u00e1rios para usu\u00e1rio empresarial<\/h3>\n\n\n\n<p class=\"has-aurapay-green-color has-text-color has-link-color wp-elements-1f67617220b6200e5029896664d58f77\">Por favor, envie todos os seguintes documentos do propriet\u00e1rio da carteira (corpora\u00e7\u00e3o), que devem indicar seu endere\u00e7o e nome.<br>Os documentos devem ser emitidos no prazo de seis meses.<\/p>\n\n\n\n<ul class=\"wp-block-list\">\n<li>Perfil de neg\u00f3cios<br>Por favor, envie todas as p\u00e1ginas dos documentos.<br>Voc\u00ea tamb\u00e9m pode enviar todas as p\u00e1ginas do contrato social aprovado pelas autoridades p\u00fablicas.<\/li>\n<\/ul>\n\n\n\n<p class=\"has-small-font-size\">*Observe que usu\u00e1rios de diferentes pa\u00edses podem ser solicitados a fazer upload de outros documentos necess\u00e1rios para verifica\u00e7\u00e3o adicional. Entre em contato com a equipe de suporte para obter mais informa\u00e7\u00f5es.<br>*Por favor, envie dados em formato digital (GIF, JPG, PDF, etc.) que tenham sido digitalizados ou fotografados com uma c\u00e2mera como um smartphone, sem qualquer trabalho de edi\u00e7\u00e3o.<\/p>\n\n\n\n<h3 class=\"wp-block-heading has-aurapay-green-color has-text-color has-link-color wp-elements-f2c3fc536d491ead5eb29c730ddfa508\" style=\"margin-top:var(--wp--preset--spacing--30)\">Certificado de registro de selo<\/h3>\n\n\n\n<p class=\"has-aurapay-green-color has-text-color has-link-color wp-elements-aa9f015cd37b27d113f0008ba4f96e4e\">Envie os seguintes documentos do propriet\u00e1rio da carteira (corpora\u00e7\u00e3o).<br>Os documentos devem ser emitidos no prazo de 6 meses.<\/p>\n\n\n\n<ul class=\"wp-block-list\">\n<li>Documentos de confirma\u00e7\u00e3o do selo da empresa<\/li>\n<\/ul>\n\n\n\n<p class=\"has-small-font-size\">*Por favor, envie dados em formato digital (GIF, JPG, PDF, etc.) que tenham sido digitalizados ou fotografados com uma c\u00e2mera como um smartphone, sem qualquer trabalho de edi\u00e7\u00e3o.<\/p>\n\n\n\n<h3 class=\"wp-block-heading has-aurapay-green-color has-text-color has-link-color wp-elements-f22a2d0aa3ec84b4a93f5a9a19b16f9c\" style=\"margin-top:var(--wp--preset--spacing--30)\">Comprovante de endere\u00e7o atual da empresa<\/h3>\n\n\n\n<p class=\"has-aurapay-green-color has-text-color has-link-color wp-elements-2262a6335ac1afc483883c2ba434a3f5\">Para uma conta empresarial, voc\u00ea precisar\u00e1 fazer o upload de um dos documentos abaixo (o documento deve estar no prazo de 6 meses a partir da data de emiss\u00e3o).<\/p>\n\n\n\n<ul class=\"wp-block-list\">\n<li class=\"translation-block\">Conta ou recibo de servi\u00e7os p\u00fablicos<br> Conta de eletricidade, g\u00e1s, \u00e1gua ou NHK<\/li>\n\n\n\n<li>Nota ou recibo fiscal nacional ou local<\/li>\n\n\n\n<li>Extratos banc\u00e1rios ou de cart\u00e3o de cr\u00e9dito<\/li>\n<\/ul>\n\n\n\n<p class=\"has-small-font-size\">*Por favor, envie dados em formato digital (GIF, JPG, PDF, etc.) que tenham sido digitalizados ou fotografados com uma c\u00e2mera como um smartphone, sem qualquer trabalho de edi\u00e7\u00e3o.<\/p>\n\n\n\n<h3 class=\"wp-block-heading has-aurapay-green-color has-text-color has-link-color wp-elements-33434f20cdc635eb3098cd0e7f1e33bc\" style=\"margin-top:var(--wp--preset--spacing--30)\">Certificados com selo oficial<\/h3>\n\n\n\n<p class=\"has-aurapay-green-color has-text-color has-link-color wp-elements-2262a6335ac1afc483883c2ba434a3f5\">Para uma conta empresarial, voc\u00ea precisar\u00e1 fazer o upload de um dos documentos abaixo (o documento deve estar no prazo de 6 meses a partir da data de emiss\u00e3o).<\/p>\n\n\n\n<ul class=\"wp-block-list\">\n<li class=\"translation-block\">Certificados com selo oficial<br> <a href=\"https:\/\/aurapay.com\/wp-content\/uploads\/2023\/06\/UBO_Declaration_Form_en_AuraPay.pdf?202306\" target=\"_blank\" rel=\"noreferrer noopener\">Clique aqui<\/a> para baixar os documentos<\/li>\n\n\n\n<li>Documentos de identifica\u00e7\u00e3o de todos os operadores de conta e decisores<\/li>\n\n\n\n<li>Comprovante de endere\u00e7o atual de todos os operadores de conta e tomadores de decis\u00e3o<\/li>\n\n\n\n<li>Certificado de selos registrados para todos os operadores de contas e tomadores de decis\u00e3o<\/li>\n<\/ul>\n\n\n\n<p class=\"has-small-font-size\">*Por favor, envie dados em formato digital (GIF, JPG, PDF, etc.) que tenham sido digitalizados ou fotografados com uma c\u00e2mera como um smartphone, sem qualquer trabalho de edi\u00e7\u00e3o.<\/p>\n\n\n\n<div class=\"wp-block-group icon-security has-border-color has-global-padding is-layout-constrained wp-container-core-group-is-layout-2 wp-block-group-is-layout-constrained\" style=\"border-color:#00A651;border-width:1px;border-radius:1rem;margin-top:var(--wp--preset--spacing--60);padding-top:var(--wp--preset--spacing--20);padding-right:var(--wp--preset--spacing--20);padding-bottom:var(--wp--preset--spacing--20);padding-left:var(--wp--preset--spacing--20)\">\n<p>As informa\u00e7\u00f5es fornecidas pelos usu\u00e1rios s\u00e3o criptografadas com SSL (Secure Sockets Layer) durante o envio das informa\u00e7\u00f5es para salvaguardar todos os dados sens\u00edveis.<br>Proteger as informa\u00e7\u00f5es dos usu\u00e1rios contra perdas, danos, vazamentos e acessos n\u00e3o autorizados, garantindo uma plataforma segura aos usu\u00e1rios.<\/p>\n<\/div>","protected":false},"excerpt":{"rendered":"<p>Documentos necess\u00e1rios para uma conta Para usar sua conta, voc\u00ea precisar\u00e1 enviar os documentos exigidos abaixo. Documentos de verifica\u00e7\u00e3o de identidade da conta pessoal Solicitaremos que voc\u00ea apresente um documento de identifica\u00e7\u00e3o com foto da pessoa que registrou a conta (individual) e uma selfie (reconhecimento facial). Verifica\u00e7\u00e3o de identidade com foto Por favor, apresente um dos seguintes: carteira de motorista, cart\u00e3o My Number (sujeito apenas a residentes no Jap\u00e3o) ou passaporte. Carteira de motorista Por favor, envie a frente e o verso de sua carteira de motorista. Passaporte Por favor, envie a p\u00e1gina com sua foto e assinatura. Meu cart\u00e3o num\u00e9rico Por favor, envie a frente e o verso do cart\u00e3o.* Oculte o n\u00famero pessoal e o c\u00f3digo de barras. Os requisitos enfrentam [...]<\/p>","protected":false},"author":2,"featured_media":0,"parent":0,"menu_order":0,"comment_status":"closed","ping_status":"closed","template":"","meta":{"footnotes":""},"class_list":["post-115","page","type-page","status-publish","hentry"],"_links":{"self":[{"href":"https:\/\/aurapay.com\/pt\/wp-json\/wp\/v2\/pages\/115"}],"collection":[{"href":"https:\/\/aurapay.com\/pt\/wp-json\/wp\/v2\/pages"}],"about":[{"href":"https:\/\/aurapay.com\/pt\/wp-json\/wp\/v2\/types\/page"}],"author":[{"embeddable":true,"href":"https:\/\/aurapay.com\/pt\/wp-json\/wp\/v2\/users\/2"}],"replies":[{"embeddable":true,"href":"https:\/\/aurapay.com\/pt\/wp-json\/wp\/v2\/comments?post=115"}],"version-history":[{"count":8,"href":"https:\/\/aurapay.com\/pt\/wp-json\/wp\/v2\/pages\/115\/revisions"}],"predecessor-version":[{"id":978,"href":"https:\/\/aurapay.com\/pt\/wp-json\/wp\/v2\/pages\/115\/revisions\/978"}],"wp:attachment":[{"href":"https:\/\/aurapay.com\/pt\/wp-json\/wp\/v2\/media?parent=115"}],"curies":[{"name":"wp","href":"https:\/\/api.w.org\/{rel}","templated":true}]}}