{"id":814,"date":"2024-04-19T19:30:31","date_gmt":"2024-04-19T10:30:31","guid":{"rendered":"https:\/\/apnew2.local\/?page_id=814"},"modified":"2024-04-19T19:30:31","modified_gmt":"2024-04-19T10:30:31","slug":"home-full","status":"publish","type":"page","link":"https:\/\/aurapay.com\/lt\/home-full\/","title":{"rendered":"pilni namai"},"content":{"rendered":"<div class=\"wp-block-cover alignfull is-light o-fit-contain\" style=\"margin-top:0;margin-bottom:0;padding-top:0;padding-bottom:0;min-height:520px;aspect-ratio:unset;\"><span aria-hidden=\"true\" class=\"wp-block-cover__background has-background-dim-0 has-background-dim\"><\/span><img decoding=\"async\" class=\"wp-block-cover__image-background wp-image-555\" alt=\"\" src=\"https:\/\/aurapay.com\/wp-content\/uploads\/home-bg.webp\" style=\"object-position:100% 0%\" data-object-fit=\"cover\" data-object-position=\"100% 0%\"\/><div class=\"wp-block-cover__inner-container has-global-padding is-layout-constrained wp-block-cover-is-layout-constrained\">\n<div class=\"wp-block-columns are-vertically-aligned-center f-dir-colR is-layout-flex wp-container-core-columns-is-layout-28f84493 wp-block-columns-is-layout-flex\">\n<div class=\"wp-block-column is-vertically-aligned-center tb-taC is-layout-flow wp-block-column-is-layout-flow\">\n<h1 class=\"wp-block-heading\"><img decoding=\"async\" class=\"wp-image-179\" style=\"width: 300px;\" src=\"https:\/\/aurapay.com\/wp-content\/uploads\/logo_aurapay.webp\" alt=\"\"><\/h1>\n\n\n\n<h2 class=\"wp-block-heading translation-block\">Kita karta<br> Kripto mok\u0117jimo platforma<\/h2>\n\n\n\n<p>Mok\u0117jimo kriptovaliuta sprendimas<\/p>\n\n\n\n<div class=\"wp-block-buttons tb-jcC is-layout-flex wp-block-buttons-is-layout-flex\" style=\"margin-top:var(--wp--preset--spacing--30)\">\n<div class=\"wp-block-button\"><a class=\"wp-block-button__link wp-element-button\" href=\"https:\/\/my.aurapay.com\/signup\/certification?lang=en\">U\u017esiregistruokite dabar<\/a><\/div>\n<\/div>\n<\/div>\n\n\n\n<div class=\"wp-block-column is-vertically-aligned-center is-layout-flow wp-block-column-is-layout-flow\" style=\"padding-top:var(--wp--preset--spacing--30);padding-bottom:var(--wp--preset--spacing--30)\">\n<figure class=\"wp-block-image aligncenter size-full w220-480\"><img decoding=\"async\" src=\"https:\/\/aurapay.com\/wp-content\/uploads\/home-img1.webp\" alt=\"\" class=\"wp-image-333\" style=\"object-fit:cover\"\/><\/figure>\n<\/div>\n<\/div>\n<\/div><\/div>\n\n\n\n<div class=\"wp-block-columns are-vertically-aligned-center f-dir-colR is-layout-flex wp-container-core-columns-is-layout-d56b67df wp-block-columns-is-layout-flex\" style=\"margin-top:var(--wp--preset--spacing--30);margin-bottom:var(--wp--preset--spacing--30)\">\n<div class=\"wp-block-column is-vertically-aligned-center is-layout-flow wp-block-column-is-layout-flow\">\n<figure class=\"wp-block-image aligncenter size-full w220-480\"><img decoding=\"async\" src=\"https:\/\/aurapay.com\/wp-content\/uploads\/home-img2.webp\" alt=\"\" class=\"wp-image-335\"\/><\/figure>\n<\/div>\n\n\n\n<div class=\"wp-block-column is-vertically-aligned-center tb-taC is-layout-flow wp-block-column-is-layout-flow\">\n<h2 class=\"wp-block-heading translation-block\">Besi\u016bli\u0173 kriptovaliut\u0173<br> Mok\u0117jimo platforma<\/h2>\n\n\n\n<p>I\u0161tirkite begalines galimybes su Aurapay: mok\u0117kite, pirkite, parduokite ir si\u0173skite \u017eetonus. Aurapay tarnauja kaip j\u016bs\u0173 did\u017eiausia kriptovaliut\u0173 pinigin\u0117, jungianti jus su prekybininkais ir blok\u0173 grandine. Mes si\u016blome Bitcoin, Ethereum, Ripple ir Tether.<\/p>\n<\/div>\n<\/div>\n\n\n\n<div class=\"wp-block-columns are-vertically-aligned-center is-layout-flex wp-container-core-columns-is-layout-d56b67df wp-block-columns-is-layout-flex\" style=\"margin-top:var(--wp--preset--spacing--30);margin-bottom:var(--wp--preset--spacing--30)\">\n<div class=\"wp-block-column is-vertically-aligned-center tb-taC is-layout-flow wp-block-column-is-layout-flow\">\n<h2 class=\"wp-block-heading translation-block\">\u012ene\u0161ti ir i\u0161siimti<br> tau lengviau!<\/h2>\n\n\n\n<p>\u012ene\u0161imas ir i\u0161\u0117mimas gali b\u016bti tvarkomi tiek fiat, tiek kriptovaliuta bet kada ir bet kur.<\/p>\n<\/div>\n\n\n\n<div class=\"wp-block-column is-vertically-aligned-center is-layout-flow wp-block-column-is-layout-flow\">\n<figure class=\"wp-block-image aligncenter size-full w220-480\"><img decoding=\"async\" src=\"https:\/\/aurapay.com\/wp-content\/uploads\/home-img3.webp\" alt=\"\" class=\"wp-image-337\"\/><\/figure>\n<\/div>\n<\/div>\n\n\n\n<h2 class=\"wp-block-heading has-text-align-center\" style=\"margin-top:var(--wp--preset--spacing--40);margin-bottom:var(--wp--preset--spacing--20)\">I\u0161ankstin\u0117s apsaugos sistemos<\/h2>\n\n\n\n<div class=\"wp-block-columns advance-security-systems is-layout-flex wp-container-core-columns-is-layout-ac9f430d wp-block-columns-is-layout-flex\" style=\"margin-top:var(--wp--preset--spacing--30);margin-bottom:var(--wp--preset--spacing--30);padding-right:var(--wp--preset--spacing--30);padding-left:var(--wp--preset--spacing--30)\">\n<div class=\"wp-block-column is-layout-flow wp-block-column-is-layout-flow\" style=\"border-style:none;border-width:0px\">\n<div class=\"wp-block-group has-global-padding is-layout-constrained wp-block-group-is-layout-constrained\">\n<h3 class=\"wp-block-heading has-text-align-center has-white-color has-aurapay-green-pale-background-color has-text-color has-background has-link-color wp-elements-5dcacc645cb0049bcbc992f4f850048c\" style=\"padding-top:var(--wp--preset--spacing--10);padding-right:var(--wp--preset--spacing--10);padding-bottom:var(--wp--preset--spacing--10);padding-left:var(--wp--preset--spacing--10)\">SSL<sup> (Saugi saugos ki\u0161en\u0117)<\/sup><\/h3>\n\n\n\n<p class=\"has-text-align-center\" style=\"padding-top:0;padding-right:var(--wp--preset--spacing--10);padding-bottom:var(--wp--preset--spacing--20);padding-left:var(--wp--preset--spacing--10)\">SSL yra saugi\u0173 skaitmenini\u0173 ry\u0161i\u0173 pagrindas, \u0161ifruojan\u010di\u0173 ry\u0161io duomen\u0173 apsauga, u\u017etikrinanti, kad j\u016bs\u0173 slapta informacija ir asmenin\u0117 informacija i\u0161likt\u0173 privati ir saugi atliekant operacijas.<\/p>\n<\/div>\n<\/div>\n\n\n\n<div class=\"wp-block-column is-layout-flow wp-block-column-is-layout-flow\">\n<div class=\"wp-block-group has-global-padding is-layout-constrained wp-block-group-is-layout-constrained\">\n<h3 class=\"wp-block-heading has-text-align-center has-white-color has-aurapay-green-pale-background-color has-text-color has-background has-link-color wp-elements-add92eeefd0c7b268ebdd2cdc438e8f2\" style=\"padding-top:var(--wp--preset--spacing--10);padding-right:var(--wp--preset--spacing--10);padding-bottom:var(--wp--preset--spacing--10);padding-left:var(--wp--preset--spacing--10)\">Daugialypis para\u0161as<\/h3>\n\n\n\n<p class=\"has-text-align-center\" style=\"padding-top:0;padding-right:var(--wp--preset--spacing--10);padding-bottom:var(--wp--preset--spacing--20);padding-left:var(--wp--preset--spacing--10)\">Keli u\u017eraktai j\u016bs\u0173 pinigin\u0117je. Tam reikalingas keli\u0173 \u012fgaliot\u0173 vartotoj\u0173 patvirtinimas, suteikiantis papildom\u0105 apsaug\u0105 nuo neteis\u0117t\u0173 operacij\u0173 ir u\u017etikrinant did\u017eiausi\u0105 j\u016bs\u0173 l\u0117\u0161\u0173 saugum\u0105.<\/p>\n<\/div>\n<\/div>\n\n\n\n<div class=\"wp-block-column is-layout-flow wp-block-column-is-layout-flow\">\n<div class=\"wp-block-group has-global-padding is-layout-constrained wp-block-group-is-layout-constrained\">\n<h3 class=\"wp-block-heading has-text-align-center has-white-color has-aurapay-green-pale-background-color has-text-color has-background has-link-color wp-elements-6e156f00febf11236f9d574bf198ac6c\" style=\"padding-top:var(--wp--preset--spacing--10);padding-right:var(--wp--preset--spacing--10);padding-bottom:var(--wp--preset--spacing--10);padding-left:var(--wp--preset--spacing--10)\">Dviej\u0173 veiksni\u0173 autentifikavimas<\/h3>\n\n\n\n<p class=\"has-text-align-center\" style=\"padding-top:0;padding-right:var(--wp--preset--spacing--10);padding-bottom:var(--wp--preset--spacing--20);padding-left:var(--wp--preset--spacing--10)\">Papildomas saugumo lygis pridedamas siun\u010diant vienkartin\u012f slapta\u017eod\u012f j\u016bs\u0173 nurodytu el. pa\u0161to adresu. \u0160is procesas u\u017etikrina dvigub\u0105 paskyros apsaug\u0105, tod\u0117l neteis\u0117ta prieiga tampa daug sud\u0117tingesn\u0117.<\/p>\n<\/div>\n<\/div>\n<\/div>","protected":false},"excerpt":{"rendered":"<p>Seamless CryptoPayment Platform Explore endless possibilities with Aurapay: Pay, Buy, Sell and Send tokens. Aurapay serves as your ultimate cryptocurrency wallet, connecting you with merchants and the blockchain. We offer Bitcoin, Ethereum, Ripple, and Tether. Deposit and Withdraw at your ease! Deposit and withdrawals can be processed in both fiat and cryptocurrency anytime, anywhere. Advance Security Systems SSL (Secure Security Pocket) SSL is the backbone of secure digital connections, a safeguard of encrypts communication data that ensures your sensitive information and and personal details remain private and secure during your transactions. Multi-signature Multiple locks in your wallet. It requires the approval of multiple authorized users, providing an additional layer of [&hellip;]<\/p>\n","protected":false},"author":2,"featured_media":0,"parent":0,"menu_order":0,"comment_status":"closed","ping_status":"closed","template":"","meta":{"footnotes":""},"class_list":["post-814","page","type-page","status-publish","hentry"],"_links":{"self":[{"href":"https:\/\/aurapay.com\/lt\/wp-json\/wp\/v2\/pages\/814","targetHints":{"allow":["GET"]}}],"collection":[{"href":"https:\/\/aurapay.com\/lt\/wp-json\/wp\/v2\/pages"}],"about":[{"href":"https:\/\/aurapay.com\/lt\/wp-json\/wp\/v2\/types\/page"}],"author":[{"embeddable":true,"href":"https:\/\/aurapay.com\/lt\/wp-json\/wp\/v2\/users\/2"}],"replies":[{"embeddable":true,"href":"https:\/\/aurapay.com\/lt\/wp-json\/wp\/v2\/comments?post=814"}],"version-history":[{"count":0,"href":"https:\/\/aurapay.com\/lt\/wp-json\/wp\/v2\/pages\/814\/revisions"}],"wp:attachment":[{"href":"https:\/\/aurapay.com\/lt\/wp-json\/wp\/v2\/media?parent=814"}],"curies":[{"name":"wp","href":"https:\/\/api.w.org\/{rel}","templated":true}]}}