{"id":50,"date":"2024-04-10T08:22:18","date_gmt":"2024-04-10T08:22:18","guid":{"rendered":"http:\/\/apnew2.local\/?page_id=50"},"modified":"2024-05-01T09:06:53","modified_gmt":"2024-05-01T09:06:53","slug":"about","status":"publish","type":"page","link":"https:\/\/aurapay.com\/lt\/about\/","title":{"rendered":"Apie"},"content":{"rendered":"<div class=\"wp-block-cover alignfull is-light o-fit-contain\" style=\"margin-bottom:var(--wp--preset--spacing--30);padding-top:var(--wp--preset--spacing--30);padding-bottom:var(--wp--preset--spacing--30)\"><span aria-hidden=\"true\" class=\"wp-block-cover__background has-base-2-background-color has-background-dim-0 has-background-dim\"><\/span><img decoding=\"async\" class=\"wp-block-cover__image-background wp-image-587\" alt=\"\" src=\"https:\/\/aurapay.com\/wp-content\/uploads\/about-bg1.webp\" style=\"object-position:100% 0%\" data-object-fit=\"cover\" data-object-position=\"100% 0%\"\/><div class=\"wp-block-cover__inner-container has-global-padding is-layout-constrained wp-block-cover-is-layout-constrained\">\n<div class=\"wp-block-columns f-dir-colR is-layout-flex wp-container-core-columns-is-layout-1 wp-block-columns-is-layout-flex\">\n<div class=\"wp-block-column tb-taC is-layout-flow wp-block-column-is-layout-flow\" style=\"flex-basis:60%\">\n<h1 class=\"wp-block-heading\">Apie<\/h1>\n\n\n\n<p>Kripto yra ne tik virtuali valiuta; tai \u017evilgsnis \u012f mok\u0117jimo b\u016bd\u0173 ateit\u012f. Esame pasiry\u017e\u0119 sukurti patogi\u0105 ir saugi\u0105 platform\u0105 finans\u0173 \u012fstaigoms ir asmenims visame pasaulyje. Siekiame u\u017etikrinti saugi\u0105 ir skaidri\u0105 patirt\u012f, leid\u017eian\u010di\u0105 visiems susipa\u017einti su mok\u0117jim\u0173 ateitimi.<\/p>\n\n\n\n<p>M\u016bs\u0173 tikslas \u2013 pasi\u016blyti visapusi\u0161k\u0105 sprendim\u0105 pirkti, parduoti, si\u0173sti ir gauti j\u016bs\u0173 kriptovaliut\u0105 per j\u016bs\u0173 asmenin\u0119 Aurapay pinigin\u0119.<\/p>\n\n\n\n<p> Aurapay gavo veiklos licencij\u0105 Estijoje ir teikia \u0161ias kriptovaliutos paslaugas Teikti virtualios valiutos keitimo \u012f fiat valiut\u0105 paslaugas Teikti virtualios valiutos pinigin\u0117s paslaug\u0105 Virtualios valiutos keitimo \u012f virtuali\u0105 valiut\u0105 paslaug\u0173 teikimas<\/p>\n<\/div>\n\n\n\n<div class=\"wp-block-column is-vertically-aligned-bottom tb-taC is-layout-flow wp-block-column-is-layout-flow\">\n<figure class=\"wp-block-image size-full is-resized about-img1\"><img decoding=\"async\" src=\"https:\/\/aurapay.com\/wp-content\/uploads\/about-img1.webp\" alt=\"\" class=\"wp-image-586\" style=\"width:120px\"\/><\/figure>\n<\/div>\n<\/div>\n<\/div><\/div>\n\n\n\n<div class=\"wp-block-group about-what has-global-padding is-layout-constrained wp-block-group-is-layout-constrained\">\n<h2 class=\"wp-block-heading has-text-align-center\" style=\"margin-top:var(--wp--preset--spacing--30);margin-bottom:var(--wp--preset--spacing--20)\">Kas yra Aurapay?<\/h2>\n\n\n\n<div class=\"wp-block-group has-global-padding is-layout-constrained wp-block-group-is-layout-constrained\">\n<h3 class=\"wp-block-heading\">J\u016bs\u0173 kasdien\u0117 kriptovaliut\u0173 pinigin\u0117<\/h3>\n\n\n\n<p>Aurapay yra internetin\u0117 kriptovaliut\u0173 pinigin\u0117, kuri\u0105 galima pasiekti bet kada ir bet kur. Taip pat si\u016blome APT stabilias monetas, kurios yra sukurtos i\u0161laikyti fiksuot\u0105 1:1 JPY santyk\u012f su pagrindiniu turtu, tod\u0117l puikiai tinka kasdien\u0117ms operacijoms ir kaip vert\u0117s saugojimas. Daugiau apie APT spustel\u0117kite \u010dia. (susieta su APT puslapiu)<\/p>\n<\/div>\n\n\n\n<div class=\"wp-block-group has-global-padding is-layout-constrained wp-block-group-is-layout-constrained\">\n<h3 class=\"wp-block-heading\">Supaprastinta ir saugi kriptovaliut\u0173 pinigin\u0117<\/h3>\n\n\n\n<p>Aurapay buvo pristatytas siekiant paskatinti daugiau asmen\u0173 saugiai naudotis kriptovaliutomis ir taip reik\u0161mingai prisid\u0117ti prie m\u016bs\u0173 ateities skaitmenin\u0117s visuomen\u0117s evoliucijos. \u012esigij\u0119 tinkam\u0105 licencij\u0105 ir \u012fdieg\u0119 pa\u017eangiausias saugumo priemones, vartotojai gali dr\u0105siai nar\u0161yti Aurapay platformoje.<\/p>\n<\/div>\n\n\n\n<div class=\"wp-block-group has-global-padding is-layout-constrained wp-block-group-is-layout-constrained\">\n<h3 class=\"wp-block-heading\">J\u016bs\u0173 skaitmeninio turto tiltas \u012f JPY vert\u0119<\/h3>\n\n\n\n<p>Blockchain srityje tik sauja stabili\u0173 monet\u0173 yra pritvirtinta prie JPY fiat valiutos vert\u0117s. APT i\u0161did\u017eiai stovi tarp keli\u0173 i\u0161rinkt\u0173j\u0173. M\u016bs\u0173 misija yra sukurti skaidr\u0173 ir patikim\u0105 tilt\u0105, u\u017etikrinant\u012f skland\u0173 j\u016bs\u0173 skaitmeninio turto ry\u0161\u012f su Japonijos jena (JPY).<\/p>\n<\/div>\n<\/div>\n\n\n\n<div class=\"wp-block-group about-why has-global-padding is-layout-constrained wp-block-group-is-layout-constrained\">\n<h2 class=\"wp-block-heading has-text-align-center\" style=\"margin-top:var(--wp--preset--spacing--30);margin-bottom:var(--wp--preset--spacing--20)\">Kod\u0117l Aurapay?<\/h2>\n\n\n\n<div class=\"wp-block-columns is-layout-flex wp-container-core-columns-is-layout-2 wp-block-columns-is-layout-flex\">\n<div class=\"wp-block-column has-border-color has-aurapay-green-border-color is-layout-flow wp-container-core-column-is-layout-3 wp-block-column-is-layout-flow\" style=\"border-width:2px\">\n<h3 class=\"wp-block-heading has-text-align-center has-white-color has-aurapay-green-light-background-color has-text-color has-background has-link-color has-medium-font-size wp-elements-3e2e5acfe9909dd156ddf004728a8112\" style=\"padding-top:var(--wp--preset--spacing--10);padding-right:var(--wp--preset--spacing--10);padding-bottom:var(--wp--preset--spacing--10);padding-left:var(--wp--preset--spacing--10)\">Populiarios ir patikimos kriptovaliutos<\/h3>\n\n\n\n<p class=\"has-text-align-center\" style=\"padding-top:var(--wp--preset--spacing--10);padding-right:var(--wp--preset--spacing--10);padding-bottom:var(--wp--preset--spacing--10);padding-left:var(--wp--preset--spacing--10)\">Si\u016blome Bitcoin (BTC), Ethereum (ETH) ir Ripple (XRP), kurie i\u0161siskiria kaip reik\u0161mingas pripa\u017einimas ir pla\u010diai paplit\u0119 pramon\u0117je, sustiprinantys j\u0173, kaip labai patikim\u0173 kriptovaliut\u0173 pasirinkimo, reputacij\u0105.<\/p>\n<\/div>\n\n\n\n<div class=\"wp-block-column has-border-color has-aurapay-green-border-color is-layout-flow wp-container-core-column-is-layout-4 wp-block-column-is-layout-flow\" style=\"border-width:2px\">\n<h3 class=\"wp-block-heading has-text-align-center has-white-color has-aurapay-green-light-background-color has-text-color has-background has-link-color has-medium-font-size wp-elements-14974113ecc38293a987e14420ee30f1\" style=\"padding-top:var(--wp--preset--spacing--10);padding-right:var(--wp--preset--spacing--10);padding-bottom:var(--wp--preset--spacing--10);padding-left:var(--wp--preset--spacing--10)\">Auk\u0161\u010diausio lygio kriptovaliut\u0173 mok\u0117jimai<\/h3>\n\n\n\n<p class=\"has-text-align-center\" style=\"padding-top:var(--wp--preset--spacing--10);padding-right:var(--wp--preset--spacing--10);padding-bottom:var(--wp--preset--spacing--10);padding-left:var(--wp--preset--spacing--10)\">APT bus j\u016bs\u0173 geriausias pasirinkimas patikimiems ir efektyviems JPY kriptovaliut\u0173 keitimams ir sandoriams. Garantuojame stabili\u0105 1:1 JPY vert\u0119, suteikdami labiau nusp\u0117jam\u0105 ir ma\u017eiau nepastovi\u0105 kriptovaliutos form\u0105.<\/p>\n<\/div>\n\n\n\n<div class=\"wp-block-column has-border-color has-aurapay-green-border-color is-layout-flow wp-container-core-column-is-layout-5 wp-block-column-is-layout-flow\" style=\"border-width:2px\">\n<h3 class=\"wp-block-heading has-text-align-center has-white-color has-aurapay-green-light-background-color has-text-color has-background has-link-color has-medium-font-size wp-elements-c795f9d645e80d43f34b047b738f0042\" style=\"padding-top:var(--wp--preset--spacing--10);padding-right:var(--wp--preset--spacing--10);padding-bottom:var(--wp--preset--spacing--10);padding-left:var(--wp--preset--spacing--10)\">Decentralizuoti finansai (DeFi)<\/h3>\n\n\n\n<p class=\"has-text-align-center\" style=\"padding-top:var(--wp--preset--spacing--10);padding-right:var(--wp--preset--spacing--10);padding-bottom:var(--wp--preset--spacing--10);padding-left:var(--wp--preset--spacing--10)\">Esame \u012fsipareigoj\u0119 pereiti prie decentralizuot\u0173 tinkl\u0173 \u2013 koncepcijos, kuri perkelia tradicines finansines paslaugas \u012f blockchain technologij\u0105. Siekiame supaprastinti sandorius nepasitik\u0117dami tre\u010di\u0173j\u0173 \u0161ali\u0173 tarpininkais.<\/p>\n<\/div>\n\n\n\n<div class=\"wp-block-column has-border-color has-aurapay-green-border-color is-layout-flow wp-container-core-column-is-layout-6 wp-block-column-is-layout-flow\" style=\"border-width:2px\">\n<h3 class=\"wp-block-heading has-text-align-center has-white-color has-aurapay-green-light-background-color has-text-color has-background has-link-color has-medium-font-size wp-elements-dbd3e9fe3738a2552354e1d76374bb8c\" style=\"padding-top:var(--wp--preset--spacing--10);padding-right:var(--wp--preset--spacing--10);padding-bottom:var(--wp--preset--spacing--10);padding-left:var(--wp--preset--spacing--10)\">Vietini\u0173 klient\u0173 sprendimas<\/h3>\n\n\n\n<p class=\"has-text-align-center\" style=\"padding-top:var(--wp--preset--spacing--10);padding-right:var(--wp--preset--spacing--10);padding-bottom:var(--wp--preset--spacing--10);padding-left:var(--wp--preset--spacing--10)\">Mes teikiame vietin\u0119 patirt\u012f visame pasaulyje. M\u016bs\u0173 atsidavusi klient\u0173 aptarnavimo komanda, gerai i\u0161mananti vietinius niuansus, prisideda prie j\u016bs\u0173 patirties vert\u0117s, pasi\u016blydama kalbos mok\u0117jim\u0105 ir kult\u016brin\u012f supratim\u0105.<\/p>\n<\/div>\n<\/div>\n<\/div>\n\n\n\n<div class=\"wp-block-group about-howto has-global-padding is-layout-constrained wp-block-group-is-layout-constrained\" style=\"margin-bottom:var(--wp--preset--spacing--40)\">\n<h2 class=\"wp-block-heading has-text-align-center\" style=\"margin-top:var(--wp--preset--spacing--30);margin-bottom:var(--wp--preset--spacing--20)\">Kaip naudoti Aurapay?<\/h2>\n\n\n\n<div class=\"wp-block-group has-global-padding is-layout-constrained wp-block-group-is-layout-constrained\">\n<h3 class=\"wp-block-heading\">Mok\u0117jimai<\/h3>\n\n\n\n<p>Prekybinink\u0173, pereinan\u010di\u0173 prie mok\u0117jim\u0173 kriptovaliuta, skai\u010dius ir toliau nuolat auga. Naudodami Aurapay galite skland\u017eiai atlikti sandorius tarptautin\u0117se internetin\u0117se prekyviet\u0117se, u\u017etikrindami be r\u016bpes\u010di\u0173.<\/p>\n<\/div>\n\n\n\n<div class=\"wp-block-group has-global-padding is-layout-constrained wp-block-group-is-layout-constrained\">\n<h3 class=\"wp-block-heading\">Kripto keitimas<\/h3>\n\n\n\n<p>Mok\u0117kite, pirkite, parduokite ir si\u0173skite kriptovaliut\u0105. Lengvai pasinerkite \u012f skaitmeninio turto pasaul\u012f naudodami m\u016bs\u0173 patogi\u0105 kriptovaliut\u0173 apsikeitimo funkcij\u0105. Akimirksniu i\u0161keiskite vien\u0105 kriptovaliut\u0105 \u012f kit\u0105, tod\u0117l gal\u0117site lengvai pritaikyti ir valdyti savo portfel\u012f.<\/p>\n<\/div>\n\n\n\n<div class=\"wp-block-group has-global-padding is-layout-constrained wp-block-group-is-layout-constrained\">\n<h3 class=\"wp-block-heading\">Asmeniniai finansai<\/h3>\n\n\n\n<p>Kriptovaliutos si\u016blo decentralizuot\u0105 ir dinami\u0161k\u0105 aplink\u0105, kuri leid\u017eia jums valdyti. Nesvarbu, ar siekiate didel\u0117s gr\u0105\u017eos, ar diversifikuojate savo portfel\u012f, kriptovaliutos suteikia unikali\u0105 galimyb\u0119 individualiems investuotojams.<\/p>\n<\/div>\n<\/div>","protected":false},"excerpt":{"rendered":"<p>Kas yra Aurapay? J\u016bs\u0173 kasdien\u0117 kriptovaliut\u0173 pinigin\u0117 Aurapay yra internetin\u0117 kriptovaliut\u0173 pinigin\u0117, kuri\u0105 galima pasiekti bet kada ir bet kur. Taip pat si\u016blome APT stabilias monetas, kurios yra sukurtos i\u0161laikyti fiksuot\u0105 1:1 JPY santyk\u012f su pagrindiniu turtu, tod\u0117l puikiai tinka kasdien\u0117ms operacijoms ir kaip vert\u0117s saugojimas. Daugiau apie APT spustel\u0117kite \u010dia. (susieta su APT puslapiu) Supaprastinta ir saugi kriptovaliut\u0173 pinigin\u0117 Aurapay buvo pristatyta siekiant paskatinti daugiau asmen\u0173 saugiai naudotis kriptovaliutomis ir taip reik\u0161mingai prisid\u0117ti prie m\u016bs\u0173 ateities skaitmenin\u0117s visuomen\u0117s evoliucijos. \u012esigij\u0119 tinkam\u0105 licencij\u0105 ir \u012fdieg\u0119 pa\u017eangiausias saugumo priemones, vartotojai gali dr\u0105siai nar\u0161yti Aurapay platformoje. [\u2026]<\/p>","protected":false},"author":2,"featured_media":0,"parent":0,"menu_order":0,"comment_status":"closed","ping_status":"closed","template":"","meta":{"footnotes":""},"class_list":["post-50","page","type-page","status-publish","hentry"],"_links":{"self":[{"href":"https:\/\/aurapay.com\/lt\/wp-json\/wp\/v2\/pages\/50"}],"collection":[{"href":"https:\/\/aurapay.com\/lt\/wp-json\/wp\/v2\/pages"}],"about":[{"href":"https:\/\/aurapay.com\/lt\/wp-json\/wp\/v2\/types\/page"}],"author":[{"embeddable":true,"href":"https:\/\/aurapay.com\/lt\/wp-json\/wp\/v2\/users\/2"}],"replies":[{"embeddable":true,"href":"https:\/\/aurapay.com\/lt\/wp-json\/wp\/v2\/comments?post=50"}],"version-history":[{"count":1,"href":"https:\/\/aurapay.com\/lt\/wp-json\/wp\/v2\/pages\/50\/revisions"}],"predecessor-version":[{"id":917,"href":"https:\/\/aurapay.com\/lt\/wp-json\/wp\/v2\/pages\/50\/revisions\/917"}],"wp:attachment":[{"href":"https:\/\/aurapay.com\/lt\/wp-json\/wp\/v2\/media?parent=50"}],"curies":[{"name":"wp","href":"https:\/\/api.w.org\/{rel}","templated":true}]}}