{"id":45,"date":"2024-04-10T08:03:10","date_gmt":"2024-04-10T08:03:10","guid":{"rendered":"http:\/\/apnew2.local\/?page_id=45"},"modified":"2024-05-15T08:19:13","modified_gmt":"2024-05-15T08:19:13","slug":"aurapay-token","status":"publish","type":"page","link":"https:\/\/aurapay.com\/lt\/aurapay-token\/","title":{"rendered":"Aurapay \u017eenklas"},"content":{"rendered":"<div class=\"wp-block-cover alignfull is-light\" style=\"padding-top:var(--wp--preset--spacing--40);padding-bottom:var(--wp--preset--spacing--40)\"><span aria-hidden=\"true\" class=\"wp-block-cover__background has-background-dim-0 has-background-dim\" style=\"background-color:#54d081\"><\/span><img loading=\"lazy\" decoding=\"async\" width=\"2065\" height=\"1519\" class=\"wp-block-cover__image-background wp-image-864\" alt=\"\" src=\"https:\/\/aurapay.com\/wp-content\/uploads\/aurapay-token-bg.webp\" style=\"object-position:75% 100%\" data-object-fit=\"cover\" data-object-position=\"75% 100%\"\/><div class=\"wp-block-cover__inner-container has-global-padding is-layout-constrained wp-block-cover-is-layout-constrained\">\n<figure class=\"wp-block-image aligncenter size-full is-resized aurapaytoken-img1\"><img decoding=\"async\" src=\"https:\/\/aurapay.com\/wp-content\/uploads\/aurapay-token-img1.webp\" alt=\"\" class=\"wp-image-508\" style=\"width:300px\"\/><\/figure>\n\n\n\n<p class=\"has-text-align-center has-large-font-size\" style=\"margin-top:0;margin-bottom:0\">Pristatome<\/p>\n\n\n\n<h1 class=\"wp-block-heading has-text-align-center\" style=\"margin-top:0;margin-bottom:var(--wp--preset--spacing--30)\">Aurapay prieigos raktas (APT)<\/h1>\n\n\n\n<p class=\"has-text-align-center\">Aurapay Token (APT) yra reguliuojama kriptovaliutos stabili moneta, sukurta 1:1 santykiu su Japonijos jena (JPY). Tai rei\u0161kia, kad kiekvienas APT yra lygus 1 Japonijos jenai, u\u017etikrinant stabili\u0105 ir nusp\u0117jam\u0105 vert\u0119 skaitmenin\u0117je valiutos erdv\u0117je.<\/p>\n\n\n\n<p class=\"has-text-align-center\">Blockchain pasaulyje n\u0117ra daug stabili\u0173 monet\u0173, atspindin\u010di\u0173 JPY fiat valiutos vert\u0119. APT i\u0161did\u017eiai yra vienas i\u0161 nedaugelio i\u0161rinkt\u0173j\u0173. Nar\u0161ymas sud\u0117tingame blok\u0173 grandin\u0117s kra\u0161tovaizdyje gali b\u016bti bauginantis, ta\u010diau mes esame \u010dia, kad sukurtume skaidr\u0173 ir patikim\u0105 tilt\u0105, kuris skland\u017eiai sujungs j\u016bs\u0173 skaitmenin\u012f turt\u0105 su JPY verte.<\/p>\n\n\n\n<p class=\"has-text-align-center\">APT vert\u0117 i\u0161lieka gana stabili, palyginti su Japonijos jena. Esame tvirtai \u012fsitikin\u0119, kad stabil\u016bs skaitmeniniai i\u0161tekliai, tokie kaip APT, yra labai svarb\u016bs norint i\u0161naudoti visas blockchain technologijos galimybes.<\/p>\n<\/div><\/div>\n\n\n\n<h2 class=\"wp-block-heading has-text-align-center\" style=\"margin-top:var(--wp--preset--spacing--30);margin-bottom:var(--wp--preset--spacing--30)\">Kod\u0117l APT skiriasi?<\/h2>\n\n\n\n<details class=\"wp-block-details is-layout-flow wp-block-details-is-layout-flow\"><summary>Vienintelis tokenas<\/summary>\n<p>Viena i\u0161 nedaugelio JPY stabili\u0173 monet\u0173 blok\u0173 grandin\u0117je ir mes siekiame tapti tiltu, kuris skland\u017eiai sujungia j\u016bs\u0173 kriptovaliut\u0173 turt\u0105 su JPY verte.<\/p>\n<\/details>\n\n\n\n<details class=\"wp-block-details is-layout-flow wp-block-details-is-layout-flow\"><summary>Stabilumas<\/summary>\n<p>APT siekia i\u0161laikyti stabili\u0105 JPY vert\u0119 santykiu 1:1 su pagrindiniu turtu, su kuriuo jie yra susieti. D\u0117l \u0161io stabilumo APT tinka kasdieniams sandoriams ir vert\u0117s kaupimui.<\/p>\n<\/details>\n\n\n\n<details class=\"wp-block-details is-layout-flow wp-block-details-is-layout-flow\"><summary>Greitis ir efektyvumas<\/summary>\n<p>APT si\u016blo greitas ir efektyvias tarptautines operacijas be v\u0117lavim\u0173 ar mokes\u010di\u0173, susijusi\u0173 su tradicin\u0117mis bank\u0173 sistemomis.<\/p>\n<\/details>\n\n\n\n<details class=\"wp-block-details is-layout-flow wp-block-details-is-layout-flow\"><summary>Skaitmenin\u0117 gamta<\/summary>\n<p>APT veikia pagal \u201eblockchain\u201c technologij\u0105 ir si\u016blo daugiau nei tik pinigin\u0119. M\u016bs\u0173 stabili moneta skirta lengvai perkelti, saugoti ir naudoti \u012fvairiose skaitmenin\u0117se ekosistemose.<\/p>\n<\/details>\n\n\n\n<details class=\"wp-block-details is-layout-flow wp-block-details-is-layout-flow\"><summary>Skaidrumas<\/summary>\n<p>APT atlieka reguliarius auditus ir teikia ataskaitas, kad i\u0161laikyt\u0173 skaidrum\u0105.<\/p>\n<\/details>\n\n\n\n<div class=\"wp-block-cover alignfull is-light o-fit-contain\" style=\"margin-top:var(--wp--preset--spacing--30);margin-bottom:var(--wp--preset--spacing--30)\"><span aria-hidden=\"true\" class=\"wp-block-cover__background has-background-dim-0 has-background-dim\"><\/span><img decoding=\"async\" class=\"wp-block-cover__image-background wp-image-571\" alt=\"\" src=\"https:\/\/aurapay.com\/wp-content\/uploads\/aurapay-token-bg2.webp\" style=\"object-position:0% 100%\" data-object-fit=\"cover\" data-object-position=\"0% 100%\"\/><div class=\"wp-block-cover__inner-container has-global-padding is-layout-constrained wp-block-cover-is-layout-constrained\">\n<div class=\"wp-block-columns are-vertically-aligned-center f-dir-colR is-layout-flex wp-container-core-columns-is-layout-1 wp-block-columns-is-layout-flex\" style=\"margin-top:var(--wp--preset--spacing--30);margin-bottom:var(--wp--preset--spacing--30)\">\n<div class=\"wp-block-column is-vertically-aligned-center is-layout-flow wp-block-column-is-layout-flow\">\n<figure class=\"wp-block-image aligncenter size-full is-resized aurapaytoken-img2\"><img decoding=\"async\" src=\"https:\/\/aurapay.com\/wp-content\/uploads\/aurapay-token-img2.webp\" alt=\"\" class=\"wp-image-563\" style=\"width:360px\"\/><\/figure>\n<\/div>\n\n\n\n<div class=\"wp-block-column is-vertically-aligned-center tb-taC is-layout-flow wp-block-column-is-layout-flow\">\n<h2 class=\"wp-block-heading\">Prisijunkite prie revoliucijos ir patys patirkite APT.<\/h2>\n\n\n\n<div class=\"wp-block-buttons tb-jcC is-layout-flex wp-block-buttons-is-layout-flex\" style=\"margin-top:var(--wp--preset--spacing--30)\">\n<div class=\"wp-block-button cv\"><a class=\"wp-block-button__link wp-element-button\" href=\"https:\/\/my.aurapay.com\/signup\/certification?lang=en\">U\u017esiregistruokite dabar<\/a><\/div>\n<\/div>\n<\/div>\n<\/div>\n<\/div><\/div>","protected":false},"excerpt":{"rendered":"<p>Kod\u0117l APT skiriasi?<\/p>","protected":false},"author":2,"featured_media":0,"parent":0,"menu_order":0,"comment_status":"closed","ping_status":"closed","template":"","meta":{"footnotes":""},"class_list":["post-45","page","type-page","status-publish","hentry"],"_links":{"self":[{"href":"https:\/\/aurapay.com\/lt\/wp-json\/wp\/v2\/pages\/45"}],"collection":[{"href":"https:\/\/aurapay.com\/lt\/wp-json\/wp\/v2\/pages"}],"about":[{"href":"https:\/\/aurapay.com\/lt\/wp-json\/wp\/v2\/types\/page"}],"author":[{"embeddable":true,"href":"https:\/\/aurapay.com\/lt\/wp-json\/wp\/v2\/users\/2"}],"replies":[{"embeddable":true,"href":"https:\/\/aurapay.com\/lt\/wp-json\/wp\/v2\/comments?post=45"}],"version-history":[{"count":5,"href":"https:\/\/aurapay.com\/lt\/wp-json\/wp\/v2\/pages\/45\/revisions"}],"predecessor-version":[{"id":1013,"href":"https:\/\/aurapay.com\/lt\/wp-json\/wp\/v2\/pages\/45\/revisions\/1013"}],"wp:attachment":[{"href":"https:\/\/aurapay.com\/lt\/wp-json\/wp\/v2\/media?parent=45"}],"curies":[{"name":"wp","href":"https:\/\/api.w.org\/{rel}","templated":true}]}}