{"id":42,"date":"2024-04-10T07:53:32","date_gmt":"2024-04-10T07:53:32","guid":{"rendered":"http:\/\/apnew2.local\/?page_id=42"},"modified":"2024-05-27T11:54:02","modified_gmt":"2024-05-27T08:54:02","slug":"feature","status":"publish","type":"page","link":"https:\/\/aurapay.com\/lt\/feature\/","title":{"rendered":"Funkcija"},"content":{"rendered":"<div class=\"wp-block-cover alignfull is-light o-fit-contain\" style=\"min-height:480px;aspect-ratio:unset;\"><span aria-hidden=\"true\" class=\"wp-block-cover__background has-base-2-background-color has-background-dim-0 has-background-dim\"><\/span><img decoding=\"async\" class=\"wp-block-cover__image-background wp-image-558\" alt=\"\" src=\"https:\/\/aurapay.com\/wp-content\/uploads\/feature-bg.webp\" style=\"object-position:100% 0%\" data-object-fit=\"cover\" data-object-position=\"100% 0%\"\/><div class=\"wp-block-cover__inner-container has-global-padding is-layout-constrained wp-block-cover-is-layout-constrained\">\n<div class=\"wp-block-columns f-dir-colR is-layout-flex wp-container-core-columns-is-layout-1 wp-block-columns-is-layout-flex\">\n<div class=\"wp-block-column tb-taC is-layout-flow wp-block-column-is-layout-flow\">\n<h1 class=\"wp-block-heading translation-block\">Pristatome<br> Aurapay s\u0105skaitos<\/h1>\n\n\n\n<p>Aurapay si\u016blo tris skirtingus paskyros tipus, kad patenkint\u0173 j\u016bs\u0173 unikalius poreikius. I\u0161nagrin\u0117kite toliau pateiktus galimus paskyros tipus, kad rastum\u0117te sau tinkamiausi\u0105.<\/p>\n<\/div>\n\n\n\n<div class=\"wp-block-column tb-taC is-layout-flow wp-block-column-is-layout-flow\">\n<figure class=\"wp-block-image size-full is-resized feature-img1\"><img decoding=\"async\" src=\"https:\/\/aurapay.com\/wp-content\/uploads\/feature-img1.webp\" alt=\"\" class=\"wp-image-460\" style=\"width:150px\"\/><\/figure>\n<\/div>\n<\/div>\n<\/div><\/div>\n\n\n\n<div class=\"wp-block-columns are-vertically-aligned-center is-layout-flex wp-container-core-columns-is-layout-2 wp-block-columns-is-layout-flex\" style=\"margin-top:var(--wp--preset--spacing--30);margin-bottom:var(--wp--preset--spacing--50)\">\n<div class=\"wp-block-column is-vertically-aligned-center is-layout-flow wp-block-column-is-layout-flow\">\n<figure class=\"wp-block-image aligncenter size-full is-resized feature-img2\"><img decoding=\"async\" src=\"https:\/\/aurapay.com\/wp-content\/uploads\/feature-img2.webp\" alt=\"\" class=\"wp-image-467\" style=\"width:380px\"\/><\/figure>\n<\/div>\n\n\n\n<div class=\"wp-block-column is-vertically-aligned-center is-layout-flow wp-block-column-is-layout-flow\">\n<h2 class=\"wp-block-heading tb-taC account\">Asmeninis<sub> s\u0105skaita<\/sub><\/h2>\n\n\n\n<ul class=\"wp-block-list\">\n<li>Paprastos ir saugios kriptovaliutos operacijos j\u016bs\u0173 kasdieniams poreikiams.<\/li>\n\n\n\n<li>Si\u0173skite ir gaukite l\u0117\u0161as i\u0161 savo pinigin\u0117s \u012f kitus kriptovaliut\u0173 adresus arba prekybininkus, naudodami kriptovaliutas arba Aurapay stabil\u0173 monet\u0173 APT.<\/li>\n\n\n\n<li>Pritaikomi sprendimai j\u016bs\u0173 skaitmeniniam turtui tvarkyti, \u012fskaitant pirkim\u0105, pardavim\u0105 ir keitim\u0105.<\/li>\n\n\n\n<li>Prieiga prie m\u016bs\u0173 patogios platformos, skirtos kriptovaliut\u0173 bankininkyst\u0117s paslaugai keliaujant.<\/li>\n\n\n\n<li>I\u0161pl\u0117stinis ataskait\u0173 teikimas, skirtas sekti savo kriptovaliut\u0173 operacijas.<\/li>\n<\/ul>\n\n\n\n<div class=\"wp-block-buttons tb-jcC is-layout-flex wp-block-buttons-is-layout-flex\" style=\"margin-top:var(--wp--preset--spacing--30)\">\n<div class=\"wp-block-button cv\"><a class=\"wp-block-button__link wp-element-button\" href=\"https:\/\/my.aurapay.com\/signup\/certification?lang=en\">U\u017esiregistruokite dabar<\/a><\/div>\n<\/div>\n<\/div>\n<\/div>\n\n\n\n<div class=\"wp-block-columns are-vertically-aligned-center f-dir-colR is-layout-flex wp-container-core-columns-is-layout-3 wp-block-columns-is-layout-flex\" style=\"margin-top:var(--wp--preset--spacing--30);margin-bottom:var(--wp--preset--spacing--50)\">\n<div class=\"wp-block-column is-vertically-aligned-center is-layout-flow wp-block-column-is-layout-flow\">\n<h2 class=\"wp-block-heading tb-taC account\">Verslas<sub> s\u0105skaita<\/sub><\/h2>\n\n\n\n<ul class=\"wp-block-list\">\n<li>Idealiai tinka verslininkams arba ma\u017eoms ir vidutin\u0117ms kriptovaliut\u0173 verslui.<\/li>\n\n\n\n<li>Efektyvus didesni\u0173 operacij\u0173 apdorojimas i\u0161 j\u016bs\u0173 pinigin\u0117s \u012f kitus kriptovaliut\u0173 pinigin\u0117s adresus ar prekybininkus, naudojant kriptovaliutas arba Aurapay stabil\u0173 monet\u0173 APT.<\/li>\n\n\n\n<li>Individualizuotos funkcijos, skirtos \u012fmon\u0117ms efektyviai valdyti savo kriptovaliut\u0105, \u012fskaitant pirkim\u0105, pardavim\u0105 ir greit\u0105 keitim\u0105si.<\/li>\n\n\n\n<li>\u012egalinkite savo verslo valdym\u0105 naudodami patogi\u0105 kriptovaliut\u0173 bankininkyst\u0119 kelyje.<\/li>\n\n\n\n<li>Sud\u0117tingos ataskaitos, skirtos valdyti j\u016bs\u0173 verslo kriptovaliut\u0173 operacijas.<\/li>\n<\/ul>\n\n\n\n<div class=\"wp-block-buttons tb-jcC is-layout-flex wp-block-buttons-is-layout-flex\" style=\"margin-top:var(--wp--preset--spacing--30)\">\n<div class=\"wp-block-button cv\"><a class=\"wp-block-button__link wp-element-button\" href=\"https:\/\/my.aurapay.com\/signup\/certification?lang=en\">U\u017esiregistruokite dabar<\/a><\/div>\n<\/div>\n<\/div>\n\n\n\n<div class=\"wp-block-column is-vertically-aligned-center is-layout-flow wp-block-column-is-layout-flow\">\n<figure class=\"wp-block-image aligncenter size-full is-resized feature-img3\"><img decoding=\"async\" src=\"https:\/\/aurapay.com\/wp-content\/uploads\/feature-img3.webp\" alt=\"\" class=\"wp-image-469\" style=\"width:280px\"\/><\/figure>\n<\/div>\n<\/div>\n\n\n\n<div class=\"wp-block-columns are-vertically-aligned-center is-layout-flex wp-container-core-columns-is-layout-4 wp-block-columns-is-layout-flex\" style=\"margin-top:var(--wp--preset--spacing--30);margin-bottom:var(--wp--preset--spacing--50)\">\n<div class=\"wp-block-column is-vertically-aligned-center is-layout-flow wp-block-column-is-layout-flow\">\n<figure class=\"wp-block-image aligncenter size-full is-resized feature-img4\"><img decoding=\"async\" src=\"https:\/\/aurapay.com\/wp-content\/uploads\/feature-img4.webp\" alt=\"\" class=\"wp-image-471\" style=\"width:340px\"\/><\/figure>\n<\/div>\n\n\n\n<div class=\"wp-block-column is-vertically-aligned-center is-layout-flow wp-block-column-is-layout-flow\">\n<h2 class=\"wp-block-heading tb-taC account\">Prekybininkas<sub> s\u0105skaita<\/sub><\/h2>\n\n\n\n<ul class=\"wp-block-list\">\n<li>Sukurta siekiant patenkinti internetini\u0173 paslaug\u0173 ir kriptovaliut\u0173 prekybinink\u0173 kriptovaliut\u0173 valdymo poreikius.<\/li>\n\n\n\n<li>Skland\u017eiai apdorokite operacijas naudodami Aurapay pritaikom\u0105 API integracij\u0105, si\u016blydami \u012fvairias parinktis, \u012fskaitant kriptovaliutas ir aurapay stablecoin APT.<\/li>\n\n\n\n<li>Patobulinkite esam\u0105 \u012fmok\u0173 ir pinig\u0173 i\u0161\u0117mimo paslaug\u0105 integruodami m\u016bs\u0173 mok\u0117jimo sprendim\u0105 \u012f savo svetain\u0119.<\/li>\n\n\n\n<li>I\u0161sami \u012f\u017evalga, kaip pri\u017ei\u016br\u0117ti j\u016bs\u0173 kriptovaliut\u0173 operacijas su Aurapay asmeniniais ir verslo vartotojais \u201eviskas viename\u201c verslo ataskaitoje.<\/li>\n<\/ul>\n\n\n\n<div class=\"wp-block-buttons tb-jcC is-layout-flex wp-block-buttons-is-layout-flex\" style=\"margin-top:var(--wp--preset--spacing--30)\">\n<div class=\"wp-block-button cv\"><a class=\"wp-block-button__link wp-element-button\" href=\"https:\/\/my.aurapay.com\/contact\/form\">Teiraukit\u0117s dabar<\/a><\/div>\n<\/div>\n<\/div>\n<\/div>\n\n\n\n<div class=\"wp-block-cover alignfull is-light the-aurapay-token\" style=\"margin-top:var(--wp--preset--spacing--60);margin-bottom:0;min-height:320px;aspect-ratio:unset;\"><span aria-hidden=\"true\" class=\"wp-block-cover__background has-base-2-background-color has-background-dim-0 has-background-dim\"><\/span><img decoding=\"async\" class=\"wp-block-cover__image-background wp-image-553\" alt=\"\" src=\"https:\/\/aurapay.com\/wp-content\/uploads\/apt-bg.webp\" data-object-fit=\"cover\"\/><div class=\"wp-block-cover__inner-container has-global-padding is-layout-constrained wp-block-cover-is-layout-constrained\">\n<div class=\"wp-block-columns are-vertically-aligned-center is-layout-flex wp-container-core-columns-is-layout-5 wp-block-columns-is-layout-flex\" style=\"margin-bottom:0\">\n<div class=\"wp-block-column is-vertically-aligned-center is-layout-flow wp-container-core-column-is-layout-9 wp-block-column-is-layout-flow\" style=\"padding-top:0;padding-right:var(--wp--preset--spacing--20);padding-bottom:0;padding-left:var(--wp--preset--spacing--20);flex-basis:23%\">\n<figure class=\"wp-block-image aligncenter size-full img-apt link\"><a href=\"\/lt\/aurapay-token\/\"><img decoding=\"async\" src=\"https:\/\/aurapay.com\/wp-content\/uploads\/apt-img.webp\" alt=\"\" class=\"wp-image-338\"\/><\/a><\/figure>\n<\/div>\n\n\n\n<div class=\"wp-block-column is-vertically-aligned-center tb-taC is-layout-flow wp-block-column-is-layout-flow\">\n<h2 class=\"wp-block-heading tdN\"><a href=\"\/lt\/aurapay-token\/\" data-type=\"page\" data-id=\"45\">Aurapay \u017eetonas<\/a><\/h2>\n\n\n\n<p>Aurapay Token (APT) yra reguliuojama kriptovaliutos stabili moneta, sukurta 1:1 santykiu su Japonijos jena (JPY). Tai rei\u0161kia, kad kiekvienas APT yra lygus 1 Japonijos jenai, u\u017etikrinant stabili\u0105 ir nusp\u0117jam\u0105 vert\u0119 skaitmenin\u0117je valiutos erdv\u0117je.<\/p>\n<\/div>\n<\/div>\n<\/div><\/div>","protected":false},"excerpt":{"rendered":"<p>Asmenin\u0117 s\u0105skaita Verslo s\u0105skaita Prekybininko s\u0105skaita<\/p>","protected":false},"author":2,"featured_media":0,"parent":0,"menu_order":0,"comment_status":"closed","ping_status":"closed","template":"","meta":{"footnotes":""},"class_list":["post-42","page","type-page","status-publish","hentry"],"_links":{"self":[{"href":"https:\/\/aurapay.com\/lt\/wp-json\/wp\/v2\/pages\/42"}],"collection":[{"href":"https:\/\/aurapay.com\/lt\/wp-json\/wp\/v2\/pages"}],"about":[{"href":"https:\/\/aurapay.com\/lt\/wp-json\/wp\/v2\/types\/page"}],"author":[{"embeddable":true,"href":"https:\/\/aurapay.com\/lt\/wp-json\/wp\/v2\/users\/2"}],"replies":[{"embeddable":true,"href":"https:\/\/aurapay.com\/lt\/wp-json\/wp\/v2\/comments?post=42"}],"version-history":[{"count":13,"href":"https:\/\/aurapay.com\/lt\/wp-json\/wp\/v2\/pages\/42\/revisions"}],"predecessor-version":[{"id":1119,"href":"https:\/\/aurapay.com\/lt\/wp-json\/wp\/v2\/pages\/42\/revisions\/1119"}],"wp:attachment":[{"href":"https:\/\/aurapay.com\/lt\/wp-json\/wp\/v2\/media?parent=42"}],"curies":[{"name":"wp","href":"https:\/\/api.w.org\/{rel}","templated":true}]}}