{"id":38,"date":"2024-04-10T07:53:40","date_gmt":"2024-04-10T07:53:40","guid":{"rendered":"http:\/\/apnew2.local\/?page_id=38"},"modified":"2024-07-10T03:03:19","modified_gmt":"2024-07-10T00:03:19","slug":"home","status":"publish","type":"page","link":"https:\/\/aurapay.com\/lt\/","title":{"rendered":"namai"},"content":{"rendered":"<div class=\"wp-block-cover alignfull is-light o-fit-contain\" style=\"margin-top:0;margin-bottom:0;padding-top:var(--wp--preset--spacing--20);padding-bottom:var(--wp--preset--spacing--20);min-height:520px;aspect-ratio:unset;\"><span aria-hidden=\"true\" class=\"wp-block-cover__background has-background-dim-0 has-background-dim\"><\/span><img decoding=\"async\" class=\"wp-block-cover__image-background wp-image-555\" alt=\"\" src=\"https:\/\/aurapay.com\/wp-content\/uploads\/home-bg.webp\" style=\"object-position:100% 0%\" data-object-fit=\"cover\" data-object-position=\"100% 0%\"\/><div class=\"wp-block-cover__inner-container has-global-padding is-layout-constrained wp-block-cover-is-layout-constrained\">\n<div class=\"wp-block-columns are-vertically-aligned-center f-dir-colR is-layout-flex wp-container-core-columns-is-layout-28f84493 wp-block-columns-is-layout-flex\">\n<div class=\"wp-block-column is-vertically-aligned-center tb-taC is-layout-flow wp-block-column-is-layout-flow\">\n<h1 class=\"wp-block-heading\"><img decoding=\"async\" class=\"wp-image-179\" style=\"width: 300px;\" src=\"https:\/\/aurapay.com\/wp-content\/uploads\/logo_aurapay.webp\" alt=\"\"><\/h1>\n\n\n\n<h2 class=\"wp-block-heading translation-block\">Kita karta<br> Kripto mok\u0117jimo platforma<\/h2>\n\n\n\n<p>Skland\u016bs sandoriai visiems.<\/p>\n\n\n\n<div class=\"wp-block-buttons tb-jcC is-layout-flex wp-block-buttons-is-layout-flex\" style=\"margin-top:var(--wp--preset--spacing--30)\">\n<div class=\"wp-block-button cv\"><a class=\"wp-block-button__link wp-element-button\" href=\"https:\/\/my.aurapay.com\/signup\/certification?lang=en\">U\u017esiregistruokite dabar<\/a><\/div>\n<\/div>\n<\/div>\n\n\n\n<div class=\"wp-block-column is-vertically-aligned-center is-layout-flow wp-block-column-is-layout-flow\" style=\"padding-top:var(--wp--preset--spacing--30);padding-bottom:var(--wp--preset--spacing--30)\">\n<figure class=\"wp-block-image aligncenter size-full home-img1\"><img decoding=\"async\" src=\"https:\/\/aurapay.com\/wp-content\/uploads\/home-img1.webp\" alt=\"\" class=\"wp-image-333\" style=\"object-fit:cover\"\/><\/figure>\n<\/div>\n<\/div>\n<\/div><\/div>\n\n\n\n<div class=\"wp-block-columns are-vertically-aligned-center is-layout-flex wp-container-core-columns-is-layout-d56b67df wp-block-columns-is-layout-flex\" style=\"margin-top:var(--wp--preset--spacing--30);margin-bottom:var(--wp--preset--spacing--30)\">\n<div class=\"wp-block-column is-vertically-aligned-center is-layout-flow wp-block-column-is-layout-flow\">\n<figure class=\"wp-block-image aligncenter size-full home-img2\"><img decoding=\"async\" src=\"https:\/\/aurapay.com\/wp-content\/uploads\/home-img2.webp\" alt=\"\" class=\"wp-image-335\"\/><\/figure>\n<\/div>\n\n\n\n<div class=\"wp-block-column is-vertically-aligned-center tb-taC is-layout-flow wp-block-column-is-layout-flow\">\n<h2 class=\"wp-block-heading translation-block\">Besi\u016bli\u0173 kriptovaliut\u0173<br> Mok\u0117jimo platforma<\/h2>\n\n\n\n<p>I\u0161tirkite begalines galimybes su Aurapay: mok\u0117kite, pirkite, parduokite ir si\u0173skite \u017eetonus. Aurapay tarnauja kaip j\u016bs\u0173 did\u017eiausia kriptovaliut\u0173 pinigin\u0117, jungianti jus su prekybininkais ir blok\u0173 grandine. Mes si\u016blome Bitcoin, Ethereum, Ripple ir Tether.<\/p>\n<\/div>\n<\/div>\n\n\n\n<div class=\"wp-block-columns are-vertically-aligned-center f-dir-colR is-layout-flex wp-container-core-columns-is-layout-d56b67df wp-block-columns-is-layout-flex\" style=\"margin-top:var(--wp--preset--spacing--30);margin-bottom:var(--wp--preset--spacing--30)\">\n<div class=\"wp-block-column is-vertically-aligned-center tb-taC is-layout-flow wp-block-column-is-layout-flow\">\n<h2 class=\"wp-block-heading translation-block\">\u012ene\u0161ti ir i\u0161siimti<br> tau lengviau!<\/h2>\n\n\n\n<p>\u012ene\u0161imas ir i\u0161\u0117mimas gali b\u016bti tvarkomi tiek fiat, tiek kriptovaliuta bet kada ir bet kur.<\/p>\n<\/div>\n\n\n\n<div class=\"wp-block-column is-vertically-aligned-center is-layout-flow wp-block-column-is-layout-flow\">\n<figure class=\"wp-block-image aligncenter size-full home-img3\"><img decoding=\"async\" src=\"https:\/\/aurapay.com\/wp-content\/uploads\/home-img3.webp\" alt=\"\" class=\"wp-image-337\"\/><\/figure>\n<\/div>\n<\/div>\n\n\n\n<h2 class=\"wp-block-heading has-text-align-center\" style=\"margin-top:var(--wp--preset--spacing--40);margin-bottom:var(--wp--preset--spacing--20)\">I\u0161ankstin\u0117s apsaugos sistemos<\/h2>\n\n\n\n<div class=\"wp-block-columns advance-security-systems is-layout-flex wp-container-core-columns-is-layout-ac9f430d wp-block-columns-is-layout-flex\" style=\"margin-top:var(--wp--preset--spacing--30);margin-bottom:var(--wp--preset--spacing--30);padding-right:var(--wp--preset--spacing--30);padding-left:var(--wp--preset--spacing--30)\">\n<div class=\"wp-block-column is-layout-flow wp-block-column-is-layout-flow\" style=\"border-style:none;border-width:0px\">\n<div class=\"wp-block-group has-global-padding is-layout-constrained wp-block-group-is-layout-constrained\">\n<h3 class=\"wp-block-heading has-text-align-center has-white-color has-aurapay-green-light-background-color has-text-color has-background has-link-color wp-elements-84fb556f5b3cf1f062995df2fce764d0\" style=\"padding-top:var(--wp--preset--spacing--10);padding-right:var(--wp--preset--spacing--10);padding-bottom:var(--wp--preset--spacing--10);padding-left:var(--wp--preset--spacing--10)\">SSL<sup> (Saugus saugos sluoksnis)<\/sup><\/h3>\n\n\n\n<p class=\"has-text-align-center\" style=\"padding-top:0;padding-right:var(--wp--preset--spacing--10);padding-bottom:var(--wp--preset--spacing--20);padding-left:var(--wp--preset--spacing--10)\">SSL yra saugi\u0173 skaitmenini\u0173 ry\u0161i\u0173 pagrindas, \u0161ifruojan\u010di\u0173 ry\u0161io duomen\u0173 apsauga, u\u017etikrinanti, kad j\u016bs\u0173 slapta informacija ir asmenin\u0117 informacija i\u0161likt\u0173 privati ir saugi atliekant operacijas.<\/p>\n<\/div>\n<\/div>\n\n\n\n<div class=\"wp-block-column is-layout-flow wp-block-column-is-layout-flow\">\n<div class=\"wp-block-group has-global-padding is-layout-constrained wp-block-group-is-layout-constrained\">\n<h3 class=\"wp-block-heading has-text-align-center has-white-color has-aurapay-green-light-background-color has-text-color has-background has-link-color wp-elements-98a8855087c7193933b80ec5840e1c6f\" style=\"padding-top:var(--wp--preset--spacing--10);padding-right:var(--wp--preset--spacing--10);padding-bottom:var(--wp--preset--spacing--10);padding-left:var(--wp--preset--spacing--10)\">Daugialypis para\u0161as<\/h3>\n\n\n\n<p class=\"has-text-align-center\" style=\"padding-top:0;padding-right:var(--wp--preset--spacing--10);padding-bottom:var(--wp--preset--spacing--20);padding-left:var(--wp--preset--spacing--10)\">J\u016bs\u0173 pinigin\u0117je yra keli u\u017eraktai, tod\u0117l reikia keli\u0173 \u012fgaliot\u0173 vartotoj\u0173 patvirtinimo. Tai suteikia papildom\u0105 apsaug\u0105 nuo neteis\u0117t\u0173 operacij\u0173 ir u\u017etikrina did\u017eiausi\u0105 saugum\u0105 visiems.<\/p>\n<\/div>\n<\/div>\n\n\n\n<div class=\"wp-block-column is-layout-flow wp-block-column-is-layout-flow\">\n<div class=\"wp-block-group has-global-padding is-layout-constrained wp-block-group-is-layout-constrained\">\n<h3 class=\"wp-block-heading has-text-align-center has-white-color has-aurapay-green-light-background-color has-text-color has-background has-link-color wp-elements-e3a1e45cb21d3cc6b5a717c16ebd9091\" style=\"padding-top:var(--wp--preset--spacing--10);padding-right:var(--wp--preset--spacing--10);padding-bottom:var(--wp--preset--spacing--10);padding-left:var(--wp--preset--spacing--10)\">Dviej\u0173 veiksni\u0173 autentifikavimas<\/h3>\n\n\n\n<p class=\"has-text-align-center\" style=\"padding-top:0;padding-right:var(--wp--preset--spacing--10);padding-bottom:var(--wp--preset--spacing--20);padding-left:var(--wp--preset--spacing--10)\">Papildomas saugumo lygis pridedamas siun\u010diant vienkartin\u012f slapta\u017eod\u012f j\u016bs\u0173 nurodytu el. pa\u0161to adresu. \u0160is procesas suteikia dvigub\u0105 paskyros apsaug\u0105, tod\u0117l labai sunku pasiekti neteis\u0117t\u0105 prieig\u0105.<\/p>\n<\/div>\n<\/div>\n<\/div>\n\n\n\n<div class=\"wp-block-buttons tb-jcC is-content-justification-center is-layout-flex wp-container-core-buttons-is-layout-d2a3880e wp-block-buttons-is-layout-flex\" style=\"margin-top:var(--wp--preset--spacing--30)\">\n<div class=\"wp-block-button cv\"><a class=\"wp-block-button__link wp-element-button\" href=\"https:\/\/my.aurapay.com\/signup\/certification?lang=en\">U\u017esiregistruokite dabar<\/a><\/div>\n<\/div>\n\n\n\n<div class=\"wp-block-cover alignfull is-light the-aurapay-token\" style=\"margin-top:var(--wp--preset--spacing--60);margin-bottom:0;min-height:320px;aspect-ratio:unset;\"><span aria-hidden=\"true\" class=\"wp-block-cover__background has-base-2-background-color has-background-dim-0 has-background-dim\"><\/span><img decoding=\"async\" class=\"wp-block-cover__image-background wp-image-553\" alt=\"\" src=\"https:\/\/aurapay.com\/wp-content\/uploads\/apt-bg.webp\" data-object-fit=\"cover\"\/><div class=\"wp-block-cover__inner-container has-global-padding is-layout-constrained wp-block-cover-is-layout-constrained\">\n<div class=\"wp-block-columns are-vertically-aligned-center is-layout-flex wp-container-core-columns-is-layout-f1690f93 wp-block-columns-is-layout-flex\" style=\"margin-bottom:0\">\n<div class=\"wp-block-column is-vertically-aligned-center is-layout-flow wp-container-core-column-is-layout-f93016a2 wp-block-column-is-layout-flow\" style=\"padding-top:0;padding-right:var(--wp--preset--spacing--20);padding-bottom:0;padding-left:var(--wp--preset--spacing--20);flex-basis:23%\">\n<figure class=\"wp-block-image aligncenter size-full img-apt link\"><a href=\"\/lt\/aurapay-token\/\"><img decoding=\"async\" src=\"https:\/\/aurapay.com\/wp-content\/uploads\/apt-img.webp\" alt=\"\" class=\"wp-image-338\"\/><\/a><\/figure>\n<\/div>\n\n\n\n<div class=\"wp-block-column is-vertically-aligned-center tb-taC is-layout-flow wp-block-column-is-layout-flow\">\n<h2 class=\"wp-block-heading tdN\"><a href=\"\/lt\/aurapay-token\/\" data-type=\"page\" data-id=\"45\">Aurapay \u017eetonas<\/a><\/h2>\n\n\n\n<p>Aurapay Token (APT) yra reguliuojama kriptovaliutos stabili moneta, sukurta 1:1 santykiu su Japonijos jena (JPY). Tai rei\u0161kia, kad kiekvienas APT yra lygus 1 Japonijos jenai, u\u017etikrinant stabili\u0105 ir nusp\u0117jam\u0105 vert\u0119 skaitmenin\u0117je valiutos erdv\u0117je.<\/p>\n<\/div>\n<\/div>\n<\/div><\/div>","protected":false},"excerpt":{"rendered":"<p>Seamless CryptoPayment Platform Explore endless possibilities with Aurapay: Pay, Buy, Sell and Send tokens. Aurapay serves as your ultimate cryptocurrency wallet, connecting you with merchants and the blockchain. We offer Bitcoin, Ethereum, Ripple, and Tether. Deposit and Withdraw at your ease! Deposit and withdrawals can be processed in both fiat and cryptocurrency anytime, anywhere. Advance Security Systems SSL (Secure Security Layer) SSL is the backbone of secure digital connections, a safeguard of encrypts communication data that ensures your sensitive information and and personal details remain private and secure during your transactions. Multi-signature Your wallet includes multiple locks, requiring the approval of several authorized users. This provides an additional layer of [&hellip;]<\/p>\n","protected":false},"author":2,"featured_media":0,"parent":0,"menu_order":0,"comment_status":"closed","ping_status":"closed","template":"","meta":{"footnotes":""},"class_list":["post-38","page","type-page","status-publish","hentry"],"_links":{"self":[{"href":"https:\/\/aurapay.com\/lt\/wp-json\/wp\/v2\/pages\/38","targetHints":{"allow":["GET"]}}],"collection":[{"href":"https:\/\/aurapay.com\/lt\/wp-json\/wp\/v2\/pages"}],"about":[{"href":"https:\/\/aurapay.com\/lt\/wp-json\/wp\/v2\/types\/page"}],"author":[{"embeddable":true,"href":"https:\/\/aurapay.com\/lt\/wp-json\/wp\/v2\/users\/2"}],"replies":[{"embeddable":true,"href":"https:\/\/aurapay.com\/lt\/wp-json\/wp\/v2\/comments?post=38"}],"version-history":[{"count":13,"href":"https:\/\/aurapay.com\/lt\/wp-json\/wp\/v2\/pages\/38\/revisions"}],"predecessor-version":[{"id":1129,"href":"https:\/\/aurapay.com\/lt\/wp-json\/wp\/v2\/pages\/38\/revisions\/1129"}],"wp:attachment":[{"href":"https:\/\/aurapay.com\/lt\/wp-json\/wp\/v2\/media?parent=38"}],"curies":[{"name":"wp","href":"https:\/\/api.w.org\/{rel}","templated":true}]}}