{"id":115,"date":"2024-04-11T01:57:26","date_gmt":"2024-04-11T01:57:26","guid":{"rendered":"https:\/\/apnew2.local\/?page_id=115"},"modified":"2024-05-13T04:43:26","modified_gmt":"2024-05-13T04:43:26","slug":"documents-required","status":"publish","type":"page","link":"https:\/\/aurapay.com\/lt\/documents-required\/","title":{"rendered":"Reikalingi dokumentai"},"content":{"rendered":"<div class=\"wp-block-group has-global-padding is-layout-constrained wp-block-group-is-layout-constrained\" style=\"margin-top:var(--wp--preset--spacing--40);margin-bottom:0;padding-top:0;padding-bottom:0\">\n<h1 class=\"wp-block-heading\">S\u0105skaitai reikalingi dokumentai<\/h1>\n\n\n\n<p>Nor\u0117dami naudotis paskyra, tur\u0117site pateikti toliau nurodytus reikalingus dokumentus.<\/p>\n\n\n\n<ul class=\"anchor wp-block-list\">\n<li><a href=\"#personal_account\">Asmenin\u0117 paskyra<\/a><\/li>\n\n\n\n<li><a href=\"#business_account\">Verslo s\u0105skaita<\/a><\/li>\n<\/ul>\n<\/div>\n\n\n\n<h2 class=\"wp-block-heading\" id=\"personal_account\" style=\"margin-top:0;margin-bottom:var(--wp--preset--spacing--30);padding-top:var(--wp--preset--spacing--60)\">Asmenin\u0117 paskyra<\/h2>\n\n\n\n<h3 class=\"wp-block-heading has-aurapay-green-color has-text-color has-link-color wp-elements-98324f51f223fb64dfe9c02e91b0e4ef\" style=\"margin-top:var(--wp--preset--spacing--30)\">Asmens tapatyb\u0117s patvirtinimo dokumentai<\/h3>\n\n\n\n<p class=\"has-aurapay-green-color has-text-color has-link-color wp-elements-9e27b96a9e1c04cae473141e2421035e\">Pra\u0161ysime pateikti paskyr\u0105 registravusio asmens tapatyb\u0117s dokument\u0105 (asmen\u012f) ir asmenuk\u0119 (veido atpa\u017einimas).<\/p>\n\n\n\n<h4 class=\"wp-block-heading icon-id\" style=\"margin-top:var(--wp--preset--spacing--20)\">Tapatyb\u0117s patvirtinimas su nuotrauka<\/h4>\n\n\n\n<p>Pateikite vien\u0105 i\u0161 \u0161i\u0173 dokument\u0173: vairuotojo pa\u017eym\u0117jim\u0105, Mano numerio kortel\u0119 (taikoma tik Japonijos gyventojams) arba pas\u0105.<\/p>\n\n\n\n<div class=\"wp-block-columns col-border-round is-layout-flex wp-container-core-columns-is-layout-1 wp-block-columns-is-layout-flex\" style=\"margin-top:var(--wp--preset--spacing--20);margin-bottom:var(--wp--preset--spacing--20)\">\n<div class=\"wp-block-column has-border-color has-aurapay-green-border-color is-layout-flow wp-block-column-is-layout-flow\" style=\"border-width:2px;padding-top:var(--wp--preset--spacing--20);padding-right:var(--wp--preset--spacing--20);padding-bottom:var(--wp--preset--spacing--20);padding-left:var(--wp--preset--spacing--20)\">\n<h5 class=\"wp-block-heading\">Vairuotojo pa\u017eym\u0117jimas<\/h5>\n\n\n\n<p>Pateikite vairuotojo pa\u017eym\u0117jimo priekin\u0119 ir galin\u0119 dal\u012f.<\/p>\n<\/div>\n\n\n\n<div class=\"wp-block-column has-border-color has-aurapay-green-border-color is-layout-flow wp-block-column-is-layout-flow\" style=\"border-width:2px;padding-top:var(--wp--preset--spacing--20);padding-right:var(--wp--preset--spacing--20);padding-bottom:var(--wp--preset--spacing--20);padding-left:var(--wp--preset--spacing--20)\">\n<h5 class=\"wp-block-heading\">Pasas<\/h5>\n\n\n\n<p>Pateikite puslap\u012f su savo nuotrauka ir para\u0161u.<\/p>\n<\/div>\n\n\n\n<div class=\"wp-block-column has-border-color has-aurapay-green-border-color is-layout-flow wp-block-column-is-layout-flow\" style=\"border-width:2px;padding-top:var(--wp--preset--spacing--20);padding-right:var(--wp--preset--spacing--20);padding-bottom:var(--wp--preset--spacing--20);padding-left:var(--wp--preset--spacing--20)\">\n<h5 class=\"wp-block-heading\"><strong>Mano numerio kortel\u0117<\/strong><\/h5>\n\n\n\n<p>Pateikite kortel\u0117s priek\u012f ir gal\u0105.<br>* Pra\u0161ome pasl\u0117pti asmenin\u012f numer\u012f ir br\u016bk\u0161nin\u012f kod\u0105.<\/p>\n<\/div>\n<\/div>\n\n\n\n<div class=\"wp-block-columns has-green-pale-background-color has-background is-layout-flex wp-container-core-columns-is-layout-2 wp-block-columns-is-layout-flex\" style=\"border-radius:1rem;margin-top:var(--wp--preset--spacing--20);margin-bottom:var(--wp--preset--spacing--20);padding-top:var(--wp--preset--spacing--20);padding-right:var(--wp--preset--spacing--20);padding-bottom:var(--wp--preset--spacing--20);padding-left:var(--wp--preset--spacing--20)\">\n<div class=\"wp-block-column is-layout-flow wp-block-column-is-layout-flow\" style=\"flex-basis:20%\">\n<p>Reikalavimai<\/p>\n<\/div>\n\n\n\n<div class=\"wp-block-column is-layout-flow wp-block-column-is-layout-flow\">\n<ol class=\"wp-block-list\">\n<li>Asmens tapatyb\u0119 patvirtinan\u010dius dokumentus turi i\u0161duoti vyriausybin\u0117 \u012fstaiga, juose turi b\u016bti nurodytas toks pat vardas ir gimimo data, kaip ir registruotoje AuraPay informacijoje.<\/li>\n\n\n\n<li>&nbsp;Pasibaigusio galiojimo asmens tapatyb\u0117s kortel\u0117 negali b\u016bti naudojama kaip tapatyb\u0117s patvirtinimo dokumentas.<\/li>\n\n\n\n<li>Atkreipkite d\u0117mes\u012f, kad laikinoji prane\u0161im\u0173 kortel\u0117, prane\u0161anti apie j\u016bs\u0173 asmenin\u0119 \u201emano numerio kortel\u0119\u201c, negali b\u016bti naudojama kaip tapatyb\u0117s patvirtinimo dokumentas.<\/li>\n\n\n\n<li>Ne Japonijos pilie\u010diams ir Japonijos pilie\u010diams, gyvenantiems u\u017e Japonijos rib\u0173, reikalingas galiojantis pasas.<\/li>\n<\/ol>\n<\/div>\n<\/div>\n\n\n\n<h4 class=\"wp-block-heading icon-face\" style=\"margin-top:var(--wp--preset--spacing--20)\">veido atpa\u017einimas<\/h4>\n\n\n\n<p>Siekdami patvirtinti, kad informacij\u0105 pateik\u0117te asmeni\u0161kai, \u012fdieg\u0117me veido atpa\u017einimo proced\u016br\u0105.<\/p>\n\n\n\n<p class=\"has-small-font-size\">* B\u016btinai atlikite ekrane rodomus veiksmus. Tai leid\u017eia mums patvirtinti j\u016bs\u0173 tapatyb\u0119 internete.<\/p>\n\n\n\n<h5 class=\"wp-block-heading\" style=\"margin-top:var(--wp--preset--spacing--20)\">Paruo\u0161imas prie\u0161 pradedant<\/h5>\n\n\n\n<ul class=\"check wp-block-list\">\n<li>Tur\u0117kite asmens tapatyb\u0117s dokumentus su nuotrauka.<\/li>\n\n\n\n<li>Nuimkite visus veid\u0105 dengian\u010dius daiktus, pvz., kaukes, skryb\u0117les, akinius nuo saul\u0117s ir ausines.<\/li>\n\n\n\n<li>Pra\u0161ome fotografuoti gerai ap\u0161viestoje aplinkoje.<\/li>\n\n\n\n<li>Paruo\u0161kite \u012frengin\u012f su kamera ir nustatykite fotoaparato prieigos leidim\u0105.<\/li>\n<\/ul>\n\n\n\n<p class=\"has-small-font-size\">* Jei naudojate \u012frengin\u012f be fotoaparato, dokumento pateikimo b\u016bdo pasirinkimo ekrane galite persijungti \u012f mobil\u0173j\u012f \u012frengin\u012f.<\/p>\n\n\n\n<div class=\"wp-block-columns has-green-pale-background-color has-background is-layout-flex wp-container-core-columns-is-layout-3 wp-block-columns-is-layout-flex\" style=\"border-radius:1rem;margin-top:var(--wp--preset--spacing--20);margin-bottom:var(--wp--preset--spacing--20);padding-top:var(--wp--preset--spacing--20);padding-right:var(--wp--preset--spacing--20);padding-bottom:var(--wp--preset--spacing--20);padding-left:var(--wp--preset--spacing--20)\">\n<div class=\"wp-block-column is-layout-flow wp-block-column-is-layout-flow\" style=\"flex-basis:20%\">\n<p>Reikalavimai<\/p>\n<\/div>\n\n\n\n<div class=\"wp-block-column is-layout-flow wp-block-column-is-layout-flow\">\n<ol class=\"wp-block-list\">\n<li>Jei naudojate \u201eiOS\u201c, naudokite \u201eSafari\u201c nar\u0161ykl\u0119. Jei naudojate \u201eAndroid\u201c arba asmenin\u012f kompiuter\u012f, naudokite \u201eChrome\u201c nar\u0161ykl\u0119.<\/li>\n\n\n\n<li>Perjungdami i\u0161 kompiuterio \u012f mobil\u0173j\u012f \u012frengin\u012f, laikykite atidaryt\u0105 original\u0173 kompiuterio ekran\u0105, kol proced\u016bra bus baigta.<\/li>\n<\/ol>\n<\/div>\n<\/div>\n\n\n\n<h3 class=\"wp-block-heading has-aurapay-green-color has-text-color has-link-color wp-elements-bc9a3b0b9a401c72cb9991c1c49e6da7\" style=\"margin-top:var(--wp--preset--spacing--30)\">Dabartinio adreso \u012frodymas<\/h3>\n\n\n\n<p class=\"has-aurapay-green-color has-text-color has-link-color wp-elements-a9b69c89a49ae802a19fbc5eef5a0f8c\">Tur\u0117site pateikti vien\u0105 i\u0161 \u0161i\u0173 dokument\u0173 (per 3 m\u0117nesius nuo i\u0161davimo datos), kuriame b\u016bt\u0173 nurodytas dabartinis s\u0105skaitos tur\u0117tojo (fizinio asmens) adresas.<\/p>\n\n\n\n<ul class=\"wp-block-list\">\n<li>Komunaliniai mokes\u010diai ir kvitai<\/li>\n\n\n\n<li>Banko\/kredito korteli\u0173 \u012fmon\u0117s i\u0161ra\u0161ai ir s\u0105skaitos fakt\u016bros<\/li>\n\n\n\n<li>Gyvenamosios vietos pa\u017eym\u0117jimo kopija (Japonijos gyventojams)<\/li>\n\n\n\n<li>Antspaudo registracijos pa\u017eym\u0117jimas (Japonijos gyventojams)<\/li>\n\n\n\n<li>Mokes\u010di\u0173 sumok\u0117jimo pa\u017eym\u0117jimas (Japonijos gyventojams)<\/li>\n<\/ul>\n\n\n\n<p class=\"has-small-font-size\">*Jei ant dokument\u0173 \u012fra\u0161ytas J\u016bs\u0173 asmeninis numeris (Mano numeris), pra\u0161ome j\u012f pasl\u0117pti, kad nesimatyt\u0173.<\/p>\n\n\n\n<div class=\"wp-block-columns has-green-pale-background-color has-background is-layout-flex wp-container-core-columns-is-layout-4 wp-block-columns-is-layout-flex\" style=\"border-radius:1rem;margin-top:var(--wp--preset--spacing--20);margin-bottom:var(--wp--preset--spacing--20);padding-top:var(--wp--preset--spacing--20);padding-right:var(--wp--preset--spacing--20);padding-bottom:var(--wp--preset--spacing--20);padding-left:var(--wp--preset--spacing--20)\">\n<div class=\"wp-block-column is-layout-flow wp-block-column-is-layout-flow\" style=\"flex-basis:20%\">\n<p>Reikalavimai<\/p>\n<\/div>\n\n\n\n<div class=\"wp-block-column is-layout-flow wp-block-column-is-layout-flow\">\n<ol class=\"wp-block-list\">\n<li>Vardas ir dabartinis adresas turi sutapti su parei\u0161k\u0117jo duomenimis, u\u017eregistruotais paskyroje. (Galioja tik dokumentai, ant kuri\u0173 i\u0161spausdintas vardas ir pavard\u0117 ir dabartinis adresas.)<\/li>\n\n\n\n<li>I\u0161dav\u0117jas \/ firminis blankas turi b\u016bti atspausdintas ant dokumento.<\/li>\n\n\n\n<li>I\u0161davimo data turi b\u016bti atspausdinta per 3 m\u0117nesius nuo dokumento patvirtinimo (pateikti gerokai prie\u0161 termin\u0105).<\/li>\n\n\n\n<li>Paruo\u0161kite dokument\u0105, kuriame visi auk\u0161\u010diau i\u0161vardyti punktai b\u016bt\u0173 rodomi tame pa\u010diame popieriaus lape (nei\u0161sam\u016bs dokumentai nepriimami).<\/li>\n\n\n\n<li>Asmens tapatyb\u0117s dokumentai (vairuotojo pa\u017eym\u0117jimas, kortel\u0117 \u201eMano numeris\u201c) nepriimami kaip esamo adreso patvirtinimo med\u017eiaga.<\/li>\n<\/ol>\n<\/div>\n<\/div>\n\n\n\n<h2 class=\"wp-block-heading\" id=\"business_account\" style=\"margin-top:0;margin-bottom:var(--wp--preset--spacing--30);padding-top:var(--wp--preset--spacing--60)\">Verslo s\u0105skaita<\/h2>\n\n\n\n<h3 class=\"wp-block-heading has-aurapay-green-color has-text-color has-link-color wp-elements-5d4016f5a025a66bfa2aeaf1d297b694\" style=\"margin-top:var(--wp--preset--spacing--30)\">Atstov\u0173 tapatyb\u0117s patvirtinimo dokumentai<\/h3>\n\n\n\n<p class=\"has-aurapay-green-color has-text-color has-link-color wp-elements-9e27b96a9e1c04cae473141e2421035e\">Pra\u0161ysime pateikti paskyr\u0105 registravusio asmens tapatyb\u0117s dokument\u0105 (asmen\u012f) ir asmenuk\u0119 (veido atpa\u017einimas).<\/p>\n\n\n\n<h4 class=\"wp-block-heading icon-id\" style=\"margin-top:var(--wp--preset--spacing--20)\">Tapatyb\u0117s patvirtinimas su nuotrauka<\/h4>\n\n\n\n<p>Pateikite vien\u0105 i\u0161 \u0161i\u0173 dokument\u0173: vairuotojo pa\u017eym\u0117jim\u0105, Mano numerio kortel\u0119 (taikoma tik Japonijos gyventojams) arba pas\u0105.<\/p>\n\n\n\n<div class=\"wp-block-columns col-border-round is-layout-flex wp-container-core-columns-is-layout-5 wp-block-columns-is-layout-flex\" style=\"margin-top:var(--wp--preset--spacing--20);margin-bottom:var(--wp--preset--spacing--20)\">\n<div class=\"wp-block-column has-border-color has-aurapay-green-border-color is-layout-flow wp-block-column-is-layout-flow\" style=\"border-width:2px;padding-top:var(--wp--preset--spacing--20);padding-right:var(--wp--preset--spacing--20);padding-bottom:var(--wp--preset--spacing--20);padding-left:var(--wp--preset--spacing--20)\">\n<h5 class=\"wp-block-heading\">Vairuotojo pa\u017eym\u0117jimas<\/h5>\n\n\n\n<p>Pateikite vairuotojo pa\u017eym\u0117jimo priekin\u0119 ir galin\u0119 dal\u012f.<\/p>\n<\/div>\n\n\n\n<div class=\"wp-block-column has-border-color has-aurapay-green-border-color is-layout-flow wp-block-column-is-layout-flow\" style=\"border-width:2px;padding-top:var(--wp--preset--spacing--20);padding-right:var(--wp--preset--spacing--20);padding-bottom:var(--wp--preset--spacing--20);padding-left:var(--wp--preset--spacing--20)\">\n<h5 class=\"wp-block-heading\">Pasas<\/h5>\n\n\n\n<p>Pateikite puslap\u012f su savo nuotrauka ir para\u0161u.<\/p>\n<\/div>\n\n\n\n<div class=\"wp-block-column has-border-color has-aurapay-green-border-color is-layout-flow wp-block-column-is-layout-flow\" style=\"border-width:2px;padding-top:var(--wp--preset--spacing--20);padding-right:var(--wp--preset--spacing--20);padding-bottom:var(--wp--preset--spacing--20);padding-left:var(--wp--preset--spacing--20)\">\n<h5 class=\"wp-block-heading\">Mano numerio kortel\u0117<\/h5>\n\n\n\n<p>Pateikite kortel\u0117s priek\u012f ir gal\u0105.<br>* Pra\u0161ome pasl\u0117pti asmenin\u012f numer\u012f ir br\u016bk\u0161nin\u012f kod\u0105.<\/p>\n<\/div>\n<\/div>\n\n\n\n<div class=\"wp-block-columns has-green-pale-background-color has-background is-layout-flex wp-container-core-columns-is-layout-6 wp-block-columns-is-layout-flex\" style=\"border-radius:1rem;margin-top:var(--wp--preset--spacing--20);margin-bottom:var(--wp--preset--spacing--20);padding-top:var(--wp--preset--spacing--20);padding-right:var(--wp--preset--spacing--20);padding-bottom:var(--wp--preset--spacing--20);padding-left:var(--wp--preset--spacing--20)\">\n<div class=\"wp-block-column is-layout-flow wp-block-column-is-layout-flow\" style=\"flex-basis:20%\">\n<p>Reikalavimai<\/p>\n<\/div>\n\n\n\n<div class=\"wp-block-column is-layout-flow wp-block-column-is-layout-flow\">\n<ol class=\"wp-block-list\">\n<li>Asmens tapatyb\u0119 patvirtinan\u010dius dokumentus turi i\u0161duoti vyriausybin\u0117 \u012fstaiga, juose turi b\u016bti nurodytas toks pat vardas ir gimimo data, kaip ir registruotoje AuraPay informacijoje.<\/li>\n\n\n\n<li>&nbsp;Pasibaigusio galiojimo asmens tapatyb\u0117s kortel\u0117 negali b\u016bti naudojama kaip tapatyb\u0117s patvirtinimo dokumentas.<\/li>\n\n\n\n<li>Atkreipkite d\u0117mes\u012f, kad laikinoji prane\u0161im\u0173 kortel\u0117, prane\u0161anti apie j\u016bs\u0173 asmenin\u0119 \u201emano numerio kortel\u0119\u201c, negali b\u016bti naudojama kaip tapatyb\u0117s patvirtinimo dokumentas.<\/li>\n\n\n\n<li>Ne Japonijos pilie\u010diams ir Japonijos pilie\u010diams, gyvenantiems u\u017e Japonijos rib\u0173, reikalingas galiojantis pasas.<\/li>\n<\/ol>\n<\/div>\n<\/div>\n\n\n\n<h4 class=\"wp-block-heading icon-face\" style=\"margin-top:var(--wp--preset--spacing--20)\">veido atpa\u017einimas<\/h4>\n\n\n\n<p>Siekdami patvirtinti, kad informacij\u0105 pateik\u0117te asmeni\u0161kai, \u012fdieg\u0117me veido atpa\u017einimo proced\u016br\u0105.<\/p>\n\n\n\n<p class=\"has-small-font-size\">* B\u016btinai atlikite ekrane rodomus veiksmus. Tai leid\u017eia mums patvirtinti j\u016bs\u0173 tapatyb\u0119 internete.<\/p>\n\n\n\n<h5 class=\"wp-block-heading\">Paruo\u0161imas prie\u0161 pradedant<\/h5>\n\n\n\n<ul class=\"wp-block-list\">\n<li>Tur\u0117kite asmens tapatyb\u0117s dokumentus su nuotrauka.<\/li>\n\n\n\n<li>Nuimkite visus veid\u0105 dengian\u010dius daiktus, pvz., kaukes, skryb\u0117les, akinius nuo saul\u0117s ir ausines.<\/li>\n\n\n\n<li>Pra\u0161ome fotografuoti gerai ap\u0161viestoje aplinkoje.<\/li>\n\n\n\n<li>Paruo\u0161kite \u012frengin\u012f su kamera ir nustatykite fotoaparato prieigos leidim\u0105.<\/li>\n<\/ul>\n\n\n\n<p class=\"has-small-font-size\">* Jei naudojate \u012frengin\u012f be fotoaparato, dokumento pateikimo b\u016bdo pasirinkimo ekrane galite persijungti \u012f mobil\u0173j\u012f \u012frengin\u012f.<\/p>\n\n\n\n<div class=\"wp-block-columns has-green-pale-background-color has-background is-layout-flex wp-container-core-columns-is-layout-7 wp-block-columns-is-layout-flex\" style=\"border-radius:1rem;margin-top:var(--wp--preset--spacing--20);margin-bottom:var(--wp--preset--spacing--20);padding-top:var(--wp--preset--spacing--20);padding-right:var(--wp--preset--spacing--20);padding-bottom:var(--wp--preset--spacing--20);padding-left:var(--wp--preset--spacing--20)\">\n<div class=\"wp-block-column is-layout-flow wp-block-column-is-layout-flow\" style=\"flex-basis:20%\">\n<p>Reikalavimai<\/p>\n<\/div>\n\n\n\n<div class=\"wp-block-column is-layout-flow wp-block-column-is-layout-flow\">\n<ol class=\"wp-block-list\">\n<li>Jei naudojate \u201eiOS\u201c, naudokite \u201eSafari\u201c nar\u0161ykl\u0119. Jei naudojate \u201eAndroid\u201c arba asmenin\u012f kompiuter\u012f, naudokite \u201eChrome\u201c nar\u0161ykl\u0119.<\/li>\n\n\n\n<li>Perjungdami i\u0161 kompiuterio \u012f mobil\u0173j\u012f \u012frengin\u012f, laikykite atidaryt\u0105 original\u0173 kompiuterio ekran\u0105, kol proced\u016bra bus baigta.<\/li>\n<\/ol>\n<\/div>\n<\/div>\n\n\n\n<h3 class=\"wp-block-heading has-aurapay-green-color has-text-color has-link-color wp-elements-3a48448b2c9fdeac3090ea584e5747e6\" style=\"margin-top:var(--wp--preset--spacing--30)\">Atstov\u0173 esamo adreso \u012frodymas<\/h3>\n\n\n\n<p class=\"has-aurapay-green-color has-text-color has-link-color wp-elements-a9b69c89a49ae802a19fbc5eef5a0f8c\">Tur\u0117site pateikti vien\u0105 i\u0161 \u0161i\u0173 dokument\u0173 (per 3 m\u0117nesius nuo i\u0161davimo datos), kuriame b\u016bt\u0173 nurodytas dabartinis s\u0105skaitos tur\u0117tojo (fizinio asmens) adresas.<\/p>\n\n\n\n<ul class=\"wp-block-list\">\n<li>Komunaliniai mokes\u010diai ir kvitai<\/li>\n\n\n\n<li>Banko\/kredito korteli\u0173 \u012fmon\u0117s i\u0161ra\u0161ai ir s\u0105skaitos fakt\u016bros<\/li>\n\n\n\n<li>Gyvenamosios vietos pa\u017eym\u0117jimo kopija (Japonijos gyventojams)<\/li>\n\n\n\n<li>Antspaudo registracijos pa\u017eym\u0117jimas (Japonijos gyventojams)<\/li>\n\n\n\n<li>Mokes\u010di\u0173 sumok\u0117jimo pa\u017eym\u0117jimas (Japonijos gyventojams)<\/li>\n<\/ul>\n\n\n\n<p>*Jei ant dokument\u0173 \u012fra\u0161ytas J\u016bs\u0173 asmeninis numeris (Mano numeris), pra\u0161ome j\u012f pasl\u0117pti, kad nesimatyt\u0173.<\/p>\n\n\n\n<div class=\"wp-block-columns has-green-pale-background-color has-background is-layout-flex wp-container-core-columns-is-layout-8 wp-block-columns-is-layout-flex\" style=\"border-radius:1rem;margin-top:var(--wp--preset--spacing--20);margin-bottom:var(--wp--preset--spacing--20);padding-top:var(--wp--preset--spacing--20);padding-right:var(--wp--preset--spacing--20);padding-bottom:var(--wp--preset--spacing--20);padding-left:var(--wp--preset--spacing--20)\">\n<div class=\"wp-block-column is-layout-flow wp-block-column-is-layout-flow\" style=\"flex-basis:20%\">\n<p>Reikalavimai<\/p>\n<\/div>\n\n\n\n<div class=\"wp-block-column is-layout-flow wp-block-column-is-layout-flow\">\n<ol class=\"wp-block-list\">\n<li>Vardas ir dabartinis adresas turi sutapti su parei\u0161k\u0117jo duomenimis, u\u017eregistruotais paskyroje. (Galioja tik dokumentai, ant kuri\u0173 i\u0161spausdintas vardas ir pavard\u0117 ir dabartinis adresas.)<\/li>\n\n\n\n<li>I\u0161dav\u0117jas \/ firminis blankas turi b\u016bti atspausdintas ant dokumento.<\/li>\n\n\n\n<li>I\u0161davimo data turi b\u016bti atspausdinta per 3 m\u0117nesius nuo dokumento patvirtinimo (pateikti gerokai prie\u0161 termin\u0105).<\/li>\n\n\n\n<li>Paruo\u0161kite dokument\u0105, kuriame visi auk\u0161\u010diau i\u0161vardyti punktai b\u016bt\u0173 rodomi tame pa\u010diame popieriaus lape (nei\u0161sam\u016bs dokumentai nepriimami).<\/li>\n\n\n\n<li>Asmens tapatyb\u0117s dokumentai (vairuotojo pa\u017eym\u0117jimas, kortel\u0117 \u201eMano numeris\u201c) nepriimami kaip esamo adreso patvirtinimo med\u017eiaga.<\/li>\n<\/ol>\n<\/div>\n<\/div>\n\n\n\n<h3 class=\"wp-block-heading has-aurapay-green-color has-text-color has-link-color wp-elements-eb4a55bd50110a2706872e0eea52afae\" style=\"margin-top:var(--wp--preset--spacing--30)\">Verslo naudotojui reikalingi dokumentai<\/h3>\n\n\n\n<p class=\"has-aurapay-green-color has-text-color has-link-color wp-elements-1f67617220b6200e5029896664d58f77\">Pateikite visus toliau nurodytus pinigin\u0117s savininko (\u012fmon\u0117s) dokumentus, kuriuose turi b\u016bti nurodytas adresas ir pavadinimas.<br>Dokumentai turi b\u016bti i\u0161duoti per \u0161e\u0161is m\u0117nesius.<\/p>\n\n\n\n<ul class=\"wp-block-list\">\n<li>\u012emon\u0117s profilis<br>Pateikite visus dokument\u0173 puslapius.<br>Taip pat galite pateikti visus vald\u017eios institucij\u0173 patvirtint\u0173 \u012fstat\u0173 puslapius.<\/li>\n<\/ul>\n\n\n\n<p class=\"has-small-font-size\">*Atminkite, kad naudotoj\u0173 i\u0161 skirting\u0173 \u0161ali\u0173 gali tekti \u012fkelti kitus reikalingus dokumentus tolesniam patikrinimui. Nor\u0117dami gauti daugiau informacijos, susisiekite su palaikymo komanda.<br>*Pra\u0161ome pateikti duomenis skaitmeniniu formatu (GIF, JPG, PDF ir kt.), kurie buvo nuskaityti arba nufotografuoti fotoaparatu, pavyzd\u017eiui, i\u0161maniuoju telefonu, neatlikus joki\u0173 redagavimo darb\u0173.<\/p>\n\n\n\n<h3 class=\"wp-block-heading has-aurapay-green-color has-text-color has-link-color wp-elements-f2c3fc536d491ead5eb29c730ddfa508\" style=\"margin-top:var(--wp--preset--spacing--30)\">Antspaudo registracijos pa\u017eym\u0117jimas<\/h3>\n\n\n\n<p class=\"has-aurapay-green-color has-text-color has-link-color wp-elements-aa9f015cd37b27d113f0008ba4f96e4e\">Pateikite \u0161iuos pinigin\u0117s savininko (korporacijos) dokumentus.<br>Dokumentai turi b\u016bti i\u0161duoti per 6 m\u0117nesius.<\/p>\n\n\n\n<ul class=\"wp-block-list\">\n<li>\u012emon\u0117s antspaud\u0105 patvirtinantys dokumentai<\/li>\n<\/ul>\n\n\n\n<p class=\"has-small-font-size\">*Pra\u0161ome pateikti duomenis skaitmeniniu formatu (GIF, JPG, PDF ir kt.), kurie buvo nuskaityti arba nufotografuoti fotoaparatu, pavyzd\u017eiui, i\u0161maniuoju telefonu, neatlikus joki\u0173 redagavimo darb\u0173.<\/p>\n\n\n\n<h3 class=\"wp-block-heading has-aurapay-green-color has-text-color has-link-color wp-elements-f22a2d0aa3ec84b4a93f5a9a19b16f9c\" style=\"margin-top:var(--wp--preset--spacing--30)\">\u012emon\u0117s adreso \u012frodymas<\/h3>\n\n\n\n<p class=\"has-aurapay-green-color has-text-color has-link-color wp-elements-2262a6335ac1afc483883c2ba434a3f5\">Verslo s\u0105skaitai tur\u0117site \u012fkelti vien\u0105 i\u0161 \u017eemiau pateikt\u0173 dokument\u0173 (dokumentas turi b\u016bti per 6 m\u0117nesius nuo i\u0161davimo datos).<\/p>\n\n\n\n<ul class=\"wp-block-list\">\n<li class=\"translation-block\">Komunalini\u0173 paslaug\u0173 s\u0105skaita arba kvitas<br> S\u0105skaita u\u017e elektr\u0105, dujas, vanden\u012f arba NHK s\u0105skait\u0105<\/li>\n\n\n\n<li>Nacionalinio arba vietinio mokes\u010dio s\u0105skaita arba kvitas<\/li>\n\n\n\n<li>Banko ar kredito kortel\u0117s i\u0161ra\u0161ai<\/li>\n<\/ul>\n\n\n\n<p class=\"has-small-font-size\">*Pra\u0161ome pateikti duomenis skaitmeniniu formatu (GIF, JPG, PDF ir kt.), kurie buvo nuskaityti arba nufotografuoti fotoaparatu, pavyzd\u017eiui, i\u0161maniuoju telefonu, neatlikus joki\u0173 redagavimo darb\u0173.<\/p>\n\n\n\n<h3 class=\"wp-block-heading has-aurapay-green-color has-text-color has-link-color wp-elements-33434f20cdc635eb3098cd0e7f1e33bc\" style=\"margin-top:var(--wp--preset--spacing--30)\">Sertifikatai su oficialiu antspaudu<\/h3>\n\n\n\n<p class=\"has-aurapay-green-color has-text-color has-link-color wp-elements-2262a6335ac1afc483883c2ba434a3f5\">Verslo s\u0105skaitai tur\u0117site \u012fkelti vien\u0105 i\u0161 \u017eemiau pateikt\u0173 dokument\u0173 (dokumentas turi b\u016bti per 6 m\u0117nesius nuo i\u0161davimo datos).<\/p>\n\n\n\n<ul class=\"wp-block-list\">\n<li class=\"translation-block\">Sertifikatai su oficialiu antspaudu<br> <a href=\"https:\/\/aurapay.com\/wp-content\/uploads\/2023\/06\/UBO_Declaration_Form_en_AuraPay.pdf?202306\" target=\"_blank\" rel=\"noreferrer noopener\">Spustel\u0117kite \u010dia<\/a> nor\u0117dami atsisi\u0173sti dokumentus<\/li>\n\n\n\n<li>Vis\u0173 s\u0105skait\u0173 tvarkytoj\u0173 ir sprendimus priiman\u010di\u0173 asmen\u0173 tapatyb\u0117s dokumentai<\/li>\n\n\n\n<li>Vis\u0173 s\u0105skait\u0173 valdytoj\u0173 ir sprendimus priiman\u010di\u0173 asmen\u0173 dabartinio adreso \u012frodymas<\/li>\n\n\n\n<li>Vis\u0173 s\u0105skait\u0173 tvarkytoj\u0173 ir sprendim\u0173 pri\u0117m\u0117j\u0173 registruot\u0173 spaud\u0173 sertifikatas<\/li>\n<\/ul>\n\n\n\n<p class=\"has-small-font-size\">*Pra\u0161ome pateikti duomenis skaitmeniniu formatu (GIF, JPG, PDF ir kt.), kurie buvo nuskaityti arba nufotografuoti fotoaparatu, pavyzd\u017eiui, i\u0161maniuoju telefonu, neatlikus joki\u0173 redagavimo darb\u0173.<\/p>\n\n\n\n<div class=\"wp-block-group icon-security has-border-color has-global-padding is-layout-constrained wp-container-core-group-is-layout-2 wp-block-group-is-layout-constrained\" style=\"border-color:#00A651;border-width:1px;border-radius:1rem;margin-top:var(--wp--preset--spacing--60);padding-top:var(--wp--preset--spacing--20);padding-right:var(--wp--preset--spacing--20);padding-bottom:var(--wp--preset--spacing--20);padding-left:var(--wp--preset--spacing--20)\">\n<p>Siun\u010diant informacij\u0105, vartotoj\u0173 pateikta informacija yra u\u017e\u0161ifruota naudojant SSL (Secure Sockets Layer), kad b\u016bt\u0173 apsaugoti visi jautr\u016bs duomenys.<br>Vartotoj\u0173 informacijos apsauga nuo praradimo, sugadinimo, nutek\u0117jimo ir neteis\u0117tos prieigos, u\u017etikrinant saugi\u0105 platform\u0105 vartotojams.<\/p>\n<\/div>","protected":false},"excerpt":{"rendered":"<p>Paskyrai reikalingi dokumentai Nor\u0117dami naudotis paskyra, tur\u0117site pateikti toliau nurodytus reikiamus dokumentus. Asmens paskyros tapatyb\u0117s patvirtinimo dokumentai Papra\u0161ysime pateikti paskyr\u0105 registravusio asmens tapatyb\u0117s dokument\u0105 (asmen\u012f) ir asmenuk\u0119 (veido atpa\u017einimas). Tapatyb\u0117s patvirtinimas su nuotrauka Pateikite vien\u0105 i\u0161 \u0161i\u0173 dokument\u0173: vairuotojo pa\u017eym\u0117jim\u0105, Mano numerio kortel\u0119 (taikoma tik Japonijos gyventojams) arba pas\u0105. Vairuotojo pa\u017eym\u0117jimas Pateikite vairuotojo pa\u017eym\u0117jimo priekin\u0119 ir galin\u0119 dal\u012f. Pasas Pateikite puslap\u012f su savo nuotrauka ir para\u0161u. Mano numerio kortel\u0117 Pateikite kortel\u0117s priekin\u0119 ir galin\u0119 pus\u0119.* Pasl\u0117pkite asmens numer\u012f ir br\u016bk\u0161nin\u012f kod\u0105. Reikalavimai, su kuriais susiduria [\u2026]<\/p>","protected":false},"author":2,"featured_media":0,"parent":0,"menu_order":0,"comment_status":"closed","ping_status":"closed","template":"","meta":{"footnotes":""},"class_list":["post-115","page","type-page","status-publish","hentry"],"_links":{"self":[{"href":"https:\/\/aurapay.com\/lt\/wp-json\/wp\/v2\/pages\/115"}],"collection":[{"href":"https:\/\/aurapay.com\/lt\/wp-json\/wp\/v2\/pages"}],"about":[{"href":"https:\/\/aurapay.com\/lt\/wp-json\/wp\/v2\/types\/page"}],"author":[{"embeddable":true,"href":"https:\/\/aurapay.com\/lt\/wp-json\/wp\/v2\/users\/2"}],"replies":[{"embeddable":true,"href":"https:\/\/aurapay.com\/lt\/wp-json\/wp\/v2\/comments?post=115"}],"version-history":[{"count":8,"href":"https:\/\/aurapay.com\/lt\/wp-json\/wp\/v2\/pages\/115\/revisions"}],"predecessor-version":[{"id":978,"href":"https:\/\/aurapay.com\/lt\/wp-json\/wp\/v2\/pages\/115\/revisions\/978"}],"wp:attachment":[{"href":"https:\/\/aurapay.com\/lt\/wp-json\/wp\/v2\/media?parent=115"}],"curies":[{"name":"wp","href":"https:\/\/api.w.org\/{rel}","templated":true}]}}