{"id":50,"date":"2024-04-10T08:22:18","date_gmt":"2024-04-10T08:22:18","guid":{"rendered":"http:\/\/apnew2.local\/?page_id=50"},"modified":"2024-05-01T09:06:53","modified_gmt":"2024-05-01T09:06:53","slug":"about","status":"publish","type":"page","link":"https:\/\/aurapay.com\/it\/about\/","title":{"rendered":"Di"},"content":{"rendered":"<div class=\"wp-block-cover alignfull is-light o-fit-contain\" style=\"margin-bottom:var(--wp--preset--spacing--30);padding-top:var(--wp--preset--spacing--30);padding-bottom:var(--wp--preset--spacing--30)\"><span aria-hidden=\"true\" class=\"wp-block-cover__background has-base-2-background-color has-background-dim-0 has-background-dim\"><\/span><img decoding=\"async\" class=\"wp-block-cover__image-background wp-image-587\" alt=\"\" src=\"https:\/\/aurapay.com\/wp-content\/uploads\/about-bg1.webp\" style=\"object-position:100% 0%\" data-object-fit=\"cover\" data-object-position=\"100% 0%\"\/><div class=\"wp-block-cover__inner-container has-global-padding is-layout-constrained wp-block-cover-is-layout-constrained\">\n<div class=\"wp-block-columns f-dir-colR is-layout-flex wp-container-core-columns-is-layout-658170e2 wp-block-columns-is-layout-flex\">\n<div class=\"wp-block-column tb-taC is-layout-flow wp-block-column-is-layout-flow\" style=\"flex-basis:60%\">\n<h1 class=\"wp-block-heading\">Di<\/h1>\n\n\n\n<p>Le criptovalute non sono solo una valuta virtuale; \u00e8 uno sguardo al futuro dei metodi di pagamento. Il nostro obiettivo principale \u00e8 creare una piattaforma facile da usare e sicura per istituti finanziari e privati in tutto il mondo. Il nostro obiettivo \u00e8 fornire un&#039;esperienza sicura e trasparente, avvicinando tutti all&#039;esplorazione del futuro dei pagamenti.<\/p>\n\n\n\n<p>Il nostro obiettivo \u00e8 offrire una soluzione completa per acquistare, vendere, inviare e ricevere la tua criptovaluta all&#039;interno del tuo portafoglio personale Aurapay.<\/p>\n\n\n\n<p> Aurapay ha ottenuto una licenza operativa in Estonia e fornisce i seguenti servizi di criptovaluta Fornitura di servizi di scambio di valuta virtuale contro valuta fiat Fornitura di un servizio di portafoglio di valuta virtuale Fornitura di servizi di scambio di valuta virtuale contro valuta virtuale<\/p>\n<\/div>\n\n\n\n<div class=\"wp-block-column is-vertically-aligned-bottom tb-taC is-layout-flow wp-block-column-is-layout-flow\">\n<figure class=\"wp-block-image size-full is-resized about-img1\"><img decoding=\"async\" src=\"https:\/\/aurapay.com\/wp-content\/uploads\/about-img1.webp\" alt=\"\" class=\"wp-image-586\" style=\"width:120px\"\/><\/figure>\n<\/div>\n<\/div>\n<\/div><\/div>\n\n\n\n<div class=\"wp-block-group about-what has-global-padding is-layout-constrained wp-block-group-is-layout-constrained\">\n<h2 class=\"wp-block-heading has-text-align-center\" style=\"margin-top:var(--wp--preset--spacing--30);margin-bottom:var(--wp--preset--spacing--20)\">Cos&#039;\u00e8 Aurapay?<\/h2>\n\n\n\n<div class=\"wp-block-group has-global-padding is-layout-constrained wp-block-group-is-layout-constrained\">\n<h3 class=\"wp-block-heading\">Il tuo portafoglio crittografico quotidiano<\/h3>\n\n\n\n<p>Aurapay \u00e8 un portafoglio crittografico basato sul web accessibile sempre e ovunque. Offriamo anche la stablecoin APT progettata per mantenere un rapporto fisso JPY 1:1 con l&#039;asset sottostante, rendendola perfetta per le transazioni quotidiane e come riserva di valore. Maggiori informazioni su APT clicca qui. (collegato alla pagina APT)<\/p>\n<\/div>\n\n\n\n<div class=\"wp-block-group has-global-padding is-layout-constrained wp-block-group-is-layout-constrained\">\n<h3 class=\"wp-block-heading\">Un portafoglio crittografico semplificato e sicuro<\/h3>\n\n\n\n<p>Aurapay \u00e8 stato introdotto con l&#039;aspirazione di incoraggiare pi\u00f9 persone a interagire in modo sicuro con le criptovalute, fornendo cos\u00ec un contributo significativo all&#039;evoluzione della nostra futura societ\u00e0 digitale. Con l&#039;acquisizione delle licenze adeguate e l&#039;implementazione di misure di sicurezza all&#039;avanguardia, gli utenti possono navigare con sicurezza sulla piattaforma Aurapay.<\/p>\n<\/div>\n\n\n\n<div class=\"wp-block-group has-global-padding is-layout-constrained wp-block-group-is-layout-constrained\">\n<h3 class=\"wp-block-heading\">Un ponte tra le tue risorse digitali e il valore in JPY<\/h3>\n\n\n\n<p>Nel regno della blockchain, solo una manciata di stablecoin sono ancorate al valore della valuta fiat JPY. APT \u00e8 orgogliosamente tra questi pochi eletti. La nostra missione \u00e8 fornire un ponte trasparente e affidabile, garantendo la perfetta connessione delle tue risorse digitali con il valore duraturo dello Yen giapponese (JPY).<\/p>\n<\/div>\n<\/div>\n\n\n\n<div class=\"wp-block-group about-why has-global-padding is-layout-constrained wp-block-group-is-layout-constrained\">\n<h2 class=\"wp-block-heading has-text-align-center\" style=\"margin-top:var(--wp--preset--spacing--30);margin-bottom:var(--wp--preset--spacing--20)\">Perch\u00e9 Aurapay?<\/h2>\n\n\n\n<div class=\"wp-block-columns is-layout-flex wp-container-core-columns-is-layout-28f84493 wp-block-columns-is-layout-flex\">\n<div class=\"wp-block-column has-border-color has-aurapay-green-border-color is-layout-flow wp-container-core-column-is-layout-8a368f38 wp-block-column-is-layout-flow\" style=\"border-width:2px\">\n<h3 class=\"wp-block-heading has-text-align-center has-white-color has-aurapay-green-light-background-color has-text-color has-background has-link-color has-medium-font-size wp-elements-3e2e5acfe9909dd156ddf004728a8112\" style=\"padding-top:var(--wp--preset--spacing--10);padding-right:var(--wp--preset--spacing--10);padding-bottom:var(--wp--preset--spacing--10);padding-left:var(--wp--preset--spacing--10)\">Criptovalute popolari e affidabili<\/h3>\n\n\n\n<p class=\"has-text-align-center\" style=\"padding-top:var(--wp--preset--spacing--10);padding-right:var(--wp--preset--spacing--10);padding-bottom:var(--wp--preset--spacing--10);padding-left:var(--wp--preset--spacing--10)\">Offriamo Bitcoin (BTC), Ethereum (ETH) e Ripple (XRP), che si distinguono per il riconoscimento significativo e l&#039;utilizzo diffuso nel settore, consolidando la loro reputazione come opzioni di criptovaluta altamente affidabili.<\/p>\n<\/div>\n\n\n\n<div class=\"wp-block-column has-border-color has-aurapay-green-border-color is-layout-flow wp-container-core-column-is-layout-8a368f38 wp-block-column-is-layout-flow\" style=\"border-width:2px\">\n<h3 class=\"wp-block-heading has-text-align-center has-white-color has-aurapay-green-light-background-color has-text-color has-background has-link-color has-medium-font-size wp-elements-14974113ecc38293a987e14420ee30f1\" style=\"padding-top:var(--wp--preset--spacing--10);padding-right:var(--wp--preset--spacing--10);padding-bottom:var(--wp--preset--spacing--10);padding-left:var(--wp--preset--spacing--10)\">Pagamenti crittografici di alto livello<\/h3>\n\n\n\n<p class=\"has-text-align-center\" style=\"padding-top:var(--wp--preset--spacing--10);padding-right:var(--wp--preset--spacing--10);padding-bottom:var(--wp--preset--spacing--10);padding-left:var(--wp--preset--spacing--10)\">APT sar\u00e0 la tua prima scelta per scambi e transazioni JPY-Cripto affidabili ed efficienti. Garantiamo un valore JPY stabile 1:1, fornendo una forma di criptovaluta pi\u00f9 prevedibile e meno volatile.<\/p>\n<\/div>\n\n\n\n<div class=\"wp-block-column has-border-color has-aurapay-green-border-color is-layout-flow wp-container-core-column-is-layout-8a368f38 wp-block-column-is-layout-flow\" style=\"border-width:2px\">\n<h3 class=\"wp-block-heading has-text-align-center has-white-color has-aurapay-green-light-background-color has-text-color has-background has-link-color has-medium-font-size wp-elements-c795f9d645e80d43f34b047b738f0042\" style=\"padding-top:var(--wp--preset--spacing--10);padding-right:var(--wp--preset--spacing--10);padding-bottom:var(--wp--preset--spacing--10);padding-left:var(--wp--preset--spacing--10)\">Finanza Decentralizzata (DeFi)<\/h3>\n\n\n\n<p class=\"has-text-align-center\" style=\"padding-top:var(--wp--preset--spacing--10);padding-right:var(--wp--preset--spacing--10);padding-bottom:var(--wp--preset--spacing--10);padding-left:var(--wp--preset--spacing--10)\">Ci impegniamo a muoverci verso reti decentralizzate, un concetto che sposta i servizi finanziari tradizionali sulla tecnologia blockchain. Il nostro obiettivo \u00e8 semplificare le transazioni senza fare affidamento su intermediari terzi.<\/p>\n<\/div>\n\n\n\n<div class=\"wp-block-column has-border-color has-aurapay-green-border-color is-layout-flow wp-container-core-column-is-layout-8a368f38 wp-block-column-is-layout-flow\" style=\"border-width:2px\">\n<h3 class=\"wp-block-heading has-text-align-center has-white-color has-aurapay-green-light-background-color has-text-color has-background has-link-color has-medium-font-size wp-elements-dbd3e9fe3738a2552354e1d76374bb8c\" style=\"padding-top:var(--wp--preset--spacing--10);padding-right:var(--wp--preset--spacing--10);padding-bottom:var(--wp--preset--spacing--10);padding-left:var(--wp--preset--spacing--10)\">Soluzione per il cliente locale<\/h3>\n\n\n\n<p class=\"has-text-align-center\" style=\"padding-top:var(--wp--preset--spacing--10);padding-right:var(--wp--preset--spacing--10);padding-bottom:var(--wp--preset--spacing--10);padding-left:var(--wp--preset--spacing--10)\">Forniamo competenze locali con una portata globale. Il nostro team di assistenza clienti dedicato, esperto nelle sfumature locali, aggiunge valore alla tua esperienza offrendo competenza linguistica e comprensione culturale.<\/p>\n<\/div>\n<\/div>\n<\/div>\n\n\n\n<div class=\"wp-block-group about-howto has-global-padding is-layout-constrained wp-block-group-is-layout-constrained\" style=\"margin-bottom:var(--wp--preset--spacing--40)\">\n<h2 class=\"wp-block-heading has-text-align-center\" style=\"margin-top:var(--wp--preset--spacing--30);margin-bottom:var(--wp--preset--spacing--20)\">Come utilizzare Aurapay?<\/h2>\n\n\n\n<div class=\"wp-block-group has-global-padding is-layout-constrained wp-block-group-is-layout-constrained\">\n<h3 class=\"wp-block-heading\">Pagamenti<\/h3>\n\n\n\n<p>Il numero di commercianti che passano ai pagamenti in criptovaluta continua a crescere costantemente. Con Aurapay puoi effettuare transazioni senza problemi sui mercati online internazionali, garantendo un&#039;esperienza senza problemi.<\/p>\n<\/div>\n\n\n\n<div class=\"wp-block-group has-global-padding is-layout-constrained wp-block-group-is-layout-constrained\">\n<h3 class=\"wp-block-heading\">Scambio di criptovalute<\/h3>\n\n\n\n<p>Paga, acquista, vendi e invia criptovalute. Immergiti nel mondo delle risorse digitali senza sforzo con la nostra funzionalit\u00e0 di scambio criptovaluta intuitiva. Scambia istantaneamente una criptovaluta con un&#039;altra, permettendoti di adattare e gestire il tuo portafoglio con facilit\u00e0.<\/p>\n<\/div>\n\n\n\n<div class=\"wp-block-group has-global-padding is-layout-constrained wp-block-group-is-layout-constrained\">\n<h3 class=\"wp-block-heading\">Finanza personale<\/h3>\n\n\n\n<p>Le criptovalute offrono un panorama decentralizzato e dinamico che ti d\u00e0 il controllo. Sia che tu stia cercando rendimenti potenzialmente elevati o diversificando il tuo portafoglio, le criptovalute offrono una strada unica per i singoli investitori<\/p>\n<\/div>\n<\/div>","protected":false},"excerpt":{"rendered":"<p>What is Aurapay? Your everyday crypto wallet Aurapay is a web-based crypto wallet that accessible anytime, anywhere. We also offer APT stablecoin that is designed to keep a fixed JPY 1:1 ratio with the underlying asset, making it perfect for everyday transactions and as a store of value. More about APT click here. (linked to APT page) A streamlined and secure crypto wallet Aurapay was introduced with the aspiration of encouraging more individuals to safely engage with cryptocurrencies, thereby making a significant contribution to the evolution of our future digital society. With the acquisition of proper licensing and the implementation of cutting-edge security measures, users can confidently navigate Aurapay platform. [&hellip;]<\/p>\n","protected":false},"author":2,"featured_media":0,"parent":0,"menu_order":0,"comment_status":"closed","ping_status":"closed","template":"","meta":{"footnotes":""},"class_list":["post-50","page","type-page","status-publish","hentry"],"_links":{"self":[{"href":"https:\/\/aurapay.com\/it\/wp-json\/wp\/v2\/pages\/50","targetHints":{"allow":["GET"]}}],"collection":[{"href":"https:\/\/aurapay.com\/it\/wp-json\/wp\/v2\/pages"}],"about":[{"href":"https:\/\/aurapay.com\/it\/wp-json\/wp\/v2\/types\/page"}],"author":[{"embeddable":true,"href":"https:\/\/aurapay.com\/it\/wp-json\/wp\/v2\/users\/2"}],"replies":[{"embeddable":true,"href":"https:\/\/aurapay.com\/it\/wp-json\/wp\/v2\/comments?post=50"}],"version-history":[{"count":1,"href":"https:\/\/aurapay.com\/it\/wp-json\/wp\/v2\/pages\/50\/revisions"}],"predecessor-version":[{"id":917,"href":"https:\/\/aurapay.com\/it\/wp-json\/wp\/v2\/pages\/50\/revisions\/917"}],"wp:attachment":[{"href":"https:\/\/aurapay.com\/it\/wp-json\/wp\/v2\/media?parent=50"}],"curies":[{"name":"parola chiave","href":"https:\/\/api.w.org\/{rel}","templated":true}]}}