{"id":115,"date":"2024-04-11T01:57:26","date_gmt":"2024-04-11T01:57:26","guid":{"rendered":"https:\/\/apnew2.local\/?page_id=115"},"modified":"2024-05-13T04:43:26","modified_gmt":"2024-05-13T04:43:26","slug":"documents-required","status":"publish","type":"page","link":"https:\/\/aurapay.com\/it\/documents-required\/","title":{"rendered":"Documenti richiesti"},"content":{"rendered":"<div class=\"wp-block-group has-global-padding is-layout-constrained wp-block-group-is-layout-constrained\" style=\"margin-top:var(--wp--preset--spacing--40);margin-bottom:0;padding-top:0;padding-bottom:0\">\n<h1 class=\"wp-block-heading\">Documenti richiesti per un account<\/h1>\n\n\n\n<p>Per utilizzare il tuo account, dovrai inviare i documenti richiesti di seguito.<\/p>\n\n\n\n<ul class=\"anchor wp-block-list\">\n<li><a href=\"#personal_account\">Account personale<\/a><\/li>\n\n\n\n<li><a href=\"#business_account\">Conto commerciale<\/a><\/li>\n<\/ul>\n<\/div>\n\n\n\n<h2 class=\"wp-block-heading\" id=\"personal_account\" style=\"margin-top:0;margin-bottom:var(--wp--preset--spacing--30);padding-top:var(--wp--preset--spacing--60)\">Account personale<\/h2>\n\n\n\n<h3 class=\"wp-block-heading has-aurapay-green-color has-text-color has-link-color wp-elements-98324f51f223fb64dfe9c02e91b0e4ef\" style=\"margin-top:var(--wp--preset--spacing--30)\">Documenti di verifica dell&#039;identit\u00e0<\/h3>\n\n\n\n<p class=\"has-aurapay-green-color has-text-color has-link-color wp-elements-9e27b96a9e1c04cae473141e2421035e\">Ti chiederemo di inviare un documento d&#039;identit\u00e0 con foto della persona che ha registrato l&#039;account (individuale) e un selfie (riconoscimento facciale).<\/p>\n\n\n\n<h4 class=\"wp-block-heading icon-id\" style=\"margin-top:var(--wp--preset--spacing--20)\">Verifica dell&#039;identit\u00e0 con foto<\/h4>\n\n\n\n<p>Si prega di inviare uno dei seguenti documenti: patente di guida, carta My Number (soggetto solo ai residenti in Giappone) o passaporto.<\/p>\n\n\n\n<div class=\"wp-block-columns col-border-round is-layout-flex wp-container-core-columns-is-layout-1 wp-block-columns-is-layout-flex\" style=\"margin-top:var(--wp--preset--spacing--20);margin-bottom:var(--wp--preset--spacing--20)\">\n<div class=\"wp-block-column has-border-color has-aurapay-green-border-color is-layout-flow wp-block-column-is-layout-flow\" style=\"border-width:2px;padding-top:var(--wp--preset--spacing--20);padding-right:var(--wp--preset--spacing--20);padding-bottom:var(--wp--preset--spacing--20);padding-left:var(--wp--preset--spacing--20)\">\n<h5 class=\"wp-block-heading\">Patente di guida<\/h5>\n\n\n\n<p>Si prega di inviare la parte anteriore e posteriore della patente di guida.<\/p>\n<\/div>\n\n\n\n<div class=\"wp-block-column has-border-color has-aurapay-green-border-color is-layout-flow wp-block-column-is-layout-flow\" style=\"border-width:2px;padding-top:var(--wp--preset--spacing--20);padding-right:var(--wp--preset--spacing--20);padding-bottom:var(--wp--preset--spacing--20);padding-left:var(--wp--preset--spacing--20)\">\n<h5 class=\"wp-block-heading\">Passaporto<\/h5>\n\n\n\n<p>Per favore invia la pagina con la tua foto e la tua firma.<\/p>\n<\/div>\n\n\n\n<div class=\"wp-block-column has-border-color has-aurapay-green-border-color is-layout-flow wp-block-column-is-layout-flow\" style=\"border-width:2px;padding-top:var(--wp--preset--spacing--20);padding-right:var(--wp--preset--spacing--20);padding-bottom:var(--wp--preset--spacing--20);padding-left:var(--wp--preset--spacing--20)\">\n<h5 class=\"wp-block-heading\"><strong>La mia carta numerica<\/strong><\/h5>\n\n\n\n<p>Si prega di inviare il fronte e il retro della carta.<br>* Si prega di nascondere il numero personale e il codice a barre.<\/p>\n<\/div>\n<\/div>\n\n\n\n<div class=\"wp-block-columns has-green-pale-background-color has-background is-layout-flex wp-container-core-columns-is-layout-2 wp-block-columns-is-layout-flex\" style=\"border-radius:1rem;margin-top:var(--wp--preset--spacing--20);margin-bottom:var(--wp--preset--spacing--20);padding-top:var(--wp--preset--spacing--20);padding-right:var(--wp--preset--spacing--20);padding-bottom:var(--wp--preset--spacing--20);padding-left:var(--wp--preset--spacing--20)\">\n<div class=\"wp-block-column is-layout-flow wp-block-column-is-layout-flow\" style=\"flex-basis:20%\">\n<p>Requisiti<\/p>\n<\/div>\n\n\n\n<div class=\"wp-block-column is-layout-flow wp-block-column-is-layout-flow\">\n<ol class=\"wp-block-list\">\n<li>I documenti di identificazione devono essere emessi da un ente governativo e devono riportare lo stesso nome e data di nascita delle informazioni registrate su AuraPay.<\/li>\n\n\n\n<li>&nbsp;Una carta d&#039;identit\u00e0 scaduta non pu\u00f2 essere utilizzata come documento di verifica dell&#039;identit\u00e0.<\/li>\n\n\n\n<li>Ti ricordiamo che la scheda di notifica temporanea che ti avvisa della tua personale \u201cmy number card\u201d non pu\u00f2 essere utilizzata come documento di verifica dell&#039;identit\u00e0.<\/li>\n\n\n\n<li>Per i cittadini non giapponesi e giapponesi residenti fuori dal Giappone \u00e8 richiesto un passaporto valido.<\/li>\n<\/ol>\n<\/div>\n<\/div>\n\n\n\n<h4 class=\"wp-block-heading icon-face\" style=\"margin-top:var(--wp--preset--spacing--20)\">riconoscimento facciale<\/h4>\n\n\n\n<p>Per confermare che hai fornito le tue informazioni di persona, abbiamo introdotto una procedura di riconoscimento facciale.<\/p>\n\n\n\n<p class=\"has-small-font-size\">* Assicurati di seguire i passaggi visualizzati sullo schermo. Questo ci consente di verificare la tua identit\u00e0 online.<\/p>\n\n\n\n<h5 class=\"wp-block-heading\" style=\"margin-top:var(--wp--preset--spacing--20)\">Preparazione prima di iniziare<\/h5>\n\n\n\n<ul class=\"check wp-block-list\">\n<li>Si prega di tenere pronti i documenti di identit\u00e0 con foto.<\/li>\n\n\n\n<li>Togli tutti gli oggetti che coprono il viso, come maschere, cappelli, occhiali da sole e cuffie.<\/li>\n\n\n\n<li>Si prega di scattare le foto in un ambiente ben illuminato.<\/li>\n\n\n\n<li>Preparare un dispositivo con una fotocamera e impostare l&#039;autorizzazione di accesso per la fotocamera.<\/li>\n<\/ul>\n\n\n\n<p class=\"has-small-font-size\">* Se utilizzi un dispositivo non dotato di fotocamera, puoi passare a un dispositivo mobile dalla schermata di selezione del metodo di invio del documento.<\/p>\n\n\n\n<div class=\"wp-block-columns has-green-pale-background-color has-background is-layout-flex wp-container-core-columns-is-layout-3 wp-block-columns-is-layout-flex\" style=\"border-radius:1rem;margin-top:var(--wp--preset--spacing--20);margin-bottom:var(--wp--preset--spacing--20);padding-top:var(--wp--preset--spacing--20);padding-right:var(--wp--preset--spacing--20);padding-bottom:var(--wp--preset--spacing--20);padding-left:var(--wp--preset--spacing--20)\">\n<div class=\"wp-block-column is-layout-flow wp-block-column-is-layout-flow\" style=\"flex-basis:20%\">\n<p>Requisiti<\/p>\n<\/div>\n\n\n\n<div class=\"wp-block-column is-layout-flow wp-block-column-is-layout-flow\">\n<ol class=\"wp-block-list\">\n<li>Se utilizzi iOS, utilizza il browser Safari. Se utilizzi Android o PC, utilizza il browser Chrome.<\/li>\n\n\n\n<li>Quando si passa da PC a dispositivo mobile si prega di mantenere aperta la schermata originale del PC fino al completamento della procedura.<\/li>\n<\/ol>\n<\/div>\n<\/div>\n\n\n\n<h3 class=\"wp-block-heading has-aurapay-green-color has-text-color has-link-color wp-elements-bc9a3b0b9a401c72cb9991c1c49e6da7\" style=\"margin-top:var(--wp--preset--spacing--30)\">Prova dell&#039;indirizzo attuale<\/h3>\n\n\n\n<p class=\"has-aurapay-green-color has-text-color has-link-color wp-elements-a9b69c89a49ae802a19fbc5eef5a0f8c\">Ti verr\u00e0 richiesto di presentare uno dei seguenti documenti (entro 3 mesi dalla data di emissione) riportante l&#039;indirizzo attuale del titolare del conto (persona fisica).<\/p>\n\n\n\n<ul class=\"wp-block-list\">\n<li>Bollette e ricevute di utenze<\/li>\n\n\n\n<li>Estratti conto e fatture bancarie\/aziendali di carte di credito<\/li>\n\n\n\n<li>Copia del certificato di residenza (per i residenti in Giappone)<\/li>\n\n\n\n<li>Certificato di registrazione del sigillo (per i residenti in Giappone)<\/li>\n\n\n\n<li>Certificato di pagamento delle tasse (per i residenti in Giappone)<\/li>\n<\/ul>\n\n\n\n<p class=\"has-small-font-size\">*Se sui documenti \u00e8 scritto il tuo numero personale (My Number), nascondilo in modo che non possa essere visto.<\/p>\n\n\n\n<div class=\"wp-block-columns has-green-pale-background-color has-background is-layout-flex wp-container-core-columns-is-layout-4 wp-block-columns-is-layout-flex\" style=\"border-radius:1rem;margin-top:var(--wp--preset--spacing--20);margin-bottom:var(--wp--preset--spacing--20);padding-top:var(--wp--preset--spacing--20);padding-right:var(--wp--preset--spacing--20);padding-bottom:var(--wp--preset--spacing--20);padding-left:var(--wp--preset--spacing--20)\">\n<div class=\"wp-block-column is-layout-flow wp-block-column-is-layout-flow\" style=\"flex-basis:20%\">\n<p>Requisiti<\/p>\n<\/div>\n\n\n\n<div class=\"wp-block-column is-layout-flow wp-block-column-is-layout-flow\">\n<ol class=\"wp-block-list\">\n<li>Il nome e l&#039;indirizzo attuale devono corrispondere ai dettagli del richiedente registrati sul conto. (Sono validi solo i documenti su cui \u00e8 stampato il nome e l&#039;indirizzo attuale.)<\/li>\n\n\n\n<li>L&#039;emittente\/carta intestata deve essere stampata sul documento.<\/li>\n\n\n\n<li>La data di emissione deve essere stampata entro 3 mesi dal momento dell&#039;approvazione del documento (si prega di inviare con largo anticipo rispetto alla scadenza).<\/li>\n\n\n\n<li>Si prega di preparare un documento che riporti tutti gli elementi sopra indicati sullo stesso foglio di carta (non saranno accettati documenti incompleti).<\/li>\n\n\n\n<li>I materiali di identit\u00e0 (patente di guida, carta My Number) non sono accettati come materiali di conferma dell&#039;indirizzo attuale.<\/li>\n<\/ol>\n<\/div>\n<\/div>\n\n\n\n<h2 class=\"wp-block-heading\" id=\"business_account\" style=\"margin-top:0;margin-bottom:var(--wp--preset--spacing--30);padding-top:var(--wp--preset--spacing--60)\">Conto commerciale<\/h2>\n\n\n\n<h3 class=\"wp-block-heading has-aurapay-green-color has-text-color has-link-color wp-elements-5d4016f5a025a66bfa2aeaf1d297b694\" style=\"margin-top:var(--wp--preset--spacing--30)\">Documenti di verifica dell&#039;identit\u00e0 per i rappresentanti<\/h3>\n\n\n\n<p class=\"has-aurapay-green-color has-text-color has-link-color wp-elements-9e27b96a9e1c04cae473141e2421035e\">Ti chiederemo di inviare un documento d&#039;identit\u00e0 con foto della persona che ha registrato l&#039;account (individuale) e un selfie (riconoscimento facciale).<\/p>\n\n\n\n<h4 class=\"wp-block-heading icon-id\" style=\"margin-top:var(--wp--preset--spacing--20)\">Verifica dell&#039;identit\u00e0 con foto<\/h4>\n\n\n\n<p>Si prega di inviare uno dei seguenti documenti: patente di guida, carta My Number (soggetto solo ai residenti in Giappone) o passaporto.<\/p>\n\n\n\n<div class=\"wp-block-columns col-border-round is-layout-flex wp-container-core-columns-is-layout-5 wp-block-columns-is-layout-flex\" style=\"margin-top:var(--wp--preset--spacing--20);margin-bottom:var(--wp--preset--spacing--20)\">\n<div class=\"wp-block-column has-border-color has-aurapay-green-border-color is-layout-flow wp-block-column-is-layout-flow\" style=\"border-width:2px;padding-top:var(--wp--preset--spacing--20);padding-right:var(--wp--preset--spacing--20);padding-bottom:var(--wp--preset--spacing--20);padding-left:var(--wp--preset--spacing--20)\">\n<h5 class=\"wp-block-heading\">Patente di guida<\/h5>\n\n\n\n<p>Si prega di inviare la parte anteriore e posteriore della patente di guida.<\/p>\n<\/div>\n\n\n\n<div class=\"wp-block-column has-border-color has-aurapay-green-border-color is-layout-flow wp-block-column-is-layout-flow\" style=\"border-width:2px;padding-top:var(--wp--preset--spacing--20);padding-right:var(--wp--preset--spacing--20);padding-bottom:var(--wp--preset--spacing--20);padding-left:var(--wp--preset--spacing--20)\">\n<h5 class=\"wp-block-heading\">Passaporto<\/h5>\n\n\n\n<p>Per favore invia la pagina con la tua foto e la tua firma.<\/p>\n<\/div>\n\n\n\n<div class=\"wp-block-column has-border-color has-aurapay-green-border-color is-layout-flow wp-block-column-is-layout-flow\" style=\"border-width:2px;padding-top:var(--wp--preset--spacing--20);padding-right:var(--wp--preset--spacing--20);padding-bottom:var(--wp--preset--spacing--20);padding-left:var(--wp--preset--spacing--20)\">\n<h5 class=\"wp-block-heading\">La mia carta numerica<\/h5>\n\n\n\n<p>Si prega di inviare il fronte e il retro della carta.<br>* Si prega di nascondere il numero personale e il codice a barre.<\/p>\n<\/div>\n<\/div>\n\n\n\n<div class=\"wp-block-columns has-green-pale-background-color has-background is-layout-flex wp-container-core-columns-is-layout-6 wp-block-columns-is-layout-flex\" style=\"border-radius:1rem;margin-top:var(--wp--preset--spacing--20);margin-bottom:var(--wp--preset--spacing--20);padding-top:var(--wp--preset--spacing--20);padding-right:var(--wp--preset--spacing--20);padding-bottom:var(--wp--preset--spacing--20);padding-left:var(--wp--preset--spacing--20)\">\n<div class=\"wp-block-column is-layout-flow wp-block-column-is-layout-flow\" style=\"flex-basis:20%\">\n<p>Requisiti<\/p>\n<\/div>\n\n\n\n<div class=\"wp-block-column is-layout-flow wp-block-column-is-layout-flow\">\n<ol class=\"wp-block-list\">\n<li>I documenti di identificazione devono essere emessi da un ente governativo e devono riportare lo stesso nome e data di nascita delle informazioni registrate su AuraPay.<\/li>\n\n\n\n<li>&nbsp;Una carta d&#039;identit\u00e0 scaduta non pu\u00f2 essere utilizzata come documento di verifica dell&#039;identit\u00e0.<\/li>\n\n\n\n<li>Ti ricordiamo che la scheda di notifica temporanea che ti avvisa della tua personale \u201cmy number card\u201d non pu\u00f2 essere utilizzata come documento di verifica dell&#039;identit\u00e0.<\/li>\n\n\n\n<li>Per i cittadini non giapponesi e giapponesi residenti fuori dal Giappone \u00e8 richiesto un passaporto valido.<\/li>\n<\/ol>\n<\/div>\n<\/div>\n\n\n\n<h4 class=\"wp-block-heading icon-face\" style=\"margin-top:var(--wp--preset--spacing--20)\">riconoscimento facciale<\/h4>\n\n\n\n<p>Per confermare che hai fornito le tue informazioni di persona, abbiamo introdotto una procedura di riconoscimento facciale.<\/p>\n\n\n\n<p class=\"has-small-font-size\">* Assicurati di seguire i passaggi visualizzati sullo schermo. Questo ci consente di verificare la tua identit\u00e0 online.<\/p>\n\n\n\n<h5 class=\"wp-block-heading\">Preparazione prima di iniziare<\/h5>\n\n\n\n<ul class=\"wp-block-list\">\n<li>Si prega di tenere pronti i documenti di identit\u00e0 con foto.<\/li>\n\n\n\n<li>Togli tutti gli oggetti che coprono il viso, come maschere, cappelli, occhiali da sole e cuffie.<\/li>\n\n\n\n<li>Si prega di scattare le foto in un ambiente ben illuminato.<\/li>\n\n\n\n<li>Preparare un dispositivo con una fotocamera e impostare l&#039;autorizzazione di accesso per la fotocamera.<\/li>\n<\/ul>\n\n\n\n<p class=\"has-small-font-size\">* Se utilizzi un dispositivo non dotato di fotocamera, puoi passare a un dispositivo mobile dalla schermata di selezione del metodo di invio del documento.<\/p>\n\n\n\n<div class=\"wp-block-columns has-green-pale-background-color has-background is-layout-flex wp-container-core-columns-is-layout-7 wp-block-columns-is-layout-flex\" style=\"border-radius:1rem;margin-top:var(--wp--preset--spacing--20);margin-bottom:var(--wp--preset--spacing--20);padding-top:var(--wp--preset--spacing--20);padding-right:var(--wp--preset--spacing--20);padding-bottom:var(--wp--preset--spacing--20);padding-left:var(--wp--preset--spacing--20)\">\n<div class=\"wp-block-column is-layout-flow wp-block-column-is-layout-flow\" style=\"flex-basis:20%\">\n<p>Requisiti<\/p>\n<\/div>\n\n\n\n<div class=\"wp-block-column is-layout-flow wp-block-column-is-layout-flow\">\n<ol class=\"wp-block-list\">\n<li>Se utilizzi iOS, utilizza il browser Safari. Se utilizzi Android o PC, utilizza il browser Chrome.<\/li>\n\n\n\n<li>Quando si passa da PC a dispositivo mobile si prega di mantenere aperta la schermata originale del PC fino al completamento della procedura.<\/li>\n<\/ol>\n<\/div>\n<\/div>\n\n\n\n<h3 class=\"wp-block-heading has-aurapay-green-color has-text-color has-link-color wp-elements-3a48448b2c9fdeac3090ea584e5747e6\" style=\"margin-top:var(--wp--preset--spacing--30)\">Prova dell&#039;indirizzo attuale per i rappresentanti<\/h3>\n\n\n\n<p class=\"has-aurapay-green-color has-text-color has-link-color wp-elements-a9b69c89a49ae802a19fbc5eef5a0f8c\">Ti verr\u00e0 richiesto di presentare uno dei seguenti documenti (entro 3 mesi dalla data di emissione) riportante l&#039;indirizzo attuale del titolare del conto (persona fisica).<\/p>\n\n\n\n<ul class=\"wp-block-list\">\n<li>Bollette e ricevute di utenze<\/li>\n\n\n\n<li>Estratti conto e fatture bancarie\/aziendali di carte di credito<\/li>\n\n\n\n<li>Copia del certificato di residenza (per i residenti in Giappone)<\/li>\n\n\n\n<li>Certificato di registrazione del sigillo (per i residenti in Giappone)<\/li>\n\n\n\n<li>Certificato di pagamento delle tasse (per i residenti in Giappone)<\/li>\n<\/ul>\n\n\n\n<p>*Se sui documenti \u00e8 scritto il tuo numero personale (My Number), nascondilo in modo che non possa essere visto.<\/p>\n\n\n\n<div class=\"wp-block-columns has-green-pale-background-color has-background is-layout-flex wp-container-core-columns-is-layout-8 wp-block-columns-is-layout-flex\" style=\"border-radius:1rem;margin-top:var(--wp--preset--spacing--20);margin-bottom:var(--wp--preset--spacing--20);padding-top:var(--wp--preset--spacing--20);padding-right:var(--wp--preset--spacing--20);padding-bottom:var(--wp--preset--spacing--20);padding-left:var(--wp--preset--spacing--20)\">\n<div class=\"wp-block-column is-layout-flow wp-block-column-is-layout-flow\" style=\"flex-basis:20%\">\n<p>Requisiti<\/p>\n<\/div>\n\n\n\n<div class=\"wp-block-column is-layout-flow wp-block-column-is-layout-flow\">\n<ol class=\"wp-block-list\">\n<li>Il nome e l&#039;indirizzo attuale devono corrispondere ai dettagli del richiedente registrati sul conto. (Sono validi solo i documenti su cui \u00e8 stampato il nome e l&#039;indirizzo attuale.)<\/li>\n\n\n\n<li>L&#039;emittente\/carta intestata deve essere stampata sul documento.<\/li>\n\n\n\n<li>La data di emissione deve essere stampata entro 3 mesi dal momento dell&#039;approvazione del documento (si prega di inviare con largo anticipo rispetto alla scadenza).<\/li>\n\n\n\n<li>Si prega di preparare un documento che riporti tutti gli elementi sopra indicati sullo stesso foglio di carta (non saranno accettati documenti incompleti).<\/li>\n\n\n\n<li>I materiali di identit\u00e0 (patente di guida, carta My Number) non sono accettati come materiali di conferma dell&#039;indirizzo attuale.<\/li>\n<\/ol>\n<\/div>\n<\/div>\n\n\n\n<h3 class=\"wp-block-heading has-aurapay-green-color has-text-color has-link-color wp-elements-eb4a55bd50110a2706872e0eea52afae\" style=\"margin-top:var(--wp--preset--spacing--30)\">Documenti richiesti per l&#039;utente aziendale<\/h3>\n\n\n\n<p class=\"has-aurapay-green-color has-text-color has-link-color wp-elements-1f67617220b6200e5029896664d58f77\">Si prega di inviare tutti i seguenti documenti del proprietario del portafoglio (societ\u00e0), che devono indicare il proprio indirizzo e nome.<br>I documenti devono essere rilasciati entro sei mesi.<\/p>\n\n\n\n<ul class=\"wp-block-list\">\n<li>Profilo aziendale<br>Si prega di inviare tutte le pagine dei documenti.<br>\u00c8 inoltre possibile inviare tutte le pagine degli atti costitutivi approvati dalle autorit\u00e0 pubbliche.<\/li>\n<\/ul>\n\n\n\n<p class=\"has-small-font-size\">*Si prega di notare che agli utenti di paesi diversi potrebbe essere richiesto di caricare altri documenti necessari per un&#039;ulteriore verifica. Si prega di contattare il team di supporto per ulteriori informazioni.<br>*Si prega di inviare i dati in formato digitale (GIF, JPG, PDF, ecc.) che siano stati scansionati o fotografati con una fotocamera come uno smartphone, senza alcun lavoro di modifica effettuato.<\/p>\n\n\n\n<h3 class=\"wp-block-heading has-aurapay-green-color has-text-color has-link-color wp-elements-f2c3fc536d491ead5eb29c730ddfa508\" style=\"margin-top:var(--wp--preset--spacing--30)\">Certificato di registrazione del sigillo<\/h3>\n\n\n\n<p class=\"has-aurapay-green-color has-text-color has-link-color wp-elements-aa9f015cd37b27d113f0008ba4f96e4e\">Si prega di inviare i seguenti documenti del proprietario del portafoglio (societ\u00e0).<br>I documenti devono essere rilasciati entro 6 mesi.<\/p>\n\n\n\n<ul class=\"wp-block-list\">\n<li>Documenti di conferma del sigillo aziendale<\/li>\n<\/ul>\n\n\n\n<p class=\"has-small-font-size\">*Si prega di inviare i dati in formato digitale (GIF, JPG, PDF, ecc.) che siano stati scansionati o fotografati con una fotocamera come uno smartphone, senza alcun lavoro di modifica effettuato.<\/p>\n\n\n\n<h3 class=\"wp-block-heading has-aurapay-green-color has-text-color has-link-color wp-elements-f22a2d0aa3ec84b4a93f5a9a19b16f9c\" style=\"margin-top:var(--wp--preset--spacing--30)\">Prova dell&#039;indirizzo attuale della societ\u00e0<\/h3>\n\n\n\n<p class=\"has-aurapay-green-color has-text-color has-link-color wp-elements-2262a6335ac1afc483883c2ba434a3f5\">Per un account aziendale, dovrai caricare uno dei documenti seguenti (il documento deve essere entro 6 mesi dalla data di emissione).<\/p>\n\n\n\n<ul class=\"wp-block-list\">\n<li class=\"translation-block\">Bolletta o ricevuta di un&#039;utenza<br> Bolletta di elettricit\u00e0, gas, acqua o NHK<\/li>\n\n\n\n<li>Fattura o ricevuta fiscale nazionale o locale<\/li>\n\n\n\n<li>Estratti conto bancari o di carte di credito<\/li>\n<\/ul>\n\n\n\n<p class=\"has-small-font-size\">*Si prega di inviare i dati in formato digitale (GIF, JPG, PDF, ecc.) che siano stati scansionati o fotografati con una fotocamera come uno smartphone, senza alcun lavoro di modifica effettuato.<\/p>\n\n\n\n<h3 class=\"wp-block-heading has-aurapay-green-color has-text-color has-link-color wp-elements-33434f20cdc635eb3098cd0e7f1e33bc\" style=\"margin-top:var(--wp--preset--spacing--30)\">Certificati con sigillo ufficiale<\/h3>\n\n\n\n<p class=\"has-aurapay-green-color has-text-color has-link-color wp-elements-2262a6335ac1afc483883c2ba434a3f5\">Per un account aziendale, dovrai caricare uno dei documenti seguenti (il documento deve essere entro 6 mesi dalla data di emissione).<\/p>\n\n\n\n<ul class=\"wp-block-list\">\n<li class=\"translation-block\">Certificati con sigillo ufficiale<br> <a href=\"https:\/\/aurapay.com\/wp-content\/uploads\/2023\/06\/UBO_Declaration_Form_en_AuraPay.pdf?202306\" target=\"_blank\" rel=\"noreferrer noopener\">Clicca qui<\/a> per scaricare i documenti<\/li>\n\n\n\n<li>Documenti di identificazione di tutti gli operatori dei conti e dei decisori<\/li>\n\n\n\n<li>Prova dell&#039;indirizzo attuale di tutti gli operatori dei conti e dei decisori<\/li>\n\n\n\n<li>Certificato di sigilli registrati per tutti gli operatori dei conti e i decisori<\/li>\n<\/ul>\n\n\n\n<p class=\"has-small-font-size\">*Si prega di inviare i dati in formato digitale (GIF, JPG, PDF, ecc.) che siano stati scansionati o fotografati con una fotocamera come uno smartphone, senza alcun lavoro di modifica effettuato.<\/p>\n\n\n\n<div class=\"wp-block-group icon-security has-border-color has-global-padding is-layout-constrained wp-container-core-group-is-layout-2 wp-block-group-is-layout-constrained\" style=\"border-color:#00A651;border-width:1px;border-radius:1rem;margin-top:var(--wp--preset--spacing--60);padding-top:var(--wp--preset--spacing--20);padding-right:var(--wp--preset--spacing--20);padding-bottom:var(--wp--preset--spacing--20);padding-left:var(--wp--preset--spacing--20)\">\n<p>Le informazioni fornite dagli utenti vengono crittografate con SSL (Secure Sockets Layer) durante l&#039;invio delle informazioni per salvaguardare tutti i dati sensibili.<br>Proteggere le informazioni degli utenti da perdite, danni, perdite e accessi non autorizzati, garantendo una piattaforma sicura per gli utenti.<\/p>\n<\/div>","protected":false},"excerpt":{"rendered":"<p>Documenti richiesti per un account Per utilizzare il tuo account, dovrai inviare i documenti richiesti di seguito. Documenti di verifica dell&#039;identit\u00e0 dell&#039;account personale Ti chiederemo di inviare un documento d&#039;identit\u00e0 con foto della persona che ha registrato l&#039;account (individuale) e un selfie (riconoscimento facciale). Verifica dell&#039;identit\u00e0 con foto Si prega di inviare uno dei seguenti documenti: patente di guida, carta My Number (soggetto solo ai residenti in Giappone) o passaporto. Patente di guida Si prega di inviare fronte e retro della patente di guida. Passaporto Si prega di inviare la pagina con la foto e la firma. Carta My Number Si prega di inviare fronte e retro della carta.* Si prega di nascondere il numero personale e il codice a barre. I requisiti devono affrontare [\u2026]<\/p>","protected":false},"author":2,"featured_media":0,"parent":0,"menu_order":0,"comment_status":"closed","ping_status":"closed","template":"","meta":{"footnotes":""},"class_list":["post-115","page","type-page","status-publish","hentry"],"_links":{"self":[{"href":"https:\/\/aurapay.com\/it\/wp-json\/wp\/v2\/pages\/115"}],"collection":[{"href":"https:\/\/aurapay.com\/it\/wp-json\/wp\/v2\/pages"}],"about":[{"href":"https:\/\/aurapay.com\/it\/wp-json\/wp\/v2\/types\/page"}],"author":[{"embeddable":true,"href":"https:\/\/aurapay.com\/it\/wp-json\/wp\/v2\/users\/2"}],"replies":[{"embeddable":true,"href":"https:\/\/aurapay.com\/it\/wp-json\/wp\/v2\/comments?post=115"}],"version-history":[{"count":8,"href":"https:\/\/aurapay.com\/it\/wp-json\/wp\/v2\/pages\/115\/revisions"}],"predecessor-version":[{"id":978,"href":"https:\/\/aurapay.com\/it\/wp-json\/wp\/v2\/pages\/115\/revisions\/978"}],"wp:attachment":[{"href":"https:\/\/aurapay.com\/it\/wp-json\/wp\/v2\/media?parent=115"}],"curies":[{"name":"parola chiave","href":"https:\/\/api.w.org\/{rel}","templated":true}]}}