{"id":50,"date":"2024-04-10T08:22:18","date_gmt":"2024-04-10T08:22:18","guid":{"rendered":"http:\/\/apnew2.local\/?page_id=50"},"modified":"2024-05-01T09:06:53","modified_gmt":"2024-05-01T09:06:53","slug":"about","status":"publish","type":"page","link":"https:\/\/aurapay.com\/fr\/about\/","title":{"rendered":"\u00c0 propos"},"content":{"rendered":"<div class=\"wp-block-cover alignfull is-light o-fit-contain\" style=\"margin-bottom:var(--wp--preset--spacing--30);padding-top:var(--wp--preset--spacing--30);padding-bottom:var(--wp--preset--spacing--30)\"><span aria-hidden=\"true\" class=\"wp-block-cover__background has-base-2-background-color has-background-dim-0 has-background-dim\"><\/span><img decoding=\"async\" class=\"wp-block-cover__image-background wp-image-587\" alt=\"\" src=\"https:\/\/aurapay.com\/wp-content\/uploads\/about-bg1.webp\" style=\"object-position:100% 0%\" data-object-fit=\"cover\" data-object-position=\"100% 0%\"\/><div class=\"wp-block-cover__inner-container has-global-padding is-layout-constrained wp-block-cover-is-layout-constrained\">\n<div class=\"wp-block-columns f-dir-colR is-layout-flex wp-container-core-columns-is-layout-1 wp-block-columns-is-layout-flex\">\n<div class=\"wp-block-column tb-taC is-layout-flow wp-block-column-is-layout-flow\" style=\"flex-basis:60%\">\n<h1 class=\"wp-block-heading\">\u00c0 propos<\/h1>\n\n\n\n<p>La crypto n\u2019est pas seulement une monnaie virtuelle ; c&#039;est un aper\u00e7u de l&#039;avenir des m\u00e9thodes de paiement. Nous nous engageons essentiellement \u00e0 cr\u00e9er une plateforme conviviale et s\u00e9curis\u00e9e pour les institutions financi\u00e8res et les particuliers du monde entier. Notre objectif est de fournir une exp\u00e9rience s\u00e9curis\u00e9e et transparente, permettant \u00e0 chacun d&#039;explorer l&#039;avenir des paiements.<\/p>\n\n\n\n<p>Notre objectif est d&#039;offrir une solution compl\u00e8te pour acheter, vendre, envoyer et recevoir votre crypto-monnaie au sein de votre portefeuille personnel Aurapay.<\/p>\n\n\n\n<p> Aurapay a obtenu une licence d&#039;exploitation en Estonie et fournit les services de crypto-monnaie suivants. Fourniture de services d&#039;\u00e9change d&#039;une monnaie virtuelle contre une monnaie fiduciaire. Fourniture d&#039;un service de portefeuille de monnaie virtuelle. Fourniture de services d&#039;\u00e9change d&#039;une monnaie virtuelle contre une monnaie virtuelle.<\/p>\n<\/div>\n\n\n\n<div class=\"wp-block-column is-vertically-aligned-bottom tb-taC is-layout-flow wp-block-column-is-layout-flow\">\n<figure class=\"wp-block-image size-full is-resized about-img1\"><img decoding=\"async\" src=\"https:\/\/aurapay.com\/wp-content\/uploads\/about-img1.webp\" alt=\"\" class=\"wp-image-586\" style=\"width:120px\"\/><\/figure>\n<\/div>\n<\/div>\n<\/div><\/div>\n\n\n\n<div class=\"wp-block-group about-what has-global-padding is-layout-constrained wp-block-group-is-layout-constrained\">\n<h2 class=\"wp-block-heading has-text-align-center\" style=\"margin-top:var(--wp--preset--spacing--30);margin-bottom:var(--wp--preset--spacing--20)\">Qu\u2019est-ce que le Aurapay ?<\/h2>\n\n\n\n<div class=\"wp-block-group has-global-padding is-layout-constrained wp-block-group-is-layout-constrained\">\n<h3 class=\"wp-block-heading\">Votre portefeuille crypto de tous les jours<\/h3>\n\n\n\n<p>Aurapay est un portefeuille cryptographique bas\u00e9 sur le Web accessible \u00e0 tout moment et en tout lieu. Nous proposons \u00e9galement le stablecoin APT con\u00e7u pour maintenir un ratio JPY fixe de 1:1 avec l&#039;actif sous-jacent, ce qui le rend parfait pour les transactions quotidiennes et comme r\u00e9serve de valeur. Pour en savoir plus sur APT, cliquez ici. (li\u00e9 \u00e0 la page APT)<\/p>\n<\/div>\n\n\n\n<div class=\"wp-block-group has-global-padding is-layout-constrained wp-block-group-is-layout-constrained\">\n<h3 class=\"wp-block-heading\">Un portefeuille crypto rationalis\u00e9 et s\u00e9curis\u00e9<\/h3>\n\n\n\n<p>Aurapay a \u00e9t\u00e9 introduit dans le but d\u2019encourager davantage de personnes \u00e0 utiliser les crypto-monnaies en toute s\u00e9curit\u00e9, apportant ainsi une contribution significative \u00e0 l\u2019\u00e9volution de notre future soci\u00e9t\u00e9 num\u00e9rique. Avec l&#039;acquisition d&#039;une licence appropri\u00e9e et la mise en \u0153uvre de mesures de s\u00e9curit\u00e9 de pointe, les utilisateurs peuvent naviguer en toute confiance sur la plateforme Aurapay.<\/p>\n<\/div>\n\n\n\n<div class=\"wp-block-group has-global-padding is-layout-constrained wp-block-group-is-layout-constrained\">\n<h3 class=\"wp-block-heading\">Un pont pour vos actifs num\u00e9riques vers la valeur JPY<\/h3>\n\n\n\n<p>Dans le domaine de la blockchain, seule une poign\u00e9e de pi\u00e8ces stables sont ancr\u00e9es \u00e0 la valeur de la monnaie fiduciaire JPY. APT fait fi\u00e8rement partie de ces quelques privil\u00e9gi\u00e9s. Notre mission est de fournir un pont transparent et fiable, garantissant la connexion transparente de vos actifs num\u00e9riques avec la valeur durable du yen japonais (JPY).<\/p>\n<\/div>\n<\/div>\n\n\n\n<div class=\"wp-block-group about-why has-global-padding is-layout-constrained wp-block-group-is-layout-constrained\">\n<h2 class=\"wp-block-heading has-text-align-center\" style=\"margin-top:var(--wp--preset--spacing--30);margin-bottom:var(--wp--preset--spacing--20)\">Pourquoi Aurapay ?<\/h2>\n\n\n\n<div class=\"wp-block-columns is-layout-flex wp-container-core-columns-is-layout-2 wp-block-columns-is-layout-flex\">\n<div class=\"wp-block-column has-border-color has-aurapay-green-border-color is-layout-flow wp-container-core-column-is-layout-3 wp-block-column-is-layout-flow\" style=\"border-width:2px\">\n<h3 class=\"wp-block-heading has-text-align-center has-white-color has-aurapay-green-light-background-color has-text-color has-background has-link-color has-medium-font-size wp-elements-3e2e5acfe9909dd156ddf004728a8112\" style=\"padding-top:var(--wp--preset--spacing--10);padding-right:var(--wp--preset--spacing--10);padding-bottom:var(--wp--preset--spacing--10);padding-left:var(--wp--preset--spacing--10)\">Cryptos populaires et fiables<\/h3>\n\n\n\n<p class=\"has-text-align-center\" style=\"padding-top:var(--wp--preset--spacing--10);padding-right:var(--wp--preset--spacing--10);padding-bottom:var(--wp--preset--spacing--10);padding-left:var(--wp--preset--spacing--10)\">Nous proposons Bitcoin (BTC), Ethereum (ETH) et Ripple (XRP), qui se distinguent par leur reconnaissance significative et leur utilisation r\u00e9pandue dans l&#039;industrie, renfor\u00e7ant ainsi leur r\u00e9putation d&#039;options de crypto-monnaie hautement fiables.<\/p>\n<\/div>\n\n\n\n<div class=\"wp-block-column has-border-color has-aurapay-green-border-color is-layout-flow wp-container-core-column-is-layout-4 wp-block-column-is-layout-flow\" style=\"border-width:2px\">\n<h3 class=\"wp-block-heading has-text-align-center has-white-color has-aurapay-green-light-background-color has-text-color has-background has-link-color has-medium-font-size wp-elements-14974113ecc38293a987e14420ee30f1\" style=\"padding-top:var(--wp--preset--spacing--10);padding-right:var(--wp--preset--spacing--10);padding-bottom:var(--wp--preset--spacing--10);padding-left:var(--wp--preset--spacing--10)\">Paiements cryptographiques de premier plan<\/h3>\n\n\n\n<p class=\"has-text-align-center\" style=\"padding-top:var(--wp--preset--spacing--10);padding-right:var(--wp--preset--spacing--10);padding-bottom:var(--wp--preset--spacing--10);padding-left:var(--wp--preset--spacing--10)\">APT sera votre premier choix pour des \u00e9changes et des transactions JPY-Crypto fiables et efficaces. Nous garantissons une valeur JPY stable de 1:1, offrant une forme de crypto-monnaie plus pr\u00e9visible et moins volatile.<\/p>\n<\/div>\n\n\n\n<div class=\"wp-block-column has-border-color has-aurapay-green-border-color is-layout-flow wp-container-core-column-is-layout-5 wp-block-column-is-layout-flow\" style=\"border-width:2px\">\n<h3 class=\"wp-block-heading has-text-align-center has-white-color has-aurapay-green-light-background-color has-text-color has-background has-link-color has-medium-font-size wp-elements-c795f9d645e80d43f34b047b738f0042\" style=\"padding-top:var(--wp--preset--spacing--10);padding-right:var(--wp--preset--spacing--10);padding-bottom:var(--wp--preset--spacing--10);padding-left:var(--wp--preset--spacing--10)\">Finance d\u00e9centralis\u00e9e (DeFi)<\/h3>\n\n\n\n<p class=\"has-text-align-center\" style=\"padding-top:var(--wp--preset--spacing--10);padding-right:var(--wp--preset--spacing--10);padding-bottom:var(--wp--preset--spacing--10);padding-left:var(--wp--preset--spacing--10)\">Nous nous engageons \u00e0 \u00e9voluer vers des r\u00e9seaux d\u00e9centralis\u00e9s, un concept qui d\u00e9place les services financiers traditionnels vers la technologie blockchain. Notre objectif est de rationaliser les transactions sans recourir \u00e0 des interm\u00e9diaires tiers.<\/p>\n<\/div>\n\n\n\n<div class=\"wp-block-column has-border-color has-aurapay-green-border-color is-layout-flow wp-container-core-column-is-layout-6 wp-block-column-is-layout-flow\" style=\"border-width:2px\">\n<h3 class=\"wp-block-heading has-text-align-center has-white-color has-aurapay-green-light-background-color has-text-color has-background has-link-color has-medium-font-size wp-elements-dbd3e9fe3738a2552354e1d76374bb8c\" style=\"padding-top:var(--wp--preset--spacing--10);padding-right:var(--wp--preset--spacing--10);padding-bottom:var(--wp--preset--spacing--10);padding-left:var(--wp--preset--spacing--10)\">Solution client locale<\/h3>\n\n\n\n<p class=\"has-text-align-center\" style=\"padding-top:var(--wp--preset--spacing--10);padding-right:var(--wp--preset--spacing--10);padding-bottom:var(--wp--preset--spacing--10);padding-left:var(--wp--preset--spacing--10)\">Nous fournissons une expertise locale avec une port\u00e9e mondiale. Notre \u00e9quipe de support client d\u00e9di\u00e9e, connaissant bien les nuances locales, ajoute de la valeur \u00e0 votre exp\u00e9rience en offrant la ma\u00eetrise de la langue et la compr\u00e9hension culturelle.<\/p>\n<\/div>\n<\/div>\n<\/div>\n\n\n\n<div class=\"wp-block-group about-howto has-global-padding is-layout-constrained wp-block-group-is-layout-constrained\" style=\"margin-bottom:var(--wp--preset--spacing--40)\">\n<h2 class=\"wp-block-heading has-text-align-center\" style=\"margin-top:var(--wp--preset--spacing--30);margin-bottom:var(--wp--preset--spacing--20)\">Comment utiliser le Aurapay ?<\/h2>\n\n\n\n<div class=\"wp-block-group has-global-padding is-layout-constrained wp-block-group-is-layout-constrained\">\n<h3 class=\"wp-block-heading\">Paiements<\/h3>\n\n\n\n<p>Le nombre de commer\u00e7ants se tournant vers les paiements en crypto-monnaie continue de cro\u00eetre r\u00e9guli\u00e8rement. Avec Aurapay, vous pouvez effectuer des transactions en toute transparence sur les march\u00e9s en ligne internationaux, garantissant ainsi une exp\u00e9rience sans tracas.<\/p>\n<\/div>\n\n\n\n<div class=\"wp-block-group has-global-padding is-layout-constrained wp-block-group-is-layout-constrained\">\n<h3 class=\"wp-block-heading\">\u00c9change de crypto<\/h3>\n\n\n\n<p>Payez, achetez, vendez et envoyez des cryptos. Plongez sans effort dans le monde des actifs num\u00e9riques gr\u00e2ce \u00e0 notre fonctionnalit\u00e9 conviviale d\u2019\u00e9change de crypto-monnaies. \u00c9changez instantan\u00e9ment une cryptomonnaie contre une autre, vous permettant ainsi d&#039;adapter et de g\u00e9rer votre portefeuille en toute simplicit\u00e9.<\/p>\n<\/div>\n\n\n\n<div class=\"wp-block-group has-global-padding is-layout-constrained wp-block-group-is-layout-constrained\">\n<h3 class=\"wp-block-heading\">Finances personnelles<\/h3>\n\n\n\n<p>Les crypto-monnaies offrent un paysage d\u00e9centralis\u00e9 et dynamique qui vous donne le contr\u00f4le. Que vous recherchiez des rendements potentiels \u00e9lev\u00e9s ou que vous diversifiiez votre portefeuille, les crypto-monnaies offrent une avenue unique aux investisseurs individuels.<\/p>\n<\/div>\n<\/div>","protected":false},"excerpt":{"rendered":"<p>Qu\u2019est-ce que le Aurapay ? Votre portefeuille crypto quotidien Aurapay est un portefeuille crypto bas\u00e9 sur le Web accessible \u00e0 tout moment et en tout lieu. Nous proposons \u00e9galement le stablecoin APT con\u00e7u pour maintenir un ratio JPY fixe de 1:1 avec l&#039;actif sous-jacent, ce qui le rend parfait pour les transactions quotidiennes et comme r\u00e9serve de valeur. Pour en savoir plus sur APT, cliquez ici. (li\u00e9 \u00e0 la page APT) Un portefeuille crypto simplifi\u00e9 et s\u00e9curis\u00e9 Aurapay a \u00e9t\u00e9 introduit dans le but d&#039;encourager davantage de personnes \u00e0 s&#039;engager en toute s\u00e9curit\u00e9 dans les crypto-monnaies, apportant ainsi une contribution significative \u00e0 l&#039;\u00e9volution de notre future soci\u00e9t\u00e9 num\u00e9rique. Avec l&#039;acquisition d&#039;une licence appropri\u00e9e et la mise en \u0153uvre de mesures de s\u00e9curit\u00e9 de pointe, les utilisateurs peuvent naviguer en toute confiance sur la plateforme Aurapay. [\u2026]<\/p>","protected":false},"author":2,"featured_media":0,"parent":0,"menu_order":0,"comment_status":"closed","ping_status":"closed","template":"","meta":{"footnotes":""},"class_list":["post-50","page","type-page","status-publish","hentry"],"_links":{"self":[{"href":"https:\/\/aurapay.com\/fr\/wp-json\/wp\/v2\/pages\/50"}],"collection":[{"href":"https:\/\/aurapay.com\/fr\/wp-json\/wp\/v2\/pages"}],"about":[{"href":"https:\/\/aurapay.com\/fr\/wp-json\/wp\/v2\/types\/page"}],"author":[{"embeddable":true,"href":"https:\/\/aurapay.com\/fr\/wp-json\/wp\/v2\/users\/2"}],"replies":[{"embeddable":true,"href":"https:\/\/aurapay.com\/fr\/wp-json\/wp\/v2\/comments?post=50"}],"version-history":[{"count":1,"href":"https:\/\/aurapay.com\/fr\/wp-json\/wp\/v2\/pages\/50\/revisions"}],"predecessor-version":[{"id":917,"href":"https:\/\/aurapay.com\/fr\/wp-json\/wp\/v2\/pages\/50\/revisions\/917"}],"wp:attachment":[{"href":"https:\/\/aurapay.com\/fr\/wp-json\/wp\/v2\/media?parent=50"}],"curies":[{"name":"wp","href":"https:\/\/api.w.org\/{rel}","templated":true}]}}