{"id":45,"date":"2024-04-10T08:03:10","date_gmt":"2024-04-10T08:03:10","guid":{"rendered":"http:\/\/apnew2.local\/?page_id=45"},"modified":"2024-05-15T08:19:13","modified_gmt":"2024-05-15T08:19:13","slug":"aurapay-token","status":"publish","type":"page","link":"https:\/\/aurapay.com\/fr\/aurapay-token\/","title":{"rendered":"Jeton Aurapay"},"content":{"rendered":"<div class=\"wp-block-cover alignfull is-light\" style=\"padding-top:var(--wp--preset--spacing--40);padding-bottom:var(--wp--preset--spacing--40)\"><span aria-hidden=\"true\" class=\"wp-block-cover__background has-background-dim-0 has-background-dim\" style=\"background-color:#54d081\"><\/span><img loading=\"lazy\" decoding=\"async\" width=\"2065\" height=\"1519\" class=\"wp-block-cover__image-background wp-image-864\" alt=\"\" src=\"https:\/\/aurapay.com\/wp-content\/uploads\/aurapay-token-bg.webp\" style=\"object-position:75% 100%\" data-object-fit=\"cover\" data-object-position=\"75% 100%\"\/><div class=\"wp-block-cover__inner-container has-global-padding is-layout-constrained wp-block-cover-is-layout-constrained\">\n<figure class=\"wp-block-image aligncenter size-full is-resized aurapaytoken-img1\"><img decoding=\"async\" src=\"https:\/\/aurapay.com\/wp-content\/uploads\/aurapay-token-img1.webp\" alt=\"\" class=\"wp-image-508\" style=\"width:300px\"\/><\/figure>\n\n\n\n<p class=\"has-text-align-center has-large-font-size\" style=\"margin-top:0;margin-bottom:0\">Pr\u00e9sentation<\/p>\n\n\n\n<h1 class=\"wp-block-heading has-text-align-center\" style=\"margin-top:0;margin-bottom:var(--wp--preset--spacing--30)\">Le jeton Aurapay (APT)<\/h1>\n\n\n\n<p class=\"has-text-align-center\">Le jeton Aurapay (APT) est un stablecoin de crypto-monnaie r\u00e9glement\u00e9, con\u00e7u avec un ratio de 1:1 par rapport au yen japonais (JPY). Cela signifie que chaque APT \u00e9quivaut \u00e0 1 yen japonais, garantissant une valeur stable et pr\u00e9visible dans l&#039;espace mon\u00e9taire num\u00e9rique.<\/p>\n\n\n\n<p class=\"has-text-align-center\">Dans le monde de la blockchain, il n\u2019existe pas beaucoup de pi\u00e8ces stables qui repr\u00e9sentent la valeur de la monnaie fiduciaire JPY. APT est fier d\u2019\u00eatre l\u2019un des rares. Naviguer dans le paysage complexe de la blockchain peut \u00eatre intimidant, mais nous sommes l\u00e0 pour fournir un pont transparent et fiable qui relie de mani\u00e8re transparente vos actifs num\u00e9riques \u00e0 la valeur JPY.<\/p>\n\n\n\n<p class=\"has-text-align-center\">La valeur de l&#039;APT reste relativement stable par rapport au yen japonais. Nous sommes convaincus que des actifs num\u00e9riques stables comme APT sont essentiels pour lib\u00e9rer tout le potentiel de la technologie blockchain.<\/p>\n<\/div><\/div>\n\n\n\n<h2 class=\"wp-block-heading has-text-align-center\" style=\"margin-top:var(--wp--preset--spacing--30);margin-bottom:var(--wp--preset--spacing--30)\">Pourquoi APT est diff\u00e9rent\u00a0?<\/h2>\n\n\n\n<details class=\"wp-block-details is-layout-flow wp-block-details-is-layout-flow\"><summary>Jeton unique en son genre<\/summary>\n<p>L&#039;une des rares pi\u00e8ces stables en JPY dans la blockchain et nous visons \u00e0 devenir le pont qui relie de mani\u00e8re transparente vos crypto-actifs \u00e0 la valeur JPY.<\/p>\n<\/details>\n\n\n\n<details class=\"wp-block-details is-layout-flow wp-block-details-is-layout-flow\"><summary>La stabilit\u00e9<\/summary>\n<p>APT vise \u00e0 maintenir une valeur stable du JPY \u00e0 un ratio de 1:1 avec l&#039;actif sous-jacent auquel ils sont rattach\u00e9s. Cette stabilit\u00e9 rend APT adapt\u00e9 aux transactions quotidiennes et comme r\u00e9serve de valeur.<\/p>\n<\/details>\n\n\n\n<details class=\"wp-block-details is-layout-flow wp-block-details-is-layout-flow\"><summary>Rapidit\u00e9 et efficacit\u00e9<\/summary>\n<p>APT propose des transactions transfrontali\u00e8res rapides et efficaces sans les retards ni les frais associ\u00e9s aux syst\u00e8mes bancaires traditionnels.<\/p>\n<\/details>\n\n\n\n<details class=\"wp-block-details is-layout-flow wp-block-details-is-layout-flow\"><summary>Nature num\u00e9rique<\/summary>\n<p>APT fonctionne sur la technologie blockchain, offrant plus qu&#039;un simple portefeuille. Notre stablecoin est con\u00e7u pour faciliter le transfert, le stockage et l\u2019utilisation dans divers \u00e9cosyst\u00e8mes num\u00e9riques.<\/p>\n<\/details>\n\n\n\n<details class=\"wp-block-details is-layout-flow wp-block-details-is-layout-flow\"><summary>Transparence<\/summary>\n<p>APT se conforme \u00e0 des audits r\u00e9guliers et fait rapport pour maintenir sa transparence.<\/p>\n<\/details>\n\n\n\n<div class=\"wp-block-cover alignfull is-light o-fit-contain\" style=\"margin-top:var(--wp--preset--spacing--30);margin-bottom:var(--wp--preset--spacing--30)\"><span aria-hidden=\"true\" class=\"wp-block-cover__background has-background-dim-0 has-background-dim\"><\/span><img decoding=\"async\" class=\"wp-block-cover__image-background wp-image-571\" alt=\"\" src=\"https:\/\/aurapay.com\/wp-content\/uploads\/aurapay-token-bg2.webp\" style=\"object-position:0% 100%\" data-object-fit=\"cover\" data-object-position=\"0% 100%\"\/><div class=\"wp-block-cover__inner-container has-global-padding is-layout-constrained wp-block-cover-is-layout-constrained\">\n<div class=\"wp-block-columns are-vertically-aligned-center f-dir-colR is-layout-flex wp-container-core-columns-is-layout-1 wp-block-columns-is-layout-flex\" style=\"margin-top:var(--wp--preset--spacing--30);margin-bottom:var(--wp--preset--spacing--30)\">\n<div class=\"wp-block-column is-vertically-aligned-center is-layout-flow wp-block-column-is-layout-flow\">\n<figure class=\"wp-block-image aligncenter size-full is-resized aurapaytoken-img2\"><img decoding=\"async\" src=\"https:\/\/aurapay.com\/wp-content\/uploads\/aurapay-token-img2.webp\" alt=\"\" class=\"wp-image-563\" style=\"width:360px\"\/><\/figure>\n<\/div>\n\n\n\n<div class=\"wp-block-column is-vertically-aligned-center tb-taC is-layout-flow wp-block-column-is-layout-flow\">\n<h2 class=\"wp-block-heading\">Rejoignez la r\u00e9volution et exp\u00e9rimentez APT vous-m\u00eame.<\/h2>\n\n\n\n<div class=\"wp-block-buttons tb-jcC is-layout-flex wp-block-buttons-is-layout-flex\" style=\"margin-top:var(--wp--preset--spacing--30)\">\n<div class=\"wp-block-button cv\"><a class=\"wp-block-button__link wp-element-button\" href=\"https:\/\/my.aurapay.com\/signup\/certification?lang=en\">S&#039;inscrire maintenant<\/a><\/div>\n<\/div>\n<\/div>\n<\/div>\n<\/div><\/div>","protected":false},"excerpt":{"rendered":"<p>Pourquoi APT est diff\u00e9rent\u00a0?<\/p>","protected":false},"author":2,"featured_media":0,"parent":0,"menu_order":0,"comment_status":"closed","ping_status":"closed","template":"","meta":{"footnotes":""},"class_list":["post-45","page","type-page","status-publish","hentry"],"_links":{"self":[{"href":"https:\/\/aurapay.com\/fr\/wp-json\/wp\/v2\/pages\/45"}],"collection":[{"href":"https:\/\/aurapay.com\/fr\/wp-json\/wp\/v2\/pages"}],"about":[{"href":"https:\/\/aurapay.com\/fr\/wp-json\/wp\/v2\/types\/page"}],"author":[{"embeddable":true,"href":"https:\/\/aurapay.com\/fr\/wp-json\/wp\/v2\/users\/2"}],"replies":[{"embeddable":true,"href":"https:\/\/aurapay.com\/fr\/wp-json\/wp\/v2\/comments?post=45"}],"version-history":[{"count":5,"href":"https:\/\/aurapay.com\/fr\/wp-json\/wp\/v2\/pages\/45\/revisions"}],"predecessor-version":[{"id":1013,"href":"https:\/\/aurapay.com\/fr\/wp-json\/wp\/v2\/pages\/45\/revisions\/1013"}],"wp:attachment":[{"href":"https:\/\/aurapay.com\/fr\/wp-json\/wp\/v2\/media?parent=45"}],"curies":[{"name":"wp","href":"https:\/\/api.w.org\/{rel}","templated":true}]}}