{"id":42,"date":"2024-04-10T07:53:32","date_gmt":"2024-04-10T07:53:32","guid":{"rendered":"http:\/\/apnew2.local\/?page_id=42"},"modified":"2024-05-27T11:54:02","modified_gmt":"2024-05-27T08:54:02","slug":"feature","status":"publish","type":"page","link":"https:\/\/aurapay.com\/fr\/feature\/","title":{"rendered":"Fonctionnalit\u00e9"},"content":{"rendered":"<div class=\"wp-block-cover alignfull is-light o-fit-contain\" style=\"min-height:480px;aspect-ratio:unset;\"><span aria-hidden=\"true\" class=\"wp-block-cover__background has-base-2-background-color has-background-dim-0 has-background-dim\"><\/span><img decoding=\"async\" class=\"wp-block-cover__image-background wp-image-558\" alt=\"\" src=\"https:\/\/aurapay.com\/wp-content\/uploads\/feature-bg.webp\" style=\"object-position:100% 0%\" data-object-fit=\"cover\" data-object-position=\"100% 0%\"\/><div class=\"wp-block-cover__inner-container has-global-padding is-layout-constrained wp-block-cover-is-layout-constrained\">\n<div class=\"wp-block-columns f-dir-colR is-layout-flex wp-container-core-columns-is-layout-1 wp-block-columns-is-layout-flex\">\n<div class=\"wp-block-column tb-taC is-layout-flow wp-block-column-is-layout-flow\">\n<h1 class=\"wp-block-heading translation-block\">Pr\u00e9sentation<br> Comptes Aurapay<\/h1>\n\n\n\n<p>Aurapay propose trois types de comptes distincts pour r\u00e9pondre \u00e0 vos besoins uniques. Explorez les types de comptes disponibles ci-dessous pour trouver celui qui vous convient le mieux.<\/p>\n<\/div>\n\n\n\n<div class=\"wp-block-column tb-taC is-layout-flow wp-block-column-is-layout-flow\">\n<figure class=\"wp-block-image size-full is-resized feature-img1\"><img decoding=\"async\" src=\"https:\/\/aurapay.com\/wp-content\/uploads\/feature-img1.webp\" alt=\"\" class=\"wp-image-460\" style=\"width:150px\"\/><\/figure>\n<\/div>\n<\/div>\n<\/div><\/div>\n\n\n\n<div class=\"wp-block-columns are-vertically-aligned-center is-layout-flex wp-container-core-columns-is-layout-2 wp-block-columns-is-layout-flex\" style=\"margin-top:var(--wp--preset--spacing--30);margin-bottom:var(--wp--preset--spacing--50)\">\n<div class=\"wp-block-column is-vertically-aligned-center is-layout-flow wp-block-column-is-layout-flow\">\n<figure class=\"wp-block-image aligncenter size-full is-resized feature-img2\"><img decoding=\"async\" src=\"https:\/\/aurapay.com\/wp-content\/uploads\/feature-img2.webp\" alt=\"\" class=\"wp-image-467\" style=\"width:380px\"\/><\/figure>\n<\/div>\n\n\n\n<div class=\"wp-block-column is-vertically-aligned-center is-layout-flow wp-block-column-is-layout-flow\">\n<h2 class=\"wp-block-heading tb-taC account\">Personnel<sub> Compte<\/sub><\/h2>\n\n\n\n<ul class=\"wp-block-list\">\n<li>Des transactions cryptographiques simples et s\u00e9curis\u00e9es pour vos besoins quotidiens.<\/li>\n\n\n\n<li>Envoyez et recevez des fonds de votre portefeuille vers d\u2019autres adresses de portefeuille crypto ou vers des commer\u00e7ants utilisant des crypto-monnaies ou Aurapay stablecoin APT.<\/li>\n\n\n\n<li>Des solutions sur mesure pour g\u00e9rer vos actifs num\u00e9riques, y compris l&#039;achat, la vente et l&#039;\u00e9change.<\/li>\n\n\n\n<li>Acc\u00e9dez \u00e0 notre plateforme conviviale pour un service de crypto-banque en d\u00e9placement.<\/li>\n\n\n\n<li>Rapports avanc\u00e9s pour suivre vos transactions de crypto-monnaie.<\/li>\n<\/ul>\n\n\n\n<div class=\"wp-block-buttons tb-jcC is-layout-flex wp-block-buttons-is-layout-flex\" style=\"margin-top:var(--wp--preset--spacing--30)\">\n<div class=\"wp-block-button cv\"><a class=\"wp-block-button__link wp-element-button\" href=\"https:\/\/my.aurapay.com\/signup\/certification?lang=en\">S&#039;inscrire maintenant<\/a><\/div>\n<\/div>\n<\/div>\n<\/div>\n\n\n\n<div class=\"wp-block-columns are-vertically-aligned-center f-dir-colR is-layout-flex wp-container-core-columns-is-layout-3 wp-block-columns-is-layout-flex\" style=\"margin-top:var(--wp--preset--spacing--30);margin-bottom:var(--wp--preset--spacing--50)\">\n<div class=\"wp-block-column is-vertically-aligned-center is-layout-flow wp-block-column-is-layout-flow\">\n<h2 class=\"wp-block-heading tb-taC account\">Entreprise<sub> Compte<\/sub><\/h2>\n\n\n\n<ul class=\"wp-block-list\">\n<li>Id\u00e9al pour les entrepreneurs ou les petites et moyennes entreprises de cryptomonnaie.<\/li>\n\n\n\n<li>Traitement efficace des transactions plus importantes depuis votre portefeuille vers d&#039;autres adresses de portefeuille crypto ou commer\u00e7ants utilisant des crypto-monnaies ou Aurapay stablecoin APT.<\/li>\n\n\n\n<li>Fonctionnalit\u00e9s personnalis\u00e9es con\u00e7ues pour permettre aux entreprises de g\u00e9rer efficacement leurs cryptomonnaies, notamment l&#039;achat, la vente et l&#039;\u00e9change rapide.<\/li>\n\n\n\n<li>Renforcez la gestion de votre entreprise gr\u00e2ce \u00e0 des services bancaires cryptographiques conviviaux en d\u00e9placement.<\/li>\n\n\n\n<li>Des rapports sophistiqu\u00e9s pour g\u00e9rer les transactions cryptographiques de votre entreprise.<\/li>\n<\/ul>\n\n\n\n<div class=\"wp-block-buttons tb-jcC is-layout-flex wp-block-buttons-is-layout-flex\" style=\"margin-top:var(--wp--preset--spacing--30)\">\n<div class=\"wp-block-button cv\"><a class=\"wp-block-button__link wp-element-button\" href=\"https:\/\/my.aurapay.com\/signup\/certification?lang=en\">S&#039;inscrire maintenant<\/a><\/div>\n<\/div>\n<\/div>\n\n\n\n<div class=\"wp-block-column is-vertically-aligned-center is-layout-flow wp-block-column-is-layout-flow\">\n<figure class=\"wp-block-image aligncenter size-full is-resized feature-img3\"><img decoding=\"async\" src=\"https:\/\/aurapay.com\/wp-content\/uploads\/feature-img3.webp\" alt=\"\" class=\"wp-image-469\" style=\"width:280px\"\/><\/figure>\n<\/div>\n<\/div>\n\n\n\n<div class=\"wp-block-columns are-vertically-aligned-center is-layout-flex wp-container-core-columns-is-layout-4 wp-block-columns-is-layout-flex\" style=\"margin-top:var(--wp--preset--spacing--30);margin-bottom:var(--wp--preset--spacing--50)\">\n<div class=\"wp-block-column is-vertically-aligned-center is-layout-flow wp-block-column-is-layout-flow\">\n<figure class=\"wp-block-image aligncenter size-full is-resized feature-img4\"><img decoding=\"async\" src=\"https:\/\/aurapay.com\/wp-content\/uploads\/feature-img4.webp\" alt=\"\" class=\"wp-image-471\" style=\"width:340px\"\/><\/figure>\n<\/div>\n\n\n\n<div class=\"wp-block-column is-vertically-aligned-center is-layout-flow wp-block-column-is-layout-flow\">\n<h2 class=\"wp-block-heading tb-taC account\">Marchand<sub> Compte<\/sub><\/h2>\n\n\n\n<ul class=\"wp-block-list\">\n<li>Con\u00e7u pour r\u00e9pondre aux besoins de gestion de crypto-monnaie des services en ligne et des marchands de crypto-monnaie.<\/li>\n\n\n\n<li>Traitez des transactions transparentes avec l&#039;int\u00e9gration d&#039;API personnalisable Aurapay, offrant diverses options, notamment les crypto-monnaies et aurapay stablecoin APT.<\/li>\n\n\n\n<li>Am\u00e9liorez votre service de d\u00e9p\u00f4t et de retrait existant en int\u00e9grant notre solution de paiement \u00e0 votre site Web.<\/li>\n\n\n\n<li>Des informations compl\u00e8tes pour superviser vos transactions cryptographiques avec les utilisateurs personnels et professionnels de Aurapay dans un rapport commercial tout-en-un.<\/li>\n<\/ul>\n\n\n\n<div class=\"wp-block-buttons tb-jcC is-layout-flex wp-block-buttons-is-layout-flex\" style=\"margin-top:var(--wp--preset--spacing--30)\">\n<div class=\"wp-block-button cv\"><a class=\"wp-block-button__link wp-element-button\" href=\"https:\/\/my.aurapay.com\/contact\/form\">Renseignez-vous maintenant<\/a><\/div>\n<\/div>\n<\/div>\n<\/div>\n\n\n\n<div class=\"wp-block-cover alignfull is-light the-aurapay-token\" style=\"margin-top:var(--wp--preset--spacing--60);margin-bottom:0;min-height:320px;aspect-ratio:unset;\"><span aria-hidden=\"true\" class=\"wp-block-cover__background has-base-2-background-color has-background-dim-0 has-background-dim\"><\/span><img decoding=\"async\" class=\"wp-block-cover__image-background wp-image-553\" alt=\"\" src=\"https:\/\/aurapay.com\/wp-content\/uploads\/apt-bg.webp\" data-object-fit=\"cover\"\/><div class=\"wp-block-cover__inner-container has-global-padding is-layout-constrained wp-block-cover-is-layout-constrained\">\n<div class=\"wp-block-columns are-vertically-aligned-center is-layout-flex wp-container-core-columns-is-layout-5 wp-block-columns-is-layout-flex\" style=\"margin-bottom:0\">\n<div class=\"wp-block-column is-vertically-aligned-center is-layout-flow wp-container-core-column-is-layout-9 wp-block-column-is-layout-flow\" style=\"padding-top:0;padding-right:var(--wp--preset--spacing--20);padding-bottom:0;padding-left:var(--wp--preset--spacing--20);flex-basis:23%\">\n<figure class=\"wp-block-image aligncenter size-full img-apt link\"><a href=\"\/fr\/aurapay-token\/\"><img decoding=\"async\" src=\"https:\/\/aurapay.com\/wp-content\/uploads\/apt-img.webp\" alt=\"\" class=\"wp-image-338\"\/><\/a><\/figure>\n<\/div>\n\n\n\n<div class=\"wp-block-column is-vertically-aligned-center tb-taC is-layout-flow wp-block-column-is-layout-flow\">\n<h2 class=\"wp-block-heading tdN\"><a href=\"\/fr\/aurapay-token\/\" data-type=\"page\" data-id=\"45\">Le jeton Aurapay<\/a><\/h2>\n\n\n\n<p>Le jeton Aurapay (APT) est un stablecoin de crypto-monnaie r\u00e9glement\u00e9, con\u00e7u avec un ratio de 1:1 par rapport au yen japonais (JPY). Cela signifie que chaque APT \u00e9quivaut \u00e0 1 yen japonais, garantissant une valeur stable et pr\u00e9visible dans l&#039;espace mon\u00e9taire num\u00e9rique.<\/p>\n<\/div>\n<\/div>\n<\/div><\/div>","protected":false},"excerpt":{"rendered":"<p>Compte personnel Compte professionnel Compte marchand<\/p>","protected":false},"author":2,"featured_media":0,"parent":0,"menu_order":0,"comment_status":"closed","ping_status":"closed","template":"","meta":{"footnotes":""},"class_list":["post-42","page","type-page","status-publish","hentry"],"_links":{"self":[{"href":"https:\/\/aurapay.com\/fr\/wp-json\/wp\/v2\/pages\/42"}],"collection":[{"href":"https:\/\/aurapay.com\/fr\/wp-json\/wp\/v2\/pages"}],"about":[{"href":"https:\/\/aurapay.com\/fr\/wp-json\/wp\/v2\/types\/page"}],"author":[{"embeddable":true,"href":"https:\/\/aurapay.com\/fr\/wp-json\/wp\/v2\/users\/2"}],"replies":[{"embeddable":true,"href":"https:\/\/aurapay.com\/fr\/wp-json\/wp\/v2\/comments?post=42"}],"version-history":[{"count":13,"href":"https:\/\/aurapay.com\/fr\/wp-json\/wp\/v2\/pages\/42\/revisions"}],"predecessor-version":[{"id":1119,"href":"https:\/\/aurapay.com\/fr\/wp-json\/wp\/v2\/pages\/42\/revisions\/1119"}],"wp:attachment":[{"href":"https:\/\/aurapay.com\/fr\/wp-json\/wp\/v2\/media?parent=42"}],"curies":[{"name":"wp","href":"https:\/\/api.w.org\/{rel}","templated":true}]}}