{"id":38,"date":"2024-04-10T07:53:40","date_gmt":"2024-04-10T07:53:40","guid":{"rendered":"http:\/\/apnew2.local\/?page_id=38"},"modified":"2024-07-10T03:03:19","modified_gmt":"2024-07-10T00:03:19","slug":"home","status":"publish","type":"page","link":"https:\/\/aurapay.com\/fr\/","title":{"rendered":"maison"},"content":{"rendered":"<div class=\"wp-block-cover alignfull is-light o-fit-contain\" style=\"margin-top:0;margin-bottom:0;padding-top:var(--wp--preset--spacing--20);padding-bottom:var(--wp--preset--spacing--20);min-height:520px;aspect-ratio:unset;\"><span aria-hidden=\"true\" class=\"wp-block-cover__background has-background-dim-0 has-background-dim\"><\/span><img decoding=\"async\" class=\"wp-block-cover__image-background wp-image-555\" alt=\"\" src=\"https:\/\/aurapay.com\/wp-content\/uploads\/home-bg.webp\" style=\"object-position:100% 0%\" data-object-fit=\"cover\" data-object-position=\"100% 0%\"\/><div class=\"wp-block-cover__inner-container has-global-padding is-layout-constrained wp-block-cover-is-layout-constrained\">\n<div class=\"wp-block-columns are-vertically-aligned-center f-dir-colR is-layout-flex wp-container-core-columns-is-layout-1 wp-block-columns-is-layout-flex\">\n<div class=\"wp-block-column is-vertically-aligned-center tb-taC is-layout-flow wp-block-column-is-layout-flow\">\n<h1 class=\"wp-block-heading\"><img decoding=\"async\" class=\"wp-image-179\" style=\"width: 300px;\" src=\"https:\/\/aurapay.com\/wp-content\/uploads\/logo_aurapay.webp\" alt=\"\"><\/h1>\n\n\n\n<h2 class=\"wp-block-heading translation-block\">La prochaine g\u00e9n\u00e9ration<br> Plateforme de paiement cryptographique<\/h2>\n\n\n\n<p>Des transactions fluides pour tous.<\/p>\n\n\n\n<div class=\"wp-block-buttons tb-jcC is-layout-flex wp-block-buttons-is-layout-flex\" style=\"margin-top:var(--wp--preset--spacing--30)\">\n<div class=\"wp-block-button cv\"><a class=\"wp-block-button__link wp-element-button\" href=\"https:\/\/my.aurapay.com\/signup\/certification?lang=en\">S&#039;inscrire maintenant<\/a><\/div>\n<\/div>\n<\/div>\n\n\n\n<div class=\"wp-block-column is-vertically-aligned-center is-layout-flow wp-block-column-is-layout-flow\" style=\"padding-top:var(--wp--preset--spacing--30);padding-bottom:var(--wp--preset--spacing--30)\">\n<figure class=\"wp-block-image aligncenter size-full home-img1\"><img decoding=\"async\" src=\"https:\/\/aurapay.com\/wp-content\/uploads\/home-img1.webp\" alt=\"\" class=\"wp-image-333\" style=\"object-fit:cover\"\/><\/figure>\n<\/div>\n<\/div>\n<\/div><\/div>\n\n\n\n<div class=\"wp-block-columns are-vertically-aligned-center is-layout-flex wp-container-core-columns-is-layout-2 wp-block-columns-is-layout-flex\" style=\"margin-top:var(--wp--preset--spacing--30);margin-bottom:var(--wp--preset--spacing--30)\">\n<div class=\"wp-block-column is-vertically-aligned-center is-layout-flow wp-block-column-is-layout-flow\">\n<figure class=\"wp-block-image aligncenter size-full home-img2\"><img decoding=\"async\" src=\"https:\/\/aurapay.com\/wp-content\/uploads\/home-img2.webp\" alt=\"\" class=\"wp-image-335\"\/><\/figure>\n<\/div>\n\n\n\n<div class=\"wp-block-column is-vertically-aligned-center tb-taC is-layout-flow wp-block-column-is-layout-flow\">\n<h2 class=\"wp-block-heading translation-block\">Crypto transparente<br> Plateforme de paiement<\/h2>\n\n\n\n<p>Explorez des possibilit\u00e9s infinies avec Aurapay\u00a0:\u00a0payez, achetez, vendez et envoyez des jetons. Aurapay sert de portefeuille de crypto-monnaie ultime, vous connectant aux commer\u00e7ants et \u00e0 la blockchain. Nous proposons Bitcoin, Ethereum, Ripple et Tether.<\/p>\n<\/div>\n<\/div>\n\n\n\n<div class=\"wp-block-columns are-vertically-aligned-center f-dir-colR is-layout-flex wp-container-core-columns-is-layout-3 wp-block-columns-is-layout-flex\" style=\"margin-top:var(--wp--preset--spacing--30);margin-bottom:var(--wp--preset--spacing--30)\">\n<div class=\"wp-block-column is-vertically-aligned-center tb-taC is-layout-flow wp-block-column-is-layout-flow\">\n<h2 class=\"wp-block-heading translation-block\">D\u00e9p\u00f4t et retrait<br> \u00e0 votre aise !<\/h2>\n\n\n\n<p>Les d\u00e9p\u00f4ts et les retraits peuvent \u00eatre trait\u00e9s en monnaie fiduciaire et en crypto-monnaie \u00e0 tout moment et en tout lieu.<\/p>\n<\/div>\n\n\n\n<div class=\"wp-block-column is-vertically-aligned-center is-layout-flow wp-block-column-is-layout-flow\">\n<figure class=\"wp-block-image aligncenter size-full home-img3\"><img decoding=\"async\" src=\"https:\/\/aurapay.com\/wp-content\/uploads\/home-img3.webp\" alt=\"\" class=\"wp-image-337\"\/><\/figure>\n<\/div>\n<\/div>\n\n\n\n<h2 class=\"wp-block-heading has-text-align-center\" style=\"margin-top:var(--wp--preset--spacing--40);margin-bottom:var(--wp--preset--spacing--20)\">Syst\u00e8mes de s\u00e9curit\u00e9 avanc\u00e9s<\/h2>\n\n\n\n<div class=\"wp-block-columns advance-security-systems is-layout-flex wp-container-core-columns-is-layout-4 wp-block-columns-is-layout-flex\" style=\"margin-top:var(--wp--preset--spacing--30);margin-bottom:var(--wp--preset--spacing--30);padding-right:var(--wp--preset--spacing--30);padding-left:var(--wp--preset--spacing--30)\">\n<div class=\"wp-block-column is-layout-flow wp-block-column-is-layout-flow\" style=\"border-style:none;border-width:0px\">\n<div class=\"wp-block-group has-global-padding is-layout-constrained wp-block-group-is-layout-constrained\">\n<h3 class=\"wp-block-heading has-text-align-center has-white-color has-aurapay-green-light-background-color has-text-color has-background has-link-color wp-elements-84fb556f5b3cf1f062995df2fce764d0\" style=\"padding-top:var(--wp--preset--spacing--10);padding-right:var(--wp--preset--spacing--10);padding-bottom:var(--wp--preset--spacing--10);padding-left:var(--wp--preset--spacing--10)\">SSL<sup> (Couche de s\u00e9curit\u00e9 s\u00e9curis\u00e9e)<\/sup><\/h3>\n\n\n\n<p class=\"has-text-align-center\" style=\"padding-top:0;padding-right:var(--wp--preset--spacing--10);padding-bottom:var(--wp--preset--spacing--20);padding-left:var(--wp--preset--spacing--10)\">SSL est l&#039;\u00e9pine dorsale des connexions num\u00e9riques s\u00e9curis\u00e9es, une protection des donn\u00e9es de communication crypt\u00e9es qui garantit que vos informations sensibles et vos donn\u00e9es personnelles restent priv\u00e9es et s\u00e9curis\u00e9es pendant vos transactions.<\/p>\n<\/div>\n<\/div>\n\n\n\n<div class=\"wp-block-column is-layout-flow wp-block-column-is-layout-flow\">\n<div class=\"wp-block-group has-global-padding is-layout-constrained wp-block-group-is-layout-constrained\">\n<h3 class=\"wp-block-heading has-text-align-center has-white-color has-aurapay-green-light-background-color has-text-color has-background has-link-color wp-elements-98a8855087c7193933b80ec5840e1c6f\" style=\"padding-top:var(--wp--preset--spacing--10);padding-right:var(--wp--preset--spacing--10);padding-bottom:var(--wp--preset--spacing--10);padding-left:var(--wp--preset--spacing--10)\">Multi-signature<\/h3>\n\n\n\n<p class=\"has-text-align-center\" style=\"padding-top:0;padding-right:var(--wp--preset--spacing--10);padding-bottom:var(--wp--preset--spacing--20);padding-left:var(--wp--preset--spacing--10)\">Votre portefeuille comprend plusieurs verrous, n\u00e9cessitant l&#039;approbation de plusieurs utilisateurs autoris\u00e9s. Cela fournit une couche de protection suppl\u00e9mentaire contre les transactions non autoris\u00e9es et garantit la plus grande s\u00e9curit\u00e9 pour tous.<\/p>\n<\/div>\n<\/div>\n\n\n\n<div class=\"wp-block-column is-layout-flow wp-block-column-is-layout-flow\">\n<div class=\"wp-block-group has-global-padding is-layout-constrained wp-block-group-is-layout-constrained\">\n<h3 class=\"wp-block-heading has-text-align-center has-white-color has-aurapay-green-light-background-color has-text-color has-background has-link-color wp-elements-e3a1e45cb21d3cc6b5a717c16ebd9091\" style=\"padding-top:var(--wp--preset--spacing--10);padding-right:var(--wp--preset--spacing--10);padding-bottom:var(--wp--preset--spacing--10);padding-left:var(--wp--preset--spacing--10)\">Authentification \u00e0 deux facteurs<\/h3>\n\n\n\n<p class=\"has-text-align-center\" style=\"padding-top:0;padding-right:var(--wp--preset--spacing--10);padding-bottom:var(--wp--preset--spacing--20);padding-left:var(--wp--preset--spacing--10)\">Une couche de s\u00e9curit\u00e9 suppl\u00e9mentaire est ajout\u00e9e en envoyant un mot de passe \u00e0 usage unique \u00e0 votre adresse e-mail d\u00e9sign\u00e9e. Ce processus offre une double protection \u00e0 votre compte, ce qui le rend consid\u00e9rablement difficile en cas d&#039;acc\u00e8s non autoris\u00e9.<\/p>\n<\/div>\n<\/div>\n<\/div>\n\n\n\n<div class=\"wp-block-buttons tb-jcC is-content-justification-center is-layout-flex wp-container-core-buttons-is-layout-2 wp-block-buttons-is-layout-flex\" style=\"margin-top:var(--wp--preset--spacing--30)\">\n<div class=\"wp-block-button cv\"><a class=\"wp-block-button__link wp-element-button\" href=\"https:\/\/my.aurapay.com\/signup\/certification?lang=en\">S&#039;inscrire maintenant<\/a><\/div>\n<\/div>\n\n\n\n<div class=\"wp-block-cover alignfull is-light the-aurapay-token\" style=\"margin-top:var(--wp--preset--spacing--60);margin-bottom:0;min-height:320px;aspect-ratio:unset;\"><span aria-hidden=\"true\" class=\"wp-block-cover__background has-base-2-background-color has-background-dim-0 has-background-dim\"><\/span><img decoding=\"async\" class=\"wp-block-cover__image-background wp-image-553\" alt=\"\" src=\"https:\/\/aurapay.com\/wp-content\/uploads\/apt-bg.webp\" data-object-fit=\"cover\"\/><div class=\"wp-block-cover__inner-container has-global-padding is-layout-constrained wp-block-cover-is-layout-constrained\">\n<div class=\"wp-block-columns are-vertically-aligned-center is-layout-flex wp-container-core-columns-is-layout-5 wp-block-columns-is-layout-flex\" style=\"margin-bottom:0\">\n<div class=\"wp-block-column is-vertically-aligned-center is-layout-flow wp-container-core-column-is-layout-10 wp-block-column-is-layout-flow\" style=\"padding-top:0;padding-right:var(--wp--preset--spacing--20);padding-bottom:0;padding-left:var(--wp--preset--spacing--20);flex-basis:23%\">\n<figure class=\"wp-block-image aligncenter size-full img-apt link\"><a href=\"\/fr\/aurapay-token\/\"><img decoding=\"async\" src=\"https:\/\/aurapay.com\/wp-content\/uploads\/apt-img.webp\" alt=\"\" class=\"wp-image-338\"\/><\/a><\/figure>\n<\/div>\n\n\n\n<div class=\"wp-block-column is-vertically-aligned-center tb-taC is-layout-flow wp-block-column-is-layout-flow\">\n<h2 class=\"wp-block-heading tdN\"><a href=\"\/fr\/aurapay-token\/\" data-type=\"page\" data-id=\"45\">Le jeton Aurapay<\/a><\/h2>\n\n\n\n<p>Le jeton Aurapay (APT) est un stablecoin de crypto-monnaie r\u00e9glement\u00e9, con\u00e7u avec un ratio de 1:1 par rapport au yen japonais (JPY). Cela signifie que chaque APT \u00e9quivaut \u00e0 1 yen japonais, garantissant une valeur stable et pr\u00e9visible dans l&#039;espace mon\u00e9taire num\u00e9rique.<\/p>\n<\/div>\n<\/div>\n<\/div><\/div>","protected":false},"excerpt":{"rendered":"<p>Plateforme de paiement cryptographique transparente Explorez des possibilit\u00e9s infinies avec Aurapay\u00a0:\u00a0payez, achetez, vendez et envoyez des jetons. Aurapay sert de portefeuille de crypto-monnaie ultime, vous connectant aux commer\u00e7ants et \u00e0 la blockchain. Nous proposons Bitcoin, Ethereum, Ripple et Tether. D\u00e9posez et retirez \u00e0 votre aise\u00a0! Les d\u00e9p\u00f4ts et les retraits peuvent \u00eatre trait\u00e9s en monnaie fiduciaire et en crypto-monnaie \u00e0 tout moment et en tout lieu. Advance Security Systems SSL (Secure Security Layer) SSL est l&#039;\u00e9pine dorsale des connexions num\u00e9riques s\u00e9curis\u00e9es, une sauvegarde des donn\u00e9es de communication crypt\u00e9es qui garantit que vos informations sensibles et vos donn\u00e9es personnelles restent priv\u00e9es et s\u00e9curis\u00e9es pendant vos transactions. Multi-signature Votre portefeuille comprend plusieurs verrous, n\u00e9cessitant l&#039;approbation de plusieurs utilisateurs autoris\u00e9s. Cela fournit une couche suppl\u00e9mentaire de [\u2026]<\/p>","protected":false},"author":2,"featured_media":0,"parent":0,"menu_order":0,"comment_status":"closed","ping_status":"closed","template":"","meta":{"footnotes":""},"class_list":["post-38","page","type-page","status-publish","hentry"],"_links":{"self":[{"href":"https:\/\/aurapay.com\/fr\/wp-json\/wp\/v2\/pages\/38"}],"collection":[{"href":"https:\/\/aurapay.com\/fr\/wp-json\/wp\/v2\/pages"}],"about":[{"href":"https:\/\/aurapay.com\/fr\/wp-json\/wp\/v2\/types\/page"}],"author":[{"embeddable":true,"href":"https:\/\/aurapay.com\/fr\/wp-json\/wp\/v2\/users\/2"}],"replies":[{"embeddable":true,"href":"https:\/\/aurapay.com\/fr\/wp-json\/wp\/v2\/comments?post=38"}],"version-history":[{"count":13,"href":"https:\/\/aurapay.com\/fr\/wp-json\/wp\/v2\/pages\/38\/revisions"}],"predecessor-version":[{"id":1129,"href":"https:\/\/aurapay.com\/fr\/wp-json\/wp\/v2\/pages\/38\/revisions\/1129"}],"wp:attachment":[{"href":"https:\/\/aurapay.com\/fr\/wp-json\/wp\/v2\/media?parent=38"}],"curies":[{"name":"wp","href":"https:\/\/api.w.org\/{rel}","templated":true}]}}