{"id":50,"date":"2024-04-10T08:22:18","date_gmt":"2024-04-10T08:22:18","guid":{"rendered":"http:\/\/apnew2.local\/?page_id=50"},"modified":"2024-05-01T09:06:53","modified_gmt":"2024-05-01T09:06:53","slug":"about","status":"publish","type":"page","link":"https:\/\/aurapay.com\/et\/about\/","title":{"rendered":"Meist"},"content":{"rendered":"<div class=\"wp-block-cover alignfull is-light o-fit-contain\" style=\"margin-bottom:var(--wp--preset--spacing--30);padding-top:var(--wp--preset--spacing--30);padding-bottom:var(--wp--preset--spacing--30)\"><span aria-hidden=\"true\" class=\"wp-block-cover__background has-base-2-background-color has-background-dim-0 has-background-dim\"><\/span><img decoding=\"async\" class=\"wp-block-cover__image-background wp-image-587\" alt=\"\" src=\"https:\/\/aurapay.com\/wp-content\/uploads\/about-bg1.webp\" style=\"object-position:100% 0%\" data-object-fit=\"cover\" data-object-position=\"100% 0%\"\/><div class=\"wp-block-cover__inner-container has-global-padding is-layout-constrained wp-block-cover-is-layout-constrained\">\n<div class=\"wp-block-columns f-dir-colR is-layout-flex wp-container-core-columns-is-layout-1 wp-block-columns-is-layout-flex\">\n<div class=\"wp-block-column tb-taC is-layout-flow wp-block-column-is-layout-flow\" style=\"flex-basis:60%\">\n<h1 class=\"wp-block-heading\">Meist<\/h1>\n\n\n\n<p>Kr\u00fcpto pole pelgalt virtuaalv\u00e4\u00e4ring, vaid pilguheit makseviiside tulevikku. Meie eesm\u00e4rk on luua kasutusmugav ja turvaline platvorm finantsasutustele ning \u00fcksikisikutele kogu maailmas, et pakkuda neile turvalist ja l\u00e4bipaistvat kogemust, mis n\u00e4itab maksete tulevikku.<\/p>\n\n\n\n<p>Soovime pakkuda terviklikku lahendust, mis v\u00f5imaldab kr\u00fcptoraha osta, m\u00fc\u00fca, saata ja vastu v\u00f5tta oma isikliku AuraPay rahakoti kaudu.<\/p>\n\n\n\n<p> Aurapay on saanud Eestis tegevusloa ja pakub j\u00e4rgmisi kr\u00fcptoraha teenuseid:\nvirtuaalv\u00e4\u00e4ringu vahetamine raha vastu;\nvirtuaalv\u00e4\u00e4ringu rahakoti teenus;\nvirtuaalv\u00e4\u00e4ringu vahetamine teise virtuaalv\u00e4\u00e4ringu vastu.<\/p>\n<\/div>\n\n\n\n<div class=\"wp-block-column is-vertically-aligned-bottom tb-taC is-layout-flow wp-block-column-is-layout-flow\">\n<figure class=\"wp-block-image size-full is-resized about-img1\"><img decoding=\"async\" src=\"https:\/\/aurapay.com\/wp-content\/uploads\/about-img1.webp\" alt=\"\" class=\"wp-image-586\" style=\"width:120px\"\/><\/figure>\n<\/div>\n<\/div>\n<\/div><\/div>\n\n\n\n<div class=\"wp-block-group about-what has-global-padding is-layout-constrained wp-block-group-is-layout-constrained\">\n<h2 class=\"wp-block-heading has-text-align-center\" style=\"margin-top:var(--wp--preset--spacing--30);margin-bottom:var(--wp--preset--spacing--20)\">Mis on Aurapay?<\/h2>\n\n\n\n<div class=\"wp-block-group has-global-padding is-layout-constrained wp-block-group-is-layout-constrained\">\n<h3 class=\"wp-block-heading\">Teie igap\u00e4evane kr\u00fcptorahakott<\/h3>\n\n\n\n<p>Aurapay on veebip\u00f5hine kr\u00fcptorahakott, mis on k\u00e4ttesaadav igal ajal ja igal pool. Pakume ka APT-nimelist stabiilsusraha, mis on loodud s\u00e4ilitama alusvara suhtes fikseeritud 1 : 1 suhet Jaapani jeeniga, sobides seega t\u00e4iuslikult igap\u00e4evatehinguteks ja v\u00e4\u00e4rtuse s\u00e4ilitamiseks. Lisateavet APT kohta leiate siit (link APT lehele).<\/p>\n<\/div>\n\n\n\n<div class=\"wp-block-group has-global-padding is-layout-constrained wp-block-group-is-layout-constrained\">\n<h3 class=\"wp-block-heading\">Lihtsustatud ja turvaline kr\u00fcptorahakott<\/h3>\n\n\n\n<p>Aurapay on v\u00f5etud kasutusele selleks, et julgustada rohkem inimesi kr\u00fcptorahaga turvaliselt tegelema, panustades seel\u00e4bi eesootava digi\u00fchiskonna arengusse. T\u00e4nu n\u00f5uetekohasele litsentsile ja tipptasemel turvameetmetele saavad kasutajad end AuraPay platvormil kindlalt tunda.<\/p>\n<\/div>\n\n\n\n<div class=\"wp-block-group has-global-padding is-layout-constrained wp-block-group-is-layout-constrained\">\n<h3 class=\"wp-block-heading\">Sild teie digivarade ja Jaapani jeeni vahel<\/h3>\n\n\n\n<p>Plokiahelas on vaid k\u00e4put\u00e4is Jaapani jeeniga seotud stabiilsusraha. APT kuulub uhkusega nende v\u00e4heste v\u00e4ljavalitute hulka. Meie eesm\u00e4rk on pakkuda l\u00e4bipaistvat ja usaldusv\u00e4\u00e4rset silda, mis seob teie digivarad sujuvalt Jaapani jeeniga (JPY).<\/p>\n<\/div>\n<\/div>\n\n\n\n<div class=\"wp-block-group about-why has-global-padding is-layout-constrained wp-block-group-is-layout-constrained\">\n<h2 class=\"wp-block-heading has-text-align-center\" style=\"margin-top:var(--wp--preset--spacing--30);margin-bottom:var(--wp--preset--spacing--20)\">Miks valida Aurapay?<\/h2>\n\n\n\n<div class=\"wp-block-columns is-layout-flex wp-container-core-columns-is-layout-2 wp-block-columns-is-layout-flex\">\n<div class=\"wp-block-column has-border-color has-aurapay-green-border-color is-layout-flow wp-container-core-column-is-layout-3 wp-block-column-is-layout-flow\" style=\"border-width:2px\">\n<h3 class=\"wp-block-heading has-text-align-center has-white-color has-aurapay-green-light-background-color has-text-color has-background has-link-color has-medium-font-size wp-elements-3e2e5acfe9909dd156ddf004728a8112\" style=\"padding-top:var(--wp--preset--spacing--10);padding-right:var(--wp--preset--spacing--10);padding-bottom:var(--wp--preset--spacing--10);padding-left:var(--wp--preset--spacing--10)\">Populaarne ja usaldusv\u00e4\u00e4rne kr\u00fcptoraha<\/h3>\n\n\n\n<p class=\"has-text-align-center\" style=\"padding-top:var(--wp--preset--spacing--10);padding-right:var(--wp--preset--spacing--10);padding-bottom:var(--wp--preset--spacing--10);padding-left:var(--wp--preset--spacing--10)\">Meie valikus on Bitcoin (BTC), Ethereum (ETH) ja Ripple (XRP), mis on laialdaselt tuntud ja kasutuses, olles seega usaldusv\u00e4\u00e4rne kr\u00fcptoraha.<\/p>\n<\/div>\n\n\n\n<div class=\"wp-block-column has-border-color has-aurapay-green-border-color is-layout-flow wp-container-core-column-is-layout-4 wp-block-column-is-layout-flow\" style=\"border-width:2px\">\n<h3 class=\"wp-block-heading has-text-align-center has-white-color has-aurapay-green-light-background-color has-text-color has-background has-link-color has-medium-font-size wp-elements-14974113ecc38293a987e14420ee30f1\" style=\"padding-top:var(--wp--preset--spacing--10);padding-right:var(--wp--preset--spacing--10);padding-bottom:var(--wp--preset--spacing--10);padding-left:var(--wp--preset--spacing--10)\">Tipptasemel kr\u00fcptomaksed<\/h3>\n\n\n\n<p class=\"has-text-align-center\" style=\"padding-top:var(--wp--preset--spacing--10);padding-right:var(--wp--preset--spacing--10);padding-bottom:var(--wp--preset--spacing--10);padding-left:var(--wp--preset--spacing--10)\">APT on teie parim valik, kui soovite Jaapani jeeni ja kr\u00fcptoraha usaldusv\u00e4\u00e4rselt ja t\u00f5husalt vahetada ning tehinguid teha. Tagame stabiilse 1 : 1 v\u00e4\u00e4rtuse Jaapani jeeni suhtes, et saaksite kasutada prognoositavamat ja v\u00e4hem volatiilset kr\u00fcptoraha.<\/p>\n<\/div>\n\n\n\n<div class=\"wp-block-column has-border-color has-aurapay-green-border-color is-layout-flow wp-container-core-column-is-layout-5 wp-block-column-is-layout-flow\" style=\"border-width:2px\">\n<h3 class=\"wp-block-heading has-text-align-center has-white-color has-aurapay-green-light-background-color has-text-color has-background has-link-color has-medium-font-size wp-elements-c795f9d645e80d43f34b047b738f0042\" style=\"padding-top:var(--wp--preset--spacing--10);padding-right:var(--wp--preset--spacing--10);padding-bottom:var(--wp--preset--spacing--10);padding-left:var(--wp--preset--spacing--10)\">Detsentraliseeritud rahandus (DeFi)<\/h3>\n\n\n\n<p class=\"has-text-align-center\" style=\"padding-top:var(--wp--preset--spacing--10);padding-right:var(--wp--preset--spacing--10);padding-bottom:var(--wp--preset--spacing--10);padding-left:var(--wp--preset--spacing--10)\">Meie sihiks on detsentraliseeritud v\u00f5rgud, mis viiks traditsioonilised finantsteenused \u00fcle plokiahela tehnoloogiale. Soovime h\u00f5lbustada tehingute tegemist, ilma et see s\u00f5ltuks kolmandatest isikutest vahendajatest.<\/p>\n<\/div>\n\n\n\n<div class=\"wp-block-column has-border-color has-aurapay-green-border-color is-layout-flow wp-container-core-column-is-layout-6 wp-block-column-is-layout-flow\" style=\"border-width:2px\">\n<h3 class=\"wp-block-heading has-text-align-center has-white-color has-aurapay-green-light-background-color has-text-color has-background has-link-color has-medium-font-size wp-elements-dbd3e9fe3738a2552354e1d76374bb8c\" style=\"padding-top:var(--wp--preset--spacing--10);padding-right:var(--wp--preset--spacing--10);padding-bottom:var(--wp--preset--spacing--10);padding-left:var(--wp--preset--spacing--10)\">Kohalikud lahendused<\/h3>\n\n\n\n<p class=\"has-text-align-center\" style=\"padding-top:var(--wp--preset--spacing--10);padding-right:var(--wp--preset--spacing--10);padding-bottom:var(--wp--preset--spacing--10);padding-left:var(--wp--preset--spacing--10)\">Pakume kohalikke teadmisi \u00fclemaailmse haardega. Meie p\u00fchendunud klienditeenindajad on kursis kohalike n\u00fcanssidega ja r\u00e4\u00e4givad kohalikku keelt, et tagada teile selle v\u00f5rra parem kogemus.<\/p>\n<\/div>\n<\/div>\n<\/div>\n\n\n\n<div class=\"wp-block-group about-howto has-global-padding is-layout-constrained wp-block-group-is-layout-constrained\" style=\"margin-bottom:var(--wp--preset--spacing--40)\">\n<h2 class=\"wp-block-heading has-text-align-center\" style=\"margin-top:var(--wp--preset--spacing--30);margin-bottom:var(--wp--preset--spacing--20)\">Kuidas kasutada Aurapay?<\/h2>\n\n\n\n<div class=\"wp-block-group has-global-padding is-layout-constrained wp-block-group-is-layout-constrained\">\n<h3 class=\"wp-block-heading\">Maksed<\/h3>\n\n\n\n<p>\u00dcha enam kaupmehi l\u00e4heb \u00fcle kr\u00fcptorahamaksetele. AuraPayga saate rahvusvahelisel internetiturul t\u00f5rgeteta tehinguid teha, et tagada probleemideta kasutuskogemus.<\/p>\n<\/div>\n\n\n\n<div class=\"wp-block-group has-global-padding is-layout-constrained wp-block-group-is-layout-constrained\">\n<h3 class=\"wp-block-heading\">Kr\u00fcptovahetus<\/h3>\n\n\n\n<p>Makske kr\u00fcptorahas v\u00f5i ostke, m\u00fc\u00fcge ja saatke kr\u00fcptoraha. Meie kasutusmugava kr\u00fcptovahetusfunktsiooni abil saate muretult sukelduda digivarade maailma. Kr\u00fcptoraha vahetamine v\u00f5tab vaid hetke, et saaksite oma portfelli h\u00f5lpsasti kohandada ja hallata.<\/p>\n<\/div>\n\n\n\n<div class=\"wp-block-group has-global-padding is-layout-constrained wp-block-group-is-layout-constrained\">\n<h3 class=\"wp-block-heading\">Isiklikud rahaasjad<\/h3>\n\n\n\n<p>Kr\u00fcptoraha on detsentraliseeritud ja d\u00fcnaamiline keskkond, kus k\u00f5ik ohjad on teie enda k\u00e4es. Kr\u00fcptoraha pakub jaeinvestoritele ainulaadset v\u00f5imalust, olenemata sellest, kas otsite taga suurt tootlust v\u00f5i soovite lihtsalt oma portfelli hajutada.<\/p>\n<\/div>\n<\/div>","protected":false},"excerpt":{"rendered":"<p>Mis on Aurapay? Teie igap\u00e4evane kr\u00fcptorahakott Aurapay on veebip\u00f5hine kr\u00fcptorahakott, millele p\u00e4\u00e4sete juurde igal ajal ja igal pool. Pakume ka APT stabim\u00fcnte, mis on loodud hoidma alusvaraga fikseeritud jeeni 1:1 suhet, muutes selle ideaalseks igap\u00e4evaste tehingute tegemiseks ja v\u00e4\u00e4rtuse s\u00e4ilitamiseks. Lisateavet APT kohta kl\u00f5psake siin. (lingitud APT lehele) Sujuv ja turvaline kr\u00fcptorahakott Aurapay v\u00f5eti kasutusele eesm\u00e4rgiga julgustada rohkem inimesi kr\u00fcptovaluutadega turvaliselt tegelema, andes seel\u00e4bi olulise panuse meie tulevase digitaalse \u00fchiskonna arengusse. N\u00f5uetekohase litsentsi omandamise ja tipptasemel turvameetmete rakendamisega saavad kasutajad Aurapay platvormil enesekindlalt navigeerida. [\u2026]<\/p>","protected":false},"author":2,"featured_media":0,"parent":0,"menu_order":0,"comment_status":"closed","ping_status":"closed","template":"","meta":{"footnotes":""},"class_list":["post-50","page","type-page","status-publish","hentry"],"_links":{"self":[{"href":"https:\/\/aurapay.com\/et\/wp-json\/wp\/v2\/pages\/50"}],"collection":[{"href":"https:\/\/aurapay.com\/et\/wp-json\/wp\/v2\/pages"}],"about":[{"href":"https:\/\/aurapay.com\/et\/wp-json\/wp\/v2\/types\/page"}],"author":[{"embeddable":true,"href":"https:\/\/aurapay.com\/et\/wp-json\/wp\/v2\/users\/2"}],"replies":[{"embeddable":true,"href":"https:\/\/aurapay.com\/et\/wp-json\/wp\/v2\/comments?post=50"}],"version-history":[{"count":1,"href":"https:\/\/aurapay.com\/et\/wp-json\/wp\/v2\/pages\/50\/revisions"}],"predecessor-version":[{"id":917,"href":"https:\/\/aurapay.com\/et\/wp-json\/wp\/v2\/pages\/50\/revisions\/917"}],"wp:attachment":[{"href":"https:\/\/aurapay.com\/et\/wp-json\/wp\/v2\/media?parent=50"}],"curies":[{"name":"t\u00f6\u00f6leht","href":"https:\/\/api.w.org\/{rel}","templated":true}]}}