{"id":45,"date":"2024-04-10T08:03:10","date_gmt":"2024-04-10T08:03:10","guid":{"rendered":"http:\/\/apnew2.local\/?page_id=45"},"modified":"2024-05-15T08:19:13","modified_gmt":"2024-05-15T08:19:13","slug":"aurapay-token","status":"publish","type":"page","link":"https:\/\/aurapay.com\/et\/aurapay-token\/","title":{"rendered":"Aurapay Token"},"content":{"rendered":"<div class=\"wp-block-cover alignfull is-light\" style=\"padding-top:var(--wp--preset--spacing--40);padding-bottom:var(--wp--preset--spacing--40)\"><span aria-hidden=\"true\" class=\"wp-block-cover__background has-background-dim-0 has-background-dim\" style=\"background-color:#54d081\"><\/span><img loading=\"lazy\" decoding=\"async\" width=\"2065\" height=\"1519\" class=\"wp-block-cover__image-background wp-image-864\" alt=\"\" src=\"https:\/\/aurapay.com\/wp-content\/uploads\/aurapay-token-bg.webp\" style=\"object-position:75% 100%\" data-object-fit=\"cover\" data-object-position=\"75% 100%\"\/><div class=\"wp-block-cover__inner-container has-global-padding is-layout-constrained wp-block-cover-is-layout-constrained\">\n<figure class=\"wp-block-image aligncenter size-full is-resized aurapaytoken-img1\"><img decoding=\"async\" src=\"https:\/\/aurapay.com\/wp-content\/uploads\/aurapay-token-img1.webp\" alt=\"\" class=\"wp-image-508\" style=\"width:300px\"\/><\/figure>\n\n\n\n<p class=\"has-text-align-center has-large-font-size\" style=\"margin-top:0;margin-bottom:0\">Saage tuttavaks<\/p>\n\n\n\n<h1 class=\"wp-block-heading has-text-align-center\" style=\"margin-top:0;margin-bottom:var(--wp--preset--spacing--30)\">Aurapay Token (APT)<\/h1>\n\n\n\n<p class=\"has-text-align-center\">Aurapay Token (APT) on reguleeritud stabiilne kr\u00fcptoraha, mis on seotud 1 : 1 Jaapani jeeniga (JPY). See t\u00e4hendab, et iga APT v\u00f5rdub 1 Jaapani jeeniga, tagades digiv\u00e4\u00e4ringu stabiilse ja prognoositava v\u00e4\u00e4rtuse.<\/p>\n\n\n\n<p class=\"has-text-align-center\">Plokiahela maailmas pole just palju stabiilsusraha, mis esindaks Jaapani jeeni v\u00e4\u00e4rtust. APT kuulub uhkusega nende v\u00e4heste v\u00e4ljavalitute hulka. Plokiahela maailm on keeruline ja selles navigeerimine v\u00f5ib tunduda hirmutav. Aurapay tagab teile l\u00e4bipaistva ja usaldusv\u00e4\u00e4rse silla, et siduda teie digivarad Jaapani jeeniga.<\/p>\n\n\n\n<p class=\"has-text-align-center\">APT v\u00e4\u00e4rtus on Jaapani jeeniga v\u00f5rreldes suhteliselt stabiilne. Usume, et plokiahela tehnoloogia t\u00e4ieliku potentsiaali \u00e4rakasutamiseks on vaja just selliseid stabiilseid digivarasid nagu APT.<\/p>\n<\/div><\/div>\n\n\n\n<h2 class=\"wp-block-heading has-text-align-center\" style=\"margin-top:var(--wp--preset--spacing--30);margin-bottom:var(--wp--preset--spacing--30)\">Mille poolest APT eristub?<\/h2>\n\n\n\n<details class=\"wp-block-details is-layout-flow wp-block-details-is-layout-flow\"><summary>Kordumatu token<\/summary>\n<p>APT on \u00fcks v\u00e4heseid Jaapani jeeniga seotud stabiilsusrahasid ning selle eesm\u00e4rk on luua sild teie kr\u00fcptovarade ja Jaapani jeeni vahel<\/p>\n<\/details>\n\n\n\n<details class=\"wp-block-details is-layout-flow wp-block-details-is-layout-flow\"><summary>Stabiilsus<\/summary>\n<p>APT eesm\u00e4rk on s\u00e4ilitada stabiilne Jaapani jeeni v\u00e4\u00e4rtus suhtega 1 : 1 alusvara suhtes Stabiilsus teeb APTst sobiva valiku igap\u00e4evatehinguteks ja v\u00e4\u00e4rtuse hoidmiseks<\/p>\n<\/details>\n\n\n\n<details class=\"wp-block-details is-layout-flow wp-block-details-is-layout-flow\"><summary>Kiirus ja t\u00f5husus<\/summary>\n<p>erinevalt panganduss\u00fcsteemist v\u00f5imaldab APT teha kiireid ja t\u00f5husaid piiri\u00fcleseid tehinguid ilma viivituste ning tasudeta<\/p>\n<\/details>\n\n\n\n<details class=\"wp-block-details is-layout-flow wp-block-details-is-layout-flow\"><summary>Digitaalne loomus<\/summary>\n<p>APT p\u00f5hineb plokiahela tehnoloogial, pakkudes enamat kui lihtsalt rahakotti. Meie stabiilsusraha saab mugavalt \u00fcle kanda, talletada ja kasutada eri digi\u00f6kos\u00fcsteemides<\/p>\n<\/details>\n\n\n\n<details class=\"wp-block-details is-layout-flow wp-block-details-is-layout-flow\"><summary>L\u00e4bipaistvus<\/summary>\n<p>APT teeb korrap\u00e4raselt auditeid ja esitab aruandeid, et s\u00e4ilitada l\u00e4bipaistvus<\/p>\n<\/details>\n\n\n\n<div class=\"wp-block-cover alignfull is-light o-fit-contain\" style=\"margin-top:var(--wp--preset--spacing--30);margin-bottom:var(--wp--preset--spacing--30)\"><span aria-hidden=\"true\" class=\"wp-block-cover__background has-background-dim-0 has-background-dim\"><\/span><img decoding=\"async\" class=\"wp-block-cover__image-background wp-image-571\" alt=\"\" src=\"https:\/\/aurapay.com\/wp-content\/uploads\/aurapay-token-bg2.webp\" style=\"object-position:0% 100%\" data-object-fit=\"cover\" data-object-position=\"0% 100%\"\/><div class=\"wp-block-cover__inner-container has-global-padding is-layout-constrained wp-block-cover-is-layout-constrained\">\n<div class=\"wp-block-columns are-vertically-aligned-center f-dir-colR is-layout-flex wp-container-core-columns-is-layout-1 wp-block-columns-is-layout-flex\" style=\"margin-top:var(--wp--preset--spacing--30);margin-bottom:var(--wp--preset--spacing--30)\">\n<div class=\"wp-block-column is-vertically-aligned-center is-layout-flow wp-block-column-is-layout-flow\">\n<figure class=\"wp-block-image aligncenter size-full is-resized aurapaytoken-img2\"><img decoding=\"async\" src=\"https:\/\/aurapay.com\/wp-content\/uploads\/aurapay-token-img2.webp\" alt=\"\" class=\"wp-image-563\" style=\"width:360px\"\/><\/figure>\n<\/div>\n\n\n\n<div class=\"wp-block-column is-vertically-aligned-center tb-taC is-layout-flow wp-block-column-is-layout-flow\">\n<h2 class=\"wp-block-heading\">Liituge, et proovida t\u00f5eliselt murrangulist lahendust APTd.<\/h2>\n\n\n\n<div class=\"wp-block-buttons tb-jcC is-layout-flex wp-block-buttons-is-layout-flex\" style=\"margin-top:var(--wp--preset--spacing--30)\">\n<div class=\"wp-block-button cv\"><a class=\"wp-block-button__link wp-element-button\" href=\"https:\/\/my.aurapay.com\/signup\/certification?lang=en\">Registreeru kohe<\/a><\/div>\n<\/div>\n<\/div>\n<\/div>\n<\/div><\/div>","protected":false},"excerpt":{"rendered":"<p>Mille poolest APT eristub?<\/p>","protected":false},"author":2,"featured_media":0,"parent":0,"menu_order":0,"comment_status":"closed","ping_status":"closed","template":"","meta":{"footnotes":""},"class_list":["post-45","page","type-page","status-publish","hentry"],"_links":{"self":[{"href":"https:\/\/aurapay.com\/et\/wp-json\/wp\/v2\/pages\/45"}],"collection":[{"href":"https:\/\/aurapay.com\/et\/wp-json\/wp\/v2\/pages"}],"about":[{"href":"https:\/\/aurapay.com\/et\/wp-json\/wp\/v2\/types\/page"}],"author":[{"embeddable":true,"href":"https:\/\/aurapay.com\/et\/wp-json\/wp\/v2\/users\/2"}],"replies":[{"embeddable":true,"href":"https:\/\/aurapay.com\/et\/wp-json\/wp\/v2\/comments?post=45"}],"version-history":[{"count":5,"href":"https:\/\/aurapay.com\/et\/wp-json\/wp\/v2\/pages\/45\/revisions"}],"predecessor-version":[{"id":1013,"href":"https:\/\/aurapay.com\/et\/wp-json\/wp\/v2\/pages\/45\/revisions\/1013"}],"wp:attachment":[{"href":"https:\/\/aurapay.com\/et\/wp-json\/wp\/v2\/media?parent=45"}],"curies":[{"name":"t\u00f6\u00f6leht","href":"https:\/\/api.w.org\/{rel}","templated":true}]}}