{"id":42,"date":"2024-04-10T07:53:32","date_gmt":"2024-04-10T07:53:32","guid":{"rendered":"http:\/\/apnew2.local\/?page_id=42"},"modified":"2024-05-27T11:54:02","modified_gmt":"2024-05-27T08:54:02","slug":"feature","status":"publish","type":"page","link":"https:\/\/aurapay.com\/et\/feature\/","title":{"rendered":"P\u00f5hisisu"},"content":{"rendered":"<div class=\"wp-block-cover alignfull is-light o-fit-contain\" style=\"min-height:480px;aspect-ratio:unset;\"><span aria-hidden=\"true\" class=\"wp-block-cover__background has-base-2-background-color has-background-dim-0 has-background-dim\"><\/span><img decoding=\"async\" class=\"wp-block-cover__image-background wp-image-558\" alt=\"\" src=\"https:\/\/aurapay.com\/wp-content\/uploads\/feature-bg.webp\" style=\"object-position:100% 0%\" data-object-fit=\"cover\" data-object-position=\"100% 0%\"\/><div class=\"wp-block-cover__inner-container has-global-padding is-layout-constrained wp-block-cover-is-layout-constrained\">\n<div class=\"wp-block-columns f-dir-colR is-layout-flex wp-container-core-columns-is-layout-1 wp-block-columns-is-layout-flex\">\n<div class=\"wp-block-column tb-taC is-layout-flow wp-block-column-is-layout-flow\">\n<h1 class=\"wp-block-heading translation-block\">Aurapay kontod<\/h1>\n\n\n\n<p>Aurapay pakub kolme erinevat kontot\u00fc\u00fcpi, mis vastavad teie individuaalsetele vajadustele. Tutvuge allpool esitatud kontodega ja leidke endale sobivaim variant.<\/p>\n<\/div>\n\n\n\n<div class=\"wp-block-column tb-taC is-layout-flow wp-block-column-is-layout-flow\">\n<figure class=\"wp-block-image size-full is-resized feature-img1\"><img decoding=\"async\" src=\"https:\/\/aurapay.com\/wp-content\/uploads\/feature-img1.webp\" alt=\"\" class=\"wp-image-460\" style=\"width:150px\"\/><\/figure>\n<\/div>\n<\/div>\n<\/div><\/div>\n\n\n\n<div class=\"wp-block-columns are-vertically-aligned-center is-layout-flex wp-container-core-columns-is-layout-2 wp-block-columns-is-layout-flex\" style=\"margin-top:var(--wp--preset--spacing--30);margin-bottom:var(--wp--preset--spacing--50)\">\n<div class=\"wp-block-column is-vertically-aligned-center is-layout-flow wp-block-column-is-layout-flow\">\n<figure class=\"wp-block-image aligncenter size-full is-resized feature-img2\"><img decoding=\"async\" src=\"https:\/\/aurapay.com\/wp-content\/uploads\/feature-img2.webp\" alt=\"\" class=\"wp-image-467\" style=\"width:380px\"\/><\/figure>\n<\/div>\n\n\n\n<div class=\"wp-block-column is-vertically-aligned-center is-layout-flow wp-block-column-is-layout-flow\">\n<h2 class=\"wp-block-heading tb-taC account\">Isiklik<sub> Konto<\/sub><\/h2>\n\n\n\n<ul class=\"wp-block-list\">\n<li>Lihtsad ja turvalised kr\u00fcptotehingud igap\u00e4evavajaduste rahuldamiseks<\/li>\n\n\n\n<li>Saatke ja saage raha oma rahakoti ning teiste kr\u00fcptorahakoti aadresside v\u00f5i kaupmeeste vahel, kasutades kr\u00fcptoraha v\u00f5i Aurapay stabiilsusraha APT<\/li>\n\n\n\n<li>Teie vajaduste j\u00e4rgi kohandatud lahendused digivarade k\u00e4itlemiseks, sealhulgas ostmiseks, m\u00fc\u00fcmiseks ja vahetamiseks<\/li>\n\n\n\n<li>Juurdep\u00e4\u00e4s mugavale kr\u00fcptopangandusplatvormile<\/li>\n\n\n\n<li>T\u00e4iustatud aruandlus kr\u00fcptorahatehingute j\u00e4lgimiseks<\/li>\n<\/ul>\n\n\n\n<div class=\"wp-block-buttons tb-jcC is-layout-flex wp-block-buttons-is-layout-flex\" style=\"margin-top:var(--wp--preset--spacing--30)\">\n<div class=\"wp-block-button cv\"><a class=\"wp-block-button__link wp-element-button\" href=\"https:\/\/my.aurapay.com\/signup\/certification?lang=en\">Registreeru kohe<\/a><\/div>\n<\/div>\n<\/div>\n<\/div>\n\n\n\n<div class=\"wp-block-columns are-vertically-aligned-center f-dir-colR is-layout-flex wp-container-core-columns-is-layout-3 wp-block-columns-is-layout-flex\" style=\"margin-top:var(--wp--preset--spacing--30);margin-bottom:var(--wp--preset--spacing--50)\">\n<div class=\"wp-block-column is-vertically-aligned-center is-layout-flow wp-block-column-is-layout-flow\">\n<h2 class=\"wp-block-heading tb-taC account\">\u00c4ri<sub> Konto<\/sub><\/h2>\n\n\n\n<ul class=\"wp-block-list\">\n<li>Ideaalne ettev\u00f5tjatele v\u00f5i v\u00e4ikestele ja keskmise suurusega kr\u00fcptovaluutaettev\u00f5tetele.<\/li>\n\n\n\n<li>Suuremaid kr\u00fcptoraha v\u00f5i Aurapay stabiilsusraha APT tehinguid oma rahakoti ja teiste kr\u00fcptorahakoti aadresside v\u00f5i kaupmeeste vahel t\u00f6\u00f6deldakse kiiresti<\/li>\n\n\n\n<li>Ettev\u00f5tte vajaduste j\u00e4rgi kohandatud funktsioonid, mis v\u00f5imaldavad kr\u00fcptot t\u00f5husalt hallata, sealhulgas osta, m\u00fc\u00fca ja kiiresti vahetada<\/li>\n\n\n\n<li>Tugevdage oma \u00e4rijuhtimist kasutusmugava kr\u00fcptopanganduse abil<\/li>\n\n\n\n<li>T\u00e4iustatud aruandlus ettev\u00f5tte kr\u00fcptotehingute haldamiseks<\/li>\n<\/ul>\n\n\n\n<div class=\"wp-block-buttons tb-jcC is-layout-flex wp-block-buttons-is-layout-flex\" style=\"margin-top:var(--wp--preset--spacing--30)\">\n<div class=\"wp-block-button cv\"><a class=\"wp-block-button__link wp-element-button\" href=\"https:\/\/my.aurapay.com\/signup\/certification?lang=en\">Registreeru kohe<\/a><\/div>\n<\/div>\n<\/div>\n\n\n\n<div class=\"wp-block-column is-vertically-aligned-center is-layout-flow wp-block-column-is-layout-flow\">\n<figure class=\"wp-block-image aligncenter size-full is-resized feature-img3\"><img decoding=\"async\" src=\"https:\/\/aurapay.com\/wp-content\/uploads\/feature-img3.webp\" alt=\"\" class=\"wp-image-469\" style=\"width:280px\"\/><\/figure>\n<\/div>\n<\/div>\n\n\n\n<div class=\"wp-block-columns are-vertically-aligned-center is-layout-flex wp-container-core-columns-is-layout-4 wp-block-columns-is-layout-flex\" style=\"margin-top:var(--wp--preset--spacing--30);margin-bottom:var(--wp--preset--spacing--50)\">\n<div class=\"wp-block-column is-vertically-aligned-center is-layout-flow wp-block-column-is-layout-flow\">\n<figure class=\"wp-block-image aligncenter size-full is-resized feature-img4\"><img decoding=\"async\" src=\"https:\/\/aurapay.com\/wp-content\/uploads\/feature-img4.webp\" alt=\"\" class=\"wp-image-471\" style=\"width:340px\"\/><\/figure>\n<\/div>\n\n\n\n<div class=\"wp-block-column is-vertically-aligned-center is-layout-flow wp-block-column-is-layout-flow\">\n<h2 class=\"wp-block-heading tb-taC account\">Kommerts<sub> Konto<\/sub><\/h2>\n\n\n\n<ul class=\"wp-block-list\">\n<li>Loodud vastama veebiteenuste ja kr\u00fcptorahaga kauplejate kr\u00fcptohaldusvajadustele<\/li>\n\n\n\n<li>T\u00f6\u00f6delge tehinguid t\u00f5rgeteta t\u00e4nu Aurapay kohandatavale API integratsioonile, mille v\u00f5imalused h\u00f5lmavad ka kr\u00fcptoraha ja Aurapay stabiilsusraha APT<\/li>\n\n\n\n<li>Parandage olemasolevat sisse- ja v\u00e4ljamaksete teenust, liites meie makselahenduse oma veebisaidiga<\/li>\n\n\n\n<li>P\u00f5hjalik \u00e4riaruanne annab \u00fclevaate kr\u00fcptotehingutest Aurapay era- ja \u00e4rikasutajatega<\/li>\n<\/ul>\n\n\n\n<div class=\"wp-block-buttons tb-jcC is-layout-flex wp-block-buttons-is-layout-flex\" style=\"margin-top:var(--wp--preset--spacing--30)\">\n<div class=\"wp-block-button cv\"><a class=\"wp-block-button__link wp-element-button\" href=\"https:\/\/my.aurapay.com\/contact\/form\">Saada p\u00e4ring<\/a><\/div>\n<\/div>\n<\/div>\n<\/div>\n\n\n\n<div class=\"wp-block-cover alignfull is-light the-aurapay-token\" style=\"margin-top:var(--wp--preset--spacing--60);margin-bottom:0;min-height:320px;aspect-ratio:unset;\"><span aria-hidden=\"true\" class=\"wp-block-cover__background has-base-2-background-color has-background-dim-0 has-background-dim\"><\/span><img decoding=\"async\" class=\"wp-block-cover__image-background wp-image-553\" alt=\"\" src=\"https:\/\/aurapay.com\/wp-content\/uploads\/apt-bg.webp\" data-object-fit=\"cover\"\/><div class=\"wp-block-cover__inner-container has-global-padding is-layout-constrained wp-block-cover-is-layout-constrained\">\n<div class=\"wp-block-columns are-vertically-aligned-center is-layout-flex wp-container-core-columns-is-layout-5 wp-block-columns-is-layout-flex\" style=\"margin-bottom:0\">\n<div class=\"wp-block-column is-vertically-aligned-center is-layout-flow wp-container-core-column-is-layout-9 wp-block-column-is-layout-flow\" style=\"padding-top:0;padding-right:var(--wp--preset--spacing--20);padding-bottom:0;padding-left:var(--wp--preset--spacing--20);flex-basis:23%\">\n<figure class=\"wp-block-image aligncenter size-full img-apt link\"><a href=\"\/et\/aurapay-token\/\"><img decoding=\"async\" src=\"https:\/\/aurapay.com\/wp-content\/uploads\/apt-img.webp\" alt=\"\" class=\"wp-image-338\"\/><\/a><\/figure>\n<\/div>\n\n\n\n<div class=\"wp-block-column is-vertically-aligned-center tb-taC is-layout-flow wp-block-column-is-layout-flow\">\n<h2 class=\"wp-block-heading tdN\"><a href=\"\/et\/aurapay-token\/\" data-type=\"page\" data-id=\"45\">Aurapay Token<\/a><\/h2>\n\n\n\n<p>Aurapay Token (APT) on reguleeritud stabiilne kr\u00fcptoraha, mis on seotud 1 : 1 Jaapani jeeniga (JPY). See t\u00e4hendab, et iga APT v\u00f5rdub 1 Jaapani jeeniga, tagades digiv\u00e4\u00e4ringu stabiilse ja prognoositava v\u00e4\u00e4rtuse.<\/p>\n<\/div>\n<\/div>\n<\/div><\/div>","protected":false},"excerpt":{"rendered":"<p>Isiklik konto \u00c4rikonto kaupmehekonto<\/p>","protected":false},"author":2,"featured_media":0,"parent":0,"menu_order":0,"comment_status":"closed","ping_status":"closed","template":"","meta":{"footnotes":""},"class_list":["post-42","page","type-page","status-publish","hentry"],"_links":{"self":[{"href":"https:\/\/aurapay.com\/et\/wp-json\/wp\/v2\/pages\/42"}],"collection":[{"href":"https:\/\/aurapay.com\/et\/wp-json\/wp\/v2\/pages"}],"about":[{"href":"https:\/\/aurapay.com\/et\/wp-json\/wp\/v2\/types\/page"}],"author":[{"embeddable":true,"href":"https:\/\/aurapay.com\/et\/wp-json\/wp\/v2\/users\/2"}],"replies":[{"embeddable":true,"href":"https:\/\/aurapay.com\/et\/wp-json\/wp\/v2\/comments?post=42"}],"version-history":[{"count":13,"href":"https:\/\/aurapay.com\/et\/wp-json\/wp\/v2\/pages\/42\/revisions"}],"predecessor-version":[{"id":1119,"href":"https:\/\/aurapay.com\/et\/wp-json\/wp\/v2\/pages\/42\/revisions\/1119"}],"wp:attachment":[{"href":"https:\/\/aurapay.com\/et\/wp-json\/wp\/v2\/media?parent=42"}],"curies":[{"name":"t\u00f6\u00f6leht","href":"https:\/\/api.w.org\/{rel}","templated":true}]}}