{"id":156,"date":"2024-04-11T05:24:27","date_gmt":"2024-04-11T05:24:27","guid":{"rendered":"https:\/\/apnew2.local\/?page_id=156"},"modified":"2024-05-15T00:51:28","modified_gmt":"2024-05-15T00:51:28","slug":"privacy","status":"publish","type":"page","link":"https:\/\/aurapay.com\/et\/privacy\/","title":{"rendered":"Privaatsusp\u00f5him\u00f5tted"},"content":{"rendered":"<div class=\"wp-block-group no-translation terms has-global-padding is-layout-constrained wp-block-group-is-layout-constrained\" data-no-auto-translation=\"\">\n<h1 class=\"wp-block-heading\" style=\"margin-top:var(--wp--preset--spacing--40);margin-bottom:var(--wp--preset--spacing--40)\"><strong>Privaatsusp\u00f5him\u00f5tted<\/strong><\/h1>\n\n\n\n<h2 class=\"wp-block-heading\"><strong>Privaatsusp\u00f5him\u00f5tete \u00fclds\u00e4tted<\/strong><\/h2>\n\n\n\n<p>Meie ettev\u00f5te (edaspidi: Aurapay) kinnitab, et Aurapay p\u00fc\u00fcab kaitsta oma klientide (edaspidi: kasutaja v\u00f5i kasutajad) isikuandmeid (edaspidi: isikuandmed), pidades alati silmas j\u00e4rgmist:<\/p>\n\n\n\n<ul class=\"wp-block-list\">\n<li>Aurapay m\u00e4\u00e4rab kasutajate, \u00e4ripartnerite ja t\u00f6\u00f6tajate isikuandmete kaitse eest vastutava isiku ning kaitseb selliseid andmeid, korraldades t\u00f6\u00f6tajatele p\u00f5hjalikke koolitusi ning t\u00f5hustades sisekontrolli ja s\u00fcsteemi turvalisust.<\/li>\n\n\n\n<li>Kui Aurapay omandab ja kasutab kasutaja andmeid, kasutab Aurapay selliseid andmeid Aurapay kasutustingimustes (edaspidi: kasutustingimused) ja muudes tingimustes s\u00e4testatud miinimumulatuses eri krediitkaardimaksetega seotud teenuste osutamiseks, n\u00f5uetekohaseks krediidikontrolliks v\u00f5i \u00e4ritegevuse haldamiseks. Aurapay ei omanda, kasuta ega edasta sellist teavet v\u00e4ljaspool kirjeldatud ulatust. Lisaks v\u00f5tab Aurapay selleks vajalikke meetmeid.<\/li>\n\n\n\n<li>Aurapay v\u00f5ib oma \u00e4ripartneritele, n\u00e4iteks krediitkaardiettev\u00f5tetele, anda v\u00f5i edastada kasutaja andmeid \u00fclaltoodud ulatuses, et parandada oma teenuseid v\u00f5i kasutaja mugavust. Sellisel juhul valib Aurapay partnerid, kes tagavad isikuandmete piisava kaitse ja rakendavad sellist kaitset.<\/li>\n\n\n\n<li>Aurapay p\u00fc\u00fcab hoida kasutajate andmed v\u00f5imalikult t\u00e4psed ja ajakohased. Kasutaja taotlusel teeb Aurapay viivitamata k\u00f5ik vajalikud muudatused. Kui tuvastatakse ekslik teave, parandab Aurapay selle viivitamata.<\/li>\n\n\n\n<li>Aurapay v\u00f5tab vajalikke turvameetmeid mitmesuguste ohtude, n\u00e4iteks isikuandmetega loata tutvumise, isikuandmete kadumise, h\u00e4vitamise, v\u00f5ltsimise v\u00f5i lekkimise vastu. Kui ilmneb oht, p\u00fc\u00fcab Aurapay turvameetmeid vastava ohu j\u00e4rgi korrigeerida.<\/li>\n\n\n\n<li>Aurapay v\u00f5ib saata kasutajale kasulikku teavet eri vahendite kaudu (n\u00e4iteks e-posti, veebisaidi, posti kaudu). Kui kasutaja ei soovi sellist teavet saada, vastab Aurapay viivitamata kasutaja taotlusele peatada teabe edastamine.<\/li>\n\n\n\n<li>Aurapay takistab loata juurdep\u00e4\u00e4su v\u00e4ljastpoolt s\u00fcsteemi, hoides t\u00f6\u00f6s oma s\u00fcsteemide turvameetmed, nagu tulem\u00fc\u00fcrid. Aurapay kasutab isikuandmete edastamisel \u00fchtaegu nii SSL-kr\u00fcptimistehnoloogiat kui ka oma ainulaadset kr\u00fcptimistehnoloogiat. Aurapay teeb oma serverite \u00fcle t\u00e4ielikku j\u00e4relevalvet ning j\u00e4lgib neid andmekeskuses, mis on lukustatud ja \u00f6\u00f6p\u00e4ev l\u00e4bi turvatud. Arveldusteave, n\u00e4iteks krediitkaardiandmed, kr\u00fcptitakse ja salvestatakse andmebaasis.<\/li>\n\n\n\n<li>Aurapay j\u00e4rgib k\u00f5iki seadusi, m\u00e4\u00e4rusi, suuniseid, seadustikke ja muid eeskirju seoses isikuandmete k\u00e4itlemisega. Aurapay teeb pidevalt kontrolle, et t\u00e4iustada ja hallata oma isikuandmete kaitse halduss\u00fcsteemi.<\/li>\n\n\n\n<li>Aurapay teeb korrap\u00e4raseid auditeid ning p\u00fc\u00fcab rakendada ja j\u00e4rgida oma privaatsusp\u00f5him\u00f5tteid.<\/li>\n<\/ul>\n\n\n\n<h2 class=\"wp-block-heading\"><strong>Privaatsusp\u00f5him\u00f5tted<\/strong><\/h2>\n\n\n\n<p>Privaatsusp\u00f5him\u00f5tetes (edaspidi: privaatsusp\u00f5him\u00f5tted) selgitatakse Aurapay kasutajatele, kuidas Aurapay kogub, s\u00e4ilitab, kasutab ja kaitseb kasutajate isikuandmeid. K\u00f5igi Aurapay veebisaidil, seotud veebisaitidel, rakendustes v\u00f5i teenustes (edaspidi koos: teenused) pakutava(te) toodete, teenuste, sisu, funktsioonide, tehnoloogiate v\u00f5i funktsioonide puhul loetakse, et kui kasutaja registreerub, kasutab teenuseid v\u00f5i p\u00e4\u00e4seb teenustele juurde, on kasutaja n\u00f5ustunud privaatsusp\u00f5him\u00f5tetega ning andnud Aurapayle n\u00f5usoleku koguda, s\u00e4ilitada v\u00f5i kasutada kasutaja isikuandmeid. Kui kasutaja ja Aurapay ei ole kokku leppinud teisiti, siis s\u00e4testatakse privaatsusp\u00f5him\u00f5tetes teenuste kasutamine kasutaja poolt (sealhulgas isiku v\u00f5i \u00fcksuse poolt, kes kasutab teenuseid tehingute v\u00f5i \u00e4ritegevuse k\u00e4igus). Aurapay v\u00f5ib privaatsusp\u00f5him\u00f5tteid igal ajal muuta, avaldades muudetud privaatsusp\u00f5him\u00f5tted oma veebisaidil. Muudetud privaatsusp\u00f5him\u00f5tted j\u00f5ustuvad nende avaldamise kuup\u00e4eval. Kui muudetud privaatsusp\u00f5him\u00f5tted sisaldavad m\u00f5nd olulist muudatust, teatab Aurapay sellest kasutajatele oma veebisaidi jaotises \u201eP\u00f5him\u00f5tete uuendused\u201c [\u201eUpdates of Policy\u201c] v\u00e4hemalt 15 p\u00e4eva ette. Kui 15-p\u00e4evane etteteatamisperiood on l\u00f5ppenud, loetakse, et kasutaja on muudetud privaatsusp\u00f5him\u00f5tetega n\u00f5ustunud.<\/p>\n\n\n\n<h2 class=\"wp-block-heading\"><strong>Kasutajate andmete kogumine<\/strong><\/h2>\n\n\n\n<p>Kui kasutaja kasutab teenuseid, kogutakse tema IP-aadress ja standardne logiteave, n\u00e4iteks kasutatud brauseri v\u00f5i Aurapay veebisaidil k\u00fclastatud lehek\u00fclgede kohta.<\/p>\n\n\n\n<p>Teenuste kasutamisel kogutakse kasutajate kohta j\u00e4rgmisi andmeid:<\/p>\n\n\n\n<ul class=\"wp-block-list\">\n<li>kontaktandmed: nimi, aadress, telefoninumber, e-posti aadress ja muu samalaadne teave;<\/li>\n\n\n\n<li>finantsandmed: krediitkaardi number, mille kasutaja esitab, kui ta seob krediitkaardi kontoga v\u00f5i kasutab teenuseid.<\/li>\n<\/ul>\n\n\n\n<p>Enne kui Aurapay kiidab heaks selle, et kasutaja tema teenuseid kasutab, v\u00f5ib ta n\u00f5uda kasutajalt kasutaja isikusamasuse v\u00f5i aadressi kinnitamiseks v\u00f5i riskide juhtimiseks lisateavet, nagu s\u00fcnniaeg, isikut t\u00f5endava dokumendi number, kodakondsus v\u00f5i muud identifitseerimisandmed. Samuti v\u00f5ib Aurapay hankida kasutajaga seotud teavet kolmandatelt isikutelt, n\u00e4iteks krediiditeabe agentuuridelt v\u00f5i tuvastusteenuste osutajatelt.<\/p>\n\n\n\n<p>Aurapay kogub teenuste kasutamise ajal teavet seoses tehingute ja muu tegevusega veebisaidil v\u00f5i selle kohta, kuidas kasutaja teenuseid kasutab. Aurapay v\u00f5ib koguda teavet seoses kasutaja arvuti v\u00f5i muude juurdep\u00e4\u00e4suvahenditega, et ennetada loata v\u00f5i ebaseaduslikke toiminguid.<\/p>\n\n\n\n<p>Kui kasutaja laadib alla v\u00f5i kasutab Aurapay mobiilirakendusi v\u00f5i siseneb mobiilseadmetele m\u00f5eldud Aurapay veebisaitidele, v\u00f5ib Aurapay saada teavet kasutaja asukoha ja mobiilseadme kohta (sealhulgas selle kordumatu identifikaatori kohta). Aurapay v\u00f5ib seda teavet kasutada selleks, et pakkuda asukohateabep\u00f5hiseid teenuseid, n\u00e4iteks reklaami, otsingutulemusi v\u00f5i muud kohandatud sisu. Mobiilseadmete men\u00fc\u00fcs saab asukohateavet \u00fcldjuhul reguleerida v\u00f5i t\u00fchistada. Kui kasutajal on k\u00fcsimusi oma mobiilseadme asukohateabe teenuse t\u00fchistamise kohta, peab ta p\u00f6\u00f6rduma oma mobiilsideteenuse osutaja v\u00f5i mobiilseadme tootja poole.<\/p>\n\n\n\n<p>Kasutaja v\u00f5ib taotleda Aurapaylt juurdep\u00e4\u00e4su konkreetsetele isikuandmetele, mida s\u00e4ilitavad kolmandad isikud, nagu sotsiaalmeedia saidid (nt Facebook, Twitter). Aurapay saadud teave on veebisaiditi erinev ja seda teavet haldab iga veebisait ise. Kui kasutaja seob kolmanda isiku hallatava konto oma teenuste kontoga ja annab Aurapayle juurdep\u00e4\u00e4su sellisele teabele, loetakse, et kasutaja annab Aurapayle n\u00f5usoleku koguda, s\u00e4ilitada ja kasutada seda teavet koosk\u00f5las privaatsusp\u00f5him\u00f5tetega.<\/p>\n\n\n\n<p>Nimelt v\u00f5ib Aurapay koguda lisateavet sellelt kasutajalt v\u00f5i m\u00f5nest muust teabeallikast seoses selle kasutajaga. Muud teabeallikad h\u00f5lmavad kasutaja teabevahetust Aurapay klienditoega, kasutaja vastuseid uuringutes v\u00f5i k\u00fcsitlustes, kasutaja vestlusi Aurapay sidus- v\u00f5i muude ettev\u00f5tete t\u00f6\u00f6tajatega (iga ettev\u00f5tte privaatsusp\u00f5him\u00f5tete ja kohaldatavate seaduste alusel) v\u00f5i muud kontot (tervikuna v\u00f5i osaliselt), mida peetakse m\u00f5istlikult kasutaja hallatavaks. K\u00f5iki telefonivestlusi kasutajaga j\u00e4lgitakse v\u00f5i salvestatakse kvaliteedi, koolituse v\u00f5i turvalisuse eesm\u00e4rgil. Kasutaja n\u00f5ustub, et tema ja Aurapay teabevahetust v\u00f5ib kuulata, j\u00e4lgida v\u00f5i salvestada, ilma et kasutajat sellest lisaks teavitataks v\u00f5i selle eest hoiatataks.<\/p>\n\n\n\n<h2 class=\"wp-block-heading\"><strong>Delikaatse teabe k\u00e4sitlemine<\/strong><\/h2>\n\n\n\n<p>Aurapay ei omanda, kasuta ega anna kolmandatele isikutele teavet poliitiliste arvamuste, veendumuste (religioon, m\u00f5tted v\u00f5i usk), ameti\u00fchingusse kuulumise, rassi, rahvuse, p\u00e4ritolu, alalise elukoha, terviseseisundi, seksuaalelu ja kriminaalse mineviku kohta (edaspidi koos: delikaatsed andmed). Aurapay v\u00f5ib omandada, kasutada v\u00f5i anda kolmandatele isikutele vajalikus ulatuses delikaatset teavet j\u00e4rgmistel juhtudel (Aurapay range juhtimise alusel):<\/p>\n\n\n\n<ul class=\"wp-block-list\">\n<li>kui teabe omandamine, kasutamine v\u00f5i andmine p\u00f5hineb seadustel ja eeskirjadel jne;<\/li>\n\n\n\n<li>kui teabe omandamine, kasutamine v\u00f5i andmine on vajalik selleks, et kaitsta kellegi elu, keha v\u00f5i vara;<\/li>\n\n\n\n<li>kui teabe omandamine, kasutamine v\u00f5i andmine on eriti vajalik selleks, et parandada rahvatervist v\u00f5i edendada laste arengut;<\/li>\n\n\n\n<li>kui Aurapay on kohustatud tegema koost\u00f6\u00f6d valitsusasutuste, kohalike omavalitsuste v\u00f5i nende usaldusisikutega, et t\u00e4ita seadustes ja eeskirjades s\u00e4testatud \u00fclesandeid;<\/li>\n\n\n\n<li>kui Aurapay omandab, kasutab v\u00f5i annab kolmandatele isikutele delikaatset teavet ulatuses, milles see on vajalik p\u00e4rimismenetlusest tulenevate \u00f5iguste v\u00f5i kohustuste \u00fcleandmiseks jne;<\/li>\n\n\n\n<li>kui Aurapay omandab, kasutab v\u00f5i annab kolmandatele isikutele delikaatset teavet kasutaja n\u00f5usoleku alusel tema \u00e4ritegevuseks vajalikus ulatuses, sest see tagab Aurapay asjakohase \u00e4ritegevuse;<\/li>\n\n\n\n<li>kui Aurapay kasutab kasutaja n\u00f5usolekul kasutaja tuvastamiseks biomeetrilisi autentimisandmeid, mis on delikaatsed andmed.<\/li>\n<\/ul>\n\n\n\n<h2 class=\"wp-block-heading\"><strong>K\u00fcpsiste kasutamine<\/strong><\/h2>\n\n\n\n<p>K\u00fcpsised, veebilutikad, kohalik talletamine ja samalaadsed tehnoloogiad K\u00fcpsised, veebilutikad, kohalik talletamine ja samalaadsed tehnoloogiad Kui kasutaja siseneb Aurapay veebisaidile v\u00f5i kasutab teenuseid, loob Aurapay (sealhulgas tema \u00e4ripartnerid) v\u00e4ikeseid andmefaile kasutaja arvutis v\u00f5i muus seadmes. Need failid v\u00f5ivad olla k\u00fcpsised, veebilutikad, pleierik\u00fcpsised v\u00f5i muud kohalikud talletamislahendused, mida pakub kasutaja brauser v\u00f5i seotud rakendus (edaspidi koos: k\u00fcpsised). Aurapay kasutab k\u00fcpsiseid selleks, et \u2022 tuvastada kasutaja Aurapay kasutajana; \u2022 pakkuda kasutaja rakendusele sobivaid teenuseid, sisu v\u00f5i reklaami; \u2022 m\u00f5\u00f5ta reklaami m\u00f5ju; \u2022 kinnitada, et kasutaja konto on ohtude eest kaitstud; \u2022 v\u00e4hendada riske ja ennetada loata kasutamist; \u2022 parandada Aurapay veebisaidi ja teenuste usaldusv\u00e4\u00e4rsust ning turvalisust.<\/p>\n\n\n\n<p>Aurapay k\u00fcpsiste kasutamisest v\u00f5ib keelduda, kui kasutaja brauser v\u00f5i selle lisand seda v\u00f5imaldab, v\u00e4lja arvatud juhul, kui k\u00fcpsis on vajalik selleks, et ennetada loata kasutust v\u00f5i tagada Aurapay hallatava veebisaidi turvalisus. K\u00fcpsise keelamise korral v\u00f5ib Aurapay veebisaidi v\u00f5i teenuste kasutamine olla takistatud.<\/p>\n\n\n\n<h2 class=\"wp-block-heading\"><strong>Isikuandmete kaitse ja s\u00e4ilitamine<\/strong><\/h2>\n\n\n\n<p>Privaatsusp\u00f5him\u00f5tete t\u00e4henduses on isikuandmed igasugune teave konkreetse isiku kohta, mille abil saab isiku tuvastada. Kui see sisaldab anon\u00fc\u00fcmset teavet, mille puhul ei saa konkreetset isikut tuvastada, pole tegemist isikuandmetega.<\/p>\n\n\n\n<p>Aurapay s\u00e4ilitab ja t\u00f6\u00f6tleb kasutaja isikuandmeid oma arvutites, mis asuvad Singapuris, v\u00f5i eri klienditeenindus- v\u00f5i tugikeskustes, mis asuvad \u00fcle kogu maailma. Aurapay kaitseb kasutaja isikuandmeid f\u00fc\u00fcsiliste, elektrooniliste ja menetluslike turvameetmete abil. Aurapay v\u00f5tab oma arvutite suhtes turvameetmeid, nagu tulem\u00fc\u00fcrid v\u00f5i andmete kr\u00fcptimine, ning kontrollib f\u00fc\u00fcsilist juurdep\u00e4\u00e4su oma hoonetele, rajatistele ja failidele. Juurdep\u00e4\u00e4s isikuandmetele on \u00fchtlasi piiratud nende t\u00f6\u00f6tajatega, kes vajavad isikuandmeid oma \u00fclesannete t\u00e4itmiseks.<\/p>\n\n\n\n<h2 class=\"wp-block-heading\"><strong>Kogutud isikuandmete kasutamine<\/strong><\/h2>\n\n\n\n<p>Kasutaja isikuandmete kogumise esimene eesm\u00e4rk on pakkuda kasutajale turvalist, t\u00f5rgeteta ja t\u00f5husat keskkonda, mis talle sobib. Seet\u00f5ttu kasutab Aurapay kasutaja isikuandmeid selleks, et:<\/p>\n\n\n\n<ul class=\"wp-block-list\">\n<li>teha tehinguid ja edastada nendega seotud teateid kasutajale;<\/li>\n\n\n\n<li>tuvastada kasutaja konto loomise v\u00f5i parooli l\u00e4htestamise ja muude protsesside jaoks;<\/li>\n\n\n\n<li>lahendada pretensioone ja probleeme ning koguda teenustasu;<\/li>\n\n\n\n<li>ohjata riske v\u00f5i loata toiminguid v\u00f5i avastada, ennetada v\u00f5i parandada muud keelatud v\u00f5i ebaseaduslikku tegevust;<\/li>\n\n\n\n<li>avastada, ennetada v\u00f5i parandada p\u00f5him\u00f5tete, tingimuste v\u00f5i muude kohaldatavate kasutustingimuste rikkumist;<\/li>\n\n\n\n<li>pakkuda kasutajale klienditeenindust;<\/li>\n\n\n\n<li>t\u00e4iustada teenuseid, muutes kasutaja elamuse isikup\u00e4rasemaks;<\/li>\n\n\n\n<li>m\u00f5\u00f5ta teenuste tulemusi ning parandada nende sisu ja kujundust;<\/li>\n\n\n\n<li>hallata ja kaitsta Aurapay infotehnoloogiaplatvormi;<\/li>\n\n\n\n<li>teha sihtturundust, edastada reklaame v\u00f5i teenuseuuendusi v\u00f5i levitada kampaaniateateid kasutaja m\u00e4\u00e4ratud sidevahendite alusel;<\/li>\n\n\n\n<li>v\u00f5tta kasutajaga \u00fchendust telefoni, teksts\u00f5numi (SMS) v\u00f5i e-kirja teel olenevalt kasutustingimustes heaks kiidetud viisist;<\/li>\n\n\n\n<li>uurida kasutajate krediidiv\u00f5imelisust ja maksev\u00f5imet, v\u00f5rrelda teabe t\u00e4psust ning kinnitada see koos kolmandatest isikutest asutustega.<\/li>\n<\/ul>\n\n\n\n<h2 class=\"wp-block-heading\"><strong>Turundus<\/strong><\/h2>\n\n\n\n<p>Aurapay ei m\u00fc\u00fc ega laenuta kasutaja isikuandmeid ilma kasutaja s\u00f5naselge n\u00f5usolekuta kolmandatele isikutele, v\u00e4lja arvatud Aurapay sidusettev\u00f5tetele kolmanda isiku turundamise eesm\u00e4rgil. Aurapay pakub kasutaja rakendustele sobivat\/sobivaid teenuseid, sisu v\u00f5i reklaami, integreerides kasutaja andmeid ja teistelt ettev\u00f5tetelt kogutud teavet, ning p\u00fc\u00fcab parandada oma pakkumuse kvaliteeti ja m\u00f5ju.<\/p>\n\n\n\n<h2 class=\"wp-block-heading\"><strong>Andmete jagamine teiste Aurapay kasutajatega<\/strong><\/h2>\n\n\n\n<p>Aurapay peab edastama kasutaja isikuandmeid igale isikule v\u00f5i ettev\u00f5ttele, kellele kasutaja teeb makseid, et neid makseid oleks v\u00f5imalik t\u00f6\u00f6delda. Kasutaja kontaktandmed ja registreerimise kuup\u00e4ev edastatakse teistele kasutajatele, kellega kasutaja teeb Aurapay kaudu tehinguid. Kui kasutaja kasutab teenuseid kolmanda isiku vahendusel, v\u00f5idakse sellist ja muud teavet jagada vastava kolmanda isikuga. Kolmas isik ei tohi kasutaja isikuandmeid kasutada muul eesm\u00e4rgil kui teenuste k\u00e4ttesaadavaks tegemiseks, kui kasutaja pole andnud selleks n\u00f5usolekut.<\/p>\n\n\n\n<p>Kui kasutaja ostab tooteid v\u00f5i teenuseid ja maksab nende eest Aurapay kaudu, v\u00f5ib Aurapay anda toodete v\u00f5i teenuste m\u00fc\u00fcjale krediitkaardi kinnitatud arveldusaadressi, et kasutaja saaks tehingud m\u00fc\u00fcjaga l\u00f5pule viia. Selline m\u00fc\u00fcja ei saa oma teenuseid m\u00fc\u00fca eeltoodud teabe alusel ilma kasutaja n\u00f5usolekuta.<\/p>\n\n\n\n<p>Aurapay v\u00f5imaldab kasutajal teenuseid kasutades makseid teha ja edendab teenuste kasutamist, tehes koost\u00f6\u00f6d kolmandate isikutega, n\u00e4iteks kaupmehega. Seega, kui kasutaja teeb makseid kaupmehele v\u00f5i kolmanda isiku kaudu, v\u00f5ivad Aurapay ja kolmas isik jagada kasutajaga seotud teavet, n\u00e4iteks tema e-posti aadressi v\u00f5i mobiiltelefoni numbrit. Vastava teabe alusel kinnitatakse, et kasutaja on teenuste liige ja saab teenuseid makseviisina kasutada.<\/p>\n\n\n\n<p>Olenemata eeltoodust ei avaldata kasutaja krediitkaardi numbrit teistele isikutele, kellele kasutaja teeb makseid Aurapay kaudu, ega kolmandale isikule, kes pakub v\u00f5i kasutab teenuseid. Kui kasutaja lubab s\u00f5naselgelt oma krediitkaardi numbrit avalikustada v\u00f5i kui Aurapay on kohustatud seda tegema, et t\u00e4ita krediitkaardiliitude eeskirju, kehtivaid eeskirju v\u00f5i \u00f5iguskaitseorganite n\u00f5udeid v\u00f5i teha koost\u00f6\u00f6d \u00f5iguskaitseorganitega seadusj\u00e4rgsete juurdlusn\u00f5uete kohaselt, v\u00f5ib sellist teavet avalikustada.<\/p>\n\n\n\n<h2 class=\"wp-block-heading\"><strong>Isikuandmete jagamine kolmandate isikutega<\/strong><\/h2>\n\n\n\n<p>Aurapay v\u00f5ib jagada kasutaja isikuandmeid j\u00e4rgmiste kolmandate isikutega.<\/p>\n\n\n\n<ul class=\"wp-block-list\">\n<li>Aurapay ja selle sidusettev\u00f5tted pakuvad kasutajale \u00fchist sisu, tooteid v\u00f5i teenuseid (registreerimine, tehingud, klienditeenindus jne), jagades kasutaja andmeid. Lisaks kasutab Aurapay seda teavet selleks, et avastada ja ennetada v\u00f5imalikke ebaseaduslikke toiminguid v\u00f5i Aurapay p\u00f5him\u00f5tete rikkumisi v\u00f5i teha sidusettev\u00f5tete toodete, teenuste v\u00f5i teabevahetusega seotud otsuseid. Sidusettev\u00f5tted kasutavad seda teavet kasutajale turunduss\u00f5numite saatmiseks ainult siis, kui kasutaja palub, et nad osutaksid oma teenuseid.<\/li>\n\n\n\n<li>\u00dchinemise v\u00f5i omandamise korral n\u00f5uab Aurapay, et ettev\u00f5te, mis kavatseb Aurapayga \u00fchineda v\u00f5i Aurapay omandada, j\u00e4rgiks kasutajate isikuandmeid k\u00e4sitledes privaatsusp\u00f5him\u00f5tteid. Kui kasutaja isikuandmete kasutamisel privaatsusp\u00f5him\u00f5tteid rikutakse, teatab Aurapay sellest kasutajale ette.<\/li>\n\n\n\n<li>Kasutaja isikuandmeid jagatakse \u00f5iguskaitseorganite, valitsusasutuste v\u00f5i muude kolmandate isikutega j\u00e4rgmistel juhtudel:\n<ul class=\"wp-block-list\">\n<li>kui Aurapay on kohustatud isikuandmeid avalikustama kohtukutse v\u00f5i -m\u00e4\u00e4ruse v\u00f5i muu sarnase \u00f5igusmenetluse t\u00f5ttu;<\/li>\n\n\n\n<li>kui Aurapay on kohustatud selliseid isikuandmeid avalikustama, et t\u00e4ita seadusi ja eeskirju v\u00f5i krediitkaardiliitude eeskirju;<\/li>\n\n\n\n<li>kui Aurapay teeb koost\u00f6\u00f6d \u00f5iguskaitseorgani k\u00e4imasoleva juurdluse raames;<\/li>\n\n\n\n<li>kui Aurapay leiab heas usus, et isikuandmete avalikustamine on vajalik selleks, et v\u00e4ltida f\u00fc\u00fcsilist v\u00f5i majanduskahju, teatada kahtlastest ebaseaduslikest toimingutest v\u00f5i uurida kasutustingimuste rikkumist.<\/li>\n<\/ul>\n<\/li>\n\n\n\n<li>Kasutaja isikuandmeid jagatakse kolmandate isikutega j\u00e4rgmistel eesm\u00e4rkidel:\n<ul class=\"wp-block-list\">\n<li>ebaseaduslike toimingute ennetamiseks ja riskijuhtimiseks: selleks, et hinnata ja juhtida Aurapay tegevuse k\u00e4igus riske ning hoida \u00e4ra ebaseaduslikke toiminguid. N\u00e4iteks kui kasutaja kasutab teenust, et Aurapay sidusettev\u00f5tetes (edaspidi: sidusettev\u00f5tted) tooteid m\u00fc\u00fca v\u00f5i osta, jagatakse kasutaja kontoteavet, et kaitsta kontot ebaseaduslike tehingute eest, hoiatada ebaseaduslike tehingute tuvastamise korral v\u00f5i krediidiriski hindamiseks jne. Kui Aurapay keelab juurdep\u00e4\u00e4su kontole v\u00f5i kehtestab kasutaja kontole muid piiranguid pretensiooni, n\u00f5ude, tagastusn\u00f5ude v\u00f5i muu stsenaariumi alusel seoses toodete ostu ja m\u00fc\u00fcgiga, jagatakse n\u00f5utud kontoteavet sidusettev\u00f5tetega riskijuhtimise jaoks ja selleks, et ennetada ebaseaduslikke toiminguid. Lisaks v\u00f5ib Aurapay jagada kontoteavet sidusettev\u00f5tetega selleks, et viia ellu ostjate v\u00f5i m\u00fc\u00fcjate hindamiseks m\u00f5eldud programme riskijuhtimise v\u00f5i ebaseaduslike toimingute ennetamise raames;<\/li>\n\n\n\n<li>klienditeeninduse osutamiseks: kasutaja isikuandmeid jagatakse selleks, et osutada kasutajale klienditeenuseid, sealhulgas pakkuda tuge konto kasutamisel v\u00f5i pretensioonide lahendamisel (arvelduse v\u00f5i tehinguga seotud k\u00fcsimused);<\/li>\n\n\n\n<li>tarne teostamiseks: kasutaja isikuandmeid jagatakse selleks, et pakkuda tooteid teenuste abil v\u00f5i pakkuda kasutajale seotud teenuseid;<\/li>\n\n\n\n<li>seaduste ja eeskirjade j\u00e4rgimiseks: Aurapay j\u00e4rgib kontrollikohustust, et ennetada rahapesu ja terrorismi rahastamist;<\/li>\n\n\n\n<li>teenuseosutajatele: Aurapay v\u00f5imaldab lepingulistel teenuseosutajatel toetada osa Aurapay \u00e4ritegevusest, n\u00e4iteks ebaseaduslike toimingute ennetamist, arvete kogumist, turundustegevust, kliendi- v\u00f5i tehnilist teenindust.<\/li>\n<\/ul>\n<\/li>\n\n\n\n<li>Kasutaja isikuandmeid jagatakse kolmandate isikutega, kellel on selleks kasutaja luba v\u00f5i kelle kasutaja on andmete jagamise jaoks nimetanud.<\/li>\n<\/ul>\n\n\n\n<p>Kasutaja peab m\u00f5istma, et selline kolmas isik v\u00f5ib asuda riigis, kus isikuandmete k\u00e4itlemise kohta kehtivad leebemad seadused kui kasutaja asukohariigis.<\/p>\n\n\n\n<p>Kui kasutaja kasutab teenuseid otse kolmanda isiku veebisaidil v\u00f5i kolmanda isiku rakenduse kaudu, jagatakse teavet, mida kasutaja veebisaidil v\u00f5i rakenduses sisestab (mis ei ole otse teenustes sisestatud teave) vastava saidi v\u00f5i rakenduse omanikuga ning seet\u00f5ttu peab vastav teave olema koosk\u00f5las sellise kolmanda isiku privaatsusp\u00f5him\u00f5tetega. Aurapay ei vastuta selle eest, kuidas kolmas isik sisu v\u00f5i teavet k\u00e4itleb.<\/p>\n\n\n\n<h2 class=\"wp-block-heading\"><strong>Isikuandmete edastamine v\u00e4lismaale<\/strong><\/h2>\n\n\n\n<p>Aurapay teeb k\u00f5ik endast oleneva, et piisavalt kaitsta kasutajate isikuandmeid, olenemata andmete s\u00e4ilitamise kohast, ning p\u00fc\u00fcab n\u00f5uetekohaselt kaitsta kasutajate isikuandmeid nende edastamisel v\u00e4lismaale, sealhulgas v\u00e4ljapoole Euroopa Majanduspiirkonda (EMP).<\/p>\n\n\n\n<h2 class=\"wp-block-heading\"><strong><strong>Funktsiooni &#8220;Logi sisse Aurapayga&#8221; kasutamine<\/strong><\/strong><\/h2>\n\n\n\n<p>&#8220;Logi sisse Aurapayga&#8221; on Aurapay v\u00e4ljat\u00f6\u00f6tatud t\u00f6\u00f6riist, mis parandab kasutajate internetikogemust. &#8220;Logi sisse Aurapayga&#8221; lihtsustab konto avamist ja sisselogimist kolmandate isikute veebisaitide kasutamisel. Samuti parandab see kasutajate kasutuskogemust nendel veebisaitidel.<\/p>\n\n\n\n<p>Valides &#8220;Logi sisse Aurapayga&#8221;, ei pea kasutaja looma iga veebisaidi jaoks eraldi kasutajanime ja parooli. Kasutaja saab funktsiooniga liitunud veebisaitidele logida oma olemasolevate sisselogimisandmete abil. Valides \u201eLogi sisse Aurapayga\u201c, annab kasutaja Aurapayle n\u00f5usoleku jagada osalevate veebisaitidega andmeid, mis kuvatakse sisselogimise n\u00f5usoleku ekraanil v\u00f5i mis on loetletud konto seadete all jaotises &#8220;Logi sisse Aurapayga&#8221;. Teave, mida kasutaja lubab Aurapayl kolmandate isikutega jagada, p\u00f5hineb iga kolmanda isiku s\u00e4testatud teenuse- ja privaatsustingimustel. Seet\u00f5ttu soovitab Aurapay kasutajal tutvuda kolmandate isikute p\u00f5him\u00f5tetega.<\/p>\n\n\n\n<h2 class=\"wp-block-heading\"><strong>Isikuandmetega tutvumine ja nende muutmine<\/strong><\/h2>\n\n\n\n<p>Kasutaja saab oma isikuandmeid igal ajal kinnitada v\u00f5i muuta, logides oma kontole ja minnes Aurapay veebisaidil jaotisse \u201dIndividuaalsed seadistused\u201d. Kasutaja v\u00f5ib teenuste konto ka t\u00fchistada. Sellisel juhul lisab Aurapay oma andmebaasis konto juurde m\u00e4rke \u201et\u00fchistatud\u201c. Aurapay v\u00f5ib s\u00e4ilitada sellise kasutaja isikuandmeid selleks, et lahendada pretensioone v\u00f5i probleeme, toetada juurdlusi, ennetada ebaseaduslikke toiminguid, j\u00f5ustada kasutustingimusi v\u00f5i v\u00f5tta muid meetmeid teatava aja jooksul koosk\u00f5las seadustes esitatud n\u00f5uetega ja lubatud ulatuses.&#8221;<\/p>\n<\/div>","protected":false},"excerpt":{"rendered":"","protected":false},"author":2,"featured_media":0,"parent":0,"menu_order":0,"comment_status":"closed","ping_status":"closed","template":"","meta":{"footnotes":""},"class_list":["post-156","page","type-page","status-publish","hentry"],"_links":{"self":[{"href":"https:\/\/aurapay.com\/et\/wp-json\/wp\/v2\/pages\/156"}],"collection":[{"href":"https:\/\/aurapay.com\/et\/wp-json\/wp\/v2\/pages"}],"about":[{"href":"https:\/\/aurapay.com\/et\/wp-json\/wp\/v2\/types\/page"}],"author":[{"embeddable":true,"href":"https:\/\/aurapay.com\/et\/wp-json\/wp\/v2\/users\/2"}],"replies":[{"embeddable":true,"href":"https:\/\/aurapay.com\/et\/wp-json\/wp\/v2\/comments?post=156"}],"version-history":[{"count":4,"href":"https:\/\/aurapay.com\/et\/wp-json\/wp\/v2\/pages\/156\/revisions"}],"predecessor-version":[{"id":1010,"href":"https:\/\/aurapay.com\/et\/wp-json\/wp\/v2\/pages\/156\/revisions\/1010"}],"wp:attachment":[{"href":"https:\/\/aurapay.com\/et\/wp-json\/wp\/v2\/media?parent=156"}],"curies":[{"name":"t\u00f6\u00f6leht","href":"https:\/\/api.w.org\/{rel}","templated":true}]}}