{"id":115,"date":"2024-04-11T01:57:26","date_gmt":"2024-04-11T01:57:26","guid":{"rendered":"https:\/\/apnew2.local\/?page_id=115"},"modified":"2024-05-13T04:43:26","modified_gmt":"2024-05-13T04:43:26","slug":"documents-required","status":"publish","type":"page","link":"https:\/\/aurapay.com\/et\/documents-required\/","title":{"rendered":"Vajalikud dokumendid"},"content":{"rendered":"<div class=\"wp-block-group has-global-padding is-layout-constrained wp-block-group-is-layout-constrained\" style=\"margin-top:var(--wp--preset--spacing--40);margin-bottom:0;padding-top:0;padding-bottom:0\">\n<h1 class=\"wp-block-heading\">Konto jaoks vajalikud dokumendid<\/h1>\n\n\n\n<p>Konto kasutamiseks tuleb esitada allpool n\u00f5utavad dokumendid.<\/p>\n\n\n\n<ul class=\"anchor wp-block-list\">\n<li><a href=\"#personal_account\">Isiklik konto<\/a><\/li>\n\n\n\n<li><a href=\"#business_account\">\u00c4rikonto<\/a><\/li>\n<\/ul>\n<\/div>\n\n\n\n<h2 class=\"wp-block-heading\" id=\"personal_account\" style=\"margin-top:0;margin-bottom:var(--wp--preset--spacing--30);padding-top:var(--wp--preset--spacing--60)\">Isiklik konto<\/h2>\n\n\n\n<h3 class=\"wp-block-heading has-aurapay-green-color has-text-color has-link-color wp-elements-98324f51f223fb64dfe9c02e91b0e4ef\" style=\"margin-top:var(--wp--preset--spacing--30)\">Isikut t\u00f5endavad dokumendid<\/h3>\n\n\n\n<p class=\"has-aurapay-green-color has-text-color has-link-color wp-elements-9e27b96a9e1c04cae473141e2421035e\">Palun esitage konto registreerinud isiku (f\u00fc\u00fcsilise isiku) fotoga isikut t\u00f5endav dokument ja selfi (n\u00e4otuvastuse jaoks).<\/p>\n\n\n\n<h4 class=\"wp-block-heading icon-id\" style=\"margin-top:var(--wp--preset--spacing--20)\">Fotoga isikut t\u00f5endav dokument<\/h4>\n\n\n\n<p>Palun esitage \u00fcks j\u00e4rgmistest dokumentidest: juhiluba, isikukoodi [My Number] kaart (kehtib ainult Jaapani elanike kohta) v\u00f5i pass.<\/p>\n\n\n\n<div class=\"wp-block-columns col-border-round is-layout-flex wp-container-core-columns-is-layout-1 wp-block-columns-is-layout-flex\" style=\"margin-top:var(--wp--preset--spacing--20);margin-bottom:var(--wp--preset--spacing--20)\">\n<div class=\"wp-block-column has-border-color has-aurapay-green-border-color is-layout-flow wp-block-column-is-layout-flow\" style=\"border-width:2px;padding-top:var(--wp--preset--spacing--20);padding-right:var(--wp--preset--spacing--20);padding-bottom:var(--wp--preset--spacing--20);padding-left:var(--wp--preset--spacing--20)\">\n<h5 class=\"wp-block-heading\">Autojuhiluba<\/h5>\n\n\n\n<p>Palun esitage oma juhiloa esi- ja tagak\u00fclg.<\/p>\n<\/div>\n\n\n\n<div class=\"wp-block-column has-border-color has-aurapay-green-border-color is-layout-flow wp-block-column-is-layout-flow\" style=\"border-width:2px;padding-top:var(--wp--preset--spacing--20);padding-right:var(--wp--preset--spacing--20);padding-bottom:var(--wp--preset--spacing--20);padding-left:var(--wp--preset--spacing--20)\">\n<h5 class=\"wp-block-heading\">Pass<\/h5>\n\n\n\n<p>Palun esitage leht, millel on n\u00e4ha teie foto ja allkiri.<\/p>\n<\/div>\n\n\n\n<div class=\"wp-block-column has-border-color has-aurapay-green-border-color is-layout-flow wp-block-column-is-layout-flow\" style=\"border-width:2px;padding-top:var(--wp--preset--spacing--20);padding-right:var(--wp--preset--spacing--20);padding-bottom:var(--wp--preset--spacing--20);padding-left:var(--wp--preset--spacing--20)\">\n<h5 class=\"wp-block-heading\"><strong>Isikukoodi kaart<\/strong><\/h5>\n\n\n\n<p>Palun esitage kaardi esi- ja tagak\u00fclg.<br>* Katke kinni oma isikukood ja v\u00f6\u00f6tkood.<\/p>\n<\/div>\n<\/div>\n\n\n\n<div class=\"wp-block-columns has-green-pale-background-color has-background is-layout-flex wp-container-core-columns-is-layout-2 wp-block-columns-is-layout-flex\" style=\"border-radius:1rem;margin-top:var(--wp--preset--spacing--20);margin-bottom:var(--wp--preset--spacing--20);padding-top:var(--wp--preset--spacing--20);padding-right:var(--wp--preset--spacing--20);padding-bottom:var(--wp--preset--spacing--20);padding-left:var(--wp--preset--spacing--20)\">\n<div class=\"wp-block-column is-layout-flow wp-block-column-is-layout-flow\" style=\"flex-basis:20%\">\n<p>N\u00f5uded<\/p>\n<\/div>\n\n\n\n<div class=\"wp-block-column is-layout-flow wp-block-column-is-layout-flow\">\n<ol class=\"wp-block-list\">\n<li>Isikut t\u00f5endava dokumendi peab olema v\u00e4lja andnud riigiasutus ning sellel peab olema sama nimi ja s\u00fcnniaeg, mis on registreeritud Aurapays.<\/li>\n\n\n\n<li>&nbsp;Aegunud isikutunnistust ei saa kasutada isikut t\u00f5endava dokumendina.<\/li>\n\n\n\n<li>Juhime t\u00e4helepanu, et ajutist teavituskaarti, mis teavitab teid teie isikukoodi kaardist, ei saa kasutada isikut t\u00f5endava dokumendina.<\/li>\n\n\n\n<li>Isikud, kes ei ole Jaapani kodanikud, ja Jaapani kodanikud, kes elavad v\u00e4ljaspool Jaapanit, peavad esitama kehtiva passi.<\/li>\n<\/ol>\n<\/div>\n<\/div>\n\n\n\n<h4 class=\"wp-block-heading icon-face\" style=\"margin-top:var(--wp--preset--spacing--20)\">N\u00e4otuvastus<\/h4>\n\n\n\n<p>Me kasutame n\u00e4otuvastust veendumaks, et olete oma andmed isiklikult esitanud.<\/p>\n\n\n\n<p class=\"has-small-font-size\">* J\u00e4rgige kindlasti ekraanil kuvatavaid samme. See v\u00f5imaldab meil kinnitada teie isikusamasus interneti vahendusel.<\/p>\n\n\n\n<h5 class=\"wp-block-heading\" style=\"margin-top:var(--wp--preset--spacing--20)\">Enne alustamist<\/h5>\n\n\n\n<ul class=\"check wp-block-list\">\n<li>Pange valmis fotoga isikut t\u00f5endavad dokumendid.<\/li>\n\n\n\n<li>Eemaldage k\u00f5ik esemed, mis katavad teie n\u00e4gu (maskid, m\u00fctsid, p\u00e4ikeseprillid, k\u00f5rvaklapid jms).<\/li>\n\n\n\n<li>Valige pildi tegemiseks h\u00e4sti valgustatud keskkond.<\/li>\n\n\n\n<li>Pange valmis kaameraga seade ja m\u00e4\u00e4rake kaamerale juurdep\u00e4\u00e4suluba.<\/li>\n<\/ul>\n\n\n\n<p class=\"has-small-font-size\">* Kui kasutate seadet, millel kaamerat pole, saate dokumendi valimise vaates minna \u00fcle mobiilseadmele.<\/p>\n\n\n\n<div class=\"wp-block-columns has-green-pale-background-color has-background is-layout-flex wp-container-core-columns-is-layout-3 wp-block-columns-is-layout-flex\" style=\"border-radius:1rem;margin-top:var(--wp--preset--spacing--20);margin-bottom:var(--wp--preset--spacing--20);padding-top:var(--wp--preset--spacing--20);padding-right:var(--wp--preset--spacing--20);padding-bottom:var(--wp--preset--spacing--20);padding-left:var(--wp--preset--spacing--20)\">\n<div class=\"wp-block-column is-layout-flow wp-block-column-is-layout-flow\" style=\"flex-basis:20%\">\n<p>N\u00f5uded<\/p>\n<\/div>\n\n\n\n<div class=\"wp-block-column is-layout-flow wp-block-column-is-layout-flow\">\n<ol class=\"wp-block-list\">\n<li>iOS-seadmes kasutage palun Safari brauserit. Androidi seadmes v\u00f5i lauaarvutis kasutage palun Chrome'i.<\/li>\n\n\n\n<li>Kui vahetate arvuti mobiilseadme vastu, hoidke arvutis algkuva avatud kuni protseduuri l\u00f5puni.<\/li>\n<\/ol>\n<\/div>\n<\/div>\n\n\n\n<h3 class=\"wp-block-heading has-aurapay-green-color has-text-color has-link-color wp-elements-bc9a3b0b9a401c72cb9991c1c49e6da7\" style=\"margin-top:var(--wp--preset--spacing--30)\">Kehtiva aadressi t\u00f5endamine<\/h3>\n\n\n\n<p class=\"has-aurapay-green-color has-text-color has-link-color wp-elements-a9b69c89a49ae802a19fbc5eef5a0f8c\">Peate esitama \u00fche j\u00e4rgmistest dokumentidest (kolme kuu jooksul alates v\u00e4ljastamisp\u00e4evast), mis n\u00e4itavad kontoomaniku (f\u00fc\u00fcsilise isiku) kehtivat aadressi.<\/p>\n\n\n\n<ul class=\"wp-block-list\">\n<li>Kommunaalteenuste arved ja kviitungid<\/li>\n\n\n\n<li>Panga\/krediitkaardiettev\u00f5tte v\u00e4ljav\u00f5tted ja arved<\/li>\n\n\n\n<li>Elukohat\u00f5endi koopia (Jaapani residentidele)<\/li>\n\n\n\n<li>Pitsati registreerimistunnistus (Jaapani residentidele)<\/li>\n\n\n\n<li>T\u00f5end maksude tasumise kohta (Jaapani residentidele)<\/li>\n<\/ul>\n\n\n\n<p class=\"has-small-font-size\">* Kui teie isikukood on dokumentidele kantud, siis katke see kinni.<\/p>\n\n\n\n<div class=\"wp-block-columns has-green-pale-background-color has-background is-layout-flex wp-container-core-columns-is-layout-4 wp-block-columns-is-layout-flex\" style=\"border-radius:1rem;margin-top:var(--wp--preset--spacing--20);margin-bottom:var(--wp--preset--spacing--20);padding-top:var(--wp--preset--spacing--20);padding-right:var(--wp--preset--spacing--20);padding-bottom:var(--wp--preset--spacing--20);padding-left:var(--wp--preset--spacing--20)\">\n<div class=\"wp-block-column is-layout-flow wp-block-column-is-layout-flow\" style=\"flex-basis:20%\">\n<p>N\u00f5uded<\/p>\n<\/div>\n\n\n\n<div class=\"wp-block-column is-layout-flow wp-block-column-is-layout-flow\">\n<ol class=\"wp-block-list\">\n<li>Nimi ja kehtiv aadress peavad vastama taotleja kontol registreeritud andmetele. (Kehtivad ainult need dokumendid, millele on tr\u00fckitud nimi ja kehtiv aadress.)<\/li>\n\n\n\n<li>Dokumendile peab olema tr\u00fckitud v\u00e4ljaandja\/asutuse kirjapea.<\/li>\n\n\n\n<li>Dokumendile tr\u00fckitud v\u00e4ljastamise kuup\u00e4ev peab olema kolme kuu jooksul alates dokumendi kinnitamisest (palun esitage dokument aegsasti enne t\u00e4htaega).<\/li>\n\n\n\n<li>Palun koostage dokument, kus k\u00f5ik eelnimetatud punktid on esitatud \u00fchel ja samal paberilehel (poolikuid dokumente vastu ei v\u00f5eta).<\/li>\n\n\n\n<li>Kehtiva aadressi kinnitamiseks ei saa esitada isikut t\u00f5endavaid dokumente (juhiluba, isikukoodi kaart).<\/li>\n<\/ol>\n<\/div>\n<\/div>\n\n\n\n<h2 class=\"wp-block-heading\" id=\"business_account\" style=\"margin-top:0;margin-bottom:var(--wp--preset--spacing--30);padding-top:var(--wp--preset--spacing--60)\">\u00c4rikonto<\/h2>\n\n\n\n<h3 class=\"wp-block-heading has-aurapay-green-color has-text-color has-link-color wp-elements-5d4016f5a025a66bfa2aeaf1d297b694\" style=\"margin-top:var(--wp--preset--spacing--30)\">Esindajate isikut t\u00f5endavad dokumendid<\/h3>\n\n\n\n<p class=\"has-aurapay-green-color has-text-color has-link-color wp-elements-9e27b96a9e1c04cae473141e2421035e\">Palun esitage konto registreerinud isiku (f\u00fc\u00fcsilise isiku) fotoga isikut t\u00f5endav dokument ja selfi (n\u00e4otuvastuse jaoks).<\/p>\n\n\n\n<h4 class=\"wp-block-heading icon-id\" style=\"margin-top:var(--wp--preset--spacing--20)\">Fotoga isikut t\u00f5endav dokument<\/h4>\n\n\n\n<p>Palun esitage \u00fcks j\u00e4rgmistest dokumentidest: juhiluba, isikukoodi [My Number] kaart (kehtib ainult Jaapani elanike kohta) v\u00f5i pass.<\/p>\n\n\n\n<div class=\"wp-block-columns col-border-round is-layout-flex wp-container-core-columns-is-layout-5 wp-block-columns-is-layout-flex\" style=\"margin-top:var(--wp--preset--spacing--20);margin-bottom:var(--wp--preset--spacing--20)\">\n<div class=\"wp-block-column has-border-color has-aurapay-green-border-color is-layout-flow wp-block-column-is-layout-flow\" style=\"border-width:2px;padding-top:var(--wp--preset--spacing--20);padding-right:var(--wp--preset--spacing--20);padding-bottom:var(--wp--preset--spacing--20);padding-left:var(--wp--preset--spacing--20)\">\n<h5 class=\"wp-block-heading\">Autojuhiluba<\/h5>\n\n\n\n<p>Palun esitage oma juhiloa esi- ja tagak\u00fclg.<\/p>\n<\/div>\n\n\n\n<div class=\"wp-block-column has-border-color has-aurapay-green-border-color is-layout-flow wp-block-column-is-layout-flow\" style=\"border-width:2px;padding-top:var(--wp--preset--spacing--20);padding-right:var(--wp--preset--spacing--20);padding-bottom:var(--wp--preset--spacing--20);padding-left:var(--wp--preset--spacing--20)\">\n<h5 class=\"wp-block-heading\">Pass<\/h5>\n\n\n\n<p>Palun esitage leht, millel on n\u00e4ha teie foto ja allkiri.<\/p>\n<\/div>\n\n\n\n<div class=\"wp-block-column has-border-color has-aurapay-green-border-color is-layout-flow wp-block-column-is-layout-flow\" style=\"border-width:2px;padding-top:var(--wp--preset--spacing--20);padding-right:var(--wp--preset--spacing--20);padding-bottom:var(--wp--preset--spacing--20);padding-left:var(--wp--preset--spacing--20)\">\n<h5 class=\"wp-block-heading\">Isikukoodi kaart<\/h5>\n\n\n\n<p>Palun esitage kaardi esi- ja tagak\u00fclg.<br>* Katke kinni oma isikukood ja v\u00f6\u00f6tkood.<\/p>\n<\/div>\n<\/div>\n\n\n\n<div class=\"wp-block-columns has-green-pale-background-color has-background is-layout-flex wp-container-core-columns-is-layout-6 wp-block-columns-is-layout-flex\" style=\"border-radius:1rem;margin-top:var(--wp--preset--spacing--20);margin-bottom:var(--wp--preset--spacing--20);padding-top:var(--wp--preset--spacing--20);padding-right:var(--wp--preset--spacing--20);padding-bottom:var(--wp--preset--spacing--20);padding-left:var(--wp--preset--spacing--20)\">\n<div class=\"wp-block-column is-layout-flow wp-block-column-is-layout-flow\" style=\"flex-basis:20%\">\n<p>N\u00f5uded<\/p>\n<\/div>\n\n\n\n<div class=\"wp-block-column is-layout-flow wp-block-column-is-layout-flow\">\n<ol class=\"wp-block-list\">\n<li>Isikut t\u00f5endava dokumendi peab olema v\u00e4lja andnud riigiasutus ning sellel peab olema sama nimi ja s\u00fcnniaeg, mis on registreeritud Aurapays.<\/li>\n\n\n\n<li>&nbsp;Aegunud isikutunnistust ei saa kasutada isikut t\u00f5endava dokumendina.<\/li>\n\n\n\n<li>Juhime t\u00e4helepanu, et ajutist teavituskaarti, mis teavitab teid teie isikukoodi kaardist, ei saa kasutada isikut t\u00f5endava dokumendina.<\/li>\n\n\n\n<li>Isikud, kes ei ole Jaapani kodanikud, ja Jaapani kodanikud, kes elavad v\u00e4ljaspool Jaapanit, peavad esitama kehtiva passi.<\/li>\n<\/ol>\n<\/div>\n<\/div>\n\n\n\n<h4 class=\"wp-block-heading icon-face\" style=\"margin-top:var(--wp--preset--spacing--20)\">N\u00e4otuvastus<\/h4>\n\n\n\n<p>Me kasutame n\u00e4otuvastust veendumaks, et olete oma andmed isiklikult esitanud.<\/p>\n\n\n\n<p class=\"has-small-font-size\">* J\u00e4rgige kindlasti ekraanil kuvatavaid samme. See v\u00f5imaldab meil kinnitada teie isikusamasus interneti vahendusel.<\/p>\n\n\n\n<h5 class=\"wp-block-heading\">Enne alustamist<\/h5>\n\n\n\n<ul class=\"wp-block-list\">\n<li>Pange valmis fotoga isikut t\u00f5endavad dokumendid.<\/li>\n\n\n\n<li>Eemaldage k\u00f5ik esemed, mis katavad teie n\u00e4gu (maskid, m\u00fctsid, p\u00e4ikeseprillid, k\u00f5rvaklapid jms).<\/li>\n\n\n\n<li>Valige pildi tegemiseks h\u00e4sti valgustatud keskkond.<\/li>\n\n\n\n<li>Pange valmis kaameraga seade ja m\u00e4\u00e4rake kaamerale juurdep\u00e4\u00e4suluba.<\/li>\n<\/ul>\n\n\n\n<p class=\"has-small-font-size\">* Kui kasutate seadet, millel kaamerat pole, saate dokumendi valimise vaates minna \u00fcle mobiilseadmele.<\/p>\n\n\n\n<div class=\"wp-block-columns has-green-pale-background-color has-background is-layout-flex wp-container-core-columns-is-layout-7 wp-block-columns-is-layout-flex\" style=\"border-radius:1rem;margin-top:var(--wp--preset--spacing--20);margin-bottom:var(--wp--preset--spacing--20);padding-top:var(--wp--preset--spacing--20);padding-right:var(--wp--preset--spacing--20);padding-bottom:var(--wp--preset--spacing--20);padding-left:var(--wp--preset--spacing--20)\">\n<div class=\"wp-block-column is-layout-flow wp-block-column-is-layout-flow\" style=\"flex-basis:20%\">\n<p>N\u00f5uded<\/p>\n<\/div>\n\n\n\n<div class=\"wp-block-column is-layout-flow wp-block-column-is-layout-flow\">\n<ol class=\"wp-block-list\">\n<li>iOS-seadmes kasutage palun Safari brauserit. Androidi seadmes v\u00f5i lauaarvutis kasutage palun Chrome'i.<\/li>\n\n\n\n<li>Kui vahetate arvuti mobiilseadme vastu, hoidke arvutis algkuva avatud kuni protseduuri l\u00f5puni.<\/li>\n<\/ol>\n<\/div>\n<\/div>\n\n\n\n<h3 class=\"wp-block-heading has-aurapay-green-color has-text-color has-link-color wp-elements-3a48448b2c9fdeac3090ea584e5747e6\" style=\"margin-top:var(--wp--preset--spacing--30)\">Esindajate kehtiva aadressi t\u00f5endamine<\/h3>\n\n\n\n<p class=\"has-aurapay-green-color has-text-color has-link-color wp-elements-a9b69c89a49ae802a19fbc5eef5a0f8c\">Peate esitama \u00fche j\u00e4rgmistest dokumentidest (kolme kuu jooksul alates v\u00e4ljastamisp\u00e4evast), mis n\u00e4itavad kontoomaniku (f\u00fc\u00fcsilise isiku) kehtivat aadressi.<\/p>\n\n\n\n<ul class=\"wp-block-list\">\n<li>Kommunaalteenuste arved ja kviitungid<\/li>\n\n\n\n<li>Panga\/krediitkaardiettev\u00f5tte v\u00e4ljav\u00f5tted ja arved<\/li>\n\n\n\n<li>Elukohat\u00f5endi koopia (Jaapani residentidele)<\/li>\n\n\n\n<li>Pitsati registreerimistunnistus (Jaapani residentidele)<\/li>\n\n\n\n<li>T\u00f5end maksude tasumise kohta (Jaapani residentidele)<\/li>\n<\/ul>\n\n\n\n<p>* Kui teie isikukood on dokumentidele kantud, siis katke see kinni.<\/p>\n\n\n\n<div class=\"wp-block-columns has-green-pale-background-color has-background is-layout-flex wp-container-core-columns-is-layout-8 wp-block-columns-is-layout-flex\" style=\"border-radius:1rem;margin-top:var(--wp--preset--spacing--20);margin-bottom:var(--wp--preset--spacing--20);padding-top:var(--wp--preset--spacing--20);padding-right:var(--wp--preset--spacing--20);padding-bottom:var(--wp--preset--spacing--20);padding-left:var(--wp--preset--spacing--20)\">\n<div class=\"wp-block-column is-layout-flow wp-block-column-is-layout-flow\" style=\"flex-basis:20%\">\n<p>N\u00f5uded<\/p>\n<\/div>\n\n\n\n<div class=\"wp-block-column is-layout-flow wp-block-column-is-layout-flow\">\n<ol class=\"wp-block-list\">\n<li>Nimi ja kehtiv aadress peavad vastama taotleja kontol registreeritud andmetele. (Kehtivad ainult need dokumendid, millele on tr\u00fckitud nimi ja kehtiv aadress.)<\/li>\n\n\n\n<li>Dokumendile peab olema tr\u00fckitud v\u00e4ljaandja\/asutuse kirjapea.<\/li>\n\n\n\n<li>Dokumendile tr\u00fckitud v\u00e4ljastamise kuup\u00e4ev peab olema kolme kuu jooksul alates dokumendi kinnitamisest (palun esitage dokument aegsasti enne t\u00e4htaega).<\/li>\n\n\n\n<li>Palun koostage dokument, kus k\u00f5ik eelnimetatud punktid on esitatud \u00fchel ja samal paberilehel (poolikuid dokumente vastu ei v\u00f5eta).<\/li>\n\n\n\n<li>Kehtiva aadressi kinnitamiseks ei saa esitada isikut t\u00f5endavaid dokumente (juhiluba, isikukoodi kaart).<\/li>\n<\/ol>\n<\/div>\n<\/div>\n\n\n\n<h3 class=\"wp-block-heading has-aurapay-green-color has-text-color has-link-color wp-elements-eb4a55bd50110a2706872e0eea52afae\" style=\"margin-top:var(--wp--preset--spacing--30)\">\u00c4rikasutaja n\u00f5utavad dokumendid<\/h3>\n\n\n\n<p class=\"has-aurapay-green-color has-text-color has-link-color wp-elements-1f67617220b6200e5029896664d58f77\">Palun esitage k\u00f5ik j\u00e4rgmised rahakoti omaniku (ettev\u00f5tte) dokumendid, milles peab olema m\u00e4rgitud omaniku aadress ja nimi.<br>Dokumendid peavad olema v\u00e4ljastatud kuue kuu jooksul.<\/p>\n\n\n\n<ul class=\"wp-block-list\">\n<li>\u00c4riprofiil<br>Palun esitage dokumendid t\u00e4ispikkuses, st k\u00f5ik lehek\u00fcljed.<br>V\u00f5ite esitada ka k\u00f5ik ametiasutuste heakskiidetud asutamisdokumentide lehek\u00fcljed.<\/li>\n<\/ul>\n\n\n\n<p class=\"has-small-font-size\">* Juhime t\u00e4helepanu, et eri riikidest p\u00e4rit kasutajatel v\u00f5idakse paluda laadida \u00fcles veel muid dokumente, mida on vaja lisakontrolliks. Lisateabe saamiseks v\u00f5tke \u00fchendust tugimeeskonnaga.<br>* Palun esitage andmed skannitud v\u00f5i kaameraga (nt nutitelefoniga) pildistatud digivormingus (GIF, JPG, PDF jne) t\u00f6\u00f6tlemata kujul.<\/p>\n\n\n\n<h3 class=\"wp-block-heading has-aurapay-green-color has-text-color has-link-color wp-elements-f2c3fc536d491ead5eb29c730ddfa508\" style=\"margin-top:var(--wp--preset--spacing--30)\">Pitsati registreerimise tunnistus<\/h3>\n\n\n\n<p class=\"has-aurapay-green-color has-text-color has-link-color wp-elements-aa9f015cd37b27d113f0008ba4f96e4e\">Palun esitage rahakoti omaniku (ettev\u00f5tte) j\u00e4rgmised dokumendid.<br>Dokumendid peavad olema v\u00e4ljastatud kuue kuu jooksul.<\/p>\n\n\n\n<ul class=\"wp-block-list\">\n<li>Ettev\u00f5tte pitsati kinnitusdokumendid<\/li>\n<\/ul>\n\n\n\n<p class=\"has-small-font-size\">* Palun esitage andmed skannitud v\u00f5i kaameraga (nt nutitelefoniga) pildistatud digivormingus (GIF, JPG, PDF jne) t\u00f6\u00f6tlemata kujul.<\/p>\n\n\n\n<h3 class=\"wp-block-heading has-aurapay-green-color has-text-color has-link-color wp-elements-f22a2d0aa3ec84b4a93f5a9a19b16f9c\" style=\"margin-top:var(--wp--preset--spacing--30)\">Ettev\u00f5tte kehtiva aadressi t\u00f5endamine<\/h3>\n\n\n\n<p class=\"has-aurapay-green-color has-text-color has-link-color wp-elements-2262a6335ac1afc483883c2ba434a3f5\">\u00c4rikonto jaoks tuleb \u00fcles laadida \u00fcks alltoodud dokumentidest (dokumendi v\u00e4ljastamisest ei tohi olla m\u00f6\u00f6dunud \u00fcle kuue kuu).<\/p>\n\n\n\n<ul class=\"wp-block-list\">\n<li class=\"translation-block\">Kommunaalteenuste arve v\u00f5i kviitung<br>\nElektri-, gaasi-, vee- v\u00f5i NHK-arve<\/li>\n\n\n\n<li>Riiklik v\u00f5i kohalik maksuarve v\u00f5i kviitung<\/li>\n\n\n\n<li>Panga v\u00f5i krediitkaardi v\u00e4ljav\u00f5tted<\/li>\n<\/ul>\n\n\n\n<p class=\"has-small-font-size\">* Palun esitage andmed skannitud v\u00f5i kaameraga (nt nutitelefoniga) pildistatud digivormingus (GIF, JPG, PDF jne) t\u00f6\u00f6tlemata kujul.<\/p>\n\n\n\n<h3 class=\"wp-block-heading has-aurapay-green-color has-text-color has-link-color wp-elements-33434f20cdc635eb3098cd0e7f1e33bc\" style=\"margin-top:var(--wp--preset--spacing--30)\">Ametliku pitseriga tunnistused<\/h3>\n\n\n\n<p class=\"has-aurapay-green-color has-text-color has-link-color wp-elements-2262a6335ac1afc483883c2ba434a3f5\">\u00c4rikonto jaoks tuleb \u00fcles laadida \u00fcks alltoodud dokumentidest (dokumendi v\u00e4ljastamisest ei tohi olla m\u00f6\u00f6dunud \u00fcle kuue kuu).<\/p>\n\n\n\n<ul class=\"wp-block-list\">\n<li class=\"translation-block\">Ametliku pitseriga tunnistused<br>\nDokumentide allalaadimiseks <a href=\"https:\/\/aurapay.com\/wp-content\/uploads\/2023\/06\/UBO_Declaration_Form_en_AuraPay.pdf?202306\" target=\"_blank\" rel=\"noreferrer noopener\">kl\u00f5psake siin<\/a><\/li>\n\n\n\n<li>K\u00f5igi kontohaldurite ja otsustajate identifitseerimisdokumendid<\/li>\n\n\n\n<li>K\u00f5igi kontohaldurite ja otsustajate kehtiva aadressi t\u00f5end<\/li>\n\n\n\n<li>Registreeritud pitsatite tunnistus k\u00f5igi kontohaldurite ja otsustajate puhul<\/li>\n<\/ul>\n\n\n\n<p class=\"has-small-font-size\">* Palun esitage andmed skannitud v\u00f5i kaameraga (nt nutitelefoniga) pildistatud digivormingus (GIF, JPG, PDF jne) t\u00f6\u00f6tlemata kujul.<\/p>\n\n\n\n<div class=\"wp-block-group icon-security has-border-color has-global-padding is-layout-constrained wp-container-core-group-is-layout-2 wp-block-group-is-layout-constrained\" style=\"border-color:#00A651;border-width:1px;border-radius:1rem;margin-top:var(--wp--preset--spacing--60);padding-top:var(--wp--preset--spacing--20);padding-right:var(--wp--preset--spacing--20);padding-bottom:var(--wp--preset--spacing--20);padding-left:var(--wp--preset--spacing--20)\">\n<p>Kasutajate esitatud teave kr\u00fcptitakse saatmisel SSLi (Secure Sockets Layer) abil, et kaitsta delikaatseid andmeid.<br>Kasutajate teavet kaitstakse kaotsimineku, kahju, lekete ja loata juurdep\u00e4\u00e4su eest, et tagada platvormi turvalisus.<\/p>\n<\/div>","protected":false},"excerpt":{"rendered":"<p>Konto jaoks vajalikud dokumendid Konto kasutamiseks peate esitama allpool n\u00f5utavad dokumendid. Isikliku konto isikut t\u00f5endavad dokumendid Palume teil esitada konto registreerinud isiku fotoga isikut t\u00f5endav dokument (\u00fcksikisik) ja selfie (n\u00e4otuvastus). Isiku t\u00f5endamine fotoga Palun esitage \u00fcks j\u00e4rgmistest: juhiluba, Minu numbrikaart (kehtib ainult Jaapani elanikele) v\u00f5i pass. Juhiluba Palun esitage oma juhiloa esi- ja tagak\u00fclg. Pass Palun esitage leht oma foto ja allkirjaga. Minu numbrikaart Palun esitage kaardi esi- ja tagak\u00fclg.* Palun peitke isiklik number ja v\u00f6\u00f6tkood. N\u00f5uded seisavad silmitsi [\u2026]<\/p>","protected":false},"author":2,"featured_media":0,"parent":0,"menu_order":0,"comment_status":"closed","ping_status":"closed","template":"","meta":{"footnotes":""},"class_list":["post-115","page","type-page","status-publish","hentry"],"_links":{"self":[{"href":"https:\/\/aurapay.com\/et\/wp-json\/wp\/v2\/pages\/115"}],"collection":[{"href":"https:\/\/aurapay.com\/et\/wp-json\/wp\/v2\/pages"}],"about":[{"href":"https:\/\/aurapay.com\/et\/wp-json\/wp\/v2\/types\/page"}],"author":[{"embeddable":true,"href":"https:\/\/aurapay.com\/et\/wp-json\/wp\/v2\/users\/2"}],"replies":[{"embeddable":true,"href":"https:\/\/aurapay.com\/et\/wp-json\/wp\/v2\/comments?post=115"}],"version-history":[{"count":8,"href":"https:\/\/aurapay.com\/et\/wp-json\/wp\/v2\/pages\/115\/revisions"}],"predecessor-version":[{"id":978,"href":"https:\/\/aurapay.com\/et\/wp-json\/wp\/v2\/pages\/115\/revisions\/978"}],"wp:attachment":[{"href":"https:\/\/aurapay.com\/et\/wp-json\/wp\/v2\/media?parent=115"}],"curies":[{"name":"t\u00f6\u00f6leht","href":"https:\/\/api.w.org\/{rel}","templated":true}]}}