{"id":50,"date":"2024-04-10T08:22:18","date_gmt":"2024-04-10T08:22:18","guid":{"rendered":"http:\/\/apnew2.local\/?page_id=50"},"modified":"2024-05-01T09:06:53","modified_gmt":"2024-05-01T09:06:53","slug":"about","status":"publish","type":"page","link":"https:\/\/aurapay.com\/es\/about\/","title":{"rendered":"Acerca de"},"content":{"rendered":"<div class=\"wp-block-cover alignfull is-light o-fit-contain\" style=\"margin-bottom:var(--wp--preset--spacing--30);padding-top:var(--wp--preset--spacing--30);padding-bottom:var(--wp--preset--spacing--30)\"><span aria-hidden=\"true\" class=\"wp-block-cover__background has-base-2-background-color has-background-dim-0 has-background-dim\"><\/span><img decoding=\"async\" class=\"wp-block-cover__image-background wp-image-587\" alt=\"\" src=\"https:\/\/aurapay.com\/wp-content\/uploads\/about-bg1.webp\" style=\"object-position:100% 0%\" data-object-fit=\"cover\" data-object-position=\"100% 0%\"\/><div class=\"wp-block-cover__inner-container has-global-padding is-layout-constrained wp-block-cover-is-layout-constrained\">\n<div class=\"wp-block-columns f-dir-colR is-layout-flex wp-container-core-columns-is-layout-1 wp-block-columns-is-layout-flex\">\n<div class=\"wp-block-column tb-taC is-layout-flow wp-block-column-is-layout-flow\" style=\"flex-basis:60%\">\n<h1 class=\"wp-block-heading\">Acerca de<\/h1>\n\n\n\n<p>Las criptomonedas no son s\u00f3lo una moneda virtual; es un vistazo al futuro de los m\u00e9todos de pago. B\u00e1sicamente, nos dedicamos a crear una plataforma segura y f\u00e1cil de usar para instituciones financieras e individuos de todo el mundo. Nuestro objetivo es brindar una experiencia segura y transparente, uniendo a todos para explorar el futuro de los pagos.<\/p>\n\n\n\n<p>Nuestro objetivo es ofrecer una soluci\u00f3n integral para comprar, vender, enviar y recibir su criptomoneda dentro de su billetera personal Aurapay.<\/p>\n\n\n\n<p> Aurapay ha obtenido una licencia operativa en Estonia y proporciona los siguientes servicios de criptomonedas. Proporciona servicios de intercambio de una moneda virtual por una moneda fiduciaria. Proporciona un servicio de billetera de moneda virtual. Proporciona servicios de intercambio de una moneda virtual por una moneda virtual.<\/p>\n<\/div>\n\n\n\n<div class=\"wp-block-column is-vertically-aligned-bottom tb-taC is-layout-flow wp-block-column-is-layout-flow\">\n<figure class=\"wp-block-image size-full is-resized about-img1\"><img decoding=\"async\" src=\"https:\/\/aurapay.com\/wp-content\/uploads\/about-img1.webp\" alt=\"\" class=\"wp-image-586\" style=\"width:120px\"\/><\/figure>\n<\/div>\n<\/div>\n<\/div><\/div>\n\n\n\n<div class=\"wp-block-group about-what has-global-padding is-layout-constrained wp-block-group-is-layout-constrained\">\n<h2 class=\"wp-block-heading has-text-align-center\" style=\"margin-top:var(--wp--preset--spacing--30);margin-bottom:var(--wp--preset--spacing--20)\">\u00bfQu\u00e9 es Aurapay?<\/h2>\n\n\n\n<div class=\"wp-block-group has-global-padding is-layout-constrained wp-block-group-is-layout-constrained\">\n<h3 class=\"wp-block-heading\">Tu billetera criptogr\u00e1fica diaria<\/h3>\n\n\n\n<p>Aurapay es una billetera criptogr\u00e1fica basada en web a la que se puede acceder en cualquier momento y en cualquier lugar. Tambi\u00e9n ofrecemos la moneda estable APT, que est\u00e1 dise\u00f1ada para mantener una relaci\u00f3n fija de JPY 1:1 con el activo subyacente, lo que la hace perfecta para las transacciones diarias y como reserva de valor. M\u00e1s sobre APT haga clic aqu\u00ed. (vinculado a la p\u00e1gina de APT)<\/p>\n<\/div>\n\n\n\n<div class=\"wp-block-group has-global-padding is-layout-constrained wp-block-group-is-layout-constrained\">\n<h3 class=\"wp-block-heading\">Una billetera criptogr\u00e1fica optimizada y segura<\/h3>\n\n\n\n<p>Aurapay se introdujo con la aspiraci\u00f3n de alentar a m\u00e1s personas a interactuar de manera segura con las criptomonedas, contribuyendo as\u00ed de manera significativa a la evoluci\u00f3n de nuestra futura sociedad digital. Con la adquisici\u00f3n de la licencia adecuada y la implementaci\u00f3n de medidas de seguridad de vanguardia, los usuarios pueden navegar con confianza en la plataforma Aurapay.<\/p>\n<\/div>\n\n\n\n<div class=\"wp-block-group has-global-padding is-layout-constrained wp-block-group-is-layout-constrained\">\n<h3 class=\"wp-block-heading\">Un puente para que sus activos digitales alcancen el valor del JPY<\/h3>\n\n\n\n<p>En el \u00e1mbito blockchain, s\u00f3lo un pu\u00f1ado de monedas estables est\u00e1n ancladas al valor de la moneda fiduciaria JPY. APT se enorgullece de estar entre estos pocos elegidos. Nuestra misi\u00f3n es proporcionar un puente transparente y confiable, asegurando la conexi\u00f3n perfecta de sus activos digitales con el valor duradero del yen japon\u00e9s (JPY).<\/p>\n<\/div>\n<\/div>\n\n\n\n<div class=\"wp-block-group about-why has-global-padding is-layout-constrained wp-block-group-is-layout-constrained\">\n<h2 class=\"wp-block-heading has-text-align-center\" style=\"margin-top:var(--wp--preset--spacing--30);margin-bottom:var(--wp--preset--spacing--20)\">\u00bfPor qu\u00e9 Aurapay?<\/h2>\n\n\n\n<div class=\"wp-block-columns is-layout-flex wp-container-core-columns-is-layout-2 wp-block-columns-is-layout-flex\">\n<div class=\"wp-block-column has-border-color has-aurapay-green-border-color is-layout-flow wp-container-core-column-is-layout-3 wp-block-column-is-layout-flow\" style=\"border-width:2px\">\n<h3 class=\"wp-block-heading has-text-align-center has-white-color has-aurapay-green-light-background-color has-text-color has-background has-link-color has-medium-font-size wp-elements-3e2e5acfe9909dd156ddf004728a8112\" style=\"padding-top:var(--wp--preset--spacing--10);padding-right:var(--wp--preset--spacing--10);padding-bottom:var(--wp--preset--spacing--10);padding-left:var(--wp--preset--spacing--10)\">Criptos populares y confiables<\/h3>\n\n\n\n<p class=\"has-text-align-center\" style=\"padding-top:var(--wp--preset--spacing--10);padding-right:var(--wp--preset--spacing--10);padding-bottom:var(--wp--preset--spacing--10);padding-left:var(--wp--preset--spacing--10)\">Ofrecemos Bitcoin (BTC), Ethereum (ETH) y Ripple (XRP), que se destacan por su importante reconocimiento y uso generalizado en la industria, lo que solidifica su reputaci\u00f3n como opciones de criptomonedas altamente confiables.<\/p>\n<\/div>\n\n\n\n<div class=\"wp-block-column has-border-color has-aurapay-green-border-color is-layout-flow wp-container-core-column-is-layout-4 wp-block-column-is-layout-flow\" style=\"border-width:2px\">\n<h3 class=\"wp-block-heading has-text-align-center has-white-color has-aurapay-green-light-background-color has-text-color has-background has-link-color has-medium-font-size wp-elements-14974113ecc38293a987e14420ee30f1\" style=\"padding-top:var(--wp--preset--spacing--10);padding-right:var(--wp--preset--spacing--10);padding-bottom:var(--wp--preset--spacing--10);padding-left:var(--wp--preset--spacing--10)\">Pagos criptogr\u00e1ficos de primer nivel<\/h3>\n\n\n\n<p class=\"has-text-align-center\" style=\"padding-top:var(--wp--preset--spacing--10);padding-right:var(--wp--preset--spacing--10);padding-bottom:var(--wp--preset--spacing--10);padding-left:var(--wp--preset--spacing--10)\">APT ser\u00e1 su mejor opci\u00f3n para intercambios y transacciones JPY-Crypto confiables y eficientes. Garantizamos un valor estable de 1:1 JPY, proporcionando una forma de criptomoneda m\u00e1s predecible y menos vol\u00e1til.<\/p>\n<\/div>\n\n\n\n<div class=\"wp-block-column has-border-color has-aurapay-green-border-color is-layout-flow wp-container-core-column-is-layout-5 wp-block-column-is-layout-flow\" style=\"border-width:2px\">\n<h3 class=\"wp-block-heading has-text-align-center has-white-color has-aurapay-green-light-background-color has-text-color has-background has-link-color has-medium-font-size wp-elements-c795f9d645e80d43f34b047b738f0042\" style=\"padding-top:var(--wp--preset--spacing--10);padding-right:var(--wp--preset--spacing--10);padding-bottom:var(--wp--preset--spacing--10);padding-left:var(--wp--preset--spacing--10)\">Finanzas Descentralizadas (DeFi)<\/h3>\n\n\n\n<p class=\"has-text-align-center\" style=\"padding-top:var(--wp--preset--spacing--10);padding-right:var(--wp--preset--spacing--10);padding-bottom:var(--wp--preset--spacing--10);padding-left:var(--wp--preset--spacing--10)\">Estamos comprometidos a avanzar hacia redes descentralizadas, un concepto que traslada los servicios financieros tradicionales a la tecnolog\u00eda blockchain. Nuestro objetivo es agilizar las transacciones sin depender de terceros intermediarios.<\/p>\n<\/div>\n\n\n\n<div class=\"wp-block-column has-border-color has-aurapay-green-border-color is-layout-flow wp-container-core-column-is-layout-6 wp-block-column-is-layout-flow\" style=\"border-width:2px\">\n<h3 class=\"wp-block-heading has-text-align-center has-white-color has-aurapay-green-light-background-color has-text-color has-background has-link-color has-medium-font-size wp-elements-dbd3e9fe3738a2552354e1d76374bb8c\" style=\"padding-top:var(--wp--preset--spacing--10);padding-right:var(--wp--preset--spacing--10);padding-bottom:var(--wp--preset--spacing--10);padding-left:var(--wp--preset--spacing--10)\">Soluci\u00f3n al cliente local<\/h3>\n\n\n\n<p class=\"has-text-align-center\" style=\"padding-top:var(--wp--preset--spacing--10);padding-right:var(--wp--preset--spacing--10);padding-bottom:var(--wp--preset--spacing--10);padding-left:var(--wp--preset--spacing--10)\">Proporcionamos experiencia local con un alcance global. Nuestro dedicado equipo de atenci\u00f3n al cliente, bien versado en los matices locales, agrega valor a su experiencia al ofrecer dominio del idioma y comprensi\u00f3n cultural.<\/p>\n<\/div>\n<\/div>\n<\/div>\n\n\n\n<div class=\"wp-block-group about-howto has-global-padding is-layout-constrained wp-block-group-is-layout-constrained\" style=\"margin-bottom:var(--wp--preset--spacing--40)\">\n<h2 class=\"wp-block-heading has-text-align-center\" style=\"margin-top:var(--wp--preset--spacing--30);margin-bottom:var(--wp--preset--spacing--20)\">\u00bfC\u00f3mo utilizar Aurapay?<\/h2>\n\n\n\n<div class=\"wp-block-group has-global-padding is-layout-constrained wp-block-group-is-layout-constrained\">\n<h3 class=\"wp-block-heading\">Pagos<\/h3>\n\n\n\n<p>La cantidad de comerciantes que est\u00e1n cambiando a pagos con criptomonedas contin\u00faa creciendo de manera constante. Con Aurapay, puede realizar transacciones sin problemas en mercados internacionales en l\u00ednea, garantizando una experiencia sin complicaciones.<\/p>\n<\/div>\n\n\n\n<div class=\"wp-block-group has-global-padding is-layout-constrained wp-block-group-is-layout-constrained\">\n<h3 class=\"wp-block-heading\">Intercambio de criptomonedas<\/h3>\n\n\n\n<p>Pague, compre, venda y env\u00ede criptomonedas. Sum\u00e9rgete en el mundo de los activos digitales sin esfuerzo con nuestra funci\u00f3n de intercambio de cifrado f\u00e1cil de usar. Intercambie instant\u00e1neamente una criptomoneda por otra, lo que le permitir\u00e1 adaptar y administrar su cartera con facilidad.<\/p>\n<\/div>\n\n\n\n<div class=\"wp-block-group has-global-padding is-layout-constrained wp-block-group-is-layout-constrained\">\n<h3 class=\"wp-block-heading\">Finanzas personales<\/h3>\n\n\n\n<p>Las criptomonedas ofrecen un panorama descentralizado y din\u00e1mico que te da el control. Ya sea que est\u00e9 buscando altos rendimientos potenciales o diversificando su cartera, las criptomonedas brindan una v\u00eda \u00fanica para los inversores individuales.<\/p>\n<\/div>\n<\/div>","protected":false},"excerpt":{"rendered":"<p>\u00bfQu\u00e9 es Aurapay? Su billetera criptogr\u00e1fica diaria Aurapay es una billetera criptogr\u00e1fica basada en la web a la que se puede acceder en cualquier momento y en cualquier lugar. Tambi\u00e9n ofrecemos la moneda estable APT, que est\u00e1 dise\u00f1ada para mantener una proporci\u00f3n fija de JPY 1:1 con el activo subyacente, lo que la hace perfecta para las transacciones diarias y como reserva de valor. M\u00e1s sobre APT haga clic aqu\u00ed. (vinculado a la p\u00e1gina de APT) Se introdujo una billetera criptogr\u00e1fica Aurapay, optimizada y segura, con la aspiraci\u00f3n de alentar a m\u00e1s personas a interactuar de manera segura con las criptomonedas, haciendo as\u00ed una contribuci\u00f3n significativa a la evoluci\u00f3n de nuestra futura sociedad digital. Con la adquisici\u00f3n de la licencia adecuada y la implementaci\u00f3n de medidas de seguridad de vanguardia, los usuarios pueden navegar con confianza en la plataforma Aurapay. [\u2026]<\/p>","protected":false},"author":2,"featured_media":0,"parent":0,"menu_order":0,"comment_status":"closed","ping_status":"closed","template":"","meta":{"footnotes":""},"class_list":["post-50","page","type-page","status-publish","hentry"],"_links":{"self":[{"href":"https:\/\/aurapay.com\/es\/wp-json\/wp\/v2\/pages\/50"}],"collection":[{"href":"https:\/\/aurapay.com\/es\/wp-json\/wp\/v2\/pages"}],"about":[{"href":"https:\/\/aurapay.com\/es\/wp-json\/wp\/v2\/types\/page"}],"author":[{"embeddable":true,"href":"https:\/\/aurapay.com\/es\/wp-json\/wp\/v2\/users\/2"}],"replies":[{"embeddable":true,"href":"https:\/\/aurapay.com\/es\/wp-json\/wp\/v2\/comments?post=50"}],"version-history":[{"count":1,"href":"https:\/\/aurapay.com\/es\/wp-json\/wp\/v2\/pages\/50\/revisions"}],"predecessor-version":[{"id":917,"href":"https:\/\/aurapay.com\/es\/wp-json\/wp\/v2\/pages\/50\/revisions\/917"}],"wp:attachment":[{"href":"https:\/\/aurapay.com\/es\/wp-json\/wp\/v2\/media?parent=50"}],"curies":[{"name":"wp","href":"https:\/\/api.w.org\/{rel}","templated":true}]}}