{"id":45,"date":"2024-04-10T08:03:10","date_gmt":"2024-04-10T08:03:10","guid":{"rendered":"http:\/\/apnew2.local\/?page_id=45"},"modified":"2024-05-15T08:19:13","modified_gmt":"2024-05-15T08:19:13","slug":"aurapay-token","status":"publish","type":"page","link":"https:\/\/aurapay.com\/es\/aurapay-token\/","title":{"rendered":"Ficha Aurapay"},"content":{"rendered":"<div class=\"wp-block-cover alignfull is-light\" style=\"padding-top:var(--wp--preset--spacing--40);padding-bottom:var(--wp--preset--spacing--40)\"><span aria-hidden=\"true\" class=\"wp-block-cover__background has-background-dim-0 has-background-dim\" style=\"background-color:#54d081\"><\/span><img loading=\"lazy\" decoding=\"async\" width=\"2065\" height=\"1519\" class=\"wp-block-cover__image-background wp-image-864\" alt=\"\" src=\"https:\/\/aurapay.com\/wp-content\/uploads\/aurapay-token-bg.webp\" style=\"object-position:75% 100%\" data-object-fit=\"cover\" data-object-position=\"75% 100%\"\/><div class=\"wp-block-cover__inner-container has-global-padding is-layout-constrained wp-block-cover-is-layout-constrained\">\n<figure class=\"wp-block-image aligncenter size-full is-resized aurapaytoken-img1\"><img decoding=\"async\" src=\"https:\/\/aurapay.com\/wp-content\/uploads\/aurapay-token-img1.webp\" alt=\"\" class=\"wp-image-508\" style=\"width:300px\"\/><\/figure>\n\n\n\n<p class=\"has-text-align-center has-large-font-size\" style=\"margin-top:0;margin-bottom:0\">Presentando<\/p>\n\n\n\n<h1 class=\"wp-block-heading has-text-align-center\" style=\"margin-top:0;margin-bottom:var(--wp--preset--spacing--30)\">El token Aurapay (APT)<\/h1>\n\n\n\n<p class=\"has-text-align-center\">Aurapay Token (APT) es una moneda estable de criptomoneda regulada, dise\u00f1ada con una proporci\u00f3n de 1:1 con respecto al yen japon\u00e9s (JPY). Esto significa que cada APT equivale a 1 yen japon\u00e9s, lo que garantiza un valor estable y predecible en el espacio de la moneda digital.<\/p>\n\n\n\n<p class=\"has-text-align-center\">En el mundo de blockchain, no hay muchas monedas estables que representen el valor de la moneda fiduciaria JPY. APT se enorgullece de ser uno de los pocos elegidos. Navegar por el complejo panorama de blockchain puede resultar intimidante, pero estamos aqu\u00ed para proporcionar un puente transparente y confiable que conecte perfectamente sus activos digitales con el valor del JPY.<\/p>\n\n\n\n<p class=\"has-text-align-center\">El valor del APT se mantiene relativamente estable en comparaci\u00f3n con el yen japon\u00e9s. Creemos firmemente que los activos digitales estables como APT son cruciales para desbloquear todo el potencial de la tecnolog\u00eda blockchain.<\/p>\n<\/div><\/div>\n\n\n\n<h2 class=\"wp-block-heading has-text-align-center\" style=\"margin-top:var(--wp--preset--spacing--30);margin-bottom:var(--wp--preset--spacing--30)\">\u00bfPor qu\u00e9 APT es diferente?<\/h2>\n\n\n\n<details class=\"wp-block-details is-layout-flow wp-block-details-is-layout-flow\"><summary>Ficha \u00fanica<\/summary>\n<p>Una de las pocas monedas estables con cantidad de JPY en blockchain y nuestro objetivo es convertirnos en el puente que conecta perfectamente sus criptoactivos con el valor del JPY.<\/p>\n<\/details>\n\n\n\n<details class=\"wp-block-details is-layout-flow wp-block-details-is-layout-flow\"><summary>Estabilidad<\/summary>\n<p>APT tiene como objetivo mantener un valor estable del JPY en una proporci\u00f3n de 1:1 con el activo subyacente al que est\u00e1n vinculados. Esta estabilidad hace que APT sea adecuado para las transacciones diarias y como dep\u00f3sito de valor.<\/p>\n<\/details>\n\n\n\n<details class=\"wp-block-details is-layout-flow wp-block-details-is-layout-flow\"><summary>Velocidad y eficiencia<\/summary>\n<p>APT ofrece transacciones transfronterizas r\u00e1pidas y eficientes sin los retrasos ni las tarifas asociadas con los sistemas bancarios tradicionales.<\/p>\n<\/details>\n\n\n\n<details class=\"wp-block-details is-layout-flow wp-block-details-is-layout-flow\"><summary>Naturaleza Digital<\/summary>\n<p>APT opera con tecnolog\u00eda blockchain y ofrece m\u00e1s que una simple billetera. Nuestra moneda estable est\u00e1 dise\u00f1ada para una f\u00e1cil transferencia, almacenamiento y utilizaci\u00f3n en varios ecosistemas digitales.<\/p>\n<\/details>\n\n\n\n<details class=\"wp-block-details is-layout-flow wp-block-details-is-layout-flow\"><summary>Transparencia<\/summary>\n<p>APT cumple con auditor\u00edas e informes peri\u00f3dicos para mantener la transparencia.<\/p>\n<\/details>\n\n\n\n<div class=\"wp-block-cover alignfull is-light o-fit-contain\" style=\"margin-top:var(--wp--preset--spacing--30);margin-bottom:var(--wp--preset--spacing--30)\"><span aria-hidden=\"true\" class=\"wp-block-cover__background has-background-dim-0 has-background-dim\"><\/span><img decoding=\"async\" class=\"wp-block-cover__image-background wp-image-571\" alt=\"\" src=\"https:\/\/aurapay.com\/wp-content\/uploads\/aurapay-token-bg2.webp\" style=\"object-position:0% 100%\" data-object-fit=\"cover\" data-object-position=\"0% 100%\"\/><div class=\"wp-block-cover__inner-container has-global-padding is-layout-constrained wp-block-cover-is-layout-constrained\">\n<div class=\"wp-block-columns are-vertically-aligned-center f-dir-colR is-layout-flex wp-container-core-columns-is-layout-1 wp-block-columns-is-layout-flex\" style=\"margin-top:var(--wp--preset--spacing--30);margin-bottom:var(--wp--preset--spacing--30)\">\n<div class=\"wp-block-column is-vertically-aligned-center is-layout-flow wp-block-column-is-layout-flow\">\n<figure class=\"wp-block-image aligncenter size-full is-resized aurapaytoken-img2\"><img decoding=\"async\" src=\"https:\/\/aurapay.com\/wp-content\/uploads\/aurapay-token-img2.webp\" alt=\"\" class=\"wp-image-563\" style=\"width:360px\"\/><\/figure>\n<\/div>\n\n\n\n<div class=\"wp-block-column is-vertically-aligned-center tb-taC is-layout-flow wp-block-column-is-layout-flow\">\n<h2 class=\"wp-block-heading\">\u00danase a la revoluci\u00f3n y experimente APT usted mismo.<\/h2>\n\n\n\n<div class=\"wp-block-buttons tb-jcC is-layout-flex wp-block-buttons-is-layout-flex\" style=\"margin-top:var(--wp--preset--spacing--30)\">\n<div class=\"wp-block-button cv\"><a class=\"wp-block-button__link wp-element-button\" href=\"https:\/\/my.aurapay.com\/signup\/certification?lang=en\">Reg\u00edstrate ahora<\/a><\/div>\n<\/div>\n<\/div>\n<\/div>\n<\/div><\/div>","protected":false},"excerpt":{"rendered":"<p>\u00bfPor qu\u00e9 APT es diferente?<\/p>","protected":false},"author":2,"featured_media":0,"parent":0,"menu_order":0,"comment_status":"closed","ping_status":"closed","template":"","meta":{"footnotes":""},"class_list":["post-45","page","type-page","status-publish","hentry"],"_links":{"self":[{"href":"https:\/\/aurapay.com\/es\/wp-json\/wp\/v2\/pages\/45"}],"collection":[{"href":"https:\/\/aurapay.com\/es\/wp-json\/wp\/v2\/pages"}],"about":[{"href":"https:\/\/aurapay.com\/es\/wp-json\/wp\/v2\/types\/page"}],"author":[{"embeddable":true,"href":"https:\/\/aurapay.com\/es\/wp-json\/wp\/v2\/users\/2"}],"replies":[{"embeddable":true,"href":"https:\/\/aurapay.com\/es\/wp-json\/wp\/v2\/comments?post=45"}],"version-history":[{"count":5,"href":"https:\/\/aurapay.com\/es\/wp-json\/wp\/v2\/pages\/45\/revisions"}],"predecessor-version":[{"id":1013,"href":"https:\/\/aurapay.com\/es\/wp-json\/wp\/v2\/pages\/45\/revisions\/1013"}],"wp:attachment":[{"href":"https:\/\/aurapay.com\/es\/wp-json\/wp\/v2\/media?parent=45"}],"curies":[{"name":"wp","href":"https:\/\/api.w.org\/{rel}","templated":true}]}}