{"id":42,"date":"2024-04-10T07:53:32","date_gmt":"2024-04-10T07:53:32","guid":{"rendered":"http:\/\/apnew2.local\/?page_id=42"},"modified":"2024-05-27T11:54:02","modified_gmt":"2024-05-27T08:54:02","slug":"feature","status":"publish","type":"page","link":"https:\/\/aurapay.com\/es\/feature\/","title":{"rendered":"Caracter\u00edstica"},"content":{"rendered":"<div class=\"wp-block-cover alignfull is-light o-fit-contain\" style=\"min-height:480px;aspect-ratio:unset;\"><span aria-hidden=\"true\" class=\"wp-block-cover__background has-base-2-background-color has-background-dim-0 has-background-dim\"><\/span><img decoding=\"async\" class=\"wp-block-cover__image-background wp-image-558\" alt=\"\" src=\"https:\/\/aurapay.com\/wp-content\/uploads\/feature-bg.webp\" style=\"object-position:100% 0%\" data-object-fit=\"cover\" data-object-position=\"100% 0%\"\/><div class=\"wp-block-cover__inner-container has-global-padding is-layout-constrained wp-block-cover-is-layout-constrained\">\n<div class=\"wp-block-columns f-dir-colR is-layout-flex wp-container-core-columns-is-layout-1 wp-block-columns-is-layout-flex\">\n<div class=\"wp-block-column tb-taC is-layout-flow wp-block-column-is-layout-flow\">\n<h1 class=\"wp-block-heading translation-block\">Presentando<br> Cuentas Aurapay<\/h1>\n\n\n\n<p>Aurapay ofrece tres tipos de cuentas distintas para satisfacer sus necesidades \u00fanicas. Explore los tipos de cuenta disponibles a continuaci\u00f3n para encontrar la opci\u00f3n perfecta para usted.<\/p>\n<\/div>\n\n\n\n<div class=\"wp-block-column tb-taC is-layout-flow wp-block-column-is-layout-flow\">\n<figure class=\"wp-block-image size-full is-resized feature-img1\"><img decoding=\"async\" src=\"https:\/\/aurapay.com\/wp-content\/uploads\/feature-img1.webp\" alt=\"\" class=\"wp-image-460\" style=\"width:150px\"\/><\/figure>\n<\/div>\n<\/div>\n<\/div><\/div>\n\n\n\n<div class=\"wp-block-columns are-vertically-aligned-center is-layout-flex wp-container-core-columns-is-layout-2 wp-block-columns-is-layout-flex\" style=\"margin-top:var(--wp--preset--spacing--30);margin-bottom:var(--wp--preset--spacing--50)\">\n<div class=\"wp-block-column is-vertically-aligned-center is-layout-flow wp-block-column-is-layout-flow\">\n<figure class=\"wp-block-image aligncenter size-full is-resized feature-img2\"><img decoding=\"async\" src=\"https:\/\/aurapay.com\/wp-content\/uploads\/feature-img2.webp\" alt=\"\" class=\"wp-image-467\" style=\"width:380px\"\/><\/figure>\n<\/div>\n\n\n\n<div class=\"wp-block-column is-vertically-aligned-center is-layout-flow wp-block-column-is-layout-flow\">\n<h2 class=\"wp-block-heading tb-taC account\">Personal<sub> Cuenta<\/sub><\/h2>\n\n\n\n<ul class=\"wp-block-list\">\n<li>Transacciones criptogr\u00e1ficas simples y seguras para sus necesidades diarias.<\/li>\n\n\n\n<li>Env\u00ede y reciba fondos desde su billetera a otras direcciones de billeteras criptogr\u00e1ficas o comerciantes que utilicen criptomonedas o la moneda estable Aurapay APT.<\/li>\n\n\n\n<li>Soluciones personalizadas para manejar sus activos digitales, incluida la compra, venta e intercambio.<\/li>\n\n\n\n<li>Acceso a nuestra plataforma f\u00e1cil de usar para servicios de criptobanca sobre la marcha.<\/li>\n\n\n\n<li>Informes avanzados para realizar un seguimiento de sus transacciones de criptomonedas.<\/li>\n<\/ul>\n\n\n\n<div class=\"wp-block-buttons tb-jcC is-layout-flex wp-block-buttons-is-layout-flex\" style=\"margin-top:var(--wp--preset--spacing--30)\">\n<div class=\"wp-block-button cv\"><a class=\"wp-block-button__link wp-element-button\" href=\"https:\/\/my.aurapay.com\/signup\/certification?lang=en\">Reg\u00edstrate ahora<\/a><\/div>\n<\/div>\n<\/div>\n<\/div>\n\n\n\n<div class=\"wp-block-columns are-vertically-aligned-center f-dir-colR is-layout-flex wp-container-core-columns-is-layout-3 wp-block-columns-is-layout-flex\" style=\"margin-top:var(--wp--preset--spacing--30);margin-bottom:var(--wp--preset--spacing--50)\">\n<div class=\"wp-block-column is-vertically-aligned-center is-layout-flow wp-block-column-is-layout-flow\">\n<h2 class=\"wp-block-heading tb-taC account\">Negocio<sub> Cuenta<\/sub><\/h2>\n\n\n\n<ul class=\"wp-block-list\">\n<li>Ideal para emprendedores o peque\u00f1as y medianas empresas de criptomonedas.<\/li>\n\n\n\n<li>Procesamiento eficiente de transacciones m\u00e1s grandes desde su billetera a otras direcciones de billetera criptogr\u00e1fica o comerciantes que utilizan criptomonedas o la moneda estable Aurapay APT.<\/li>\n\n\n\n<li>Funciones personalizadas dise\u00f1adas para que las empresas administren eficazmente sus criptomonedas, incluidas la compra, la venta y el intercambio r\u00e1pido.<\/li>\n\n\n\n<li>Potencie la gesti\u00f3n de su negocio con criptobanca f\u00e1cil de usar mientras viaja.<\/li>\n\n\n\n<li>Informes sofisticados para gestionar las transacciones criptogr\u00e1ficas de su empresa.<\/li>\n<\/ul>\n\n\n\n<div class=\"wp-block-buttons tb-jcC is-layout-flex wp-block-buttons-is-layout-flex\" style=\"margin-top:var(--wp--preset--spacing--30)\">\n<div class=\"wp-block-button cv\"><a class=\"wp-block-button__link wp-element-button\" href=\"https:\/\/my.aurapay.com\/signup\/certification?lang=en\">Reg\u00edstrate ahora<\/a><\/div>\n<\/div>\n<\/div>\n\n\n\n<div class=\"wp-block-column is-vertically-aligned-center is-layout-flow wp-block-column-is-layout-flow\">\n<figure class=\"wp-block-image aligncenter size-full is-resized feature-img3\"><img decoding=\"async\" src=\"https:\/\/aurapay.com\/wp-content\/uploads\/feature-img3.webp\" alt=\"\" class=\"wp-image-469\" style=\"width:280px\"\/><\/figure>\n<\/div>\n<\/div>\n\n\n\n<div class=\"wp-block-columns are-vertically-aligned-center is-layout-flex wp-container-core-columns-is-layout-4 wp-block-columns-is-layout-flex\" style=\"margin-top:var(--wp--preset--spacing--30);margin-bottom:var(--wp--preset--spacing--50)\">\n<div class=\"wp-block-column is-vertically-aligned-center is-layout-flow wp-block-column-is-layout-flow\">\n<figure class=\"wp-block-image aligncenter size-full is-resized feature-img4\"><img decoding=\"async\" src=\"https:\/\/aurapay.com\/wp-content\/uploads\/feature-img4.webp\" alt=\"\" class=\"wp-image-471\" style=\"width:340px\"\/><\/figure>\n<\/div>\n\n\n\n<div class=\"wp-block-column is-vertically-aligned-center is-layout-flow wp-block-column-is-layout-flow\">\n<h2 class=\"wp-block-heading tb-taC account\">Comerciante<sub> Cuenta<\/sub><\/h2>\n\n\n\n<ul class=\"wp-block-list\">\n<li>Dise\u00f1ado para satisfacer las necesidades de gesti\u00f3n de criptomonedas de los servicios en l\u00ednea y los comerciantes de criptomonedas.<\/li>\n\n\n\n<li>Procese transacciones fluidas con la integraci\u00f3n de API personalizable Aurapay, que ofrece varias opciones, incluidas criptomonedas y APT, la moneda estable de aurapay.<\/li>\n\n\n\n<li>Mejore su servicio de dep\u00f3sito y retiro existente integrando nuestra soluci\u00f3n de pago en su sitio web.<\/li>\n\n\n\n<li>Informaci\u00f3n completa para supervisar sus transacciones criptogr\u00e1ficas con los usuarios personales y comerciales de Aurapay en un informe comercial todo en uno.<\/li>\n<\/ul>\n\n\n\n<div class=\"wp-block-buttons tb-jcC is-layout-flex wp-block-buttons-is-layout-flex\" style=\"margin-top:var(--wp--preset--spacing--30)\">\n<div class=\"wp-block-button cv\"><a class=\"wp-block-button__link wp-element-button\" href=\"https:\/\/my.aurapay.com\/contact\/form\">Pregunte ahora<\/a><\/div>\n<\/div>\n<\/div>\n<\/div>\n\n\n\n<div class=\"wp-block-cover alignfull is-light the-aurapay-token\" style=\"margin-top:var(--wp--preset--spacing--60);margin-bottom:0;min-height:320px;aspect-ratio:unset;\"><span aria-hidden=\"true\" class=\"wp-block-cover__background has-base-2-background-color has-background-dim-0 has-background-dim\"><\/span><img decoding=\"async\" class=\"wp-block-cover__image-background wp-image-553\" alt=\"\" src=\"https:\/\/aurapay.com\/wp-content\/uploads\/apt-bg.webp\" data-object-fit=\"cover\"\/><div class=\"wp-block-cover__inner-container has-global-padding is-layout-constrained wp-block-cover-is-layout-constrained\">\n<div class=\"wp-block-columns are-vertically-aligned-center is-layout-flex wp-container-core-columns-is-layout-5 wp-block-columns-is-layout-flex\" style=\"margin-bottom:0\">\n<div class=\"wp-block-column is-vertically-aligned-center is-layout-flow wp-container-core-column-is-layout-9 wp-block-column-is-layout-flow\" style=\"padding-top:0;padding-right:var(--wp--preset--spacing--20);padding-bottom:0;padding-left:var(--wp--preset--spacing--20);flex-basis:23%\">\n<figure class=\"wp-block-image aligncenter size-full img-apt link\"><a href=\"\/es\/aurapay-token\/\"><img decoding=\"async\" src=\"https:\/\/aurapay.com\/wp-content\/uploads\/apt-img.webp\" alt=\"\" class=\"wp-image-338\"\/><\/a><\/figure>\n<\/div>\n\n\n\n<div class=\"wp-block-column is-vertically-aligned-center tb-taC is-layout-flow wp-block-column-is-layout-flow\">\n<h2 class=\"wp-block-heading tdN\"><a href=\"\/es\/aurapay-token\/\" data-type=\"page\" data-id=\"45\">La ficha Aurapay<\/a><\/h2>\n\n\n\n<p>Aurapay Token (APT) es una moneda estable de criptomoneda regulada, dise\u00f1ada con una proporci\u00f3n de 1:1 con respecto al yen japon\u00e9s (JPY). Esto significa que cada APT equivale a 1 yen japon\u00e9s, lo que garantiza un valor estable y predecible en el espacio de la moneda digital.<\/p>\n<\/div>\n<\/div>\n<\/div><\/div>","protected":false},"excerpt":{"rendered":"<p>Cuenta personal Cuenta comercial Cuenta comercial<\/p>","protected":false},"author":2,"featured_media":0,"parent":0,"menu_order":0,"comment_status":"closed","ping_status":"closed","template":"","meta":{"footnotes":""},"class_list":["post-42","page","type-page","status-publish","hentry"],"_links":{"self":[{"href":"https:\/\/aurapay.com\/es\/wp-json\/wp\/v2\/pages\/42"}],"collection":[{"href":"https:\/\/aurapay.com\/es\/wp-json\/wp\/v2\/pages"}],"about":[{"href":"https:\/\/aurapay.com\/es\/wp-json\/wp\/v2\/types\/page"}],"author":[{"embeddable":true,"href":"https:\/\/aurapay.com\/es\/wp-json\/wp\/v2\/users\/2"}],"replies":[{"embeddable":true,"href":"https:\/\/aurapay.com\/es\/wp-json\/wp\/v2\/comments?post=42"}],"version-history":[{"count":13,"href":"https:\/\/aurapay.com\/es\/wp-json\/wp\/v2\/pages\/42\/revisions"}],"predecessor-version":[{"id":1119,"href":"https:\/\/aurapay.com\/es\/wp-json\/wp\/v2\/pages\/42\/revisions\/1119"}],"wp:attachment":[{"href":"https:\/\/aurapay.com\/es\/wp-json\/wp\/v2\/media?parent=42"}],"curies":[{"name":"wp","href":"https:\/\/api.w.org\/{rel}","templated":true}]}}