{"id":814,"date":"2024-04-19T19:30:31","date_gmt":"2024-04-19T10:30:31","guid":{"rendered":"https:\/\/apnew2.local\/?page_id=814"},"modified":"2024-04-19T19:30:31","modified_gmt":"2024-04-19T10:30:31","slug":"home-full","status":"publish","type":"page","link":"https:\/\/aurapay.com\/de\/home-full\/","title":{"rendered":"Zuhause-voll"},"content":{"rendered":"<div class=\"wp-block-cover alignfull is-light o-fit-contain\" style=\"margin-top:0;margin-bottom:0;padding-top:0;padding-bottom:0;min-height:520px;aspect-ratio:unset;\"><span aria-hidden=\"true\" class=\"wp-block-cover__background has-background-dim-0 has-background-dim\"><\/span><img decoding=\"async\" class=\"wp-block-cover__image-background wp-image-555\" alt=\"\" src=\"https:\/\/aurapay.com\/wp-content\/uploads\/home-bg.webp\" style=\"object-position:100% 0%\" data-object-fit=\"cover\" data-object-position=\"100% 0%\"\/><div class=\"wp-block-cover__inner-container has-global-padding is-layout-constrained wp-block-cover-is-layout-constrained\">\n<div class=\"wp-block-columns are-vertically-aligned-center f-dir-colR is-layout-flex wp-container-core-columns-is-layout-28f84493 wp-block-columns-is-layout-flex\">\n<div class=\"wp-block-column is-vertically-aligned-center tb-taC is-layout-flow wp-block-column-is-layout-flow\">\n<h1 class=\"wp-block-heading\"><img decoding=\"async\" class=\"wp-image-179\" style=\"width: 300px;\" src=\"https:\/\/aurapay.com\/wp-content\/uploads\/logo_aurapay.webp\" alt=\"\"><\/h1>\n\n\n\n<h2 class=\"wp-block-heading translation-block\">N\u00e4chste Generation<br> Krypto-Zahlungsplattform<\/h2>\n\n\n\n<p>Kryptow\u00e4hrungs-Zahlungsl\u00f6sung<\/p>\n\n\n\n<div class=\"wp-block-buttons tb-jcC is-layout-flex wp-block-buttons-is-layout-flex\" style=\"margin-top:var(--wp--preset--spacing--30)\">\n<div class=\"wp-block-button\"><a class=\"wp-block-button__link wp-element-button\" href=\"https:\/\/my.aurapay.com\/signup\/certification?lang=en\">Jetzt registrieren<\/a><\/div>\n<\/div>\n<\/div>\n\n\n\n<div class=\"wp-block-column is-vertically-aligned-center is-layout-flow wp-block-column-is-layout-flow\" style=\"padding-top:var(--wp--preset--spacing--30);padding-bottom:var(--wp--preset--spacing--30)\">\n<figure class=\"wp-block-image aligncenter size-full w220-480\"><img decoding=\"async\" src=\"https:\/\/aurapay.com\/wp-content\/uploads\/home-img1.webp\" alt=\"\" class=\"wp-image-333\" style=\"object-fit:cover\"\/><\/figure>\n<\/div>\n<\/div>\n<\/div><\/div>\n\n\n\n<div class=\"wp-block-columns are-vertically-aligned-center f-dir-colR is-layout-flex wp-container-core-columns-is-layout-d56b67df wp-block-columns-is-layout-flex\" style=\"margin-top:var(--wp--preset--spacing--30);margin-bottom:var(--wp--preset--spacing--30)\">\n<div class=\"wp-block-column is-vertically-aligned-center is-layout-flow wp-block-column-is-layout-flow\">\n<figure class=\"wp-block-image aligncenter size-full w220-480\"><img decoding=\"async\" src=\"https:\/\/aurapay.com\/wp-content\/uploads\/home-img2.webp\" alt=\"\" class=\"wp-image-335\"\/><\/figure>\n<\/div>\n\n\n\n<div class=\"wp-block-column is-vertically-aligned-center tb-taC is-layout-flow wp-block-column-is-layout-flow\">\n<h2 class=\"wp-block-heading translation-block\">Nahtlose Krypto<br> Zahlungsplattform<\/h2>\n\n\n\n<p>Entdecken Sie endlose M\u00f6glichkeiten mit Aurapay: Zahlen, kaufen, verkaufen und senden Sie Token. Aurapay dient als Ihr ultimatives Kryptow\u00e4hrungs-Wallet und verbindet Sie mit H\u00e4ndlern und der Blockchain. Wir bieten Bitcoin, Ethereum, Ripple und Tether an.<\/p>\n<\/div>\n<\/div>\n\n\n\n<div class=\"wp-block-columns are-vertically-aligned-center is-layout-flex wp-container-core-columns-is-layout-d56b67df wp-block-columns-is-layout-flex\" style=\"margin-top:var(--wp--preset--spacing--30);margin-bottom:var(--wp--preset--spacing--30)\">\n<div class=\"wp-block-column is-vertically-aligned-center tb-taC is-layout-flow wp-block-column-is-layout-flow\">\n<h2 class=\"wp-block-heading translation-block\">Ein- und Auszahlung<br> ganz entspannt!<\/h2>\n\n\n\n<p>Einzahlungen und Auszahlungen k\u00f6nnen jederzeit und \u00fcberall sowohl in Fiat- als auch in Kryptow\u00e4hrung abgewickelt werden.<\/p>\n<\/div>\n\n\n\n<div class=\"wp-block-column is-vertically-aligned-center is-layout-flow wp-block-column-is-layout-flow\">\n<figure class=\"wp-block-image aligncenter size-full w220-480\"><img decoding=\"async\" src=\"https:\/\/aurapay.com\/wp-content\/uploads\/home-img3.webp\" alt=\"\" class=\"wp-image-337\"\/><\/figure>\n<\/div>\n<\/div>\n\n\n\n<h2 class=\"wp-block-heading has-text-align-center\" style=\"margin-top:var(--wp--preset--spacing--40);margin-bottom:var(--wp--preset--spacing--20)\">Fortschrittliche Sicherheitssysteme<\/h2>\n\n\n\n<div class=\"wp-block-columns advance-security-systems is-layout-flex wp-container-core-columns-is-layout-ac9f430d wp-block-columns-is-layout-flex\" style=\"margin-top:var(--wp--preset--spacing--30);margin-bottom:var(--wp--preset--spacing--30);padding-right:var(--wp--preset--spacing--30);padding-left:var(--wp--preset--spacing--30)\">\n<div class=\"wp-block-column is-layout-flow wp-block-column-is-layout-flow\" style=\"border-style:none;border-width:0px\">\n<div class=\"wp-block-group has-global-padding is-layout-constrained wp-block-group-is-layout-constrained\">\n<h3 class=\"wp-block-heading has-text-align-center has-white-color has-aurapay-green-pale-background-color has-text-color has-background has-link-color wp-elements-5dcacc645cb0049bcbc992f4f850048c\" style=\"padding-top:var(--wp--preset--spacing--10);padding-right:var(--wp--preset--spacing--10);padding-bottom:var(--wp--preset--spacing--10);padding-left:var(--wp--preset--spacing--10)\">SSL<sup> (Sichere Sicherheitstasche)<\/sup><\/h3>\n\n\n\n<p class=\"has-text-align-center\" style=\"padding-top:0;padding-right:var(--wp--preset--spacing--10);padding-bottom:var(--wp--preset--spacing--20);padding-left:var(--wp--preset--spacing--10)\">SSL ist das R\u00fcckgrat sicherer digitaler Verbindungen, eine Schutzvorrichtung zur Verschl\u00fcsselung von Kommunikationsdaten, die gew\u00e4hrleistet, dass Ihre vertraulichen Informationen und pers\u00f6nlichen Daten w\u00e4hrend Ihrer Transaktionen privat und sicher bleiben.<\/p>\n<\/div>\n<\/div>\n\n\n\n<div class=\"wp-block-column is-layout-flow wp-block-column-is-layout-flow\">\n<div class=\"wp-block-group has-global-padding is-layout-constrained wp-block-group-is-layout-constrained\">\n<h3 class=\"wp-block-heading has-text-align-center has-white-color has-aurapay-green-pale-background-color has-text-color has-background has-link-color wp-elements-add92eeefd0c7b268ebdd2cdc438e8f2\" style=\"padding-top:var(--wp--preset--spacing--10);padding-right:var(--wp--preset--spacing--10);padding-bottom:var(--wp--preset--spacing--10);padding-left:var(--wp--preset--spacing--10)\">Mehrfachsignatur<\/h3>\n\n\n\n<p class=\"has-text-align-center\" style=\"padding-top:0;padding-right:var(--wp--preset--spacing--10);padding-bottom:var(--wp--preset--spacing--20);padding-left:var(--wp--preset--spacing--10)\">Mehrere Schl\u00f6sser in Ihrem Portemonnaie. Es erfordert die Genehmigung mehrerer autorisierter Benutzer und bietet so eine zus\u00e4tzliche Schutzebene gegen nicht autorisierte Transaktionen und gew\u00e4hrleistet h\u00f6chste Sicherheit f\u00fcr Ihr Geld.<\/p>\n<\/div>\n<\/div>\n\n\n\n<div class=\"wp-block-column is-layout-flow wp-block-column-is-layout-flow\">\n<div class=\"wp-block-group has-global-padding is-layout-constrained wp-block-group-is-layout-constrained\">\n<h3 class=\"wp-block-heading has-text-align-center has-white-color has-aurapay-green-pale-background-color has-text-color has-background has-link-color wp-elements-6e156f00febf11236f9d574bf198ac6c\" style=\"padding-top:var(--wp--preset--spacing--10);padding-right:var(--wp--preset--spacing--10);padding-bottom:var(--wp--preset--spacing--10);padding-left:var(--wp--preset--spacing--10)\">Zwei-Faktor-Authentifizierung<\/h3>\n\n\n\n<p class=\"has-text-align-center\" style=\"padding-top:0;padding-right:var(--wp--preset--spacing--10);padding-bottom:var(--wp--preset--spacing--20);padding-left:var(--wp--preset--spacing--10)\">Eine zus\u00e4tzliche Sicherheitsebene wird hinzugef\u00fcgt, indem ein Einmalkennwort an Ihre angegebene E-Mail-Adresse gesendet wird. Dieser Vorgang bietet doppelten Schutz f\u00fcr Ihr Konto und erschwert unbefugten Zugriff erheblich.<\/p>\n<\/div>\n<\/div>\n<\/div>","protected":false},"excerpt":{"rendered":"<p>Seamless CryptoPayment Platform Explore endless possibilities with Aurapay: Pay, Buy, Sell and Send tokens. Aurapay serves as your ultimate cryptocurrency wallet, connecting you with merchants and the blockchain. We offer Bitcoin, Ethereum, Ripple, and Tether. Deposit and Withdraw at your ease! Deposit and withdrawals can be processed in both fiat and cryptocurrency anytime, anywhere. Advance Security Systems SSL (Secure Security Pocket) SSL is the backbone of secure digital connections, a safeguard of encrypts communication data that ensures your sensitive information and and personal details remain private and secure during your transactions. Multi-signature Multiple locks in your wallet. It requires the approval of multiple authorized users, providing an additional layer of [&hellip;]<\/p>\n","protected":false},"author":2,"featured_media":0,"parent":0,"menu_order":0,"comment_status":"closed","ping_status":"closed","template":"","meta":{"footnotes":""},"class_list":["post-814","page","type-page","status-publish","hentry"],"_links":{"self":[{"href":"https:\/\/aurapay.com\/de\/wp-json\/wp\/v2\/pages\/814","targetHints":{"allow":["GET"]}}],"collection":[{"href":"https:\/\/aurapay.com\/de\/wp-json\/wp\/v2\/pages"}],"about":[{"href":"https:\/\/aurapay.com\/de\/wp-json\/wp\/v2\/types\/page"}],"author":[{"embeddable":true,"href":"https:\/\/aurapay.com\/de\/wp-json\/wp\/v2\/users\/2"}],"replies":[{"embeddable":true,"href":"https:\/\/aurapay.com\/de\/wp-json\/wp\/v2\/comments?post=814"}],"version-history":[{"count":0,"href":"https:\/\/aurapay.com\/de\/wp-json\/wp\/v2\/pages\/814\/revisions"}],"wp:attachment":[{"href":"https:\/\/aurapay.com\/de\/wp-json\/wp\/v2\/media?parent=814"}],"curies":[{"name":"wp","href":"https:\/\/api.w.org\/{rel}","templated":true}]}}