{"id":50,"date":"2024-04-10T08:22:18","date_gmt":"2024-04-10T08:22:18","guid":{"rendered":"http:\/\/apnew2.local\/?page_id=50"},"modified":"2024-05-01T09:06:53","modified_gmt":"2024-05-01T09:06:53","slug":"about","status":"publish","type":"page","link":"https:\/\/aurapay.com\/de\/about\/","title":{"rendered":"Um"},"content":{"rendered":"<div class=\"wp-block-cover alignfull is-light o-fit-contain\" style=\"margin-bottom:var(--wp--preset--spacing--30);padding-top:var(--wp--preset--spacing--30);padding-bottom:var(--wp--preset--spacing--30)\"><span aria-hidden=\"true\" class=\"wp-block-cover__background has-base-2-background-color has-background-dim-0 has-background-dim\"><\/span><img decoding=\"async\" class=\"wp-block-cover__image-background wp-image-587\" alt=\"\" src=\"https:\/\/aurapay.com\/wp-content\/uploads\/about-bg1.webp\" style=\"object-position:100% 0%\" data-object-fit=\"cover\" data-object-position=\"100% 0%\"\/><div class=\"wp-block-cover__inner-container has-global-padding is-layout-constrained wp-block-cover-is-layout-constrained\">\n<div class=\"wp-block-columns f-dir-colR is-layout-flex wp-container-core-columns-is-layout-1 wp-block-columns-is-layout-flex\">\n<div class=\"wp-block-column tb-taC is-layout-flow wp-block-column-is-layout-flow\" style=\"flex-basis:60%\">\n<h1 class=\"wp-block-heading\">Um<\/h1>\n\n\n\n<p>Krypto ist nicht nur eine virtuelle W\u00e4hrung; es ist ein Blick in die Zukunft der Zahlungsmethoden. Unser Kernanliegen ist es, eine benutzerfreundliche und sichere Plattform f\u00fcr Finanzinstitute und Einzelpersonen weltweit zu schaffen. Unser Ziel ist es, ein sicheres und transparentes Erlebnis zu bieten, das allen die M\u00f6glichkeit bietet, die Zukunft des Bezahlens zu erkunden.<\/p>\n\n\n\n<p>Unser Ziel ist es, eine umfassende L\u00f6sung f\u00fcr den Kauf, Verkauf, Versand und Empfang Ihrer Kryptow\u00e4hrung in Ihrem pers\u00f6nlichen Aurapay-Wallet anzubieten.<\/p>\n\n\n\n<p> Aurapay hat eine Betriebslizenz in Estland erhalten und bietet die folgenden Kryptow\u00e4hrungsdienste an: Bereitstellung von Diensten zum Umtausch einer virtuellen W\u00e4hrung gegen eine Fiat-W\u00e4hrung Bereitstellung eines virtuellen W\u00e4hrungs-Wallet-Dienstes Bereitstellung von Diensten zum Umtausch einer virtuellen W\u00e4hrung gegen eine virtuelle W\u00e4hrung<\/p>\n<\/div>\n\n\n\n<div class=\"wp-block-column is-vertically-aligned-bottom tb-taC is-layout-flow wp-block-column-is-layout-flow\">\n<figure class=\"wp-block-image size-full is-resized about-img1\"><img decoding=\"async\" src=\"https:\/\/aurapay.com\/wp-content\/uploads\/about-img1.webp\" alt=\"\" class=\"wp-image-586\" style=\"width:120px\"\/><\/figure>\n<\/div>\n<\/div>\n<\/div><\/div>\n\n\n\n<div class=\"wp-block-group about-what has-global-padding is-layout-constrained wp-block-group-is-layout-constrained\">\n<h2 class=\"wp-block-heading has-text-align-center\" style=\"margin-top:var(--wp--preset--spacing--30);margin-bottom:var(--wp--preset--spacing--20)\">Was ist Aurapay?<\/h2>\n\n\n\n<div class=\"wp-block-group has-global-padding is-layout-constrained wp-block-group-is-layout-constrained\">\n<h3 class=\"wp-block-heading\">Ihre allt\u00e4gliche Krypto-Wallet<\/h3>\n\n\n\n<p>Aurapay ist eine webbasierte Krypto-Wallet, auf die Sie jederzeit und \u00fcberall zugreifen k\u00f6nnen. Wir bieten auch APT Stablecoin an, das ein festes Verh\u00e4ltnis von 1:1 JPY zum Basiswert beibeh\u00e4lt, was es perfekt f\u00fcr allt\u00e4gliche Transaktionen und als Wertaufbewahrungsmittel macht. Weitere Informationen zu APT finden Sie hier. (Link zur APT-Seite)<\/p>\n<\/div>\n\n\n\n<div class=\"wp-block-group has-global-padding is-layout-constrained wp-block-group-is-layout-constrained\">\n<h3 class=\"wp-block-heading\">Eine optimierte und sichere Krypto-Wallet<\/h3>\n\n\n\n<p>Aurapay wurde mit dem Ziel eingef\u00fchrt, mehr Menschen zu ermutigen, sich sicher mit Kryptow\u00e4hrungen zu besch\u00e4ftigen und damit einen wesentlichen Beitrag zur Entwicklung unserer zuk\u00fcnftigen digitalen Gesellschaft zu leisten. Mit dem Erwerb der entsprechenden Lizenz und der Implementierung modernster Sicherheitsma\u00dfnahmen k\u00f6nnen Benutzer die Aurapay-Plattform sicher nutzen.<\/p>\n<\/div>\n\n\n\n<div class=\"wp-block-group has-global-padding is-layout-constrained wp-block-group-is-layout-constrained\">\n<h3 class=\"wp-block-heading\">Eine Br\u00fccke f\u00fcr Ihre digitalen Assets zum JPY-Wert<\/h3>\n\n\n\n<p>Im Blockchain-Bereich sind nur eine Handvoll Stablecoins an den Wert der Fiat-W\u00e4hrung JPY gebunden. APT ist stolz darauf, einer dieser wenigen Auserw\u00e4hlten zu sein. Unsere Mission ist es, eine transparente und zuverl\u00e4ssige Br\u00fccke zu bieten, die die nahtlose Verbindung Ihrer digitalen Verm\u00f6genswerte mit dem dauerhaften Wert des japanischen Yen (JPY) gew\u00e4hrleistet.<\/p>\n<\/div>\n<\/div>\n\n\n\n<div class=\"wp-block-group about-why has-global-padding is-layout-constrained wp-block-group-is-layout-constrained\">\n<h2 class=\"wp-block-heading has-text-align-center\" style=\"margin-top:var(--wp--preset--spacing--30);margin-bottom:var(--wp--preset--spacing--20)\">Warum Aurapay?<\/h2>\n\n\n\n<div class=\"wp-block-columns is-layout-flex wp-container-core-columns-is-layout-2 wp-block-columns-is-layout-flex\">\n<div class=\"wp-block-column has-border-color has-aurapay-green-border-color is-layout-flow wp-container-core-column-is-layout-3 wp-block-column-is-layout-flow\" style=\"border-width:2px\">\n<h3 class=\"wp-block-heading has-text-align-center has-white-color has-aurapay-green-light-background-color has-text-color has-background has-link-color has-medium-font-size wp-elements-3e2e5acfe9909dd156ddf004728a8112\" style=\"padding-top:var(--wp--preset--spacing--10);padding-right:var(--wp--preset--spacing--10);padding-bottom:var(--wp--preset--spacing--10);padding-left:var(--wp--preset--spacing--10)\">Beliebte und zuverl\u00e4ssige Kryptow\u00e4hrungen<\/h3>\n\n\n\n<p class=\"has-text-align-center\" style=\"padding-top:var(--wp--preset--spacing--10);padding-right:var(--wp--preset--spacing--10);padding-bottom:var(--wp--preset--spacing--10);padding-left:var(--wp--preset--spacing--10)\">Wir bieten Bitcoin (BTC), Ethereum (ETH) und Ripple (XRP) an, die sich durch gro\u00dfe Bekanntheit und weite Verbreitung in der Branche auszeichnen und ihren Ruf als \u00e4u\u00dferst zuverl\u00e4ssige Kryptow\u00e4hrungsoptionen festigen.<\/p>\n<\/div>\n\n\n\n<div class=\"wp-block-column has-border-color has-aurapay-green-border-color is-layout-flow wp-container-core-column-is-layout-4 wp-block-column-is-layout-flow\" style=\"border-width:2px\">\n<h3 class=\"wp-block-heading has-text-align-center has-white-color has-aurapay-green-light-background-color has-text-color has-background has-link-color has-medium-font-size wp-elements-14974113ecc38293a987e14420ee30f1\" style=\"padding-top:var(--wp--preset--spacing--10);padding-right:var(--wp--preset--spacing--10);padding-bottom:var(--wp--preset--spacing--10);padding-left:var(--wp--preset--spacing--10)\">Krypto-Zahlungen der Spitzenklasse<\/h3>\n\n\n\n<p class=\"has-text-align-center\" style=\"padding-top:var(--wp--preset--spacing--10);padding-right:var(--wp--preset--spacing--10);padding-bottom:var(--wp--preset--spacing--10);padding-left:var(--wp--preset--spacing--10)\">APT ist Ihre erste Wahl f\u00fcr zuverl\u00e4ssige und effiziente JPY-Krypto-B\u00f6rsen und -Transaktionen. Wir garantieren einen stabilen 1:1-JPY-Wert und bieten eine vorhersehbarere und weniger volatile Form der Kryptow\u00e4hrung.<\/p>\n<\/div>\n\n\n\n<div class=\"wp-block-column has-border-color has-aurapay-green-border-color is-layout-flow wp-container-core-column-is-layout-5 wp-block-column-is-layout-flow\" style=\"border-width:2px\">\n<h3 class=\"wp-block-heading has-text-align-center has-white-color has-aurapay-green-light-background-color has-text-color has-background has-link-color has-medium-font-size wp-elements-c795f9d645e80d43f34b047b738f0042\" style=\"padding-top:var(--wp--preset--spacing--10);padding-right:var(--wp--preset--spacing--10);padding-bottom:var(--wp--preset--spacing--10);padding-left:var(--wp--preset--spacing--10)\">Dezentrale Finanzen (DeFi)<\/h3>\n\n\n\n<p class=\"has-text-align-center\" style=\"padding-top:var(--wp--preset--spacing--10);padding-right:var(--wp--preset--spacing--10);padding-bottom:var(--wp--preset--spacing--10);padding-left:var(--wp--preset--spacing--10)\">Wir setzen uns f\u00fcr die Entwicklung dezentraler Netzwerke ein, ein Konzept, das traditionelle Finanzdienstleistungen auf die Blockchain-Technologie verlagert. Unser Ziel ist es, Transaktionen zu rationalisieren, ohne auf externe Vermittler angewiesen zu sein.<\/p>\n<\/div>\n\n\n\n<div class=\"wp-block-column has-border-color has-aurapay-green-border-color is-layout-flow wp-container-core-column-is-layout-6 wp-block-column-is-layout-flow\" style=\"border-width:2px\">\n<h3 class=\"wp-block-heading has-text-align-center has-white-color has-aurapay-green-light-background-color has-text-color has-background has-link-color has-medium-font-size wp-elements-dbd3e9fe3738a2552354e1d76374bb8c\" style=\"padding-top:var(--wp--preset--spacing--10);padding-right:var(--wp--preset--spacing--10);padding-bottom:var(--wp--preset--spacing--10);padding-left:var(--wp--preset--spacing--10)\">Lokale Kundenl\u00f6sung<\/h3>\n\n\n\n<p class=\"has-text-align-center\" style=\"padding-top:var(--wp--preset--spacing--10);padding-right:var(--wp--preset--spacing--10);padding-bottom:var(--wp--preset--spacing--10);padding-left:var(--wp--preset--spacing--10)\">Wir bieten lokales Fachwissen mit globaler Reichweite. Unser engagiertes Kundensupportteam ist mit den lokalen Besonderheiten bestens vertraut und steigert Ihr Erlebnis durch Sprachkompetenz und kulturelles Verst\u00e4ndnis.<\/p>\n<\/div>\n<\/div>\n<\/div>\n\n\n\n<div class=\"wp-block-group about-howto has-global-padding is-layout-constrained wp-block-group-is-layout-constrained\" style=\"margin-bottom:var(--wp--preset--spacing--40)\">\n<h2 class=\"wp-block-heading has-text-align-center\" style=\"margin-top:var(--wp--preset--spacing--30);margin-bottom:var(--wp--preset--spacing--20)\">Wie verwende ich Aurapay?<\/h2>\n\n\n\n<div class=\"wp-block-group has-global-padding is-layout-constrained wp-block-group-is-layout-constrained\">\n<h3 class=\"wp-block-heading\">Zahlungen<\/h3>\n\n\n\n<p>Die Zahl der H\u00e4ndler, die auf Zahlungen mit Kryptow\u00e4hrungen umsteigen, w\u00e4chst stetig. Mit Aurapay k\u00f6nnen Sie problemlos Transaktionen auf internationalen Online-Marktpl\u00e4tzen durchf\u00fchren und so ein problemloses Erlebnis gew\u00e4hrleisten.<\/p>\n<\/div>\n\n\n\n<div class=\"wp-block-group has-global-padding is-layout-constrained wp-block-group-is-layout-constrained\">\n<h3 class=\"wp-block-heading\">Krypto-Tausch<\/h3>\n\n\n\n<p>Krypto bezahlen, kaufen, verkaufen und senden. Tauchen Sie m\u00fchelos in die Welt der digitalen Assets ein mit unserer benutzerfreundlichen Krypto-Tauschfunktion. Tauschen Sie eine Kryptow\u00e4hrung sofort gegen eine andere und passen Sie so Ihr Portfolio m\u00fchelos an und verwalten Sie es.<\/p>\n<\/div>\n\n\n\n<div class=\"wp-block-group has-global-padding is-layout-constrained wp-block-group-is-layout-constrained\">\n<h3 class=\"wp-block-heading\">Pers\u00f6nliche Finanzen<\/h3>\n\n\n\n<p>Kryptow\u00e4hrungen bieten eine dezentrale und dynamische Landschaft, die Ihnen die Kontrolle gibt. Egal, ob Sie potenziell hohe Renditen anstreben oder Ihr Portfolio diversifizieren m\u00f6chten, Kryptow\u00e4hrungen bieten Einzelinvestoren eine einzigartige M\u00f6glichkeit<\/p>\n<\/div>\n<\/div>","protected":false},"excerpt":{"rendered":"<p>Was ist Aurapay? Ihr allt\u00e4gliches Krypto-Wallet Aurapay ist ein webbasiertes Krypto-Wallet, auf das Sie jederzeit und \u00fcberall zugreifen k\u00f6nnen. Wir bieten auch APT Stablecoin an, das so konzipiert ist, dass es ein festes Verh\u00e4ltnis von 1:1 JPY zum zugrunde liegenden Verm\u00f6genswert beibeh\u00e4lt, was es perfekt f\u00fcr allt\u00e4gliche Transaktionen und als Wertaufbewahrungsmittel macht. Weitere Informationen zu APT finden Sie hier. (Link zur APT-Seite) Ein optimiertes und sicheres Krypto-Wallet Aurapay wurde mit dem Ziel eingef\u00fchrt, mehr Menschen zu ermutigen, sich sicher mit Kryptow\u00e4hrungen zu besch\u00e4ftigen und so einen bedeutenden Beitrag zur Entwicklung unserer zuk\u00fcnftigen digitalen Gesellschaft zu leisten. Mit dem Erwerb der entsprechenden Lizenzen und der Implementierung modernster Sicherheitsma\u00dfnahmen k\u00f6nnen Benutzer sicher auf der Aurapay-Plattform navigieren. [\u2026]<\/p>","protected":false},"author":2,"featured_media":0,"parent":0,"menu_order":0,"comment_status":"closed","ping_status":"closed","template":"","meta":{"footnotes":""},"class_list":["post-50","page","type-page","status-publish","hentry"],"_links":{"self":[{"href":"https:\/\/aurapay.com\/de\/wp-json\/wp\/v2\/pages\/50"}],"collection":[{"href":"https:\/\/aurapay.com\/de\/wp-json\/wp\/v2\/pages"}],"about":[{"href":"https:\/\/aurapay.com\/de\/wp-json\/wp\/v2\/types\/page"}],"author":[{"embeddable":true,"href":"https:\/\/aurapay.com\/de\/wp-json\/wp\/v2\/users\/2"}],"replies":[{"embeddable":true,"href":"https:\/\/aurapay.com\/de\/wp-json\/wp\/v2\/comments?post=50"}],"version-history":[{"count":1,"href":"https:\/\/aurapay.com\/de\/wp-json\/wp\/v2\/pages\/50\/revisions"}],"predecessor-version":[{"id":917,"href":"https:\/\/aurapay.com\/de\/wp-json\/wp\/v2\/pages\/50\/revisions\/917"}],"wp:attachment":[{"href":"https:\/\/aurapay.com\/de\/wp-json\/wp\/v2\/media?parent=50"}],"curies":[{"name":"wp","href":"https:\/\/api.w.org\/{rel}","templated":true}]}}