{"id":45,"date":"2024-04-10T08:03:10","date_gmt":"2024-04-10T08:03:10","guid":{"rendered":"http:\/\/apnew2.local\/?page_id=45"},"modified":"2024-05-15T08:19:13","modified_gmt":"2024-05-15T08:19:13","slug":"aurapay-token","status":"publish","type":"page","link":"https:\/\/aurapay.com\/de\/aurapay-token\/","title":{"rendered":"Aurapay-Token"},"content":{"rendered":"<div class=\"wp-block-cover alignfull is-light\" style=\"padding-top:var(--wp--preset--spacing--40);padding-bottom:var(--wp--preset--spacing--40)\"><span aria-hidden=\"true\" class=\"wp-block-cover__background has-background-dim-0 has-background-dim\" style=\"background-color:#54d081\"><\/span><img loading=\"lazy\" decoding=\"async\" width=\"2065\" height=\"1519\" class=\"wp-block-cover__image-background wp-image-864\" alt=\"\" src=\"https:\/\/aurapay.com\/wp-content\/uploads\/aurapay-token-bg.webp\" style=\"object-position:75% 100%\" data-object-fit=\"cover\" data-object-position=\"75% 100%\"\/><div class=\"wp-block-cover__inner-container has-global-padding is-layout-constrained wp-block-cover-is-layout-constrained\">\n<figure class=\"wp-block-image aligncenter size-full is-resized aurapaytoken-img1\"><img decoding=\"async\" src=\"https:\/\/aurapay.com\/wp-content\/uploads\/aurapay-token-img1.webp\" alt=\"\" class=\"wp-image-508\" style=\"width:300px\"\/><\/figure>\n\n\n\n<p class=\"has-text-align-center has-large-font-size\" style=\"margin-top:0;margin-bottom:0\">Wir stellen vor<\/p>\n\n\n\n<h1 class=\"wp-block-heading has-text-align-center\" style=\"margin-top:0;margin-bottom:var(--wp--preset--spacing--30)\">Der Aurapay-Token (APT)<\/h1>\n\n\n\n<p class=\"has-text-align-center\">Aurapay Token (APT) ist eine regulierte Kryptow\u00e4hrungs-Stablecoin, die im Verh\u00e4ltnis 1:1 zum japanischen Yen (JPY) konzipiert ist. Dies bedeutet, dass jeder APT 1 japanischen Yen entspricht, was einen stabilen und vorhersehbaren Wert im digitalen W\u00e4hrungsraum gew\u00e4hrleistet.<\/p>\n\n\n\n<p class=\"has-text-align-center\">In der Blockchain-Welt gibt es nicht viele Stablecoins, die den Wert der Fiat-W\u00e4hrung JPY repr\u00e4sentieren. APT ist stolz darauf, einer der wenigen Auserw\u00e4hlten zu sein. Die Navigation durch die komplexe Blockchain-Landschaft kann einsch\u00fcchternd sein, aber wir sind hier, um eine transparente und zuverl\u00e4ssige Br\u00fccke bereitzustellen, die Ihre digitalen Assets nahtlos mit dem JPY-Wert verbindet.<\/p>\n\n\n\n<p class=\"has-text-align-center\">Der Wert von APT bleibt im Vergleich zum japanischen Yen relativ stabil. Wir sind fest davon \u00fcberzeugt, dass stabile digitale Verm\u00f6genswerte wie APT entscheidend sind, um das volle Potenzial der Blockchain-Technologie auszusch\u00f6pfen.<\/p>\n<\/div><\/div>\n\n\n\n<h2 class=\"wp-block-heading has-text-align-center\" style=\"margin-top:var(--wp--preset--spacing--30);margin-bottom:var(--wp--preset--spacing--30)\">Warum ist APT anders?<\/h2>\n\n\n\n<details class=\"wp-block-details is-layout-flow wp-block-details-is-layout-flow\"><summary>Einzigartiges Token<\/summary>\n<p>Einer der wenigen JPY-Stablecoins in der Blockchain und unser Ziel ist es, die Br\u00fccke zu werden, die Ihre Krypto-Assets nahtlos mit dem JPY-Wert verbindet.<\/p>\n<\/details>\n\n\n\n<details class=\"wp-block-details is-layout-flow wp-block-details-is-layout-flow\"><summary>Stabilit\u00e4t<\/summary>\n<p>APT zielt darauf ab, einen stabilen JPY-Wert im Verh\u00e4ltnis 1:1 zum zugrunde liegenden Verm\u00f6genswert aufrechtzuerhalten, an den sie gekoppelt sind. Diese Stabilit\u00e4t macht APT f\u00fcr allt\u00e4gliche Transaktionen und als Wertaufbewahrungsmittel geeignet.<\/p>\n<\/details>\n\n\n\n<details class=\"wp-block-details is-layout-flow wp-block-details-is-layout-flow\"><summary>Geschwindigkeit und Effizienz<\/summary>\n<p>APT bietet schnelle und effiziente grenz\u00fcberschreitende Transaktionen ohne die mit herk\u00f6mmlichen Banksystemen verbundenen Verz\u00f6gerungen oder Geb\u00fchren.<\/p>\n<\/details>\n\n\n\n<details class=\"wp-block-details is-layout-flow wp-block-details-is-layout-flow\"><summary>Digitale Natur<\/summary>\n<p>APT arbeitet mit Blockchain-Technologie und bietet mehr als nur eine Wallet. Unsere Stablecoin ist f\u00fcr die einfache \u00dcbertragung, Speicherung und Nutzung in verschiedenen digitalen \u00d6kosystemen konzipiert.<\/p>\n<\/details>\n\n\n\n<details class=\"wp-block-details is-layout-flow wp-block-details-is-layout-flow\"><summary>Transparenz<\/summary>\n<p>APT unterzieht sich regelm\u00e4\u00dfigen Audits und Berichten, um die Transparenz zu wahren.<\/p>\n<\/details>\n\n\n\n<div class=\"wp-block-cover alignfull is-light o-fit-contain\" style=\"margin-top:var(--wp--preset--spacing--30);margin-bottom:var(--wp--preset--spacing--30)\"><span aria-hidden=\"true\" class=\"wp-block-cover__background has-background-dim-0 has-background-dim\"><\/span><img decoding=\"async\" class=\"wp-block-cover__image-background wp-image-571\" alt=\"\" src=\"https:\/\/aurapay.com\/wp-content\/uploads\/aurapay-token-bg2.webp\" style=\"object-position:0% 100%\" data-object-fit=\"cover\" data-object-position=\"0% 100%\"\/><div class=\"wp-block-cover__inner-container has-global-padding is-layout-constrained wp-block-cover-is-layout-constrained\">\n<div class=\"wp-block-columns are-vertically-aligned-center f-dir-colR is-layout-flex wp-container-core-columns-is-layout-1 wp-block-columns-is-layout-flex\" style=\"margin-top:var(--wp--preset--spacing--30);margin-bottom:var(--wp--preset--spacing--30)\">\n<div class=\"wp-block-column is-vertically-aligned-center is-layout-flow wp-block-column-is-layout-flow\">\n<figure class=\"wp-block-image aligncenter size-full is-resized aurapaytoken-img2\"><img decoding=\"async\" src=\"https:\/\/aurapay.com\/wp-content\/uploads\/aurapay-token-img2.webp\" alt=\"\" class=\"wp-image-563\" style=\"width:360px\"\/><\/figure>\n<\/div>\n\n\n\n<div class=\"wp-block-column is-vertically-aligned-center tb-taC is-layout-flow wp-block-column-is-layout-flow\">\n<h2 class=\"wp-block-heading\">Schlie\u00dfen Sie sich der Revolution an und erleben Sie APT selbst.<\/h2>\n\n\n\n<div class=\"wp-block-buttons tb-jcC is-layout-flex wp-block-buttons-is-layout-flex\" style=\"margin-top:var(--wp--preset--spacing--30)\">\n<div class=\"wp-block-button cv\"><a class=\"wp-block-button__link wp-element-button\" href=\"https:\/\/my.aurapay.com\/signup\/certification?lang=en\">Jetzt registrieren<\/a><\/div>\n<\/div>\n<\/div>\n<\/div>\n<\/div><\/div>","protected":false},"excerpt":{"rendered":"<p>Warum ist APT anders?<\/p>","protected":false},"author":2,"featured_media":0,"parent":0,"menu_order":0,"comment_status":"closed","ping_status":"closed","template":"","meta":{"footnotes":""},"class_list":["post-45","page","type-page","status-publish","hentry"],"_links":{"self":[{"href":"https:\/\/aurapay.com\/de\/wp-json\/wp\/v2\/pages\/45"}],"collection":[{"href":"https:\/\/aurapay.com\/de\/wp-json\/wp\/v2\/pages"}],"about":[{"href":"https:\/\/aurapay.com\/de\/wp-json\/wp\/v2\/types\/page"}],"author":[{"embeddable":true,"href":"https:\/\/aurapay.com\/de\/wp-json\/wp\/v2\/users\/2"}],"replies":[{"embeddable":true,"href":"https:\/\/aurapay.com\/de\/wp-json\/wp\/v2\/comments?post=45"}],"version-history":[{"count":5,"href":"https:\/\/aurapay.com\/de\/wp-json\/wp\/v2\/pages\/45\/revisions"}],"predecessor-version":[{"id":1013,"href":"https:\/\/aurapay.com\/de\/wp-json\/wp\/v2\/pages\/45\/revisions\/1013"}],"wp:attachment":[{"href":"https:\/\/aurapay.com\/de\/wp-json\/wp\/v2\/media?parent=45"}],"curies":[{"name":"wp","href":"https:\/\/api.w.org\/{rel}","templated":true}]}}