{"id":42,"date":"2024-04-10T07:53:32","date_gmt":"2024-04-10T07:53:32","guid":{"rendered":"http:\/\/apnew2.local\/?page_id=42"},"modified":"2024-05-27T11:54:02","modified_gmt":"2024-05-27T08:54:02","slug":"feature","status":"publish","type":"page","link":"https:\/\/aurapay.com\/de\/feature\/","title":{"rendered":"Besonderheit"},"content":{"rendered":"<div class=\"wp-block-cover alignfull is-light o-fit-contain\" style=\"min-height:480px;aspect-ratio:unset;\"><span aria-hidden=\"true\" class=\"wp-block-cover__background has-base-2-background-color has-background-dim-0 has-background-dim\"><\/span><img decoding=\"async\" class=\"wp-block-cover__image-background wp-image-558\" alt=\"\" src=\"https:\/\/aurapay.com\/wp-content\/uploads\/feature-bg.webp\" style=\"object-position:100% 0%\" data-object-fit=\"cover\" data-object-position=\"100% 0%\"\/><div class=\"wp-block-cover__inner-container has-global-padding is-layout-constrained wp-block-cover-is-layout-constrained\">\n<div class=\"wp-block-columns f-dir-colR is-layout-flex wp-container-core-columns-is-layout-658170e2 wp-block-columns-is-layout-flex\">\n<div class=\"wp-block-column tb-taC is-layout-flow wp-block-column-is-layout-flow\">\n<h1 class=\"wp-block-heading translation-block\">Wir stellen vor<br> Aurapay-Konten<\/h1>\n\n\n\n<p>Aurapay bietet drei verschiedene Kontotypen, um Ihren individuellen Anforderungen gerecht zu werden. Sehen Sie sich unten die verf\u00fcgbaren Kontotypen an, um den f\u00fcr Sie perfekten zu finden.<\/p>\n<\/div>\n\n\n\n<div class=\"wp-block-column tb-taC is-layout-flow wp-block-column-is-layout-flow\">\n<figure class=\"wp-block-image size-full is-resized feature-img1\"><img decoding=\"async\" src=\"https:\/\/aurapay.com\/wp-content\/uploads\/feature-img1.webp\" alt=\"\" class=\"wp-image-460\" style=\"width:150px\"\/><\/figure>\n<\/div>\n<\/div>\n<\/div><\/div>\n\n\n\n<div class=\"wp-block-columns are-vertically-aligned-center is-layout-flex wp-container-core-columns-is-layout-721f1e78 wp-block-columns-is-layout-flex\" style=\"margin-top:var(--wp--preset--spacing--30);margin-bottom:var(--wp--preset--spacing--50)\">\n<div class=\"wp-block-column is-vertically-aligned-center is-layout-flow wp-block-column-is-layout-flow\">\n<figure class=\"wp-block-image aligncenter size-full is-resized feature-img2\"><img decoding=\"async\" src=\"https:\/\/aurapay.com\/wp-content\/uploads\/feature-img2.webp\" alt=\"\" class=\"wp-image-467\" style=\"width:380px\"\/><\/figure>\n<\/div>\n\n\n\n<div class=\"wp-block-column is-vertically-aligned-center is-layout-flow wp-block-column-is-layout-flow\">\n<h2 class=\"wp-block-heading tb-taC account\">pers\u00f6nlich<sub> Konto<\/sub><\/h2>\n\n\n\n<ul class=\"wp-block-list\">\n<li>Einfache und sichere Krypto-Transaktionen f\u00fcr Ihren t\u00e4glichen Bedarf.<\/li>\n\n\n\n<li>Senden und empfangen Sie Geld von Ihrem Wallet an andere Krypto-Wallet-Adressen oder H\u00e4ndler mithilfe von Kryptow\u00e4hrungen oder Aurapay Stablecoin APT.<\/li>\n\n\n\n<li>Ma\u00dfgeschneiderte L\u00f6sungen f\u00fcr die Verwaltung Ihrer digitalen Assets, einschlie\u00dflich Kaufen, Verkaufen und Tauschen.<\/li>\n\n\n\n<li>Zugriff auf unsere benutzerfreundliche Plattform f\u00fcr Krypto-Banking-Dienste f\u00fcr unterwegs.<\/li>\n\n\n\n<li>Erweiterte Berichte, um den \u00dcberblick \u00fcber Ihre Kryptow\u00e4hrungstransaktionen zu behalten.<\/li>\n<\/ul>\n\n\n\n<div class=\"wp-block-buttons tb-jcC is-layout-flex wp-block-buttons-is-layout-flex\" style=\"margin-top:var(--wp--preset--spacing--30)\">\n<div class=\"wp-block-button cv\"><a class=\"wp-block-button__link wp-element-button\" href=\"https:\/\/my.aurapay.com\/signup\/certification?lang=en\">Jetzt registrieren<\/a><\/div>\n<\/div>\n<\/div>\n<\/div>\n\n\n\n<div class=\"wp-block-columns are-vertically-aligned-center f-dir-colR is-layout-flex wp-container-core-columns-is-layout-721f1e78 wp-block-columns-is-layout-flex\" style=\"margin-top:var(--wp--preset--spacing--30);margin-bottom:var(--wp--preset--spacing--50)\">\n<div class=\"wp-block-column is-vertically-aligned-center is-layout-flow wp-block-column-is-layout-flow\">\n<h2 class=\"wp-block-heading tb-taC account\">Gesch\u00e4ft<sub> Konto<\/sub><\/h2>\n\n\n\n<ul class=\"wp-block-list\">\n<li>Ideal f\u00fcr Unternehmer oder kleine und mittelgro\u00dfe Kryptow\u00e4hrungsunternehmen.<\/li>\n\n\n\n<li>Effiziente Verarbeitung gr\u00f6\u00dferer Transaktionen von Ihrem Wallet zu anderen Krypto-Wallet-Adressen oder H\u00e4ndlern mithilfe von Kryptow\u00e4hrungen oder Aurapay Stablecoin APT.<\/li>\n\n\n\n<li>Ma\u00dfgeschneiderte Funktionen f\u00fcr Unternehmen zur effektiven Verwaltung ihrer Kryptow\u00e4hrungen, einschlie\u00dflich Kaufen, Verkaufen und schnellem Umtausch.<\/li>\n\n\n\n<li>St\u00e4rken Sie Ihr Gesch\u00e4ftsmanagement mit benutzerfreundlichem Krypto-Banking f\u00fcr unterwegs.<\/li>\n\n\n\n<li>Ausgefeiltes Reporting zur Verwaltung der Kryptotransaktionen Ihres Unternehmens.<\/li>\n<\/ul>\n\n\n\n<div class=\"wp-block-buttons tb-jcC is-layout-flex wp-block-buttons-is-layout-flex\" style=\"margin-top:var(--wp--preset--spacing--30)\">\n<div class=\"wp-block-button cv\"><a class=\"wp-block-button__link wp-element-button\" href=\"https:\/\/my.aurapay.com\/signup\/certification?lang=en\">Jetzt registrieren<\/a><\/div>\n<\/div>\n<\/div>\n\n\n\n<div class=\"wp-block-column is-vertically-aligned-center is-layout-flow wp-block-column-is-layout-flow\">\n<figure class=\"wp-block-image aligncenter size-full is-resized feature-img3\"><img decoding=\"async\" src=\"https:\/\/aurapay.com\/wp-content\/uploads\/feature-img3.webp\" alt=\"\" class=\"wp-image-469\" style=\"width:280px\"\/><\/figure>\n<\/div>\n<\/div>\n\n\n\n<div class=\"wp-block-columns are-vertically-aligned-center is-layout-flex wp-container-core-columns-is-layout-721f1e78 wp-block-columns-is-layout-flex\" style=\"margin-top:var(--wp--preset--spacing--30);margin-bottom:var(--wp--preset--spacing--50)\">\n<div class=\"wp-block-column is-vertically-aligned-center is-layout-flow wp-block-column-is-layout-flow\">\n<figure class=\"wp-block-image aligncenter size-full is-resized feature-img4\"><img decoding=\"async\" src=\"https:\/\/aurapay.com\/wp-content\/uploads\/feature-img4.webp\" alt=\"\" class=\"wp-image-471\" style=\"width:340px\"\/><\/figure>\n<\/div>\n\n\n\n<div class=\"wp-block-column is-vertically-aligned-center is-layout-flow wp-block-column-is-layout-flow\">\n<h2 class=\"wp-block-heading tb-taC account\">H\u00e4ndler<sub> Konto<\/sub><\/h2>\n\n\n\n<ul class=\"wp-block-list\">\n<li>Entwickelt, um die Krypto-Verwaltungsanforderungen von Online-Diensten und Kryptow\u00e4hrungsh\u00e4ndlern zu erf\u00fcllen.<\/li>\n\n\n\n<li>Verarbeiten Sie nahtlose Transaktionen mit der anpassbaren API-Integration von Aurapay, die verschiedene Optionen bietet, darunter Kryptow\u00e4hrungen und Aurapay Stablecoin APT.<\/li>\n\n\n\n<li>Verbessern Sie Ihren bestehenden Ein- und Auszahlungsservice, indem Sie unsere Zahlungsl\u00f6sung in Ihre Website integrieren.<\/li>\n\n\n\n<li>Umfassender Einblick zur \u00dcberwachung Ihrer Kryptotransaktionen mit den Privat- und Gesch\u00e4ftsbenutzern von Aurapay im All-in-One-Gesch\u00e4ftsbericht.<\/li>\n<\/ul>\n\n\n\n<div class=\"wp-block-buttons tb-jcC is-layout-flex wp-block-buttons-is-layout-flex\" style=\"margin-top:var(--wp--preset--spacing--30)\">\n<div class=\"wp-block-button cv\"><a class=\"wp-block-button__link wp-element-button\" href=\"https:\/\/my.aurapay.com\/contact\/form\">Jetzt anfragen<\/a><\/div>\n<\/div>\n<\/div>\n<\/div>\n\n\n\n<div class=\"wp-block-cover alignfull is-light the-aurapay-token\" style=\"margin-top:var(--wp--preset--spacing--60);margin-bottom:0;min-height:320px;aspect-ratio:unset;\"><span aria-hidden=\"true\" class=\"wp-block-cover__background has-base-2-background-color has-background-dim-0 has-background-dim\"><\/span><img decoding=\"async\" class=\"wp-block-cover__image-background wp-image-553\" alt=\"\" src=\"https:\/\/aurapay.com\/wp-content\/uploads\/apt-bg.webp\" data-object-fit=\"cover\"\/><div class=\"wp-block-cover__inner-container has-global-padding is-layout-constrained wp-block-cover-is-layout-constrained\">\n<div class=\"wp-block-columns are-vertically-aligned-center is-layout-flex wp-container-core-columns-is-layout-f1690f93 wp-block-columns-is-layout-flex\" style=\"margin-bottom:0\">\n<div class=\"wp-block-column is-vertically-aligned-center is-layout-flow wp-container-core-column-is-layout-f93016a2 wp-block-column-is-layout-flow\" style=\"padding-top:0;padding-right:var(--wp--preset--spacing--20);padding-bottom:0;padding-left:var(--wp--preset--spacing--20);flex-basis:23%\">\n<figure class=\"wp-block-image aligncenter size-full img-apt link\"><a href=\"\/de\/aurapay-token\/\"><img decoding=\"async\" src=\"https:\/\/aurapay.com\/wp-content\/uploads\/apt-img.webp\" alt=\"\" class=\"wp-image-338\"\/><\/a><\/figure>\n<\/div>\n\n\n\n<div class=\"wp-block-column is-vertically-aligned-center tb-taC is-layout-flow wp-block-column-is-layout-flow\">\n<h2 class=\"wp-block-heading tdN\"><a href=\"\/de\/aurapay-token\/\" data-type=\"page\" data-id=\"45\">Der Aurapay-Token<\/a><\/h2>\n\n\n\n<p>Aurapay Token (APT) ist eine regulierte Kryptow\u00e4hrungs-Stablecoin, die im Verh\u00e4ltnis 1:1 zum japanischen Yen (JPY) konzipiert ist. Dies bedeutet, dass jeder APT 1 japanischen Yen entspricht, was einen stabilen und vorhersehbaren Wert im digitalen W\u00e4hrungsraum gew\u00e4hrleistet.<\/p>\n<\/div>\n<\/div>\n<\/div><\/div>","protected":false},"excerpt":{"rendered":"<p>Pers\u00f6nliches Konto Gesch\u00e4ftskonto H\u00e4ndlerkonto<\/p>","protected":false},"author":2,"featured_media":0,"parent":0,"menu_order":0,"comment_status":"closed","ping_status":"closed","template":"","meta":{"footnotes":""},"class_list":["post-42","page","type-page","status-publish","hentry"],"_links":{"self":[{"href":"https:\/\/aurapay.com\/de\/wp-json\/wp\/v2\/pages\/42","targetHints":{"allow":["GET"]}}],"collection":[{"href":"https:\/\/aurapay.com\/de\/wp-json\/wp\/v2\/pages"}],"about":[{"href":"https:\/\/aurapay.com\/de\/wp-json\/wp\/v2\/types\/page"}],"author":[{"embeddable":true,"href":"https:\/\/aurapay.com\/de\/wp-json\/wp\/v2\/users\/2"}],"replies":[{"embeddable":true,"href":"https:\/\/aurapay.com\/de\/wp-json\/wp\/v2\/comments?post=42"}],"version-history":[{"count":13,"href":"https:\/\/aurapay.com\/de\/wp-json\/wp\/v2\/pages\/42\/revisions"}],"predecessor-version":[{"id":1119,"href":"https:\/\/aurapay.com\/de\/wp-json\/wp\/v2\/pages\/42\/revisions\/1119"}],"wp:attachment":[{"href":"https:\/\/aurapay.com\/de\/wp-json\/wp\/v2\/media?parent=42"}],"curies":[{"name":"wp","href":"https:\/\/api.w.org\/{rel}","templated":true}]}}