{"id":115,"date":"2024-04-11T01:57:26","date_gmt":"2024-04-11T01:57:26","guid":{"rendered":"https:\/\/apnew2.local\/?page_id=115"},"modified":"2024-05-13T04:43:26","modified_gmt":"2024-05-13T04:43:26","slug":"documents-required","status":"publish","type":"page","link":"https:\/\/aurapay.com\/de\/documents-required\/","title":{"rendered":"Dokumente ben\u00f6tigt"},"content":{"rendered":"<div class=\"wp-block-group has-global-padding is-layout-constrained wp-block-group-is-layout-constrained\" style=\"margin-top:var(--wp--preset--spacing--40);margin-bottom:0;padding-top:0;padding-bottom:0\">\n<h1 class=\"wp-block-heading\">F\u00fcr ein Konto erforderliche Dokumente<\/h1>\n\n\n\n<p>Um Ihr Konto zu nutzen, m\u00fcssen Sie die unten aufgef\u00fchrten erforderlichen Dokumente einreichen.<\/p>\n\n\n\n<ul class=\"anchor wp-block-list\">\n<li><a href=\"#personal_account\">Pers\u00f6nliches Konto<\/a><\/li>\n\n\n\n<li><a href=\"#business_account\">Gesch\u00e4ftskonto<\/a><\/li>\n<\/ul>\n<\/div>\n\n\n\n<h2 class=\"wp-block-heading\" id=\"personal_account\" style=\"margin-top:0;margin-bottom:var(--wp--preset--spacing--30);padding-top:var(--wp--preset--spacing--60)\">Pers\u00f6nliches Konto<\/h2>\n\n\n\n<h3 class=\"wp-block-heading has-aurapay-green-color has-text-color has-link-color wp-elements-98324f51f223fb64dfe9c02e91b0e4ef\" style=\"margin-top:var(--wp--preset--spacing--30)\">Dokumente zur Identit\u00e4ts\u00fcberpr\u00fcfung<\/h3>\n\n\n\n<p class=\"has-aurapay-green-color has-text-color has-link-color wp-elements-9e27b96a9e1c04cae473141e2421035e\">Wir werden Sie bitten, einen Lichtbildausweis der Person einzureichen, die das Konto registriert (Einzelperson), und ein Selfie (Gesichtserkennung).<\/p>\n\n\n\n<h4 class=\"wp-block-heading icon-id\" style=\"margin-top:var(--wp--preset--spacing--20)\">Identit\u00e4tsfeststellung mit Foto<\/h4>\n\n\n\n<p>Bitte reichen Sie eines der folgenden Dokumente ein: F\u00fchrerschein, My Number-Karte (nur f\u00fcr Einwohner Japans) oder Reisepass.<\/p>\n\n\n\n<div class=\"wp-block-columns col-border-round is-layout-flex wp-container-core-columns-is-layout-1 wp-block-columns-is-layout-flex\" style=\"margin-top:var(--wp--preset--spacing--20);margin-bottom:var(--wp--preset--spacing--20)\">\n<div class=\"wp-block-column has-border-color has-aurapay-green-border-color is-layout-flow wp-block-column-is-layout-flow\" style=\"border-width:2px;padding-top:var(--wp--preset--spacing--20);padding-right:var(--wp--preset--spacing--20);padding-bottom:var(--wp--preset--spacing--20);padding-left:var(--wp--preset--spacing--20)\">\n<h5 class=\"wp-block-heading\">F\u00fchrerschein<\/h5>\n\n\n\n<p>Bitte reichen Sie Vorder- und R\u00fcckseite Ihres F\u00fchrerscheins ein.<\/p>\n<\/div>\n\n\n\n<div class=\"wp-block-column has-border-color has-aurapay-green-border-color is-layout-flow wp-block-column-is-layout-flow\" style=\"border-width:2px;padding-top:var(--wp--preset--spacing--20);padding-right:var(--wp--preset--spacing--20);padding-bottom:var(--wp--preset--spacing--20);padding-left:var(--wp--preset--spacing--20)\">\n<h5 class=\"wp-block-heading\">Reisepass<\/h5>\n\n\n\n<p>Bitte senden Sie die Seite mit Ihrem Foto und Ihrer Unterschrift ab.<\/p>\n<\/div>\n\n\n\n<div class=\"wp-block-column has-border-color has-aurapay-green-border-color is-layout-flow wp-block-column-is-layout-flow\" style=\"border-width:2px;padding-top:var(--wp--preset--spacing--20);padding-right:var(--wp--preset--spacing--20);padding-bottom:var(--wp--preset--spacing--20);padding-left:var(--wp--preset--spacing--20)\">\n<h5 class=\"wp-block-heading\"><strong>Meine Nummernkarte<\/strong><\/h5>\n\n\n\n<p>Bitte reichen Sie Vorder- und R\u00fcckseite der Karte ein.<br>* Bitte Personennummer und Barcode verbergen.<\/p>\n<\/div>\n<\/div>\n\n\n\n<div class=\"wp-block-columns has-green-pale-background-color has-background is-layout-flex wp-container-core-columns-is-layout-2 wp-block-columns-is-layout-flex\" style=\"border-radius:1rem;margin-top:var(--wp--preset--spacing--20);margin-bottom:var(--wp--preset--spacing--20);padding-top:var(--wp--preset--spacing--20);padding-right:var(--wp--preset--spacing--20);padding-bottom:var(--wp--preset--spacing--20);padding-left:var(--wp--preset--spacing--20)\">\n<div class=\"wp-block-column is-layout-flow wp-block-column-is-layout-flow\" style=\"flex-basis:20%\">\n<p>Anforderungen<\/p>\n<\/div>\n\n\n\n<div class=\"wp-block-column is-layout-flow wp-block-column-is-layout-flow\">\n<ol class=\"wp-block-list\">\n<li>Ausweisdokumente m\u00fcssen von einer Regierungsbeh\u00f6rde ausgestellt sein und denselben Namen und dasselbe Geburtsdatum aufweisen wie die bei AuraPay registrierten Daten.<\/li>\n\n\n\n<li>&nbsp;Ein abgelaufener Personalausweis kann nicht als Dokument zur Identit\u00e4ts\u00fcberpr\u00fcfung verwendet werden.<\/li>\n\n\n\n<li>Bitte beachten Sie, dass die vorl\u00e4ufige Benachrichtigungskarte, die Sie \u00fcber Ihre pers\u00f6nliche \u201emy number card\u201c informiert, nicht als Identit\u00e4tsnachweis verwendet werden kann.<\/li>\n\n\n\n<li>F\u00fcr Nicht-Japaner und japanische Staatsangeh\u00f6rige mit Wohnsitz au\u00dferhalb Japans ist ein g\u00fcltiger Reisepass erforderlich.<\/li>\n<\/ol>\n<\/div>\n<\/div>\n\n\n\n<h4 class=\"wp-block-heading icon-face\" style=\"margin-top:var(--wp--preset--spacing--20)\">Gesichtserkennung<\/h4>\n\n\n\n<p>Zur Best\u00e4tigung, dass Sie Ihre Angaben pers\u00f6nlich \u00fcbermittelt haben, haben wir ein Verfahren zur Gesichtserkennung eingef\u00fchrt.<\/p>\n\n\n\n<p class=\"has-small-font-size\">* Bitte befolgen Sie unbedingt die auf dem Bildschirm angezeigten Schritte. So k\u00f6nnen wir Ihre Identit\u00e4t online \u00fcberpr\u00fcfen.<\/p>\n\n\n\n<h5 class=\"wp-block-heading\" style=\"margin-top:var(--wp--preset--spacing--20)\">Vorbereitung vor dem Start<\/h5>\n\n\n\n<ul class=\"check wp-block-list\">\n<li>Halten Sie bitte Ihre Lichtbildausweisdokumente bereit.<\/li>\n\n\n\n<li>Bitte entfernen Sie alle Gegenst\u00e4nde, die Ihr Gesicht bedecken, wie Masken, H\u00fcte, Sonnenbrillen und Kopfh\u00f6rer.<\/li>\n\n\n\n<li>Bitte fotografieren Sie in einer gut beleuchteten Umgebung.<\/li>\n\n\n\n<li>Bitte bereiten Sie ein Ger\u00e4t mit einer Kamera vor und legen Sie die Zugriffsberechtigung f\u00fcr die Kamera fest.<\/li>\n<\/ul>\n\n\n\n<p class=\"has-small-font-size\">* Wenn Sie ein Ger\u00e4t ohne Kamera verwenden, k\u00f6nnen Sie auf dem Bildschirm zur Auswahl der Methode zur Dokument\u00fcbermittlung zu einem mobilen Ger\u00e4t wechseln.<\/p>\n\n\n\n<div class=\"wp-block-columns has-green-pale-background-color has-background is-layout-flex wp-container-core-columns-is-layout-3 wp-block-columns-is-layout-flex\" style=\"border-radius:1rem;margin-top:var(--wp--preset--spacing--20);margin-bottom:var(--wp--preset--spacing--20);padding-top:var(--wp--preset--spacing--20);padding-right:var(--wp--preset--spacing--20);padding-bottom:var(--wp--preset--spacing--20);padding-left:var(--wp--preset--spacing--20)\">\n<div class=\"wp-block-column is-layout-flow wp-block-column-is-layout-flow\" style=\"flex-basis:20%\">\n<p>Anforderungen<\/p>\n<\/div>\n\n\n\n<div class=\"wp-block-column is-layout-flow wp-block-column-is-layout-flow\">\n<ol class=\"wp-block-list\">\n<li>Wenn Sie iOS verwenden, nutzen Sie bitte den Safari-Browser. Wenn Sie Android oder einen PC verwenden, nutzen Sie bitte den Chrome-Browser.<\/li>\n\n\n\n<li>Beim Wechsel von einem PC auf ein mobiles Endger\u00e4t lassen Sie bitte den Originalbildschirm des PCs ge\u00f6ffnet, bis der Vorgang abgeschlossen ist.<\/li>\n<\/ol>\n<\/div>\n<\/div>\n\n\n\n<h3 class=\"wp-block-heading has-aurapay-green-color has-text-color has-link-color wp-elements-bc9a3b0b9a401c72cb9991c1c49e6da7\" style=\"margin-top:var(--wp--preset--spacing--30)\">Nachweis der aktuellen Adresse<\/h3>\n\n\n\n<p class=\"has-aurapay-green-color has-text-color has-link-color wp-elements-a9b69c89a49ae802a19fbc5eef5a0f8c\">Sie m\u00fcssen (innerhalb von 3 Monaten ab Ausstellungsdatum) eines der folgenden Dokumente vorlegen, aus dem die aktuelle Adresse des Kontoinhabers (nat\u00fcrliche Person) hervorgeht.<\/p>\n\n\n\n<ul class=\"wp-block-list\">\n<li>Stromrechnungen und Quittungen<\/li>\n\n\n\n<li>Kontoausz\u00fcge und Rechnungen von Bank-\/Kreditkartenunternehmen<\/li>\n\n\n\n<li>Kopie der Aufenthaltsbescheinigung (f\u00fcr Einwohner Japans)<\/li>\n\n\n\n<li>Zertifikat zur Siegelregistrierung (f\u00fcr Einwohner Japans)<\/li>\n\n\n\n<li>Bescheinigung \u00fcber die Steuerzahlung (f\u00fcr Einwohner Japans)<\/li>\n<\/ul>\n\n\n\n<p class=\"has-small-font-size\">*Wenn Ihre pers\u00f6nliche Nummer (Meine Nummer) auf den Dokumenten steht, verbergen Sie sie bitte, sodass sie nicht gesehen werden kann.<\/p>\n\n\n\n<div class=\"wp-block-columns has-green-pale-background-color has-background is-layout-flex wp-container-core-columns-is-layout-4 wp-block-columns-is-layout-flex\" style=\"border-radius:1rem;margin-top:var(--wp--preset--spacing--20);margin-bottom:var(--wp--preset--spacing--20);padding-top:var(--wp--preset--spacing--20);padding-right:var(--wp--preset--spacing--20);padding-bottom:var(--wp--preset--spacing--20);padding-left:var(--wp--preset--spacing--20)\">\n<div class=\"wp-block-column is-layout-flow wp-block-column-is-layout-flow\" style=\"flex-basis:20%\">\n<p>Anforderungen<\/p>\n<\/div>\n\n\n\n<div class=\"wp-block-column is-layout-flow wp-block-column-is-layout-flow\">\n<ol class=\"wp-block-list\">\n<li>Name und aktuelle Adresse m\u00fcssen mit den im Konto hinterlegten Daten des Antragstellers \u00fcbereinstimmen. (Nur Dokumente, auf denen Name und aktuelle Adresse aufgedruckt sind, sind g\u00fcltig.)<\/li>\n\n\n\n<li>Der Aussteller\/Briefkopf muss auf dem Dokument aufgedruckt sein.<\/li>\n\n\n\n<li>Das Ausstellungsdatum muss innerhalb von 3 Monaten nach der Dokumentenfreigabe ausgedruckt werden (bitte rechtzeitig vor Ablauf der Frist einreichen).<\/li>\n\n\n\n<li>Bitte bereiten Sie ein Dokument vor, das alle oben genannten Punkte auf einem Blatt Papier zeigt (unvollst\u00e4ndige Dokumente werden nicht akzeptiert).<\/li>\n\n\n\n<li>Ausweisdokumente (F\u00fchrerschein, My Number-Karte) werden nicht zur Best\u00e4tigung der aktuellen Adresse akzeptiert.<\/li>\n<\/ol>\n<\/div>\n<\/div>\n\n\n\n<h2 class=\"wp-block-heading\" id=\"business_account\" style=\"margin-top:0;margin-bottom:var(--wp--preset--spacing--30);padding-top:var(--wp--preset--spacing--60)\">Gesch\u00e4ftskonto<\/h2>\n\n\n\n<h3 class=\"wp-block-heading has-aurapay-green-color has-text-color has-link-color wp-elements-5d4016f5a025a66bfa2aeaf1d297b694\" style=\"margin-top:var(--wp--preset--spacing--30)\">Identit\u00e4tsnachweise f\u00fcr Vertreter<\/h3>\n\n\n\n<p class=\"has-aurapay-green-color has-text-color has-link-color wp-elements-9e27b96a9e1c04cae473141e2421035e\">Wir werden Sie bitten, einen Lichtbildausweis der Person einzureichen, die das Konto registriert (Einzelperson), und ein Selfie (Gesichtserkennung).<\/p>\n\n\n\n<h4 class=\"wp-block-heading icon-id\" style=\"margin-top:var(--wp--preset--spacing--20)\">Identit\u00e4tsfeststellung mit Foto<\/h4>\n\n\n\n<p>Bitte reichen Sie eines der folgenden Dokumente ein: F\u00fchrerschein, My Number-Karte (nur f\u00fcr Einwohner Japans) oder Reisepass.<\/p>\n\n\n\n<div class=\"wp-block-columns col-border-round is-layout-flex wp-container-core-columns-is-layout-5 wp-block-columns-is-layout-flex\" style=\"margin-top:var(--wp--preset--spacing--20);margin-bottom:var(--wp--preset--spacing--20)\">\n<div class=\"wp-block-column has-border-color has-aurapay-green-border-color is-layout-flow wp-block-column-is-layout-flow\" style=\"border-width:2px;padding-top:var(--wp--preset--spacing--20);padding-right:var(--wp--preset--spacing--20);padding-bottom:var(--wp--preset--spacing--20);padding-left:var(--wp--preset--spacing--20)\">\n<h5 class=\"wp-block-heading\">F\u00fchrerschein<\/h5>\n\n\n\n<p>Bitte reichen Sie Vorder- und R\u00fcckseite Ihres F\u00fchrerscheins ein.<\/p>\n<\/div>\n\n\n\n<div class=\"wp-block-column has-border-color has-aurapay-green-border-color is-layout-flow wp-block-column-is-layout-flow\" style=\"border-width:2px;padding-top:var(--wp--preset--spacing--20);padding-right:var(--wp--preset--spacing--20);padding-bottom:var(--wp--preset--spacing--20);padding-left:var(--wp--preset--spacing--20)\">\n<h5 class=\"wp-block-heading\">Reisepass<\/h5>\n\n\n\n<p>Bitte senden Sie die Seite mit Ihrem Foto und Ihrer Unterschrift ab.<\/p>\n<\/div>\n\n\n\n<div class=\"wp-block-column has-border-color has-aurapay-green-border-color is-layout-flow wp-block-column-is-layout-flow\" style=\"border-width:2px;padding-top:var(--wp--preset--spacing--20);padding-right:var(--wp--preset--spacing--20);padding-bottom:var(--wp--preset--spacing--20);padding-left:var(--wp--preset--spacing--20)\">\n<h5 class=\"wp-block-heading\">Meine Nummernkarte<\/h5>\n\n\n\n<p>Bitte reichen Sie Vorder- und R\u00fcckseite der Karte ein.<br>* Bitte Personennummer und Barcode verbergen.<\/p>\n<\/div>\n<\/div>\n\n\n\n<div class=\"wp-block-columns has-green-pale-background-color has-background is-layout-flex wp-container-core-columns-is-layout-6 wp-block-columns-is-layout-flex\" style=\"border-radius:1rem;margin-top:var(--wp--preset--spacing--20);margin-bottom:var(--wp--preset--spacing--20);padding-top:var(--wp--preset--spacing--20);padding-right:var(--wp--preset--spacing--20);padding-bottom:var(--wp--preset--spacing--20);padding-left:var(--wp--preset--spacing--20)\">\n<div class=\"wp-block-column is-layout-flow wp-block-column-is-layout-flow\" style=\"flex-basis:20%\">\n<p>Anforderungen<\/p>\n<\/div>\n\n\n\n<div class=\"wp-block-column is-layout-flow wp-block-column-is-layout-flow\">\n<ol class=\"wp-block-list\">\n<li>Ausweisdokumente m\u00fcssen von einer Regierungsbeh\u00f6rde ausgestellt sein und denselben Namen und dasselbe Geburtsdatum aufweisen wie die bei AuraPay registrierten Daten.<\/li>\n\n\n\n<li>&nbsp;Ein abgelaufener Personalausweis kann nicht als Dokument zur Identit\u00e4ts\u00fcberpr\u00fcfung verwendet werden.<\/li>\n\n\n\n<li>Bitte beachten Sie, dass die vorl\u00e4ufige Benachrichtigungskarte, die Sie \u00fcber Ihre pers\u00f6nliche \u201emy number card\u201c informiert, nicht als Identit\u00e4tsnachweis verwendet werden kann.<\/li>\n\n\n\n<li>F\u00fcr Nicht-Japaner und japanische Staatsangeh\u00f6rige mit Wohnsitz au\u00dferhalb Japans ist ein g\u00fcltiger Reisepass erforderlich.<\/li>\n<\/ol>\n<\/div>\n<\/div>\n\n\n\n<h4 class=\"wp-block-heading icon-face\" style=\"margin-top:var(--wp--preset--spacing--20)\">Gesichtserkennung<\/h4>\n\n\n\n<p>Zur Best\u00e4tigung, dass Sie Ihre Angaben pers\u00f6nlich \u00fcbermittelt haben, haben wir ein Verfahren zur Gesichtserkennung eingef\u00fchrt.<\/p>\n\n\n\n<p class=\"has-small-font-size\">* Bitte befolgen Sie unbedingt die auf dem Bildschirm angezeigten Schritte. So k\u00f6nnen wir Ihre Identit\u00e4t online \u00fcberpr\u00fcfen.<\/p>\n\n\n\n<h5 class=\"wp-block-heading\">Vorbereitung vor dem Start<\/h5>\n\n\n\n<ul class=\"wp-block-list\">\n<li>Halten Sie bitte Ihre Lichtbildausweisdokumente bereit.<\/li>\n\n\n\n<li>Bitte entfernen Sie alle Gegenst\u00e4nde, die Ihr Gesicht bedecken, wie Masken, H\u00fcte, Sonnenbrillen und Kopfh\u00f6rer.<\/li>\n\n\n\n<li>Bitte fotografieren Sie in einer gut beleuchteten Umgebung.<\/li>\n\n\n\n<li>Bitte bereiten Sie ein Ger\u00e4t mit einer Kamera vor und legen Sie die Zugriffsberechtigung f\u00fcr die Kamera fest.<\/li>\n<\/ul>\n\n\n\n<p class=\"has-small-font-size\">* Wenn Sie ein Ger\u00e4t ohne Kamera verwenden, k\u00f6nnen Sie auf dem Bildschirm zur Auswahl der Methode zur Dokument\u00fcbermittlung zu einem mobilen Ger\u00e4t wechseln.<\/p>\n\n\n\n<div class=\"wp-block-columns has-green-pale-background-color has-background is-layout-flex wp-container-core-columns-is-layout-7 wp-block-columns-is-layout-flex\" style=\"border-radius:1rem;margin-top:var(--wp--preset--spacing--20);margin-bottom:var(--wp--preset--spacing--20);padding-top:var(--wp--preset--spacing--20);padding-right:var(--wp--preset--spacing--20);padding-bottom:var(--wp--preset--spacing--20);padding-left:var(--wp--preset--spacing--20)\">\n<div class=\"wp-block-column is-layout-flow wp-block-column-is-layout-flow\" style=\"flex-basis:20%\">\n<p>Anforderungen<\/p>\n<\/div>\n\n\n\n<div class=\"wp-block-column is-layout-flow wp-block-column-is-layout-flow\">\n<ol class=\"wp-block-list\">\n<li>Wenn Sie iOS verwenden, nutzen Sie bitte den Safari-Browser. Wenn Sie Android oder einen PC verwenden, nutzen Sie bitte den Chrome-Browser.<\/li>\n\n\n\n<li>Beim Wechsel von einem PC auf ein mobiles Endger\u00e4t lassen Sie bitte den Originalbildschirm des PCs ge\u00f6ffnet, bis der Vorgang abgeschlossen ist.<\/li>\n<\/ol>\n<\/div>\n<\/div>\n\n\n\n<h3 class=\"wp-block-heading has-aurapay-green-color has-text-color has-link-color wp-elements-3a48448b2c9fdeac3090ea584e5747e6\" style=\"margin-top:var(--wp--preset--spacing--30)\">Nachweis der aktuellen Adresse f\u00fcr Vertreter<\/h3>\n\n\n\n<p class=\"has-aurapay-green-color has-text-color has-link-color wp-elements-a9b69c89a49ae802a19fbc5eef5a0f8c\">Sie m\u00fcssen (innerhalb von 3 Monaten ab Ausstellungsdatum) eines der folgenden Dokumente vorlegen, aus dem die aktuelle Adresse des Kontoinhabers (nat\u00fcrliche Person) hervorgeht.<\/p>\n\n\n\n<ul class=\"wp-block-list\">\n<li>Stromrechnungen und Quittungen<\/li>\n\n\n\n<li>Kontoausz\u00fcge und Rechnungen von Bank-\/Kreditkartenunternehmen<\/li>\n\n\n\n<li>Kopie der Aufenthaltsbescheinigung (f\u00fcr Einwohner Japans)<\/li>\n\n\n\n<li>Zertifikat zur Siegelregistrierung (f\u00fcr Einwohner Japans)<\/li>\n\n\n\n<li>Bescheinigung \u00fcber die Steuerzahlung (f\u00fcr Einwohner Japans)<\/li>\n<\/ul>\n\n\n\n<p>*Wenn Ihre pers\u00f6nliche Nummer (Meine Nummer) auf den Dokumenten steht, verbergen Sie sie bitte, sodass sie nicht gesehen werden kann.<\/p>\n\n\n\n<div class=\"wp-block-columns has-green-pale-background-color has-background is-layout-flex wp-container-core-columns-is-layout-8 wp-block-columns-is-layout-flex\" style=\"border-radius:1rem;margin-top:var(--wp--preset--spacing--20);margin-bottom:var(--wp--preset--spacing--20);padding-top:var(--wp--preset--spacing--20);padding-right:var(--wp--preset--spacing--20);padding-bottom:var(--wp--preset--spacing--20);padding-left:var(--wp--preset--spacing--20)\">\n<div class=\"wp-block-column is-layout-flow wp-block-column-is-layout-flow\" style=\"flex-basis:20%\">\n<p>Anforderungen<\/p>\n<\/div>\n\n\n\n<div class=\"wp-block-column is-layout-flow wp-block-column-is-layout-flow\">\n<ol class=\"wp-block-list\">\n<li>Name und aktuelle Adresse m\u00fcssen mit den im Konto hinterlegten Daten des Antragstellers \u00fcbereinstimmen. (Nur Dokumente, auf denen Name und aktuelle Adresse aufgedruckt sind, sind g\u00fcltig.)<\/li>\n\n\n\n<li>Der Aussteller\/Briefkopf muss auf dem Dokument aufgedruckt sein.<\/li>\n\n\n\n<li>Das Ausstellungsdatum muss innerhalb von 3 Monaten nach der Dokumentenfreigabe ausgedruckt werden (bitte rechtzeitig vor Ablauf der Frist einreichen).<\/li>\n\n\n\n<li>Bitte bereiten Sie ein Dokument vor, das alle oben genannten Punkte auf einem Blatt Papier zeigt (unvollst\u00e4ndige Dokumente werden nicht akzeptiert).<\/li>\n\n\n\n<li>Ausweisdokumente (F\u00fchrerschein, My Number-Karte) werden nicht zur Best\u00e4tigung der aktuellen Adresse akzeptiert.<\/li>\n<\/ol>\n<\/div>\n<\/div>\n\n\n\n<h3 class=\"wp-block-heading has-aurapay-green-color has-text-color has-link-color wp-elements-eb4a55bd50110a2706872e0eea52afae\" style=\"margin-top:var(--wp--preset--spacing--30)\">Erforderliche Dokumente f\u00fcr Gesch\u00e4ftsbenutzer<\/h3>\n\n\n\n<p class=\"has-aurapay-green-color has-text-color has-link-color wp-elements-1f67617220b6200e5029896664d58f77\">Bitte reichen Sie alle folgenden Unterlagen des Wallet-Inhabers (Unternehmen) ein, aus denen dessen Adresse und Name hervorgehen m\u00fcssen.<br>Die Ausstellung der Dokumente muss innerhalb von sechs Monaten erfolgen.<\/p>\n\n\n\n<ul class=\"wp-block-list\">\n<li>Unternehmensprofil<br>Bitte reichen Sie die Unterlagen seitenweise ein.<br>Sie k\u00f6nnen auch s\u00e4mtliche Seiten einer beh\u00f6rdlich genehmigten Satzung einreichen.<\/li>\n<\/ul>\n\n\n\n<p class=\"has-small-font-size\">*Bitte beachten Sie, dass Benutzer aus verschiedenen L\u00e4ndern m\u00f6glicherweise weitere erforderliche Dokumente zur weiteren \u00dcberpr\u00fcfung hochladen m\u00fcssen. F\u00fcr weitere Informationen wenden Sie sich bitte an das Support-Team.<br>*Bitte reichen Sie die Daten in digitaler Form (GIF, JPG, PDF etc.) ein, die gescannt oder mit einer Kamera wie z.B. einem Smartphone fotografiert wurden und deren Bearbeitung unver\u00e4ndert blieb.<\/p>\n\n\n\n<h3 class=\"wp-block-heading has-aurapay-green-color has-text-color has-link-color wp-elements-f2c3fc536d491ead5eb29c730ddfa508\" style=\"margin-top:var(--wp--preset--spacing--30)\">Siegelregistrierungszertifikat<\/h3>\n\n\n\n<p class=\"has-aurapay-green-color has-text-color has-link-color wp-elements-aa9f015cd37b27d113f0008ba4f96e4e\">Bitte reichen Sie die folgenden Dokumente des Wallet-Inhabers (Unternehmen) ein.<br>Die Dokumente m\u00fcssen innerhalb von 6 Monaten ausgestellt werden.<\/p>\n\n\n\n<ul class=\"wp-block-list\">\n<li>Dokumente zur Best\u00e4tigung des Firmensiegels<\/li>\n<\/ul>\n\n\n\n<p class=\"has-small-font-size\">*Bitte reichen Sie die Daten in digitaler Form (GIF, JPG, PDF etc.) ein, die gescannt oder mit einer Kamera wie z.B. einem Smartphone fotografiert wurden und deren Bearbeitung unver\u00e4ndert blieb.<\/p>\n\n\n\n<h3 class=\"wp-block-heading has-aurapay-green-color has-text-color has-link-color wp-elements-f22a2d0aa3ec84b4a93f5a9a19b16f9c\" style=\"margin-top:var(--wp--preset--spacing--30)\">Nachweis der aktuellen Firmenadresse<\/h3>\n\n\n\n<p class=\"has-aurapay-green-color has-text-color has-link-color wp-elements-2262a6335ac1afc483883c2ba434a3f5\">F\u00fcr ein Gesch\u00e4ftskonto m\u00fcssen Sie eines der folgenden Dokumente hochladen (das Dokument darf ab dem Ausstellungsdatum nicht \u00e4lter als 6 Monate sein).<\/p>\n\n\n\n<ul class=\"wp-block-list\">\n<li class=\"translation-block\">Stromrechnung oder Quittung<br> Strom-, Gas-, Wasser- oder NHK-Rechnung<\/li>\n\n\n\n<li>Nationaler oder lokaler Steuerbescheid oder -beleg<\/li>\n\n\n\n<li>Bank- oder Kreditkartenausz\u00fcge<\/li>\n<\/ul>\n\n\n\n<p class=\"has-small-font-size\">*Bitte reichen Sie die Daten in digitaler Form (GIF, JPG, PDF etc.) ein, die gescannt oder mit einer Kamera wie z.B. einem Smartphone fotografiert wurden und deren Bearbeitung unver\u00e4ndert blieb.<\/p>\n\n\n\n<h3 class=\"wp-block-heading has-aurapay-green-color has-text-color has-link-color wp-elements-33434f20cdc635eb3098cd0e7f1e33bc\" style=\"margin-top:var(--wp--preset--spacing--30)\">Zertifikate mit Dienstsiegel<\/h3>\n\n\n\n<p class=\"has-aurapay-green-color has-text-color has-link-color wp-elements-2262a6335ac1afc483883c2ba434a3f5\">F\u00fcr ein Gesch\u00e4ftskonto m\u00fcssen Sie eines der folgenden Dokumente hochladen (das Dokument darf ab dem Ausstellungsdatum nicht \u00e4lter als 6 Monate sein).<\/p>\n\n\n\n<ul class=\"wp-block-list\">\n<li class=\"translation-block\">Zertifikate mit Dienstsiegel<br> <a href=\"https:\/\/aurapay.com\/wp-content\/uploads\/2023\/06\/UBO_Declaration_Form_en_AuraPay.pdf?202306\" target=\"_blank\" rel=\"noreferrer noopener\">Klicken Sie hier<\/a> , um die Dokumente herunterzuladen<\/li>\n\n\n\n<li>Ausweisdokumente aller Kontoinhaber und Entscheidungstr\u00e4ger<\/li>\n\n\n\n<li>Nachweis der aktuellen Adresse aller Kontoinhaber und Entscheidungstr\u00e4ger<\/li>\n\n\n\n<li>Zertifikat \u00fcber eingetragene Siegel f\u00fcr alle Kontobetreiber und Entscheidungstr\u00e4ger<\/li>\n<\/ul>\n\n\n\n<p class=\"has-small-font-size\">*Bitte reichen Sie die Daten in digitaler Form (GIF, JPG, PDF etc.) ein, die gescannt oder mit einer Kamera wie z.B. einem Smartphone fotografiert wurden und deren Bearbeitung unver\u00e4ndert blieb.<\/p>\n\n\n\n<div class=\"wp-block-group icon-security has-border-color has-global-padding is-layout-constrained wp-container-core-group-is-layout-2 wp-block-group-is-layout-constrained\" style=\"border-color:#00A651;border-width:1px;border-radius:1rem;margin-top:var(--wp--preset--spacing--60);padding-top:var(--wp--preset--spacing--20);padding-right:var(--wp--preset--spacing--20);padding-bottom:var(--wp--preset--spacing--20);padding-left:var(--wp--preset--spacing--20)\">\n<p>Um alle sensiblen Daten zu sch\u00fctzen, werden die von den Benutzern angegebenen Informationen beim Senden mit SSL (Secure Sockets Layer) verschl\u00fcsselt.<br>Schutz der Benutzerinformationen vor Verlust, Besch\u00e4digung, Offenlegung und unbefugtem Zugriff, Gew\u00e4hrleistung einer sicheren Plattform f\u00fcr Benutzer.<\/p>\n<\/div>","protected":false},"excerpt":{"rendered":"<p>F\u00fcr ein Konto erforderliche Dokumente Um Ihr Konto nutzen zu k\u00f6nnen, m\u00fcssen Sie die unten aufgef\u00fchrten erforderlichen Dokumente einreichen. Pers\u00f6nliches Konto Dokumente zur Identit\u00e4ts\u00fcberpr\u00fcfung Wir werden Sie bitten, einen Lichtbildausweis der Person einzureichen, die das Konto registriert (Einzelperson), und ein Selfie (Gesichtserkennung). Identit\u00e4ts\u00fcberpr\u00fcfung mit Foto Bitte reichen Sie eines der folgenden Dokumente ein: F\u00fchrerschein, My Number-Karte (nur f\u00fcr Einwohner Japans) oder Reisepass. F\u00fchrerschein Bitte reichen Sie Vorder- und R\u00fcckseite Ihres F\u00fchrerscheins ein. Reisepass Bitte reichen Sie die Seite mit Ihrem Foto und Ihrer Unterschrift ein. My Number-Karte Bitte reichen Sie Vorder- und R\u00fcckseite der Karte ein.* Bitte verbergen Sie die pers\u00f6nliche Nummer und den Barcode. Anforderungen Gesicht [\u2026]<\/p>","protected":false},"author":2,"featured_media":0,"parent":0,"menu_order":0,"comment_status":"closed","ping_status":"closed","template":"","meta":{"footnotes":""},"class_list":["post-115","page","type-page","status-publish","hentry"],"_links":{"self":[{"href":"https:\/\/aurapay.com\/de\/wp-json\/wp\/v2\/pages\/115"}],"collection":[{"href":"https:\/\/aurapay.com\/de\/wp-json\/wp\/v2\/pages"}],"about":[{"href":"https:\/\/aurapay.com\/de\/wp-json\/wp\/v2\/types\/page"}],"author":[{"embeddable":true,"href":"https:\/\/aurapay.com\/de\/wp-json\/wp\/v2\/users\/2"}],"replies":[{"embeddable":true,"href":"https:\/\/aurapay.com\/de\/wp-json\/wp\/v2\/comments?post=115"}],"version-history":[{"count":8,"href":"https:\/\/aurapay.com\/de\/wp-json\/wp\/v2\/pages\/115\/revisions"}],"predecessor-version":[{"id":978,"href":"https:\/\/aurapay.com\/de\/wp-json\/wp\/v2\/pages\/115\/revisions\/978"}],"wp:attachment":[{"href":"https:\/\/aurapay.com\/de\/wp-json\/wp\/v2\/media?parent=115"}],"curies":[{"name":"wp","href":"https:\/\/api.w.org\/{rel}","templated":true}]}}